{"id":24241,"date":"2021-09-23T02:19:44","date_gmt":"2021-09-23T02:19:44","guid":{"rendered":"https:\/\/ztsports.com\/?post_type=product&#038;p=24241"},"modified":"2026-04-13T18:53:00","modified_gmt":"2026-04-13T18:53:00","slug":"cadomotus-airflow-backpack-lots-of-new-colors","status":"publish","type":"product","link":"https:\/\/ztsports.com\/fr\/store\/cadomotus-airflow-backpack-lots-of-new-colors\/","title":{"rendered":"CADOMOTUS AIRFLOW BACKPACK Lots of New Colors"},"content":{"rendered":"<h1 style=\"box-sizing: border-box; margin: 0px 0px 10px; line-height: 24px; color: #666666;\"><strong>SAC \u00c0 DOS <\/strong><strong>CADOMOTUS <\/strong><strong>AIRFLOW BACKPACK<\/strong><\/h1>\n<h4 id=\"tw-target-text\" class=\"tw-data-text tw-text-large tw-ta\" dir=\"ltr\" tabindex=\"-1\" role=\"text\" data-placeholder=\"Translation\" data-ved=\"2ahUKEwj7hr7bvuuTAxXJFVkFHaR0IuMQ3ewLegQIDBAV\" aria-label=\"Translated text: Nous avons 9 couleurs en stock.\n\nCOULEURS EN STOCK : ROSE, CYRAN, ORANGE, BLEU, VERT, VERT CITRON, ROUGE, VERT CHASSEUR et AUBERGINE.\"><span class=\"Y2IQFc\" lang=\"fr\"><strong>Nous avons 9 couleurs en stock.<\/strong> <\/span><\/h4>\n<h6 class=\"tw-data-text tw-text-large tw-ta\" dir=\"ltr\" tabindex=\"-1\" role=\"text\" data-placeholder=\"Translation\" data-ved=\"2ahUKEwj7hr7bvuuTAxXJFVkFHaR0IuMQ3ewLegQIDBAV\" aria-label=\"Translated text: Nous avons 9 couleurs en stock.\n\nCOULEURS EN STOCK : ROSE, CYRAN, ORANGE, BLEU, VERT, VERT CITRON, ROUGE, VERT CHASSEUR et AUBERGINE.\"><span class=\"Y2IQFc\" lang=\"fr\">COULEURS EN STOCK : ROSE, CYRAN, ORANGE, BLEU, VERT, VERT CITRON, ROUGE, VERT CHASSEUR et AUBERGINE.<\/span><\/h6>\n<h1 style=\"box-sizing: border-box; margin: 0px 0px 10px; line-height: 24px; color: #666666;\"><span style=\"font-size: 16px; color: #3a3a3a;\">L\u00e9ger et con\u00e7u de mani\u00e8re ergonomique pour \u00e9pouser la forme de votre dos. Tellement confortable que vous oublierez que vous le portez.<\/span><\/h1>\n<p>Le sac d\u2019\u00e9quipement id\u00e9al pour le jour de course pour tout patineur s\u00e9rieux, avec des poches d\u00e9di\u00e9es pour votre casque et vos patins.<\/p>\n<p>En route pour un entra\u00eenement ou une comp\u00e9tition ? Aucun autre sac n\u2019offre un niveau de praticit\u00e9 et d\u2019options de rangement comparable. Rangez votre casque et vos patins de vitesse dans les poches ext\u00e9rieures ventil\u00e9es !<\/p>\n<p>De plus, ce sac a \u00e9t\u00e9 con\u00e7u pour organiser tout votre \u00e9quipement sportif. Que ce soit pour votre trajet quotidien entre la maison et le travail, pour des vacances \u00e0 la montagne ou comme bagage cabine dans l\u2019avion, ce sac \u00e0 dos sportif peut tout faire.<\/p>\n<p>\u00c0 l\u2019arri\u00e8re du sac, un cadre ultra-l\u00e9ger emp\u00eache le sac de rester \u00e0 plat contre votre dos. Nos sacs Airflow Race Day sont dot\u00e9s d\u2019un dos en maille suspendue qui aide \u00e0 \u00e9vacuer la transpiration lorsque vous portez le sac.<\/p>\n<p>Il est tr\u00e8s confortable \u00e0 porter lorsque vous roulez \u00e0 v\u00e9lo et, gr\u00e2ce aux sangles autour de la taille, le sac reste bien en place. Un vrai plaisir \u00e0 porter !<\/p>\n<p>C\u2019est pour cette raison que le sac \u00e0 dos Airflow est le sac \u00e0 dos le plus vendu dans le monde du patinage.<\/p>\n<p>Les sacs \u00e0 dos Airflow Gear sont fabriqu\u00e9s en nylon solide et color\u00e9.<\/p>\n<p>Longueur du torse ajustable : Oui<\/p>\n<p>Dimensions du sac : 40 x 30 x 10 cm<\/p>\n<h4 style=\"box-sizing: border-box; margin: 0px 0px 10px; line-height: 24px; color: #666666;\">Caract\u00e9ristiques du sac \u00e0 dos CADOMOTUS AIRFLOW\u00a0 Backpack:<\/h4>\n<p style=\"box-sizing: border-box; margin: 0px 0px 10px; line-height: 24px; color: #666666;\">Bretelles anatomiques rembourr\u00e9es pour un transport facile<br style=\"box-sizing: border-box;\" \/>Conception ergonomique pour une utilisation active sans douleur<\/p>\n<p style=\"box-sizing: border-box; margin: 0px 0px 10px; line-height: 24px; color: #666666;\">Ventilation hygi\u00e9nique qui combat les bact\u00e9ries et les mauvaises odeurs<br style=\"box-sizing: border-box;\" \/>Grande capacit\u00e9 de transport fonctionnelle qui permet de transporter plus que les autres sacs<br style=\"box-sizing: border-box;\" \/>Fermeture double zip sur le dessus et poign\u00e9e sup\u00e9rieure pour un acc\u00e8s facile<br style=\"box-sizing: border-box;\" \/>Poche pour casque qui s\u00e9curise et prot\u00e8ge votre \u00e9quipement<br style=\"box-sizing: border-box;\" \/>Sangles externes et boucles pour patins afin de maintenir vos patins en place<\/p>\n<p>De plus, d\u00e9couvrez la <a href=\"https:\/\/www.youtube.com\/watch?v=sATOecnAzq4\" target=\"_blank\" rel=\"noopener\"><strong>vid\u00e9o de pr\u00e9sentation des caract\u00e9ristiques de l\u2019Airflow 2.<\/strong><\/a><\/p>\n<p>Enfin, vous pouvez consulter <a href=\"https:\/\/ztsports.com\/product-category\/accessoires\/backpacks-bags\/\"><strong>tous nos SACS \u00c0 DOS<\/strong><\/a> ici.<\/p>\n","protected":false},"excerpt":{"rendered":"<p>SAC \u00c0 DOS CADOMOTUS AIRFLOW BACKPACK Nous avons 9 couleurs en stock. COULEURS EN STOCK : ROSE, CYRAN, ORANGE, BLEU, VERT, VERT CITRON, ROUGE, VERT CHASSEUR et AUBERGINE. L\u00e9ger et con\u00e7u de mani\u00e8re ergonomique pour \u00e9pouser la forme de votre dos. Tellement confortable que vous oublierez que vous le portez. Le sac d\u2019\u00e9quipement id\u00e9al pour [&hellip;]<\/p>\n","protected":false},"featured_media":24238,"comment_status":"open","ping_status":"closed","template":"","meta":{"_acf_changed":false,"_monsterinsights_skip_tracking":false,"_monsterinsights_sitenote_active":false,"_monsterinsights_sitenote_note":"","_monsterinsights_sitenote_category":0,"_uf_show_specific_survey":0,"_uf_disable_surveys":false,"site-sidebar-layout":"default","site-content-layout":"","ast-site-content-layout":"default","site-content-style":"default","site-sidebar-style":"default","ast-global-header-display":"","ast-banner-title-visibility":"","ast-main-header-display":"","ast-hfb-above-header-display":"","ast-hfb-below-header-display":"","ast-hfb-mobile-header-display":"","site-post-title":"","ast-breadcrumbs-content":"","ast-featured-img":"","footer-sml-layout":"","ast-disable-related-posts":"","theme-transparent-header-meta":"default","adv-header-id-meta":"","stick-header-meta":"","header-above-stick-meta":"","header-main-stick-meta":"","header-below-stick-meta":"","astra-migrate-meta-layouts":"set","ast-page-background-enabled":"default","ast-page-background-meta":{"desktop":{"background-color":"","background-image":"","background-repeat":"repeat","background-position":"center center","background-size":"auto","background-attachment":"scroll","background-type":"","background-media":"","overlay-type":"","overlay-color":"","overlay-opacity":"","overlay-gradient":""},"tablet":{"background-color":"","background-image":"","background-repeat":"repeat","background-position":"center center","background-size":"auto","background-attachment":"scroll","background-type":"","background-media":"","overlay-type":"","overlay-color":"","overlay-opacity":"","overlay-gradient":""},"mobile":{"background-color":"","background-image":"","background-repeat":"repeat","background-position":"center center","background-size":"auto","background-attachment":"scroll","background-type":"","background-media":"","overlay-type":"","overlay-color":"","overlay-opacity":"","overlay-gradient":""}},"ast-content-background-meta":{"desktop":{"background-color":"var(--ast-global-color-5)","background-image":"","background-repeat":"repeat","background-position":"center center","background-size":"auto","background-attachment":"scroll","background-type":"","background-media":"","overlay-type":"","overlay-color":"","overlay-opacity":"","overlay-gradient":""},"tablet":{"background-color":"var(--ast-global-color-5)","background-image":"","background-repeat":"repeat","background-position":"center center","background-size":"auto","background-attachment":"scroll","background-type":"","background-media":"","overlay-type":"","overlay-color":"","overlay-opacity":"","overlay-gradient":""},"mobile":{"background-color":"var(--ast-global-color-5)","background-image":"","background-repeat":"repeat","background-position":"center center","background-size":"auto","background-attachment":"scroll","background-type":"","background-media":"","overlay-type":"","overlay-color":"","overlay-opacity":"","overlay-gradient":""}}},"product_brand":[3289],"product_cat":[4565,4577,3381],"product_tag":[4562],"class_list":{"0":"post-24241","1":"product","2":"type-product","3":"status-publish","4":"has-post-thumbnail","6":"product_brand-cadomotus","7":"product_cat-accessoires","8":"product_cat-cadeaux","9":"product_cat-patinage-de-vitesse-en-ligne","10":"product_tag-speed-skating","11":"desktop-align-left","12":"tablet-align-left","13":"mobile-align-left","15":"first","16":"instock","17":"sale","18":"featured","19":"taxable","20":"shipping-taxable","21":"purchasable","22":"product-type-simple"},"acf":[],"_links":{"self":[{"href":"https:\/\/ztsports.com\/fr\/wp-json\/wp\/v2\/product\/24241","targetHints":{"allow":["GET"]}}],"collection":[{"href":"https:\/\/ztsports.com\/fr\/wp-json\/wp\/v2\/product"}],"about":[{"href":"https:\/\/ztsports.com\/fr\/wp-json\/wp\/v2\/types\/product"}],"replies":[{"embeddable":true,"href":"https:\/\/ztsports.com\/fr\/wp-json\/wp\/v2\/comments?post=24241"}],"version-history":[{"count":3,"href":"https:\/\/ztsports.com\/fr\/wp-json\/wp\/v2\/product\/24241\/revisions"}],"predecessor-version":[{"id":25373,"href":"https:\/\/ztsports.com\/fr\/wp-json\/wp\/v2\/product\/24241\/revisions\/25373"}],"wp:featuredmedia":[{"embeddable":true,"href":"https:\/\/ztsports.com\/fr\/wp-json\/wp\/v2\/media\/24238"}],"wp:attachment":[{"href":"https:\/\/ztsports.com\/fr\/wp-json\/wp\/v2\/media?parent=24241"}],"wp:term":[{"taxonomy":"product_brand","embeddable":true,"href":"https:\/\/ztsports.com\/fr\/wp-json\/wp\/v2\/product_brand?post=24241"},{"taxonomy":"product_cat","embeddable":true,"href":"https:\/\/ztsports.com\/fr\/wp-json\/wp\/v2\/product_cat?post=24241"},{"taxonomy":"product_tag","embeddable":true,"href":"https:\/\/ztsports.com\/fr\/wp-json\/wp\/v2\/product_tag?post=24241"}],"curies":[{"name":"wp","href":"https:\/\/api.w.org\/{rel}","templated":true}]}}