{"id":24236,"date":"2021-09-23T02:19:45","date_gmt":"2021-09-23T02:19:45","guid":{"rendered":"https:\/\/ztsports.com\/?post_type=product&#038;p=24236"},"modified":"2026-04-06T17:13:12","modified_gmt":"2026-04-06T17:13:12","slug":"bont-black-backpack-is-back-limited-edition","status":"publish","type":"product","link":"https:\/\/ztsports.com\/fr\/store\/bont-black-backpack-is-back-limited-edition\/","title":{"rendered":"BONT BLACK BACKPACK is BACK Limited Edition"},"content":{"rendered":"<h2>Le sac \u00e0 dos BONT BLACK Backback est de retour \u2013 \u00c9dition limit\u00e9e<\/h2>\n<p>Le c\u00e9l\u00e8bre <strong>sac \u00e0 dos BONT BLACK Backpack est de retour !<\/strong> Cette version classique de leur sac \u00e0 dos le plus vendu est maintenant disponible en NOIR, avec les m\u00eames excellentes caract\u00e9ristiques.<\/p>\n<p>BONT BLACK BACKPACK<\/p>\n<p>Bien avant que la couleur ne devienne un facteur, il y avait le noir classique. Maintenant disponible en noir avec des finitions argent sterling, et nous l\u2019avons ici ! Con\u00e7u de mani\u00e8re ergonomique pour votre \u00e9quipement de patinage. Grand sac avec beaucoup d\u2019espace comprenant : compartiments pour bottes et casque, porte-bouteille d\u2019eau et plusieurs compartiments. Compartiments pour outils et pi\u00e8ces de patins. Deux sangles externes. Construction de qualit\u00e9. Id\u00e9al pour l\u2019\u00e9quipement de patinage de vitesse en ligne ou sur glace ainsi que pour l\u2019\u00e9quipement suppl\u00e9mentaire.<\/p>\n<h4>\u00c9dition limit\u00e9e \u2013 Le sac \u00e0 dos Bont est de retour en noir !<\/h4>\n<p>BONT BLACK BACKPACK<\/p>\n<p>Dot\u00e9 de toutes les m\u00eames qualit\u00e9s l\u00e9gendaires, BONT a maintenant d\u00e9voil\u00e9 son c\u00e9l\u00e8bre sac \u00e0 dos Silver dans une version noire. Con\u00e7u de mani\u00e8re ergonomique pour transporter vos essentiels de patinage, ce grand sac offre beaucoup d\u2019espace avec des compartiments pour les bottes, les casques, les outils et les roulements \u2014 sans oublier deux sangles pour les roues ! Fabriqu\u00e9 avec un souci de qualit\u00e9 et de durabilit\u00e9, ce sac \u00e0 dos est parfaitement adapt\u00e9 aussi bien \u00e0 l\u2019\u00e9quipement de patinage en ligne qu\u2019\u00e0 celui de patinage sur glace.<\/p>\n<p>De plus, la couleur noire reste \u00e9l\u00e9gante m\u00eame apr\u00e8s de nombreuses saisons d\u2019utilisation. Et tout cela \u00e0 un prix tr\u00e8s abordable.<\/p>\n<p>Et ensuite, consultez <a href=\"https:\/\/inlinepaceline.wordpress.com\/2012\/04\/07\/bont-backpack-review\/\" target=\"_blank\" rel=\"noopener\"><strong>un avis sur le sac \u00e0 dos classique Bont Black<\/strong><\/a>.<\/p>\n<p>Enfin, <strong><a href=\"https:\/\/ztsports.com\/product-category\/accessoires\/backpacks-bags\/\">si la couleur est importante pour vous, d\u00e9couvrez nos autres options de sacs \u00e0 dos ici.<\/a><\/strong><\/p>\n","protected":false},"excerpt":{"rendered":"<p>Le sac \u00e0 dos BONT BLACK Backback est de retour \u2013 \u00c9dition limit\u00e9e Le c\u00e9l\u00e8bre sac \u00e0 dos BONT BLACK Backpack est de retour ! Cette version classique de leur sac \u00e0 dos le plus vendu est maintenant disponible en NOIR, avec les m\u00eames excellentes caract\u00e9ristiques. BONT BLACK BACKPACK Bien avant que la couleur ne [&hellip;]<\/p>\n","protected":false},"featured_media":24234,"comment_status":"open","ping_status":"closed","template":"","meta":{"_acf_changed":false,"_monsterinsights_skip_tracking":false,"_monsterinsights_sitenote_active":false,"_monsterinsights_sitenote_note":"","_monsterinsights_sitenote_category":0,"_uf_show_specific_survey":0,"_uf_disable_surveys":false,"site-sidebar-layout":"default","site-content-layout":"","ast-site-content-layout":"default","site-content-style":"default","site-sidebar-style":"default","ast-global-header-display":"","ast-banner-title-visibility":"","ast-main-header-display":"","ast-hfb-above-header-display":"","ast-hfb-below-header-display":"","ast-hfb-mobile-header-display":"","site-post-title":"","ast-breadcrumbs-content":"","ast-featured-img":"","footer-sml-layout":"","ast-disable-related-posts":"","theme-transparent-header-meta":"default","adv-header-id-meta":"","stick-header-meta":"","header-above-stick-meta":"","header-main-stick-meta":"","header-below-stick-meta":"","astra-migrate-meta-layouts":"set","ast-page-background-enabled":"default","ast-page-background-meta":{"desktop":{"background-color":"","background-image":"","background-repeat":"repeat","background-position":"center center","background-size":"auto","background-attachment":"scroll","background-type":"","background-media":"","overlay-type":"","overlay-color":"","overlay-opacity":"","overlay-gradient":""},"tablet":{"background-color":"","background-image":"","background-repeat":"repeat","background-position":"center center","background-size":"auto","background-attachment":"scroll","background-type":"","background-media":"","overlay-type":"","overlay-color":"","overlay-opacity":"","overlay-gradient":""},"mobile":{"background-color":"","background-image":"","background-repeat":"repeat","background-position":"center center","background-size":"auto","background-attachment":"scroll","background-type":"","background-media":"","overlay-type":"","overlay-color":"","overlay-opacity":"","overlay-gradient":""}},"ast-content-background-meta":{"desktop":{"background-color":"var(--ast-global-color-5)","background-image":"","background-repeat":"repeat","background-position":"center center","background-size":"auto","background-attachment":"scroll","background-type":"","background-media":"","overlay-type":"","overlay-color":"","overlay-opacity":"","overlay-gradient":""},"tablet":{"background-color":"var(--ast-global-color-5)","background-image":"","background-repeat":"repeat","background-position":"center center","background-size":"auto","background-attachment":"scroll","background-type":"","background-media":"","overlay-type":"","overlay-color":"","overlay-opacity":"","overlay-gradient":""},"mobile":{"background-color":"var(--ast-global-color-5)","background-image":"","background-repeat":"repeat","background-position":"center center","background-size":"auto","background-attachment":"scroll","background-type":"","background-media":"","overlay-type":"","overlay-color":"","overlay-opacity":"","overlay-gradient":""}}},"product_brand":[],"product_cat":[4577,3381],"product_tag":[],"class_list":{"0":"post-24236","1":"product","2":"type-product","3":"status-publish","4":"has-post-thumbnail","6":"product_cat-cadeaux","7":"product_cat-patinage-de-vitesse-en-ligne","8":"desktop-align-left","9":"tablet-align-left","10":"mobile-align-left","12":"first","13":"instock","14":"taxable","15":"shipping-taxable","16":"purchasable","17":"product-type-simple"},"acf":[],"_links":{"self":[{"href":"https:\/\/ztsports.com\/fr\/wp-json\/wp\/v2\/product\/24236","targetHints":{"allow":["GET"]}}],"collection":[{"href":"https:\/\/ztsports.com\/fr\/wp-json\/wp\/v2\/product"}],"about":[{"href":"https:\/\/ztsports.com\/fr\/wp-json\/wp\/v2\/types\/product"}],"replies":[{"embeddable":true,"href":"https:\/\/ztsports.com\/fr\/wp-json\/wp\/v2\/comments?post=24236"}],"version-history":[{"count":3,"href":"https:\/\/ztsports.com\/fr\/wp-json\/wp\/v2\/product\/24236\/revisions"}],"predecessor-version":[{"id":25123,"href":"https:\/\/ztsports.com\/fr\/wp-json\/wp\/v2\/product\/24236\/revisions\/25123"}],"wp:featuredmedia":[{"embeddable":true,"href":"https:\/\/ztsports.com\/fr\/wp-json\/wp\/v2\/media\/24234"}],"wp:attachment":[{"href":"https:\/\/ztsports.com\/fr\/wp-json\/wp\/v2\/media?parent=24236"}],"wp:term":[{"taxonomy":"product_brand","embeddable":true,"href":"https:\/\/ztsports.com\/fr\/wp-json\/wp\/v2\/product_brand?post=24236"},{"taxonomy":"product_cat","embeddable":true,"href":"https:\/\/ztsports.com\/fr\/wp-json\/wp\/v2\/product_cat?post=24236"},{"taxonomy":"product_tag","embeddable":true,"href":"https:\/\/ztsports.com\/fr\/wp-json\/wp\/v2\/product_tag?post=24236"}],"curies":[{"name":"wp","href":"https:\/\/api.w.org\/{rel}","templated":true}]}}