{"id":24224,"date":"2021-09-23T02:19:46","date_gmt":"2021-09-23T02:19:46","guid":{"rendered":"https:\/\/ztsports.com\/?post_type=product&#038;p=24224"},"modified":"2026-03-13T09:50:35","modified_gmt":"2026-03-13T09:50:35","slug":"maplez-trolley-travel-bag-retractable-handle","status":"publish","type":"product","link":"https:\/\/ztsports.com\/fr\/store\/maplez-trolley-travel-bag-retractable-handle\/","title":{"rendered":"MapleZ Trolley Travel Bag Retractable Handle"},"content":{"rendered":"<h1><span data-sheets-value=\"{&quot;1&quot;:2,&quot;2&quot;:&quot;MAPLEZ Trolley Travel Bag&quot;}\" data-sheets-userformat=\"{&quot;2&quot;:513,&quot;3&quot;:{&quot;1&quot;:0},&quot;12&quot;:0}\">Sac de voyage \u00e0 roulettes MapleZ<\/span><\/h1>\n<p>Le sac de voyage \u00e0 roulettes MapleZ est id\u00e9al pour transporter tout votre \u00e9quipement lors d\u2019un grand voyage de patinage. Beaucoup d\u2019espace \u00e0 l\u2019int\u00e9rieur avec plusieurs compartiments. Il est \u00e9quip\u00e9 de roues et d\u2019une poign\u00e9e r\u00e9tractable.<\/p>\n<p>Partez pour votre aventure de patinage ultime avec le sac de voyage \u00e0 roulettes MapleZ. Ce sac \u00e9l\u00e9gant et spacieux est con\u00e7u pour accueillir tout votre \u00e9quipement, afin que vous ayez tout ce dont vous avez besoin pour un voyage inoubliable. Gr\u00e2ce \u00e0 ses multiples compartiments, faire vos bagages n\u2019a jamais \u00e9t\u00e9 aussi facile \u2014 fini la frustration de chercher dans un d\u00e9sordre d\u2019\u00e9quipements emm\u00eal\u00e9s ! Des casques et protections aux roues suppl\u00e9mentaires et outils, ce sac a de la place pour tout.<\/p>\n<p>Mais ce n\u2019est pas tout \u2014 le sac de voyage \u00e0 roulettes MapleZ \u00e9l\u00e8ve la praticit\u00e9 \u00e0 un tout autre niveau. \u00c9quip\u00e9 de roues solides et d\u2019une poign\u00e9e r\u00e9tractable, se d\u00e9placer dans les a\u00e9roports bond\u00e9s ou dans les rues anim\u00e9es devient un jeu d\u2019enfant. Plus besoin de porter des sacs lourds sur le dos ou l\u2019\u00e9paule ; il suffit de le faire rouler facilement d\u2019un endroit \u00e0 un autre. De plus, sa construction durable garantit que ce trolley r\u00e9sistera m\u00eame aux voyages les plus exigeants, offrant des performances durables.<\/p>\n<p>Alors pourquoi se contenter de l\u2019ordinaire ? Que vous participiez \u00e0 une comp\u00e9tition locale de patinage ou que vous planifiez un road trip \u00e9pique avec votre \u00e9quipe, \u00e9quipez-vous avec style gr\u00e2ce au sac de voyage \u00e0 roulettes MapleZ.<\/p>\n<p>Enfin, vous pouvez consulter <a href=\"https:\/\/ztsports.com\/product-category\/accessoires\/backpacks-bags\/\"><strong>tous nos SACS \u00c0 DOS<\/strong><\/a> ici.<\/p>\n","protected":false},"excerpt":{"rendered":"<p>Sac de voyage \u00e0 roulettes MapleZ Le sac de voyage \u00e0 roulettes MapleZ est id\u00e9al pour transporter tout votre \u00e9quipement lors d\u2019un grand voyage de patinage. Beaucoup d\u2019espace \u00e0 l\u2019int\u00e9rieur avec plusieurs compartiments. Il est \u00e9quip\u00e9 de roues et d\u2019une poign\u00e9e r\u00e9tractable. Partez pour votre aventure de patinage ultime avec le sac de voyage \u00e0 [&hellip;]<\/p>\n","protected":false},"featured_media":24223,"comment_status":"open","ping_status":"closed","template":"","meta":{"_acf_changed":false,"_monsterinsights_skip_tracking":false,"_monsterinsights_sitenote_active":false,"_monsterinsights_sitenote_note":"","_monsterinsights_sitenote_category":0,"_uf_show_specific_survey":0,"_uf_disable_surveys":false,"site-sidebar-layout":"default","site-content-layout":"","ast-site-content-layout":"default","site-content-style":"default","site-sidebar-style":"default","ast-global-header-display":"","ast-banner-title-visibility":"","ast-main-header-display":"","ast-hfb-above-header-display":"","ast-hfb-below-header-display":"","ast-hfb-mobile-header-display":"","site-post-title":"","ast-breadcrumbs-content":"","ast-featured-img":"","footer-sml-layout":"","ast-disable-related-posts":"","theme-transparent-header-meta":"default","adv-header-id-meta":"","stick-header-meta":"","header-above-stick-meta":"","header-main-stick-meta":"","header-below-stick-meta":"","astra-migrate-meta-layouts":"set","ast-page-background-enabled":"default","ast-page-background-meta":{"desktop":{"background-color":"","background-image":"","background-repeat":"repeat","background-position":"center center","background-size":"auto","background-attachment":"scroll","background-type":"","background-media":"","overlay-type":"","overlay-color":"","overlay-opacity":"","overlay-gradient":""},"tablet":{"background-color":"","background-image":"","background-repeat":"repeat","background-position":"center center","background-size":"auto","background-attachment":"scroll","background-type":"","background-media":"","overlay-type":"","overlay-color":"","overlay-opacity":"","overlay-gradient":""},"mobile":{"background-color":"","background-image":"","background-repeat":"repeat","background-position":"center center","background-size":"auto","background-attachment":"scroll","background-type":"","background-media":"","overlay-type":"","overlay-color":"","overlay-opacity":"","overlay-gradient":""}},"ast-content-background-meta":{"desktop":{"background-color":"var(--ast-global-color-5)","background-image":"","background-repeat":"repeat","background-position":"center center","background-size":"auto","background-attachment":"scroll","background-type":"","background-media":"","overlay-type":"","overlay-color":"","overlay-opacity":"","overlay-gradient":""},"tablet":{"background-color":"var(--ast-global-color-5)","background-image":"","background-repeat":"repeat","background-position":"center center","background-size":"auto","background-attachment":"scroll","background-type":"","background-media":"","overlay-type":"","overlay-color":"","overlay-opacity":"","overlay-gradient":""},"mobile":{"background-color":"var(--ast-global-color-5)","background-image":"","background-repeat":"repeat","background-position":"center center","background-size":"auto","background-attachment":"scroll","background-type":"","background-media":"","overlay-type":"","overlay-color":"","overlay-opacity":"","overlay-gradient":""}}},"product_brand":[3318,3319],"product_cat":[4565],"product_tag":[],"class_list":{"0":"post-24224","1":"product","2":"type-product","3":"status-publish","4":"has-post-thumbnail","6":"product_brand-maple","7":"product_brand-maplez","8":"product_cat-accessoires","9":"desktop-align-left","10":"tablet-align-left","11":"mobile-align-left","13":"first","14":"instock","15":"sale","16":"taxable","17":"shipping-taxable","18":"purchasable","19":"product-type-simple"},"acf":[],"_links":{"self":[{"href":"https:\/\/ztsports.com\/fr\/wp-json\/wp\/v2\/product\/24224","targetHints":{"allow":["GET"]}}],"collection":[{"href":"https:\/\/ztsports.com\/fr\/wp-json\/wp\/v2\/product"}],"about":[{"href":"https:\/\/ztsports.com\/fr\/wp-json\/wp\/v2\/types\/product"}],"replies":[{"embeddable":true,"href":"https:\/\/ztsports.com\/fr\/wp-json\/wp\/v2\/comments?post=24224"}],"version-history":[{"count":1,"href":"https:\/\/ztsports.com\/fr\/wp-json\/wp\/v2\/product\/24224\/revisions"}],"predecessor-version":[{"id":24225,"href":"https:\/\/ztsports.com\/fr\/wp-json\/wp\/v2\/product\/24224\/revisions\/24225"}],"wp:featuredmedia":[{"embeddable":true,"href":"https:\/\/ztsports.com\/fr\/wp-json\/wp\/v2\/media\/24223"}],"wp:attachment":[{"href":"https:\/\/ztsports.com\/fr\/wp-json\/wp\/v2\/media?parent=24224"}],"wp:term":[{"taxonomy":"product_brand","embeddable":true,"href":"https:\/\/ztsports.com\/fr\/wp-json\/wp\/v2\/product_brand?post=24224"},{"taxonomy":"product_cat","embeddable":true,"href":"https:\/\/ztsports.com\/fr\/wp-json\/wp\/v2\/product_cat?post=24224"},{"taxonomy":"product_tag","embeddable":true,"href":"https:\/\/ztsports.com\/fr\/wp-json\/wp\/v2\/product_tag?post=24224"}],"curies":[{"name":"wp","href":"https:\/\/api.w.org\/{rel}","templated":true}]}}