{"id":24209,"date":"2021-09-23T02:20:53","date_gmt":"2021-09-23T02:20:53","guid":{"rendered":"https:\/\/ztsports.com\/?post_type=product&#038;p=24209"},"modified":"2026-03-11T08:02:56","modified_gmt":"2026-03-11T08:02:56","slug":"bont-patriot-carbon-boa-short-track-boot","status":"publish","type":"product","link":"https:\/\/ztsports.com\/fr\/store\/bont-patriot-carbon-boa-short-track-boot\/","title":{"rendered":"BONT PATRIOT CARBON BOA SHORT TRACK BOOT\u00a0"},"content":{"rendered":"<h2><strong>Palette de Couleurs Cadomotus Alpha ou <\/strong>Sonic Aero Shell<\/h2>\n<p>La palette de couleurs Cadomotus Alpha vous permet de personnaliser vos <strong>casques Alpha ou Sonic Aero<\/strong>. Affichez vos vraies couleurs ou assortissez-les \u00e0 celles de votre \u00e9quipe ou club. De plus, <span style=\"color: #666666;\">ajoutez le bouclier lors des marathons ext\u00e9rieurs pour vous prot\u00e9ger de la pluie ou du froid. Il vous aidera \u00e0 rester au chaud.<\/span><\/p>\n<p><span style=\"color: #666666;\">De plus, d\u00e9tachez votre palette de couleurs Cadomotus Alpha lorsque vous courez dans une ar\u00e8ne de glace int\u00e9rieure afin d\u2019obtenir une meilleure ventilation pour votre t\u00eate. <strong>(Remarque\u2026 le bouclier est requis pour le short track au Canada)<\/strong> Vous pouvez \u00e9galement retirer le bouclier et utiliser le casque pour le patinage en ligne ou le cyclisme sur route, en profitant du flux d\u2019air rafra\u00eechissant cr\u00e9\u00e9 par les sept petites ouvertures de ventilation.<\/span><\/p>\n<div class=\"title-small title-font\">Description<\/div>\n<p>Avec ces boucliers a\u00e9rodynamiques \u00e9l\u00e9gants, vous pouvez rendre votre casque de patinage C\u00e1domotus compl\u00e8tement unique et personnalisable, tout en am\u00e9liorant son a\u00e9rodynamisme gr\u00e2ce au motif de balle de golf.<\/p>\n<h3>Au plus haut niveau de votre sport, tout est une question de gains marginaux.<\/h3>\n<p>La palette de couleurs Cadomotus Alpha pour le bouclier Sonic Aero est l\u2019un de ces petits d\u00e9tails qui font une \u00e9norme diff\u00e9rence. Ce bouclier est mont\u00e9 sur le dessus d\u2019un casque Alpha-2 ou Alpha afin de r\u00e9duire la force de tra\u00een\u00e9e en diminuant la r\u00e9sistance de l\u2019air gr\u00e2ce au motif alv\u00e9ol\u00e9, \u00e9galement connu sous le nom d\u2019effet balle de golf.<\/p>\n<p>L\u2019une des plus grandes r\u00e9sistances en patinage de vitesse sur glace et en ligne, ainsi qu\u2019en cyclisme, est la r\u00e9sistance de l\u2019air. C\u2019est pourquoi de nombreuses innovations ont lieu dans ce domaine. Par exemple, pensez aux combinaisons de contre-la-montre de l\u2019\u00e9quipe Sky en cyclisme ou aux c\u00e9l\u00e8bres motifs introduits sur les combinaisons de patinage lors des Jeux olympiques de Nagano. Toutes ces innovations visent \u00e0 r\u00e9duire les turbulences et donc la r\u00e9sistance de l\u2019air.<\/p>\n<p>Le motif de balle de golf a \u00e9t\u00e9 appliqu\u00e9 aux boucliers afin de modifier le caract\u00e8re de la couche limite du flux d\u2019air, passant d\u2019un flux laminaire \u00e0 turbulent. Ainsi, le sillage se r\u00e9duit, ce qui nous apporte des gains marginaux importants.<\/p>\n<h3>Totalement unique<\/h3>\n<p>Avec les boucliers Cadomotus Alpha Color Palette, vous pouvez \u00e9galement rendre votre casque de patinage C\u00e1domotus enti\u00e8rement personnalisable.<\/p>\n<p><strong>Quelle couleur correspondrait le mieux \u00e0 votre tenue ?<\/strong><\/p>\n<p>Ces boucliers peuvent \u00eatre facilement mont\u00e9s \u00e0 l\u2019aide de petites vis hexagonales, vous permettant de les changer facilement et d\u2019utiliser les couleurs de votre choix. Vous pouvez \u00e9galement fermer les trous de ventilation afin de vous adapter rapidement aux diff\u00e9rentes conditions m\u00e9t\u00e9orologiques.<\/p>\n<p>Si vous patinez sur de la glace naturelle \u00e0 l\u2019ext\u00e9rieur, vous voudrez peut-\u00eatre les fermer, mais si vous patinez \u00e0 l\u2019int\u00e9rieur, vous pr\u00e9f\u00e9rerez peut-\u00eatre un peu plus de ventilation. Quelles que soient les conditions, vous serez bien pr\u00e9par\u00e9 !<\/p>\n<p><strong><span class=\"Y2IQFc\" lang=\"fr\">FPVQ &amp; <a href=\"https:\/\/www.ontariospeedskating.ca\/safety-equipment\" target=\"_blank\" rel=\"noopener\">OSSA : accessoire obligatoire<\/a> en comp\u00e9tition.<\/span><\/strong><\/p>\n<p>Enfin, vous trouverez tous nos <a href=\"https:\/\/ztsports.com\/brand\/cadomotus\/\"><strong>casques Cadomotus<\/strong><\/a> ici.<\/p>\n","protected":false},"excerpt":{"rendered":"<p>Palette de Couleurs Cadomotus Alpha ou Sonic Aero Shell La palette de couleurs Cadomotus Alpha vous permet de personnaliser vos casques Alpha ou Sonic Aero. Affichez vos vraies couleurs ou assortissez-les \u00e0 celles de votre \u00e9quipe ou club. De plus, ajoutez le bouclier lors des marathons ext\u00e9rieurs pour vous prot\u00e9ger de la pluie ou du [&hellip;]<\/p>\n","protected":false},"featured_media":24203,"comment_status":"open","ping_status":"closed","template":"","meta":{"_acf_changed":false,"_monsterinsights_skip_tracking":false,"_monsterinsights_sitenote_active":false,"_monsterinsights_sitenote_note":"","_monsterinsights_sitenote_category":0,"_uf_show_specific_survey":0,"_uf_disable_surveys":false,"site-sidebar-layout":"default","site-content-layout":"","ast-site-content-layout":"default","site-content-style":"default","site-sidebar-style":"default","ast-global-header-display":"","ast-banner-title-visibility":"","ast-main-header-display":"","ast-hfb-above-header-display":"","ast-hfb-below-header-display":"","ast-hfb-mobile-header-display":"","site-post-title":"","ast-breadcrumbs-content":"","ast-featured-img":"","footer-sml-layout":"","ast-disable-related-posts":"","theme-transparent-header-meta":"default","adv-header-id-meta":"","stick-header-meta":"","header-above-stick-meta":"","header-main-stick-meta":"","header-below-stick-meta":"","astra-migrate-meta-layouts":"set","ast-page-background-enabled":"default","ast-page-background-meta":{"desktop":{"background-color":"","background-image":"","background-repeat":"repeat","background-position":"center center","background-size":"auto","background-attachment":"scroll","background-type":"","background-media":"","overlay-type":"","overlay-color":"","overlay-opacity":"","overlay-gradient":""},"tablet":{"background-color":"","background-image":"","background-repeat":"repeat","background-position":"center center","background-size":"auto","background-attachment":"scroll","background-type":"","background-media":"","overlay-type":"","overlay-color":"","overlay-opacity":"","overlay-gradient":""},"mobile":{"background-color":"","background-image":"","background-repeat":"repeat","background-position":"center center","background-size":"auto","background-attachment":"scroll","background-type":"","background-media":"","overlay-type":"","overlay-color":"","overlay-opacity":"","overlay-gradient":""}},"ast-content-background-meta":{"desktop":{"background-color":"var(--ast-global-color-5)","background-image":"","background-repeat":"repeat","background-position":"center center","background-size":"auto","background-attachment":"scroll","background-type":"","background-media":"","overlay-type":"","overlay-color":"","overlay-opacity":"","overlay-gradient":""},"tablet":{"background-color":"var(--ast-global-color-5)","background-image":"","background-repeat":"repeat","background-position":"center center","background-size":"auto","background-attachment":"scroll","background-type":"","background-media":"","overlay-type":"","overlay-color":"","overlay-opacity":"","overlay-gradient":""},"mobile":{"background-color":"var(--ast-global-color-5)","background-image":"","background-repeat":"repeat","background-position":"center center","background-size":"auto","background-attachment":"scroll","background-type":"","background-media":"","overlay-type":"","overlay-color":"","overlay-opacity":"","overlay-gradient":""}}},"product_brand":[3285,3342],"product_cat":[3378],"product_tag":[],"class_list":{"0":"post-24209","1":"product","2":"type-product","3":"status-publish","4":"has-post-thumbnail","6":"product_brand-bont","7":"product_brand-spring-cleaning","8":"product_cat-non-categorise","9":"desktop-align-left","10":"tablet-align-left","11":"mobile-align-left","13":"first","14":"instock","15":"featured","16":"taxable","17":"shipping-taxable","18":"purchasable","19":"product-type-simple"},"acf":[],"_links":{"self":[{"href":"https:\/\/ztsports.com\/fr\/wp-json\/wp\/v2\/product\/24209","targetHints":{"allow":["GET"]}}],"collection":[{"href":"https:\/\/ztsports.com\/fr\/wp-json\/wp\/v2\/product"}],"about":[{"href":"https:\/\/ztsports.com\/fr\/wp-json\/wp\/v2\/types\/product"}],"replies":[{"embeddable":true,"href":"https:\/\/ztsports.com\/fr\/wp-json\/wp\/v2\/comments?post=24209"}],"version-history":[{"count":2,"href":"https:\/\/ztsports.com\/fr\/wp-json\/wp\/v2\/product\/24209\/revisions"}],"predecessor-version":[{"id":24211,"href":"https:\/\/ztsports.com\/fr\/wp-json\/wp\/v2\/product\/24209\/revisions\/24211"}],"wp:featuredmedia":[{"embeddable":true,"href":"https:\/\/ztsports.com\/fr\/wp-json\/wp\/v2\/media\/24203"}],"wp:attachment":[{"href":"https:\/\/ztsports.com\/fr\/wp-json\/wp\/v2\/media?parent=24209"}],"wp:term":[{"taxonomy":"product_brand","embeddable":true,"href":"https:\/\/ztsports.com\/fr\/wp-json\/wp\/v2\/product_brand?post=24209"},{"taxonomy":"product_cat","embeddable":true,"href":"https:\/\/ztsports.com\/fr\/wp-json\/wp\/v2\/product_cat?post=24209"},{"taxonomy":"product_tag","embeddable":true,"href":"https:\/\/ztsports.com\/fr\/wp-json\/wp\/v2\/product_tag?post=24209"}],"curies":[{"name":"wp","href":"https:\/\/api.w.org\/{rel}","templated":true}]}}