{"id":24197,"date":"2021-09-23T02:20:55","date_gmt":"2021-09-23T02:20:55","guid":{"rendered":"https:\/\/ztsports.com\/?post_type=product&#038;p=24197"},"modified":"2026-03-11T07:59:06","modified_gmt":"2026-03-11T07:59:06","slug":"alpha-aerospeed-visor-for-cadomotus-helmet","status":"publish","type":"product","link":"https:\/\/ztsports.com\/fr\/store\/alpha-aerospeed-visor-for-cadomotus-helmet\/","title":{"rendered":"ALPHA AEROSPEED VISOR For CADOMOTUS HELMET"},"content":{"rendered":"<h2>VISI\u00c8RE POUR CASQUE CADOMOTUS<\/h2>\n<p>La visi\u00e8re Alpha Aerospeed est disponible en Clair, Ambre ou Fum\u00e9.<\/p>\n<p>Vendue \u00e0 l\u2019unit\u00e9.<\/p>\n<p>Le casque a\u00e9rodynamique de patinage de vitesse CadoMotus Alpha peut \u00eatre \u00e9quip\u00e9 d\u2019une visi\u00e8re et vous pouvez \u00e9galement ajouter une \u00e9l\u00e9gante <a href=\"https:\/\/ztsports.com\/product\/cadomotus-alpha-color-palette\/\"><strong>palette de couleurs d\u2019\u00e9quipe\/de club<\/strong><\/a>.<\/p>\n<p>Enfin, d\u00e9couvrez le <a href=\"https:\/\/ztsports.com\/product\/cadomotus-alpha-casque\/\"><strong>casque Alpha Aerospeed<\/strong><\/a> ici.<\/p>\n","protected":false},"excerpt":{"rendered":"<p>VISI\u00c8RE POUR CASQUE CADOMOTUS La visi\u00e8re Alpha Aerospeed est disponible en Clair, Ambre ou Fum\u00e9. Vendue \u00e0 l\u2019unit\u00e9. Le casque a\u00e9rodynamique de patinage de vitesse CadoMotus Alpha peut \u00eatre \u00e9quip\u00e9 d\u2019une visi\u00e8re et vous pouvez \u00e9galement ajouter une \u00e9l\u00e9gante palette de couleurs d\u2019\u00e9quipe\/de club. Enfin, d\u00e9couvrez le casque Alpha Aerospeed ici.<\/p>\n","protected":false},"featured_media":24194,"comment_status":"open","ping_status":"closed","template":"","meta":{"_acf_changed":false,"_monsterinsights_skip_tracking":false,"_monsterinsights_sitenote_active":false,"_monsterinsights_sitenote_note":"","_monsterinsights_sitenote_category":0,"_uf_show_specific_survey":0,"_uf_disable_surveys":false,"site-sidebar-layout":"default","site-content-layout":"","ast-site-content-layout":"default","site-content-style":"default","site-sidebar-style":"default","ast-global-header-display":"","ast-banner-title-visibility":"","ast-main-header-display":"","ast-hfb-above-header-display":"","ast-hfb-below-header-display":"","ast-hfb-mobile-header-display":"","site-post-title":"","ast-breadcrumbs-content":"","ast-featured-img":"","footer-sml-layout":"","ast-disable-related-posts":"","theme-transparent-header-meta":"default","adv-header-id-meta":"","stick-header-meta":"","header-above-stick-meta":"","header-main-stick-meta":"","header-below-stick-meta":"","astra-migrate-meta-layouts":"set","ast-page-background-enabled":"default","ast-page-background-meta":{"desktop":{"background-color":"","background-image":"","background-repeat":"repeat","background-position":"center center","background-size":"auto","background-attachment":"scroll","background-type":"","background-media":"","overlay-type":"","overlay-color":"","overlay-opacity":"","overlay-gradient":""},"tablet":{"background-color":"","background-image":"","background-repeat":"repeat","background-position":"center center","background-size":"auto","background-attachment":"scroll","background-type":"","background-media":"","overlay-type":"","overlay-color":"","overlay-opacity":"","overlay-gradient":""},"mobile":{"background-color":"","background-image":"","background-repeat":"repeat","background-position":"center center","background-size":"auto","background-attachment":"scroll","background-type":"","background-media":"","overlay-type":"","overlay-color":"","overlay-opacity":"","overlay-gradient":""}},"ast-content-background-meta":{"desktop":{"background-color":"var(--ast-global-color-5)","background-image":"","background-repeat":"repeat","background-position":"center center","background-size":"auto","background-attachment":"scroll","background-type":"","background-media":"","overlay-type":"","overlay-color":"","overlay-opacity":"","overlay-gradient":""},"tablet":{"background-color":"var(--ast-global-color-5)","background-image":"","background-repeat":"repeat","background-position":"center center","background-size":"auto","background-attachment":"scroll","background-type":"","background-media":"","overlay-type":"","overlay-color":"","overlay-opacity":"","overlay-gradient":""},"mobile":{"background-color":"var(--ast-global-color-5)","background-image":"","background-repeat":"repeat","background-position":"center center","background-size":"auto","background-attachment":"scroll","background-type":"","background-media":"","overlay-type":"","overlay-color":"","overlay-opacity":"","overlay-gradient":""}}},"product_brand":[3289],"product_cat":[3378],"product_tag":[],"class_list":{"0":"post-24197","1":"product","2":"type-product","3":"status-publish","4":"has-post-thumbnail","6":"product_brand-cadomotus","7":"product_cat-non-categorise","8":"desktop-align-left","9":"tablet-align-left","10":"mobile-align-left","12":"first","13":"instock","14":"sale","15":"taxable","16":"shipping-taxable","17":"purchasable","18":"product-type-simple"},"acf":[],"_links":{"self":[{"href":"https:\/\/ztsports.com\/fr\/wp-json\/wp\/v2\/product\/24197","targetHints":{"allow":["GET"]}}],"collection":[{"href":"https:\/\/ztsports.com\/fr\/wp-json\/wp\/v2\/product"}],"about":[{"href":"https:\/\/ztsports.com\/fr\/wp-json\/wp\/v2\/types\/product"}],"replies":[{"embeddable":true,"href":"https:\/\/ztsports.com\/fr\/wp-json\/wp\/v2\/comments?post=24197"}],"version-history":[{"count":1,"href":"https:\/\/ztsports.com\/fr\/wp-json\/wp\/v2\/product\/24197\/revisions"}],"predecessor-version":[{"id":24198,"href":"https:\/\/ztsports.com\/fr\/wp-json\/wp\/v2\/product\/24197\/revisions\/24198"}],"wp:featuredmedia":[{"embeddable":true,"href":"https:\/\/ztsports.com\/fr\/wp-json\/wp\/v2\/media\/24194"}],"wp:attachment":[{"href":"https:\/\/ztsports.com\/fr\/wp-json\/wp\/v2\/media?parent=24197"}],"wp:term":[{"taxonomy":"product_brand","embeddable":true,"href":"https:\/\/ztsports.com\/fr\/wp-json\/wp\/v2\/product_brand?post=24197"},{"taxonomy":"product_cat","embeddable":true,"href":"https:\/\/ztsports.com\/fr\/wp-json\/wp\/v2\/product_cat?post=24197"},{"taxonomy":"product_tag","embeddable":true,"href":"https:\/\/ztsports.com\/fr\/wp-json\/wp\/v2\/product_tag?post=24197"}],"curies":[{"name":"wp","href":"https:\/\/api.w.org\/{rel}","templated":true}]}}