{"id":24191,"date":"2021-09-23T02:20:56","date_gmt":"2021-09-23T02:20:56","guid":{"rendered":"https:\/\/ztsports.com\/?post_type=product&#038;p=24191"},"modified":"2026-03-11T07:57:55","modified_gmt":"2026-03-11T07:57:55","slug":"leather-speed-skating-gloves-by-garneau","status":"publish","type":"product","link":"https:\/\/ztsports.com\/fr\/store\/leather-speed-skating-gloves-by-garneau\/","title":{"rendered":"Leather speed skating gloves by GARNEAU"},"content":{"rendered":"<h3 class=\"tw-data-text tw-text-large tw-ta\" dir=\"ltr\" data-placeholder=\"Translation\"><span class=\"Y2IQFc\" lang=\"fr\">GANTS DE PATINAGE DE VITESSE<\/span><br \/>\n<span class=\"Y2IQFc\" lang=\"fr\">GARNEAU<\/span><br \/>\n<span class=\"Y2IQFc\" lang=\"fr\">EN CUIR<\/span><\/h3>\n<p>Gants de patinage de vitesse en cuir<\/p>\n<p class=\"tw-data-text tw-text-large tw-ta\" dir=\"ltr\" data-placeholder=\"Translation\"><span class=\"Y2IQFc\" lang=\"fr\">Les gants GARNEAU sont enti\u00e8rement en cuir.<\/span><\/p>\n<p><span class=\"Y2IQFc\" lang=\"fr\">Ils s\u2019adapteront \u00e0 la forme de votre main apr\u00e8s la p\u00e9riode de rodage. Une qualit\u00e9 durable \u00e0 laquelle vous vous attendez de la part de Garneau.<\/span><\/p>\n<p><span class=\"Y2IQFc\" lang=\"fr\">Con\u00e7us pour le short track avec le logo du patineur de vitesse Garneau.<\/span><\/p>\n<p><span class=\"Y2IQFc\" lang=\"fr\">Tout cela vous distingue des simples gants en cuir blanc classiques.<\/span><\/p>\n<p><span class=\"Y2IQFc\" lang=\"fr\">Un style classique disponible en tailles pour les adultes ayant de grandes mains.<\/span><\/p>\n<p><strong>Tailles adultes<\/strong><\/p>\n<p><strong>M\u00e9d &#8211; TAILLE 9<\/strong><\/p>\n<p class=\"tw-data-text tw-text-large tw-ta\" dir=\"ltr\" data-placeholder=\"Translation\"><span class=\"Y2IQFc\" lang=\"fr\"><strong>LG &#8211; TAILLE 10<\/strong><\/span><\/p>\n<p class=\"tw-data-text tw-text-large tw-ta\" dir=\"ltr\" data-placeholder=\"Translation\"><span class=\"Y2IQFc\" lang=\"fr\"><strong>XL &#8211; TAILLE 11<\/strong><\/span><\/p>\n<h3 class=\"tw-data-text tw-text-large tw-ta\" dir=\"ltr\" data-placeholder=\"Translation\"><span class=\"Y2IQFc\" lang=\"fr\">Enfin, d\u00e9couvrez tous nos <a href=\"https:\/\/ztsports.com\/product-category\/protection\/gloves\/\"><strong>gants de short track<\/strong><\/a> ici.<\/span><\/h3>\n","protected":false},"excerpt":{"rendered":"<p>GANTS DE PATINAGE DE VITESSE GARNEAU EN CUIR Gants de patinage de vitesse en cuir Les gants GARNEAU sont enti\u00e8rement en cuir. Ils s\u2019adapteront \u00e0 la forme de votre main apr\u00e8s la p\u00e9riode de rodage. Une qualit\u00e9 durable \u00e0 laquelle vous vous attendez de la part de Garneau. Con\u00e7us pour le short track avec le [&hellip;]<\/p>\n","protected":false},"featured_media":24189,"comment_status":"open","ping_status":"closed","template":"","meta":{"_acf_changed":false,"_monsterinsights_skip_tracking":false,"_monsterinsights_sitenote_active":false,"_monsterinsights_sitenote_note":"","_monsterinsights_sitenote_category":0,"_uf_show_specific_survey":0,"_uf_disable_surveys":false,"site-sidebar-layout":"default","site-content-layout":"","ast-site-content-layout":"default","site-content-style":"default","site-sidebar-style":"default","ast-global-header-display":"","ast-banner-title-visibility":"","ast-main-header-display":"","ast-hfb-above-header-display":"","ast-hfb-below-header-display":"","ast-hfb-mobile-header-display":"","site-post-title":"","ast-breadcrumbs-content":"","ast-featured-img":"","footer-sml-layout":"","ast-disable-related-posts":"","theme-transparent-header-meta":"default","adv-header-id-meta":"","stick-header-meta":"","header-above-stick-meta":"","header-main-stick-meta":"","header-below-stick-meta":"","astra-migrate-meta-layouts":"set","ast-page-background-enabled":"default","ast-page-background-meta":{"desktop":{"background-color":"","background-image":"","background-repeat":"repeat","background-position":"center center","background-size":"auto","background-attachment":"scroll","background-type":"","background-media":"","overlay-type":"","overlay-color":"","overlay-opacity":"","overlay-gradient":""},"tablet":{"background-color":"","background-image":"","background-repeat":"repeat","background-position":"center center","background-size":"auto","background-attachment":"scroll","background-type":"","background-media":"","overlay-type":"","overlay-color":"","overlay-opacity":"","overlay-gradient":""},"mobile":{"background-color":"","background-image":"","background-repeat":"repeat","background-position":"center center","background-size":"auto","background-attachment":"scroll","background-type":"","background-media":"","overlay-type":"","overlay-color":"","overlay-opacity":"","overlay-gradient":""}},"ast-content-background-meta":{"desktop":{"background-color":"var(--ast-global-color-5)","background-image":"","background-repeat":"repeat","background-position":"center center","background-size":"auto","background-attachment":"scroll","background-type":"","background-media":"","overlay-type":"","overlay-color":"","overlay-opacity":"","overlay-gradient":""},"tablet":{"background-color":"var(--ast-global-color-5)","background-image":"","background-repeat":"repeat","background-position":"center center","background-size":"auto","background-attachment":"scroll","background-type":"","background-media":"","overlay-type":"","overlay-color":"","overlay-opacity":"","overlay-gradient":""},"mobile":{"background-color":"var(--ast-global-color-5)","background-image":"","background-repeat":"repeat","background-position":"center center","background-size":"auto","background-attachment":"scroll","background-type":"","background-media":"","overlay-type":"","overlay-color":"","overlay-opacity":"","overlay-gradient":""}}},"product_brand":[3302],"product_cat":[3378],"product_tag":[],"class_list":{"0":"post-24191","1":"product","2":"type-product","3":"status-publish","4":"has-post-thumbnail","6":"product_brand-garneau","7":"product_cat-non-categorise","8":"desktop-align-left","9":"tablet-align-left","10":"mobile-align-left","12":"first","13":"instock","14":"taxable","15":"shipping-taxable","16":"purchasable","17":"product-type-simple"},"acf":[],"_links":{"self":[{"href":"https:\/\/ztsports.com\/fr\/wp-json\/wp\/v2\/product\/24191","targetHints":{"allow":["GET"]}}],"collection":[{"href":"https:\/\/ztsports.com\/fr\/wp-json\/wp\/v2\/product"}],"about":[{"href":"https:\/\/ztsports.com\/fr\/wp-json\/wp\/v2\/types\/product"}],"replies":[{"embeddable":true,"href":"https:\/\/ztsports.com\/fr\/wp-json\/wp\/v2\/comments?post=24191"}],"version-history":[{"count":2,"href":"https:\/\/ztsports.com\/fr\/wp-json\/wp\/v2\/product\/24191\/revisions"}],"predecessor-version":[{"id":24193,"href":"https:\/\/ztsports.com\/fr\/wp-json\/wp\/v2\/product\/24191\/revisions\/24193"}],"wp:featuredmedia":[{"embeddable":true,"href":"https:\/\/ztsports.com\/fr\/wp-json\/wp\/v2\/media\/24189"}],"wp:attachment":[{"href":"https:\/\/ztsports.com\/fr\/wp-json\/wp\/v2\/media?parent=24191"}],"wp:term":[{"taxonomy":"product_brand","embeddable":true,"href":"https:\/\/ztsports.com\/fr\/wp-json\/wp\/v2\/product_brand?post=24191"},{"taxonomy":"product_cat","embeddable":true,"href":"https:\/\/ztsports.com\/fr\/wp-json\/wp\/v2\/product_cat?post=24191"},{"taxonomy":"product_tag","embeddable":true,"href":"https:\/\/ztsports.com\/fr\/wp-json\/wp\/v2\/product_tag?post=24191"}],"curies":[{"name":"wp","href":"https:\/\/api.w.org\/{rel}","templated":true}]}}