{"id":24186,"date":"2026-03-09T03:08:05","date_gmt":"2026-03-09T03:08:05","guid":{"rendered":"https:\/\/ztsports.com\/?post_type=product&#038;p=24186"},"modified":"2026-03-28T15:46:30","modified_gmt":"2026-03-28T15:46:30","slug":"pennington-short-track-quick-tips","status":"publish","type":"product","link":"https:\/\/ztsports.com\/fr\/store\/pennington-short-track-quick-tips\/","title":{"rendered":"Pennington Short Track Quick Tips"},"content":{"rendered":"<h1>Pennington Short Track Quick Tips<\/h1>\n<p>&nbsp;<\/p>\n<p>Embouts de doigts Pennington Short Track Quick Tips<\/p>\n<p>Short Track ABS Quick Tips.<\/p>\n<p>Fabriqu\u00e9s en ABS durable<\/p>\n<p>Se collent facilement sur tous les gants en cuir et en vinyle nitrile<\/p>\n<p>Pennington Short Track Quick Tips ABS<\/p>\n<p>Protecteurs pour les bouts des doigts.<\/p>\n<ul>\n<li>Fabriqu\u00e9 en ABS durable (plastique ABS inject\u00e9, PAS imprim\u00e9 en 3D)<\/li>\n<li>Se colle facilement sur tous les gants en cuir et en vinyle nitrile<\/li>\n<li><strong>Tous les Quick Tips sont fournis avec la colle incluse<\/strong>Voir notre s\u00e9lection de gants <a href=\"https:\/\/ztsports.com\/product-category\/protection\/gloves\/\">ici<\/a>D\u00e9couvrez notre large s\u00e9lection de <strong>Quick Tips ici<\/strong>\n<p>En savoir plus sur Pennington <a href=\"https:\/\/penningtonskate.com\/about-us\" target=\"_blank\" rel=\"noopener\">ici<\/a><\/li>\n<li>Couleurs des Pennington Short Track Quick Tips<\/li>\n<li>Cyan<\/li>\n<li>Vert<\/li>\n<li>Rose<\/li>\n<li>Orange<\/li>\n<li>Rouge<\/li>\n<li>Violet<\/li>\n<li>Bleu royal<\/li>\n<li>Gris<\/li>\n<li>Blanc<\/li>\n<\/ul>\n<p>\u00c0 propos de l\u2019ABS :<\/p>\n<p><strong>Avantages de l\u2019ABS :<\/strong><\/p>\n<ol>\n<li><strong>Faible co\u00fbt de production :<\/strong> l\u2019ABS est \u00e9conomique \u00e0 produire, ce qui en fait une option abordable pour les fabricants.<\/li>\n<li><strong>Facilit\u00e9 d\u2019usinage :<\/strong> l\u2019ABS est facile \u00e0 usiner, ce qui en fait un choix privil\u00e9gi\u00e9 pour les fabricants de plastiques.<\/li>\n<li><strong>Propri\u00e9t\u00e9s int\u00e9ressantes :<\/strong> l\u2019ABS offre une combinaison de propri\u00e9t\u00e9s telles que la r\u00e9sistance aux chocs, la solidit\u00e9 structurelle, la r\u00e9sistance chimique, la performance \u00e0 diff\u00e9rentes temp\u00e9ratures, l\u2019isolation \u00e9lectrique ainsi que la facilit\u00e9 de peinture et de collage.<\/li>\n<li><strong>Processus de polym\u00e9risation :<\/strong> l\u2019ABS est cr\u00e9\u00e9 par polym\u00e9risation du styr\u00e8ne et de l\u2019acrylonitrile en pr\u00e9sence de polybutadi\u00e8ne, ce qui forme de fortes liaisons chimiques am\u00e9liorant ses propri\u00e9t\u00e9s.<\/li>\n<\/ol>\n<p><strong>Applications de l\u2019ABS :<\/strong><\/p>\n<p>L\u2019ABS est utilis\u00e9 dans de nombreuses industries, notamment :<\/p>\n<ol>\n<li><strong>Briques LEGO :<\/strong> l\u2019ABS est utilis\u00e9 pour fabriquer les c\u00e9l\u00e8bres briques LEGO embo\u00eetables.<\/li>\n<li><strong>Petits appareils de cuisine :<\/strong> l\u2019ABS est souvent utilis\u00e9 pour les bo\u00eetiers et composants des appareils de cuisine.<\/li>\n<li><strong>Touches de clavier :<\/strong> l\u2019ABS est choisi pour sa durabilit\u00e9 et sa facilit\u00e9 de moulage.<\/li>\n<li><strong>Composants automobiles :<\/strong> l\u2019ABS est utilis\u00e9 dans les parties int\u00e9rieures et ext\u00e9rieures des v\u00e9hicules pour sa r\u00e9sistance et sa r\u00e9sistance aux chocs.<\/li>\n<li><strong>\u00c9quipements de protection :<\/strong> l\u2019ABS est utilis\u00e9 pour fabriquer des casques de protection gr\u00e2ce \u00e0 sa r\u00e9sistance aux impacts.<\/li>\n<li><strong>Instruments de musique :<\/strong> certains composants d\u2019instruments de musique sont fabriqu\u00e9s en ABS pour sa solidit\u00e9 et sa facilit\u00e9 de moulage.<\/li>\n<\/ol>\n<p><strong>Technologies d\u2019extrusion du plastique :<\/strong><\/p>\n<p>Plastic Extrusion Technologies est une entreprise avec plus de 100 ans d\u2019exp\u00e9rience dans l\u2019industrie du plastique. Elle utilise le mat\u00e9riau ABS pour diverses applications. L\u2019entreprise propose des services d\u2019extrusion plastique et peut fournir des solutions \u00e0 base d\u2019ABS \u00e0 des entreprises dans le monde entier.<\/p>\n<p>En r\u00e9sum\u00e9, l\u2019ABS est un plastique technique polyvalent avec de nombreux avantages et applications dans diff\u00e9rentes industries. Toutefois, il est important de prendre en compte ses limites lors du choix du mat\u00e9riau pour certaines applications sp\u00e9cifiques.<\/p>\n<p><strong>DANGER !<\/strong> Garder loin des yeux. Peut provoquer une r\u00e9action allergique si la colle entre en contact avec la peau. Lire les avertissements au dos de l\u2019emballage.<\/p>\n<p>Voir notre s\u00e9lection de gants <a href=\"https:\/\/ztsports.com\/product-category\/protection\/gloves\/\">ici<\/a><\/p>\n<p>D\u00e9couvrez notre large s\u00e9lection de Quick Tips ici<\/p>\n<p>En savoir plus sur Pennington <a href=\"https:\/\/penningtonskate.com\/about-us\" target=\"_blank\" rel=\"noopener\">ici<\/a><\/p>\n","protected":false},"excerpt":{"rendered":"<pre id=\"tw-target-text\" class=\"tw-data-text tw-text-large tw-ta\" dir=\"ltr\" tabindex=\"-1\" role=\"text\" data-placeholder=\"Translation\" data-ved=\"2ahUKEwi63OGM98KTAxUflYkEHegeHeQQ3ewLegQIDBAW\" aria-label=\"Translated text: conseils rapides\"><\/pre>\n","protected":false},"featured_media":24177,"comment_status":"open","ping_status":"closed","template":"","meta":{"_acf_changed":false,"_monsterinsights_skip_tracking":false,"_monsterinsights_sitenote_active":false,"_monsterinsights_sitenote_note":"","_monsterinsights_sitenote_category":0,"_uf_show_specific_survey":0,"_uf_disable_surveys":false,"site-sidebar-layout":"default","site-content-layout":"","ast-site-content-layout":"default","site-content-style":"default","site-sidebar-style":"default","ast-global-header-display":"","ast-banner-title-visibility":"","ast-main-header-display":"","ast-hfb-above-header-display":"","ast-hfb-below-header-display":"","ast-hfb-mobile-header-display":"","site-post-title":"","ast-breadcrumbs-content":"","ast-featured-img":"","footer-sml-layout":"","ast-disable-related-posts":"","theme-transparent-header-meta":"default","adv-header-id-meta":"","stick-header-meta":"","header-above-stick-meta":"","header-main-stick-meta":"","header-below-stick-meta":"","astra-migrate-meta-layouts":"set","ast-page-background-enabled":"default","ast-page-background-meta":{"desktop":{"background-color":"","background-image":"","background-repeat":"repeat","background-position":"center center","background-size":"auto","background-attachment":"scroll","background-type":"","background-media":"","overlay-type":"","overlay-color":"","overlay-opacity":"","overlay-gradient":""},"tablet":{"background-color":"","background-image":"","background-repeat":"repeat","background-position":"center center","background-size":"auto","background-attachment":"scroll","background-type":"","background-media":"","overlay-type":"","overlay-color":"","overlay-opacity":"","overlay-gradient":""},"mobile":{"background-color":"","background-image":"","background-repeat":"repeat","background-position":"center center","background-size":"auto","background-attachment":"scroll","background-type":"","background-media":"","overlay-type":"","overlay-color":"","overlay-opacity":"","overlay-gradient":""}},"ast-content-background-meta":{"desktop":{"background-color":"var(--ast-global-color-5)","background-image":"","background-repeat":"repeat","background-position":"center center","background-size":"auto","background-attachment":"scroll","background-type":"","background-media":"","overlay-type":"","overlay-color":"","overlay-opacity":"","overlay-gradient":""},"tablet":{"background-color":"var(--ast-global-color-5)","background-image":"","background-repeat":"repeat","background-position":"center center","background-size":"auto","background-attachment":"scroll","background-type":"","background-media":"","overlay-type":"","overlay-color":"","overlay-opacity":"","overlay-gradient":""},"mobile":{"background-color":"var(--ast-global-color-5)","background-image":"","background-repeat":"repeat","background-position":"center center","background-size":"auto","background-attachment":"scroll","background-type":"","background-media":"","overlay-type":"","overlay-color":"","overlay-opacity":"","overlay-gradient":""}}},"product_brand":[3329],"product_cat":[4004],"product_tag":[4598,4599,3796,4562],"class_list":{"0":"post-24186","1":"product","2":"type-product","3":"status-publish","4":"has-post-thumbnail","6":"product_brand-pennington","7":"product_cat-conseils-rapides","8":"product_tag-pennington","9":"product_tag-quick-tips","10":"product_tag-short-track","11":"product_tag-speed-skating","12":"desktop-align-left","13":"tablet-align-left","14":"mobile-align-left","16":"first","17":"instock","18":"featured","19":"taxable","20":"shipping-taxable","21":"purchasable","22":"product-type-simple"},"acf":[],"_links":{"self":[{"href":"https:\/\/ztsports.com\/fr\/wp-json\/wp\/v2\/product\/24186","targetHints":{"allow":["GET"]}}],"collection":[{"href":"https:\/\/ztsports.com\/fr\/wp-json\/wp\/v2\/product"}],"about":[{"href":"https:\/\/ztsports.com\/fr\/wp-json\/wp\/v2\/types\/product"}],"replies":[{"embeddable":true,"href":"https:\/\/ztsports.com\/fr\/wp-json\/wp\/v2\/comments?post=24186"}],"version-history":[{"count":3,"href":"https:\/\/ztsports.com\/fr\/wp-json\/wp\/v2\/product\/24186\/revisions"}],"predecessor-version":[{"id":25001,"href":"https:\/\/ztsports.com\/fr\/wp-json\/wp\/v2\/product\/24186\/revisions\/25001"}],"wp:featuredmedia":[{"embeddable":true,"href":"https:\/\/ztsports.com\/fr\/wp-json\/wp\/v2\/media\/24177"}],"wp:attachment":[{"href":"https:\/\/ztsports.com\/fr\/wp-json\/wp\/v2\/media?parent=24186"}],"wp:term":[{"taxonomy":"product_brand","embeddable":true,"href":"https:\/\/ztsports.com\/fr\/wp-json\/wp\/v2\/product_brand?post=24186"},{"taxonomy":"product_cat","embeddable":true,"href":"https:\/\/ztsports.com\/fr\/wp-json\/wp\/v2\/product_cat?post=24186"},{"taxonomy":"product_tag","embeddable":true,"href":"https:\/\/ztsports.com\/fr\/wp-json\/wp\/v2\/product_tag?post=24186"}],"curies":[{"name":"wp","href":"https:\/\/api.w.org\/{rel}","templated":true}]}}