{"id":24175,"date":"2021-09-23T02:22:02","date_gmt":"2021-09-23T02:22:02","guid":{"rendered":"https:\/\/ztsports.com\/?post_type=product&#038;p=24175"},"modified":"2026-03-10T12:03:29","modified_gmt":"2026-03-10T12:03:29","slug":"sebra-extreme-iv-gloves-short-track-protection","status":"publish","type":"product","link":"https:\/\/ztsports.com\/fr\/store\/sebra-extreme-iv-gloves-short-track-protection\/","title":{"rendered":"SEBRA Extreme IV Gloves Short Track Protection"},"content":{"rendered":"<h1 class=\"product_title entry-title\">Gants SEBRA Extreme IV<\/h1>\n<p style=\"box-sizing: border-box; margin: 0px 0px 10px; line-height: 24px; color: #666666;\">\nCes gants SEBRA Extreme IV sont exceptionnellement confortables et offrent en plus une protection anti-coupure de niveau IV. Ce gant de Sebra vous procure davantage de chaleur tout en assurant une protection de s\u00e9curit\u00e9 niveau 4 contre les coupures.\n<\/p>\n<h4 style=\"box-sizing: border-box; margin: 0px 0px 10px; line-height: 24px; color: #666666;\">\n3 combinaisons de couleurs au choix :<br \/>\n<\/h4>\n<p style=\"box-sizing: border-box; margin: 0px 0px 10px; line-height: 24px; color: #666666;\">\n<strong>Blanc \/ Blanc<\/strong>\n<\/p>\n<p style=\"box-sizing: border-box; margin: 0px 0px 10px; line-height: 24px; color: #666666;\">\n<strong>Noir \/ Blanc<\/strong>\n<\/p>\n<p style=\"box-sizing: border-box; margin: 0px 0px 10px; line-height: 24px; color: #666666;\">\n<strong>Bleu marine \/ Blanc<\/strong>\n<\/p>\n<p style=\"box-sizing: border-box; margin: 0px 0px 10px; line-height: 24px; color: #666666;\">\nCuir synth\u00e9tique Micromesh Spectra \u2013 niveau de protection contre les coupures 4\n<\/p>\n<p style=\"box-sizing: border-box; margin: 0px 0px 10px; line-height: 24px; color: #666666;\">\n<strong>Taille XS &#8211; 2XL<\/strong>\n<\/p>\n<h6>Durabilit\u00e9 &amp; long\u00e9vit\u00e9<\/h6>\n<p>Les v\u00eatements fabriqu\u00e9s avec la fibre Spectra pr\u00e9sentent une excellente durabilit\u00e9, offrant une dur\u00e9e de vie plus longue que ceux fabriqu\u00e9s avec d&#8217;autres mat\u00e9riaux. Les propri\u00e9t\u00e9s exceptionnelles de r\u00e9sistance \u00e0 l\u2019abrasion de la fibre Spectra, utilis\u00e9e dans nos gants Sebra Extreme, permettent d\u2019obtenir un v\u00eatement capable de mieux r\u00e9sister \u00e0 l\u2019usure li\u00e9e \u00e0 une utilisation intensive.<\/p>\n<h6>Confort<\/h6>\n<p>Le confort est essentiel dans les situations de travail physique et dans les activit\u00e9s sportives exigeantes. La l\u00e9g\u00e8ret\u00e9, la respirabilit\u00e9 et la faible absorption d\u2019humidit\u00e9 sont essentielles en Short Track. Les v\u00eatements fabriqu\u00e9s avec la fibre Spectra gardent les patineurs et les travailleurs au frais. Cela est particuli\u00e8rement important lorsque les activit\u00e9s sont r\u00e9alis\u00e9es dans des environnements tr\u00e8s chauds, comme dans les sports \u00e0 forte d\u00e9pense physique.<\/p>\n<h6>Notre leadership et notre expertise<\/h6>\n<p>Dans le domaine de la protection contre les coupures, les mat\u00e9riaux avanc\u00e9s r\u00e9sistants aux coupures de Honeywell sont \u00e0 l\u2019avant-garde de la s\u00e9curit\u00e9 au travail. L\u2019utilisation de la fibre Spectra permet d\u2019offrir une protection \u00e9lev\u00e9e contre les coupures. Une dext\u00e9rit\u00e9 et un confort optimaux dans les v\u00eatements de protection sont essentiels pour le Short Track. Gr\u00e2ce \u00e0 une recherche approfondie sur les mat\u00e9riaux et \u00e0 de solides capacit\u00e9s de d\u00e9veloppement interne, combin\u00e9es \u00e0 un r\u00e9seau mondial de vente et de support technique, cela fait du gant Sebra <a href=\"https:\/\/ztsports.com\/fr\/\"><strong>Zt Sports<\/strong><\/a> le gant le plus vendu pour le patinage de vitesse Short Track.<\/p>\n<p>Enfin, apprenez-en davantage sur Honeywell <a href=\"https:\/\/industrial.honeywell.com\/content\/dam\/industrial\/en\/documents\/document-lists\/marketing\/SpectraFiber-CutProtection-SellSheet.pdf\" target=\"_blank\" rel=\"noopener\">ici<\/a> !<\/p>\n<p>Pour terminer, d\u00e9couvrez \u00e9galement nos <a href=\"https:\/\/ztsports.com\/product-category\/protection\/gloves\/\"><strong>autres gants<\/strong><\/a> ici.<\/p>\n","protected":false},"excerpt":{"rendered":"<p>Gants SEBRA Extreme IV Ces gants SEBRA Extreme IV sont exceptionnellement confortables et offrent en plus une protection anti-coupure de niveau IV. Ce gant de Sebra vous procure davantage de chaleur tout en assurant une protection de s\u00e9curit\u00e9 niveau 4 contre les coupures. 3 combinaisons de couleurs au choix : Blanc \/ Blanc Noir \/ [&hellip;]<\/p>\n","protected":false},"featured_media":24171,"comment_status":"open","ping_status":"closed","template":"","meta":{"_acf_changed":false,"_monsterinsights_skip_tracking":false,"_monsterinsights_sitenote_active":false,"_monsterinsights_sitenote_note":"","_monsterinsights_sitenote_category":0,"_uf_show_specific_survey":0,"_uf_disable_surveys":false,"site-sidebar-layout":"default","site-content-layout":"","ast-site-content-layout":"default","site-content-style":"default","site-sidebar-style":"default","ast-global-header-display":"","ast-banner-title-visibility":"","ast-main-header-display":"","ast-hfb-above-header-display":"","ast-hfb-below-header-display":"","ast-hfb-mobile-header-display":"","site-post-title":"","ast-breadcrumbs-content":"","ast-featured-img":"","footer-sml-layout":"","ast-disable-related-posts":"","theme-transparent-header-meta":"default","adv-header-id-meta":"","stick-header-meta":"","header-above-stick-meta":"","header-main-stick-meta":"","header-below-stick-meta":"","astra-migrate-meta-layouts":"set","ast-page-background-enabled":"default","ast-page-background-meta":{"desktop":{"background-color":"","background-image":"","background-repeat":"repeat","background-position":"center center","background-size":"auto","background-attachment":"scroll","background-type":"","background-media":"","overlay-type":"","overlay-color":"","overlay-opacity":"","overlay-gradient":""},"tablet":{"background-color":"","background-image":"","background-repeat":"repeat","background-position":"center center","background-size":"auto","background-attachment":"scroll","background-type":"","background-media":"","overlay-type":"","overlay-color":"","overlay-opacity":"","overlay-gradient":""},"mobile":{"background-color":"","background-image":"","background-repeat":"repeat","background-position":"center center","background-size":"auto","background-attachment":"scroll","background-type":"","background-media":"","overlay-type":"","overlay-color":"","overlay-opacity":"","overlay-gradient":""}},"ast-content-background-meta":{"desktop":{"background-color":"var(--ast-global-color-5)","background-image":"","background-repeat":"repeat","background-position":"center center","background-size":"auto","background-attachment":"scroll","background-type":"","background-media":"","overlay-type":"","overlay-color":"","overlay-opacity":"","overlay-gradient":""},"tablet":{"background-color":"var(--ast-global-color-5)","background-image":"","background-repeat":"repeat","background-position":"center center","background-size":"auto","background-attachment":"scroll","background-type":"","background-media":"","overlay-type":"","overlay-color":"","overlay-opacity":"","overlay-gradient":""},"mobile":{"background-color":"var(--ast-global-color-5)","background-image":"","background-repeat":"repeat","background-position":"center center","background-size":"auto","background-attachment":"scroll","background-type":"","background-media":"","overlay-type":"","overlay-color":"","overlay-opacity":"","overlay-gradient":""}}},"product_brand":[3335],"product_cat":[3378],"product_tag":[],"class_list":{"0":"post-24175","1":"product","2":"type-product","3":"status-publish","4":"has-post-thumbnail","6":"product_brand-sebra","7":"product_cat-non-categorise","8":"desktop-align-left","9":"tablet-align-left","10":"mobile-align-left","12":"first","13":"instock","14":"taxable","15":"shipping-taxable","16":"purchasable","17":"product-type-simple"},"acf":[],"_links":{"self":[{"href":"https:\/\/ztsports.com\/fr\/wp-json\/wp\/v2\/product\/24175","targetHints":{"allow":["GET"]}}],"collection":[{"href":"https:\/\/ztsports.com\/fr\/wp-json\/wp\/v2\/product"}],"about":[{"href":"https:\/\/ztsports.com\/fr\/wp-json\/wp\/v2\/types\/product"}],"replies":[{"embeddable":true,"href":"https:\/\/ztsports.com\/fr\/wp-json\/wp\/v2\/comments?post=24175"}],"version-history":[{"count":1,"href":"https:\/\/ztsports.com\/fr\/wp-json\/wp\/v2\/product\/24175\/revisions"}],"predecessor-version":[{"id":24176,"href":"https:\/\/ztsports.com\/fr\/wp-json\/wp\/v2\/product\/24175\/revisions\/24176"}],"wp:featuredmedia":[{"embeddable":true,"href":"https:\/\/ztsports.com\/fr\/wp-json\/wp\/v2\/media\/24171"}],"wp:attachment":[{"href":"https:\/\/ztsports.com\/fr\/wp-json\/wp\/v2\/media?parent=24175"}],"wp:term":[{"taxonomy":"product_brand","embeddable":true,"href":"https:\/\/ztsports.com\/fr\/wp-json\/wp\/v2\/product_brand?post=24175"},{"taxonomy":"product_cat","embeddable":true,"href":"https:\/\/ztsports.com\/fr\/wp-json\/wp\/v2\/product_cat?post=24175"},{"taxonomy":"product_tag","embeddable":true,"href":"https:\/\/ztsports.com\/fr\/wp-json\/wp\/v2\/product_tag?post=24175"}],"curies":[{"name":"wp","href":"https:\/\/api.w.org\/{rel}","templated":true}]}}