{"id":24169,"date":"2021-09-23T02:26:37","date_gmt":"2021-09-23T02:26:37","guid":{"rendered":"https:\/\/ztsports.com\/?post_type=product&#038;p=24169"},"modified":"2026-03-10T12:02:14","modified_gmt":"2026-03-10T12:02:14","slug":"evo-3x125mm-frame-inline-speed-skating","status":"publish","type":"product","link":"https:\/\/ztsports.com\/fr\/store\/evo-3x125mm-frame-inline-speed-skating\/","title":{"rendered":"EVO 3X125mm FRAME Inline Speed Skating"},"content":{"rendered":"<h2><strong>EVO Cadre Inline Speed 3 x 125mm 13&#8243;<\/strong><\/h2>\n<p><b>Le cadre ultime<\/b> <strong>EVO 3x125mm<\/strong> est le <strong>premier cadre 13&#8243; en 3x125mm<\/strong> disponible.<\/p>\n<p>En plus d\u2019\u00eatre le premier cadre 13&#8243; en 3&#215;125, ce <strong>cadre EVO<\/strong> a \u00e9t\u00e9 d\u00e9velopp\u00e9 et fabriqu\u00e9 aux Pays-Bas, o\u00f9 sont produits la plupart des \u00e9quipements et lames de patinage de vitesse haut de gamme.<\/p>\n<div data-hveid=\"CD0QAQ\" data-ved=\"2ahUKEwiSrObEkIuIAxX-DTQIHX8kM50Qj7gIegQIPRAB\">\n<div class=\"dnXCYb\" tabindex=\"0\" role=\"button\" aria-controls=\"_dILIZpKiLP6b0PEP_8jM6Qk_82\" aria-expanded=\"true\">\n<h4 class=\"JlqpRe\">\n<span class=\"JCzEY tNxQIb\"><br \/>\n<span class=\"CSkcDe\">Comment mesurer un ch\u00e2ssis de patin inline ?<\/span><br \/>\n<\/span><br \/>\n<\/h4>\n<\/div>\n<\/div>\n<div id=\"_dILIZpKiLP6b0PEP_8jM6Qk_82\" class=\"bCOlv\" data-ved=\"2ahUKEwiSrObEkIuIAxX-DTQIHX8kM50Q7NUEegQIPRAE\">\n<div class=\"IZE3Td\">\n<div class=\"r2fjmd t0bRye\" data-hveid=\"CD0QBQ\" data-ved=\"2ahUKEwiSrObEkIuIAxX-DTQIHX8kM50Qu04oAHoECD0QBQ\">\n<div id=\"dILIZpKiLP6b0PEP_8jM6Qk__72\">\n<div class=\"wDYxhc\" data-md=\"61\">\n<div class=\"LGOjhe\" role=\"heading\" data-attrid=\"wa:\/description\" aria-level=\"3\" data-hveid=\"CEsQAA\">\n<span class=\"ILfuVd\" lang=\"fr\"><br \/>\n<span class=\"hgKElc\"><br \/>\nLa longueur des ch\u00e2ssis de patins inline, appel\u00e9e empattement (wheelbase), correspond <b>\u00e0 la distance entre le centre du premier et du dernier axe<\/b>, et non \u00e0 la longueur totale mesur\u00e9e entre les deux extr\u00e9mit\u00e9s.<br \/>\n<\/span><br \/>\n<\/span>\n<\/div>\n<\/div>\n<\/div>\n<\/div>\n<\/div>\n<\/div>\n<h3><strong>Caract\u00e9ristiques du cadre EVO 3x125mm :<\/strong><\/h3>\n<ul>\n<li>D\u00e9velopp\u00e9 et fabriqu\u00e9 aux Pays-Bas<\/li>\n<li>Aluminium s\u00e9rie 7000<\/li>\n<li>Con\u00e7u pour roues 3x125mm<\/li>\n<li>Longueur 13.0 | 333mm<\/li>\n<li>Montage 195mm<\/li>\n<li>Gravure laser<\/li>\n<li>Anodis\u00e9 noir<\/li>\n<li>198 grammes<\/li>\n<li>Axes 8mm inclus<\/li>\n<li>Entretoises 8mm incluses<\/li>\n<li><\/li>\n<li>D\u00e9couvrez tous nos <a href=\"https:\/\/ztsports.com\/product-category\/frames\/\"><strong>cadres inline speed ici<\/strong><\/a>.<\/li>\n<\/ul>\n","protected":false},"excerpt":{"rendered":"<p>EVO Cadre Inline Speed 3 x 125mm 13&#8243; Le cadre ultime EVO 3x125mm est le premier cadre 13&#8243; en 3x125mm disponible. En plus d\u2019\u00eatre le premier cadre 13&#8243; en 3&#215;125, ce cadre EVO a \u00e9t\u00e9 d\u00e9velopp\u00e9 et fabriqu\u00e9 aux Pays-Bas, o\u00f9 sont produits la plupart des \u00e9quipements et lames de patinage de vitesse haut de [&hellip;]<\/p>\n","protected":false},"featured_media":24165,"comment_status":"open","ping_status":"closed","template":"","meta":{"_acf_changed":false,"_monsterinsights_skip_tracking":false,"_monsterinsights_sitenote_active":false,"_monsterinsights_sitenote_note":"","_monsterinsights_sitenote_category":0,"_uf_show_specific_survey":0,"_uf_disable_surveys":false,"site-sidebar-layout":"default","site-content-layout":"","ast-site-content-layout":"default","site-content-style":"default","site-sidebar-style":"default","ast-global-header-display":"","ast-banner-title-visibility":"","ast-main-header-display":"","ast-hfb-above-header-display":"","ast-hfb-below-header-display":"","ast-hfb-mobile-header-display":"","site-post-title":"","ast-breadcrumbs-content":"","ast-featured-img":"","footer-sml-layout":"","ast-disable-related-posts":"","theme-transparent-header-meta":"default","adv-header-id-meta":"","stick-header-meta":"","header-above-stick-meta":"","header-main-stick-meta":"","header-below-stick-meta":"","astra-migrate-meta-layouts":"set","ast-page-background-enabled":"default","ast-page-background-meta":{"desktop":{"background-color":"","background-image":"","background-repeat":"repeat","background-position":"center center","background-size":"auto","background-attachment":"scroll","background-type":"","background-media":"","overlay-type":"","overlay-color":"","overlay-opacity":"","overlay-gradient":""},"tablet":{"background-color":"","background-image":"","background-repeat":"repeat","background-position":"center center","background-size":"auto","background-attachment":"scroll","background-type":"","background-media":"","overlay-type":"","overlay-color":"","overlay-opacity":"","overlay-gradient":""},"mobile":{"background-color":"","background-image":"","background-repeat":"repeat","background-position":"center center","background-size":"auto","background-attachment":"scroll","background-type":"","background-media":"","overlay-type":"","overlay-color":"","overlay-opacity":"","overlay-gradient":""}},"ast-content-background-meta":{"desktop":{"background-color":"var(--ast-global-color-5)","background-image":"","background-repeat":"repeat","background-position":"center center","background-size":"auto","background-attachment":"scroll","background-type":"","background-media":"","overlay-type":"","overlay-color":"","overlay-opacity":"","overlay-gradient":""},"tablet":{"background-color":"var(--ast-global-color-5)","background-image":"","background-repeat":"repeat","background-position":"center center","background-size":"auto","background-attachment":"scroll","background-type":"","background-media":"","overlay-type":"","overlay-color":"","overlay-opacity":"","overlay-gradient":""},"mobile":{"background-color":"var(--ast-global-color-5)","background-image":"","background-repeat":"repeat","background-position":"center center","background-size":"auto","background-attachment":"scroll","background-type":"","background-media":"","overlay-type":"","overlay-color":"","overlay-opacity":"","overlay-gradient":""}}},"product_brand":[3297],"product_cat":[3381],"product_tag":[],"class_list":{"0":"post-24169","1":"product","2":"type-product","3":"status-publish","4":"has-post-thumbnail","6":"product_brand-evo","7":"product_cat-patinage-de-vitesse-en-ligne","8":"desktop-align-left","9":"tablet-align-left","10":"mobile-align-left","12":"first","13":"instock","14":"taxable","15":"shipping-taxable","16":"purchasable","17":"product-type-simple"},"acf":[],"_links":{"self":[{"href":"https:\/\/ztsports.com\/fr\/wp-json\/wp\/v2\/product\/24169","targetHints":{"allow":["GET"]}}],"collection":[{"href":"https:\/\/ztsports.com\/fr\/wp-json\/wp\/v2\/product"}],"about":[{"href":"https:\/\/ztsports.com\/fr\/wp-json\/wp\/v2\/types\/product"}],"replies":[{"embeddable":true,"href":"https:\/\/ztsports.com\/fr\/wp-json\/wp\/v2\/comments?post=24169"}],"version-history":[{"count":1,"href":"https:\/\/ztsports.com\/fr\/wp-json\/wp\/v2\/product\/24169\/revisions"}],"predecessor-version":[{"id":24170,"href":"https:\/\/ztsports.com\/fr\/wp-json\/wp\/v2\/product\/24169\/revisions\/24170"}],"wp:featuredmedia":[{"embeddable":true,"href":"https:\/\/ztsports.com\/fr\/wp-json\/wp\/v2\/media\/24165"}],"wp:attachment":[{"href":"https:\/\/ztsports.com\/fr\/wp-json\/wp\/v2\/media?parent=24169"}],"wp:term":[{"taxonomy":"product_brand","embeddable":true,"href":"https:\/\/ztsports.com\/fr\/wp-json\/wp\/v2\/product_brand?post=24169"},{"taxonomy":"product_cat","embeddable":true,"href":"https:\/\/ztsports.com\/fr\/wp-json\/wp\/v2\/product_cat?post=24169"},{"taxonomy":"product_tag","embeddable":true,"href":"https:\/\/ztsports.com\/fr\/wp-json\/wp\/v2\/product_tag?post=24169"}],"curies":[{"name":"wp","href":"https:\/\/api.w.org\/{rel}","templated":true}]}}