{"id":24150,"date":"2021-09-23T02:31:13","date_gmt":"2021-09-23T02:31:13","guid":{"rendered":"https:\/\/ztsports.com\/?post_type=product&#038;p=24150"},"modified":"2026-03-10T12:00:20","modified_gmt":"2026-03-10T12:00:20","slug":"pocket-for-the-3%e2%80%b3-nagano-skate-sharpening-plates","status":"publish","type":"product","link":"https:\/\/ztsports.com\/fr\/store\/pocket-for-the-3%e2%80%b3-nagano-skate-sharpening-plates\/","title":{"rendered":"POCKET FOR THE 3\u2033 NAGANO SKATE SHARPENING PLATES"},"content":{"rendered":"<h1><span data-sheets-value=\"{&quot;1&quot;:2,&quot;2&quot;:&quot;POCHE POUR PLAQUES D\u2019AFF\u00dbTAGE NAGANO SKATE 3&quot;}\" data-sheets-userformat=\"{&quot;2&quot;:513,&quot;3&quot;:{&quot;1&quot;:0},&quot;12&quot;:0}\"><br \/>\nPOCHE POUR LES PLAQUES D\u2019AFF\u00dbTAGE NAGANO SKATE 3\u2033<br \/>\n<\/span><\/h1>\n<p><span data-sheets-value=\"{&quot;1&quot;:2,&quot;2&quot;:&quot;POCHE POUR PLAQUES D\u2019AFF\u00dbTAGE NAGANO SKATE 3&quot;}\" data-sheets-userformat=\"{&quot;2&quot;:513,&quot;3&quot;:{&quot;1&quot;:0},&quot;12&quot;:0}\"><br \/>\nPOCHE POUR LES PLAQUES D\u2019AFF\u00dbTAGE NAGANO SKATE 3\u2033. Fabriqu\u00e9 au Canada par un membre de l\u2019\u00e9quipe canadienne de Short Track.<br \/>\n<\/span><\/p>\n<p>\u00c9tuis fabriqu\u00e9s en cuir vinyle et con\u00e7us sp\u00e9cialement pour les plaques diamant d\u2019aff\u00fbtage Nagano Skate. Tous les \u00e9tuis Nagano Skate sont fabriqu\u00e9s \u00e0 la main au Qu\u00e9bec par des patineurs. Ils se glissent facilement dans votre sac et offrent une meilleure s\u00e9curit\u00e9 pour le transport.<\/p>\n<h4>\n<span data-sheets-value=\"{&quot;1&quot;:2,&quot;2&quot;:&quot;POCHE POUR PLAQUES D\u2019AFF\u00dbTAGE NAGANO SKATE 3&quot;}\" data-sheets-userformat=\"{&quot;2&quot;:513,&quot;3&quot;:{&quot;1&quot;:0},&quot;12&quot;:0}\"><br \/>\nPOCHE POUR LES PLAQUES D\u2019AFF\u00dbTAGE NAGANO SKATE 3\u2033<br \/>\n<\/span><br \/>\n<\/h4>\n<p>Vous avez le choix entre des \u00e9tuis simples (pour une plaque) ou doubles (pour deux plaques), en rouge ou en noir.<\/p>\n<p>Poches con\u00e7ues sp\u00e9cialement pour les plaques diamant d\u2019aff\u00fbtage Nagano Skate.<\/p>\n<p>Toutes les poches Nagano Skate sont fabriqu\u00e9es \u00e0 la main au Qu\u00e9bec.<\/p>\n<p>Elles se rangent facilement dans votre sac et offrent une meilleure s\u00e9curit\u00e9 lors du transport.<\/p>\n<p>Vous avez le choix entre un format simple ou double, en rouge ou en noir.<\/p>\n<p>Toutes les <a href=\"http:\/\/You can find all our Diamond Sharpening and Burr stones here.\"><strong>plaques diamant Nagano<\/strong><\/a> sont ici.<\/p>\n","protected":false},"excerpt":{"rendered":"<p>POCHE POUR LES PLAQUES D\u2019AFF\u00dbTAGE NAGANO SKATE 3\u2033 POCHE POUR LES PLAQUES D\u2019AFF\u00dbTAGE NAGANO SKATE 3\u2033. Fabriqu\u00e9 au Canada par un membre de l\u2019\u00e9quipe canadienne de Short Track. \u00c9tuis fabriqu\u00e9s en cuir vinyle et con\u00e7us sp\u00e9cialement pour les plaques diamant d\u2019aff\u00fbtage Nagano Skate. Tous les \u00e9tuis Nagano Skate sont fabriqu\u00e9s \u00e0 la main au Qu\u00e9bec [&hellip;]<\/p>\n","protected":false},"featured_media":24146,"comment_status":"open","ping_status":"closed","template":"","meta":{"_acf_changed":false,"_monsterinsights_skip_tracking":false,"_monsterinsights_sitenote_active":false,"_monsterinsights_sitenote_note":"","_monsterinsights_sitenote_category":0,"_uf_show_specific_survey":0,"_uf_disable_surveys":false,"site-sidebar-layout":"default","site-content-layout":"","ast-site-content-layout":"default","site-content-style":"default","site-sidebar-style":"default","ast-global-header-display":"","ast-banner-title-visibility":"","ast-main-header-display":"","ast-hfb-above-header-display":"","ast-hfb-below-header-display":"","ast-hfb-mobile-header-display":"","site-post-title":"","ast-breadcrumbs-content":"","ast-featured-img":"","footer-sml-layout":"","ast-disable-related-posts":"","theme-transparent-header-meta":"default","adv-header-id-meta":"","stick-header-meta":"","header-above-stick-meta":"","header-main-stick-meta":"","header-below-stick-meta":"","astra-migrate-meta-layouts":"set","ast-page-background-enabled":"default","ast-page-background-meta":{"desktop":{"background-color":"","background-image":"","background-repeat":"repeat","background-position":"center center","background-size":"auto","background-attachment":"scroll","background-type":"","background-media":"","overlay-type":"","overlay-color":"","overlay-opacity":"","overlay-gradient":""},"tablet":{"background-color":"","background-image":"","background-repeat":"repeat","background-position":"center center","background-size":"auto","background-attachment":"scroll","background-type":"","background-media":"","overlay-type":"","overlay-color":"","overlay-opacity":"","overlay-gradient":""},"mobile":{"background-color":"","background-image":"","background-repeat":"repeat","background-position":"center center","background-size":"auto","background-attachment":"scroll","background-type":"","background-media":"","overlay-type":"","overlay-color":"","overlay-opacity":"","overlay-gradient":""}},"ast-content-background-meta":{"desktop":{"background-color":"var(--ast-global-color-5)","background-image":"","background-repeat":"repeat","background-position":"center center","background-size":"auto","background-attachment":"scroll","background-type":"","background-media":"","overlay-type":"","overlay-color":"","overlay-opacity":"","overlay-gradient":""},"tablet":{"background-color":"var(--ast-global-color-5)","background-image":"","background-repeat":"repeat","background-position":"center center","background-size":"auto","background-attachment":"scroll","background-type":"","background-media":"","overlay-type":"","overlay-color":"","overlay-opacity":"","overlay-gradient":""},"mobile":{"background-color":"var(--ast-global-color-5)","background-image":"","background-repeat":"repeat","background-position":"center center","background-size":"auto","background-attachment":"scroll","background-type":"","background-media":"","overlay-type":"","overlay-color":"","overlay-opacity":"","overlay-gradient":""}}},"product_brand":[3366],"product_cat":[3378],"product_tag":[],"class_list":{"0":"post-24150","1":"product","2":"type-product","3":"status-publish","4":"has-post-thumbnail","6":"product_brand-mysok","7":"product_cat-non-categorise","8":"desktop-align-left","9":"tablet-align-left","10":"mobile-align-left","12":"first","13":"instock","14":"taxable","15":"shipping-taxable","16":"purchasable","17":"product-type-simple"},"acf":[],"_links":{"self":[{"href":"https:\/\/ztsports.com\/fr\/wp-json\/wp\/v2\/product\/24150","targetHints":{"allow":["GET"]}}],"collection":[{"href":"https:\/\/ztsports.com\/fr\/wp-json\/wp\/v2\/product"}],"about":[{"href":"https:\/\/ztsports.com\/fr\/wp-json\/wp\/v2\/types\/product"}],"replies":[{"embeddable":true,"href":"https:\/\/ztsports.com\/fr\/wp-json\/wp\/v2\/comments?post=24150"}],"version-history":[{"count":1,"href":"https:\/\/ztsports.com\/fr\/wp-json\/wp\/v2\/product\/24150\/revisions"}],"predecessor-version":[{"id":24151,"href":"https:\/\/ztsports.com\/fr\/wp-json\/wp\/v2\/product\/24150\/revisions\/24151"}],"wp:featuredmedia":[{"embeddable":true,"href":"https:\/\/ztsports.com\/fr\/wp-json\/wp\/v2\/media\/24146"}],"wp:attachment":[{"href":"https:\/\/ztsports.com\/fr\/wp-json\/wp\/v2\/media?parent=24150"}],"wp:term":[{"taxonomy":"product_brand","embeddable":true,"href":"https:\/\/ztsports.com\/fr\/wp-json\/wp\/v2\/product_brand?post=24150"},{"taxonomy":"product_cat","embeddable":true,"href":"https:\/\/ztsports.com\/fr\/wp-json\/wp\/v2\/product_cat?post=24150"},{"taxonomy":"product_tag","embeddable":true,"href":"https:\/\/ztsports.com\/fr\/wp-json\/wp\/v2\/product_tag?post=24150"}],"curies":[{"name":"wp","href":"https:\/\/api.w.org\/{rel}","templated":true}]}}