{"id":24144,"date":"2021-09-23T02:31:15","date_gmt":"2021-09-23T02:31:15","guid":{"rendered":"https:\/\/ztsports.com\/?post_type=product&#038;p=24144"},"modified":"2026-03-10T11:59:26","modified_gmt":"2026-03-10T11:59:26","slug":"nagano-diamond-sharpening-starter-kit","status":"publish","type":"product","link":"https:\/\/ztsports.com\/fr\/store\/nagano-diamond-sharpening-starter-kit\/","title":{"rendered":"NAGANO DIAMOND SHARPENING STARTER KIT"},"content":{"rendered":"<div class=\"product__description rte quick-add-hidden\">\n<p dir=\"ltr\">KIT DE D\u00c9MARRAGE D\u2019AFF\u00dbTAGE DIAMANT NAGANO OU FORFAIT DE D\u00c9MARRAGE D\u2019AFF\u00dbTAGE DIAMANT FRANK\u2019S SIGNATURE<\/p>\n<p>Le kit de d\u00e9marrage d\u2019aff\u00fbtage diamant NAGANO est parfait pour les d\u00e9butants.<\/p>\n<p><strong>L\u2019ensemble comprend :<\/strong><br \/>\n&#8211; 1 plaque d\u2019aff\u00fbtage double face 2&#8243; Bleu 400 &#8211; Rouge 600<\/p>\n<p><strong>Et le choix entre :<\/strong><br \/>\n&#8211; Plaque diamant\u00e9e double face Frank&#8217;s Signature Bleu-Rouge pour \u00e9bavurage (400-600). Dimensions : 1&#8243; x 1&#8243; mont\u00e9e sur une plaque en aluminium anodis\u00e9.<br \/>\n<strong>ou<\/strong><br \/>\n&#8211; 1 outil flexible d\u2019\u00e9bavurage Frank&#8217;s Signature Rouge (600-600).<\/p>\n<p>Avec le kit de d\u00e9marrage d\u2019aff\u00fbtage diamant NAGANO, vous b\u00e9n\u00e9ficierez d\u2019une qualit\u00e9 exceptionnelle pour l\u2019aff\u00fbtage.<\/p>\n<p>Les plaques diamant\u00e9es pliantes double face Frank\u2019s Signature permettent d\u2019enlever la bavure des deux c\u00f4t\u00e9s de la lame en m\u00eame temps.<\/p>\n<p>De plus, ces plaques de 1&#8243; x 1&#8243; sont mont\u00e9es sur une surface flexible afin de s\u2019adapter \u00e0 la forme de votre lame.<\/p>\n<p>Les plaques bleue et rouge repr\u00e9sentent le c\u0153ur du processus d\u2019aff\u00fbtage. Cet ensemble est le premier produit id\u00e9al pour passer \u00e0 l\u2019aff\u00fbtage diamant. Les plaques diamant Frank&#8217;s Signature sont tout simplement les meilleurs produits d\u2019aff\u00fbtage diamant sur le march\u00e9 et les plus durables. Le diamant de haute qualit\u00e9 est plac\u00e9 sur des matrices afin d\u2019assurer l\u2019uniformit\u00e9 de la surface et donc des r\u00e9sultats d\u2019aff\u00fbtage optimaux et constants.<\/p>\n<p>Le kit NAGANO DIAMOND SHARPENING STARTER est con\u00e7u pour simplifier vos op\u00e9rations d\u2019aff\u00fbtage.<\/p>\n<p><strong>ENSEMBLE DE D\u00c9MARRAGE NAGANO SKATE \u2013 KIT D\u2019AFF\u00dbTAGE DIAMANT<\/strong><\/p>\n<p>Le kit de d\u00e9marrage d\u2019aff\u00fbtage diamant Nagano Skate contient tout ce dont vous avez besoin pour commencer.<\/p>\n<p>Ces plaques diamant Frank\u2019s Signature repr\u00e9sentent une v\u00e9ritable r\u00e9volution dans le monde de l\u2019aff\u00fbtage du patinage de vitesse. De plus, elles ne n\u00e9cessitent ni lubrifiant ni entretien. Un simple nettoyage avec un chiffon sec suffit.<\/p>\n<p>Investir dans le kit NAGANO DIAMOND SHARPENING STARTER garantit des performances optimales.<\/p>\n<p>Premi\u00e8rement, les plaques diamant\u00e9es pliantes double face Frank\u2019s Signature permettent d\u2019enlever la bavure des deux c\u00f4t\u00e9s de la lame en m\u00eame temps.<\/p>\n<p>Deuxi\u00e8mement, ces plaques de 1\u2033 x 1\u2033 sont mont\u00e9es sur une surface flexible afin d\u2019\u00e9pouser la forme de la lame.<\/p>\n<p>Les plaques bleue et rouge repr\u00e9sentent le c\u0153ur de l\u2019aff\u00fbtage. Cet ensemble est le premier produit id\u00e9al pour passer \u00e0 l\u2019aff\u00fbtage diamant.<\/p>\n<p>Am\u00e9liorez vos comp\u00e9tences avec le kit NAGANO DIAMOND SHARPENING STARTER pour obtenir de meilleurs r\u00e9sultats.<\/p>\n<p>Les plaques diamant Frank\u2019s Signature sont tout simplement les meilleurs produits d\u2019aff\u00fbtage diamant disponibles sur le march\u00e9 et les plus durables.<\/p>\n<p>De plus, le diamant de haute qualit\u00e9 est positionn\u00e9 sur des matrices afin d\u2019assurer l\u2019uniformit\u00e9 de la surface et donc des r\u00e9sultats d\u2019aff\u00fbtage optimaux et constants.<\/p>\n<p>En fin de compte, le kit NAGANO DIAMOND SHARPENING STARTER est votre meilleure option pour un aff\u00fbtage efficace.<\/p>\n<p><strong>Zt Sports vous remercie de soutenir votre d\u00e9taillant ind\u00e9pendant local.<\/strong><\/p>\n<p>Voici un lien vers une vid\u00e9o YouTube o\u00f9 <a href=\"https:\/\/www.youtube.com\/watch?v=QBY-UJy_Uak\" target=\"_blank\" rel=\"noopener\"><strong>Frank explique en d\u00e9tail les plaques diamant Nagano.<\/strong><\/a><\/p>\n<p>Enfin, vous pouvez trouver toutes <a href=\"\/?product_cat=diamond-stones-2\"><strong>nos pierres diamant\u00e9es d\u2019aff\u00fbtage et pierres d\u2019\u00e9bavurage ici<\/strong><\/a>.<\/p>\n<\/div>\n","protected":false},"excerpt":{"rendered":"<p>KIT DE D\u00c9MARRAGE D\u2019AFF\u00dbTAGE DIAMANT NAGANO OU FORFAIT DE D\u00c9MARRAGE D\u2019AFF\u00dbTAGE DIAMANT FRANK\u2019S SIGNATURE Le kit de d\u00e9marrage d\u2019aff\u00fbtage diamant NAGANO est parfait pour les d\u00e9butants. L\u2019ensemble comprend : &#8211; 1 plaque d\u2019aff\u00fbtage double face 2&#8243; Bleu 400 &#8211; Rouge 600 Et le choix entre : &#8211; Plaque diamant\u00e9e double face Frank&#8217;s Signature Bleu-Rouge pour [&hellip;]<\/p>\n","protected":false},"featured_media":24137,"comment_status":"open","ping_status":"closed","template":"","meta":{"_acf_changed":false,"_monsterinsights_skip_tracking":false,"_monsterinsights_sitenote_active":false,"_monsterinsights_sitenote_note":"","_monsterinsights_sitenote_category":0,"_uf_show_specific_survey":0,"_uf_disable_surveys":false,"site-sidebar-layout":"default","site-content-layout":"","ast-site-content-layout":"default","site-content-style":"default","site-sidebar-style":"default","ast-global-header-display":"","ast-banner-title-visibility":"","ast-main-header-display":"","ast-hfb-above-header-display":"","ast-hfb-below-header-display":"","ast-hfb-mobile-header-display":"","site-post-title":"","ast-breadcrumbs-content":"","ast-featured-img":"","footer-sml-layout":"","ast-disable-related-posts":"","theme-transparent-header-meta":"default","adv-header-id-meta":"","stick-header-meta":"","header-above-stick-meta":"","header-main-stick-meta":"","header-below-stick-meta":"","astra-migrate-meta-layouts":"set","ast-page-background-enabled":"default","ast-page-background-meta":{"desktop":{"background-color":"","background-image":"","background-repeat":"repeat","background-position":"center center","background-size":"auto","background-attachment":"scroll","background-type":"","background-media":"","overlay-type":"","overlay-color":"","overlay-opacity":"","overlay-gradient":""},"tablet":{"background-color":"","background-image":"","background-repeat":"repeat","background-position":"center center","background-size":"auto","background-attachment":"scroll","background-type":"","background-media":"","overlay-type":"","overlay-color":"","overlay-opacity":"","overlay-gradient":""},"mobile":{"background-color":"","background-image":"","background-repeat":"repeat","background-position":"center center","background-size":"auto","background-attachment":"scroll","background-type":"","background-media":"","overlay-type":"","overlay-color":"","overlay-opacity":"","overlay-gradient":""}},"ast-content-background-meta":{"desktop":{"background-color":"var(--ast-global-color-5)","background-image":"","background-repeat":"repeat","background-position":"center center","background-size":"auto","background-attachment":"scroll","background-type":"","background-media":"","overlay-type":"","overlay-color":"","overlay-opacity":"","overlay-gradient":""},"tablet":{"background-color":"var(--ast-global-color-5)","background-image":"","background-repeat":"repeat","background-position":"center center","background-size":"auto","background-attachment":"scroll","background-type":"","background-media":"","overlay-type":"","overlay-color":"","overlay-opacity":"","overlay-gradient":""},"mobile":{"background-color":"var(--ast-global-color-5)","background-image":"","background-repeat":"repeat","background-position":"center center","background-size":"auto","background-attachment":"scroll","background-type":"","background-media":"","overlay-type":"","overlay-color":"","overlay-opacity":"","overlay-gradient":""}}},"product_brand":[3326],"product_cat":[3378],"product_tag":[],"class_list":{"0":"post-24144","1":"product","2":"type-product","3":"status-publish","4":"has-post-thumbnail","6":"product_brand-nagano","7":"product_cat-non-categorise","8":"desktop-align-left","9":"tablet-align-left","10":"mobile-align-left","12":"first","13":"instock","14":"taxable","15":"shipping-taxable","16":"purchasable","17":"product-type-simple"},"acf":[],"_links":{"self":[{"href":"https:\/\/ztsports.com\/fr\/wp-json\/wp\/v2\/product\/24144","targetHints":{"allow":["GET"]}}],"collection":[{"href":"https:\/\/ztsports.com\/fr\/wp-json\/wp\/v2\/product"}],"about":[{"href":"https:\/\/ztsports.com\/fr\/wp-json\/wp\/v2\/types\/product"}],"replies":[{"embeddable":true,"href":"https:\/\/ztsports.com\/fr\/wp-json\/wp\/v2\/comments?post=24144"}],"version-history":[{"count":1,"href":"https:\/\/ztsports.com\/fr\/wp-json\/wp\/v2\/product\/24144\/revisions"}],"predecessor-version":[{"id":24145,"href":"https:\/\/ztsports.com\/fr\/wp-json\/wp\/v2\/product\/24144\/revisions\/24145"}],"wp:featuredmedia":[{"embeddable":true,"href":"https:\/\/ztsports.com\/fr\/wp-json\/wp\/v2\/media\/24137"}],"wp:attachment":[{"href":"https:\/\/ztsports.com\/fr\/wp-json\/wp\/v2\/media?parent=24144"}],"wp:term":[{"taxonomy":"product_brand","embeddable":true,"href":"https:\/\/ztsports.com\/fr\/wp-json\/wp\/v2\/product_brand?post=24144"},{"taxonomy":"product_cat","embeddable":true,"href":"https:\/\/ztsports.com\/fr\/wp-json\/wp\/v2\/product_cat?post=24144"},{"taxonomy":"product_tag","embeddable":true,"href":"https:\/\/ztsports.com\/fr\/wp-json\/wp\/v2\/product_tag?post=24144"}],"curies":[{"name":"wp","href":"https:\/\/api.w.org\/{rel}","templated":true}]}}