{"id":24128,"date":"2021-09-23T02:32:25","date_gmt":"2021-09-23T02:32:25","guid":{"rendered":"https:\/\/ztsports.com\/?post_type=product&#038;p=24128"},"modified":"2026-03-10T11:56:41","modified_gmt":"2026-03-10T11:56:41","slug":"luigino-kids-adjustable-boot-challenge","status":"publish","type":"product","link":"https:\/\/ztsports.com\/fr\/store\/luigino-kids-adjustable-boot-challenge\/","title":{"rendered":"LUIGINO KIDS ADJUSTABLE BOOT Challenge"},"content":{"rendered":"<h1>LUIGINO CHAUSSURE AJUSTABLE POUR ENFANTS<\/h1>\n<p>La Luigino Kids Adjustable Boot est la chaussure de vitesse ajustable num\u00e9ro 1 sur le march\u00e9 aujourd&#8217;hui ! De plus, le mod\u00e8le Luigino Kid\u2019s Challenge Adjustable est <strong>disponible en deux mod\u00e8les couvrant 8 tailles<\/strong>. Cette chaussure offre aux parents le meilleur rapport qualit\u00e9-prix sans sacrifier le confort ou les performances de leurs enfants !<\/p>\n<p><strong>Luigino Kid&#8217;s Adjustable Boot Challenge : 1 chaussure = 4 tailles !!<\/strong><\/p>\n<h3><strong>Tailles ajustables 34-37<\/strong><\/h3>\n<p><strong>Distance de montage :<\/strong> 165mm (6,5&#8243;) \u2013 toutes tailles<\/p>\n<p>Les <strong>Luigino Kids Adjustable Ice et Inline Speed Boots<\/strong> s\u2019ajustent facilement jusqu\u2019\u00e0 4 tailles pour accompagner la croissance de votre enfant. Ces chaussures profil\u00e9es sont fabriqu\u00e9es \u00e0 partir d\u2019un m\u00e9lange de fibre de verre et d\u2019ur\u00e9thane pour offrir de la rigidit\u00e9 sans augmenter le prix ou limiter la capacit\u00e9 d\u2019ajustement.<\/p>\n<p>La semelle ext\u00e9rieure de la chaussure est recouverte de mesh et de cuir pour am\u00e9liorer le confort tout en garantissant une bonne durabilit\u00e9. Les lacets standards, une sangle Velcro sur l\u2019orteil et une boucle nano-ratchet avec couvre-lacets permettent un ajustement pr\u00e9cis et confortable.<\/p>\n<p>Elles sont con\u00e7ues pour le jeune patineur avanc\u00e9 recherchant vitesse et performance. Elles sont compatibles avec un montage de 152 mm ou 165 mm pour les tailles Y13-2.0, ou 150 mm, 165 mm et 180 mm pour les tailles 2.0 \u2013 5.0. Elles disposent \u00e9galement d\u2019un montage coulissant horizontal et de vis de montage rempla\u00e7ables.<\/p>\n<h4>Caract\u00e9ristiques :<\/h4>\n<ul>\n<li>Capuchon ajustable<\/li>\n<li>Boucle Luigino Nano<\/li>\n<li>Sangle de puissance<\/li>\n<li>Lacets cir\u00e9s<\/li>\n<li>Emplacements de montage<\/li>\n<li>Rembourrage de cheville SBR<\/li>\n<li>Soutien suppl\u00e9mentaire de la cheville<\/li>\n<li>Rembourrage de semelle \u00e0 haute densit\u00e9<\/li>\n<\/ul>\n<p>Une courte vid\u00e9o montrant le fonctionnement de la <a href=\"https:\/\/www.youtube.com\/watch?v=WeclJyAKR34&amp;t=39s\" target=\"_blank\" rel=\"noopener\"><strong>chaussure ajustable<\/strong><\/a>.<\/p>\n<p>Enfin, d\u00e9couvrez nos <a href=\"\/?product_cat=speed-skating-boots\"> <strong>chaussures de patinage sur piste courte<\/strong><\/a> et nos <a href=\"\/?product_cat=boots2\"><strong>chaussures inline<\/strong><\/a>.<\/p>\n","protected":false},"excerpt":{"rendered":"<p>LUIGINO CHAUSSURE AJUSTABLE POUR ENFANTS La Luigino Kids Adjustable Boot est la chaussure de vitesse ajustable num\u00e9ro 1 sur le march\u00e9 aujourd&#8217;hui ! De plus, le mod\u00e8le Luigino Kid\u2019s Challenge Adjustable est disponible en deux mod\u00e8les couvrant 8 tailles. Cette chaussure offre aux parents le meilleur rapport qualit\u00e9-prix sans sacrifier le confort ou les performances [&hellip;]<\/p>\n","protected":false},"featured_media":24121,"comment_status":"open","ping_status":"closed","template":"","meta":{"_acf_changed":false,"_monsterinsights_skip_tracking":false,"_monsterinsights_sitenote_active":false,"_monsterinsights_sitenote_note":"","_monsterinsights_sitenote_category":0,"_uf_show_specific_survey":0,"_uf_disable_surveys":false,"site-sidebar-layout":"default","site-content-layout":"","ast-site-content-layout":"default","site-content-style":"default","site-sidebar-style":"default","ast-global-header-display":"","ast-banner-title-visibility":"","ast-main-header-display":"","ast-hfb-above-header-display":"","ast-hfb-below-header-display":"","ast-hfb-mobile-header-display":"","site-post-title":"","ast-breadcrumbs-content":"","ast-featured-img":"","footer-sml-layout":"","ast-disable-related-posts":"","theme-transparent-header-meta":"default","adv-header-id-meta":"","stick-header-meta":"","header-above-stick-meta":"","header-main-stick-meta":"","header-below-stick-meta":"","astra-migrate-meta-layouts":"set","ast-page-background-enabled":"default","ast-page-background-meta":{"desktop":{"background-color":"","background-image":"","background-repeat":"repeat","background-position":"center center","background-size":"auto","background-attachment":"scroll","background-type":"","background-media":"","overlay-type":"","overlay-color":"","overlay-opacity":"","overlay-gradient":""},"tablet":{"background-color":"","background-image":"","background-repeat":"repeat","background-position":"center center","background-size":"auto","background-attachment":"scroll","background-type":"","background-media":"","overlay-type":"","overlay-color":"","overlay-opacity":"","overlay-gradient":""},"mobile":{"background-color":"","background-image":"","background-repeat":"repeat","background-position":"center center","background-size":"auto","background-attachment":"scroll","background-type":"","background-media":"","overlay-type":"","overlay-color":"","overlay-opacity":"","overlay-gradient":""}},"ast-content-background-meta":{"desktop":{"background-color":"var(--ast-global-color-5)","background-image":"","background-repeat":"repeat","background-position":"center center","background-size":"auto","background-attachment":"scroll","background-type":"","background-media":"","overlay-type":"","overlay-color":"","overlay-opacity":"","overlay-gradient":""},"tablet":{"background-color":"var(--ast-global-color-5)","background-image":"","background-repeat":"repeat","background-position":"center center","background-size":"auto","background-attachment":"scroll","background-type":"","background-media":"","overlay-type":"","overlay-color":"","overlay-opacity":"","overlay-gradient":""},"mobile":{"background-color":"var(--ast-global-color-5)","background-image":"","background-repeat":"repeat","background-position":"center center","background-size":"auto","background-attachment":"scroll","background-type":"","background-media":"","overlay-type":"","overlay-color":"","overlay-opacity":"","overlay-gradient":""}}},"product_brand":[3277,3317],"product_cat":[3381],"product_tag":[],"class_list":{"0":"post-24128","1":"product","2":"type-product","3":"status-publish","4":"has-post-thumbnail","6":"product_brand-atom","7":"product_brand-luigino","8":"product_cat-patinage-de-vitesse-en-ligne","9":"desktop-align-left","10":"tablet-align-left","11":"mobile-align-left","13":"first","14":"instock","15":"featured","16":"taxable","17":"shipping-taxable","18":"purchasable","19":"product-type-simple"},"acf":[],"_links":{"self":[{"href":"https:\/\/ztsports.com\/fr\/wp-json\/wp\/v2\/product\/24128","targetHints":{"allow":["GET"]}}],"collection":[{"href":"https:\/\/ztsports.com\/fr\/wp-json\/wp\/v2\/product"}],"about":[{"href":"https:\/\/ztsports.com\/fr\/wp-json\/wp\/v2\/types\/product"}],"replies":[{"embeddable":true,"href":"https:\/\/ztsports.com\/fr\/wp-json\/wp\/v2\/comments?post=24128"}],"version-history":[{"count":1,"href":"https:\/\/ztsports.com\/fr\/wp-json\/wp\/v2\/product\/24128\/revisions"}],"predecessor-version":[{"id":24129,"href":"https:\/\/ztsports.com\/fr\/wp-json\/wp\/v2\/product\/24128\/revisions\/24129"}],"wp:featuredmedia":[{"embeddable":true,"href":"https:\/\/ztsports.com\/fr\/wp-json\/wp\/v2\/media\/24121"}],"wp:attachment":[{"href":"https:\/\/ztsports.com\/fr\/wp-json\/wp\/v2\/media?parent=24128"}],"wp:term":[{"taxonomy":"product_brand","embeddable":true,"href":"https:\/\/ztsports.com\/fr\/wp-json\/wp\/v2\/product_brand?post=24128"},{"taxonomy":"product_cat","embeddable":true,"href":"https:\/\/ztsports.com\/fr\/wp-json\/wp\/v2\/product_cat?post=24128"},{"taxonomy":"product_tag","embeddable":true,"href":"https:\/\/ztsports.com\/fr\/wp-json\/wp\/v2\/product_tag?post=24128"}],"curies":[{"name":"wp","href":"https:\/\/api.w.org\/{rel}","templated":true}]}}