{"id":24119,"date":"2021-09-23T02:32:26","date_gmt":"2021-09-23T02:32:26","guid":{"rendered":"https:\/\/ztsports.com\/?post_type=product&#038;p=24119"},"modified":"2026-03-10T11:55:42","modified_gmt":"2026-03-10T11:55:42","slug":"bont-cheetah-3-point-inline-package-2","status":"publish","type":"product","link":"https:\/\/ztsports.com\/fr\/store\/bont-cheetah-3-point-inline-package-2\/","title":{"rendered":"Bont Cheetah 3 Point Inline Package"},"content":{"rendered":"<h1>Bont Cheetah 3 Point Inline Package<\/h1>\n<p>Le Bont Cheetah 3 Point Inline Package est la nouvelle chaussure d&#8217;introduction 4 x 100 mm 3 points pour les d\u00e9butants \u00e0 la recherche d&#8217;un excellent rapport qualit\u00e9-prix.<\/p>\n<p>Cette chaussure poss\u00e8de la m\u00eame construction que la Jet.<\/p>\n<p>Il s&#8217;agit d&#8217;une chaussure de course en fibre de verre enti\u00e8rement thermomoulable, l\u00e9g\u00e8re, riche en fonctionnalit\u00e9s et compos\u00e9e de r\u00e9sine de fibre de verre.<\/p>\n<p>De plus, cette chaussure est fabriqu\u00e9e \u00e0 la main selon la technique de fabrication monocoque de Bont.<\/p>\n<p>Chaque couche de fibre de verre est pos\u00e9e \u00e0 la main dans diff\u00e9rentes directions avant d&#8217;\u00eatre peinte avec de la r\u00e9sine, puis enroul\u00e9e extr\u00eamement serr\u00e9 pour enlever l&#8217;exc\u00e9dent de r\u00e9sine.<\/p>\n<p>Enfin, la chaussure est cuite au four pendant 45 minutes pour le durcissement. La peau ext\u00e9rieure l\u00e9g\u00e8re est ensuite cousue et coll\u00e9e \u00e0 la base.<\/p>\n<ul class=\"features\">\n<li class=\"subtitle\">\n<h3>Caract\u00e9ristiques<\/h3>\n<\/li>\n<li>Base en fibre de verre 100% pos\u00e9e \u00e0 la main<\/li>\n<li>R\u00e9sine \u00e9poxy<\/li>\n<li>A\u00e9rations sur la langue<\/li>\n<li>Doublure en microfibre<\/li>\n<li>Boucle micro-ajustable<\/li>\n<li>Construction monocoque faite \u00e0 la main<\/li>\n<li>Semelle int\u00e9rieure EVA<\/li>\n<li>Langue thermomoulable<\/li>\n<li>Maintien de la langue par Velcro<\/li>\n<li>Lacets<\/li>\n<li>Cache-lacets<\/li>\n<\/ul>\n<p>De plus, un <a href=\"https:\/\/www.rollerenligne.com\/en\/skating-hardware\/test-bont-cheetah-2010\/\" target=\"_blank\" rel=\"noopener\"><strong>Test du Bont 3PT Cheetah<\/strong><\/a>.<\/p>\n<p>Enfin, d\u00e9couvrez tous nos <a href=\"\/?product_cat=packages2\"><strong>packs Inline ici<\/strong><\/a>.<\/p>\n","protected":false},"excerpt":{"rendered":"<p>Bont Cheetah 3 Point Inline Package Le Bont Cheetah 3 Point Inline Package est la nouvelle chaussure d&#8217;introduction 4 x 100 mm 3 points pour les d\u00e9butants \u00e0 la recherche d&#8217;un excellent rapport qualit\u00e9-prix. Cette chaussure poss\u00e8de la m\u00eame construction que la Jet. Il s&#8217;agit d&#8217;une chaussure de course en fibre de verre enti\u00e8rement thermomoulable, [&hellip;]<\/p>\n","protected":false},"featured_media":24117,"comment_status":"open","ping_status":"closed","template":"","meta":{"_acf_changed":false,"_monsterinsights_skip_tracking":false,"_monsterinsights_sitenote_active":false,"_monsterinsights_sitenote_note":"","_monsterinsights_sitenote_category":0,"_uf_show_specific_survey":0,"_uf_disable_surveys":false,"site-sidebar-layout":"default","site-content-layout":"","ast-site-content-layout":"default","site-content-style":"default","site-sidebar-style":"default","ast-global-header-display":"","ast-banner-title-visibility":"","ast-main-header-display":"","ast-hfb-above-header-display":"","ast-hfb-below-header-display":"","ast-hfb-mobile-header-display":"","site-post-title":"","ast-breadcrumbs-content":"","ast-featured-img":"","footer-sml-layout":"","ast-disable-related-posts":"","theme-transparent-header-meta":"default","adv-header-id-meta":"","stick-header-meta":"","header-above-stick-meta":"","header-main-stick-meta":"","header-below-stick-meta":"","astra-migrate-meta-layouts":"set","ast-page-background-enabled":"default","ast-page-background-meta":{"desktop":{"background-color":"","background-image":"","background-repeat":"repeat","background-position":"center center","background-size":"auto","background-attachment":"scroll","background-type":"","background-media":"","overlay-type":"","overlay-color":"","overlay-opacity":"","overlay-gradient":""},"tablet":{"background-color":"","background-image":"","background-repeat":"repeat","background-position":"center center","background-size":"auto","background-attachment":"scroll","background-type":"","background-media":"","overlay-type":"","overlay-color":"","overlay-opacity":"","overlay-gradient":""},"mobile":{"background-color":"","background-image":"","background-repeat":"repeat","background-position":"center center","background-size":"auto","background-attachment":"scroll","background-type":"","background-media":"","overlay-type":"","overlay-color":"","overlay-opacity":"","overlay-gradient":""}},"ast-content-background-meta":{"desktop":{"background-color":"var(--ast-global-color-5)","background-image":"","background-repeat":"repeat","background-position":"center center","background-size":"auto","background-attachment":"scroll","background-type":"","background-media":"","overlay-type":"","overlay-color":"","overlay-opacity":"","overlay-gradient":""},"tablet":{"background-color":"var(--ast-global-color-5)","background-image":"","background-repeat":"repeat","background-position":"center center","background-size":"auto","background-attachment":"scroll","background-type":"","background-media":"","overlay-type":"","overlay-color":"","overlay-opacity":"","overlay-gradient":""},"mobile":{"background-color":"var(--ast-global-color-5)","background-image":"","background-repeat":"repeat","background-position":"center center","background-size":"auto","background-attachment":"scroll","background-type":"","background-media":"","overlay-type":"","overlay-color":"","overlay-opacity":"","overlay-gradient":""}}},"product_brand":[3285],"product_cat":[3381],"product_tag":[],"class_list":{"0":"post-24119","1":"product","2":"type-product","3":"status-publish","4":"has-post-thumbnail","6":"product_brand-bont","7":"product_cat-patinage-de-vitesse-en-ligne","8":"desktop-align-left","9":"tablet-align-left","10":"mobile-align-left","12":"first","13":"instock","14":"sale","15":"taxable","16":"shipping-taxable","17":"purchasable","18":"product-type-simple"},"acf":[],"_links":{"self":[{"href":"https:\/\/ztsports.com\/fr\/wp-json\/wp\/v2\/product\/24119","targetHints":{"allow":["GET"]}}],"collection":[{"href":"https:\/\/ztsports.com\/fr\/wp-json\/wp\/v2\/product"}],"about":[{"href":"https:\/\/ztsports.com\/fr\/wp-json\/wp\/v2\/types\/product"}],"replies":[{"embeddable":true,"href":"https:\/\/ztsports.com\/fr\/wp-json\/wp\/v2\/comments?post=24119"}],"version-history":[{"count":1,"href":"https:\/\/ztsports.com\/fr\/wp-json\/wp\/v2\/product\/24119\/revisions"}],"predecessor-version":[{"id":24120,"href":"https:\/\/ztsports.com\/fr\/wp-json\/wp\/v2\/product\/24119\/revisions\/24120"}],"wp:featuredmedia":[{"embeddable":true,"href":"https:\/\/ztsports.com\/fr\/wp-json\/wp\/v2\/media\/24117"}],"wp:attachment":[{"href":"https:\/\/ztsports.com\/fr\/wp-json\/wp\/v2\/media?parent=24119"}],"wp:term":[{"taxonomy":"product_brand","embeddable":true,"href":"https:\/\/ztsports.com\/fr\/wp-json\/wp\/v2\/product_brand?post=24119"},{"taxonomy":"product_cat","embeddable":true,"href":"https:\/\/ztsports.com\/fr\/wp-json\/wp\/v2\/product_cat?post=24119"},{"taxonomy":"product_tag","embeddable":true,"href":"https:\/\/ztsports.com\/fr\/wp-json\/wp\/v2\/product_tag?post=24119"}],"curies":[{"name":"wp","href":"https:\/\/api.w.org\/{rel}","templated":true}]}}