{"id":24115,"date":"2021-09-23T02:32:27","date_gmt":"2021-09-23T02:32:27","guid":{"rendered":"https:\/\/ztsports.com\/?post_type=product&#038;p=24115"},"modified":"2026-03-10T10:54:47","modified_gmt":"2026-03-10T10:54:47","slug":"bont-jet-3-point-inline-package-2","status":"publish","type":"product","link":"https:\/\/ztsports.com\/fr\/store\/bont-jet-3-point-inline-package-2\/","title":{"rendered":"Bont Jet 3 Point INLINE PACKAGE"},"content":{"rendered":"<p><span data-sheets-value=\"{&quot;1&quot;:2,&quot;2&quot;:&quot;Bont Jet 3 Point Pkg&quot;}\" data-sheets-userformat=\"{&quot;2&quot;:513,&quot;3&quot;:{&quot;1&quot;:0},&quot;12&quot;:0}\">Bont Jet 3 Point PACKAGE INLINE<\/span><\/p>\n<p>Le Bont Jet 3 Point Inline Package est un excellent pack pour les patineurs d\u00e9butants qui souhaitent une chaussure de performance \u00e0 un prix abordable. Il est livr\u00e9 avec un ch\u00e2ssis S en aluminium, des roulements ABEC 7 et des roues de 100 mm. Une excellente chaussure composite offrant un ajustement parfait gr\u00e2ce \u00e0 la SMT pour une grande capacit\u00e9 de moulage thermique. Confortable gr\u00e2ce \u00e0 la mousse \u00e0 m\u00e9moire, et construction l\u00e9g\u00e8re monobloc.<\/p>\n<h3>Tailles : 34,5 ; 35,5 ; 37,0 ; 37,5 ; 41,5<\/h3>\n<p><strong>CARACT\u00c9RISTIQUES :<\/strong><\/p>\n<ul>\n<li>Base en composite carbone<\/li>\n<li>R\u00e9sine \u00e9poxy<\/li>\n<li>Doublure en microfibre<\/li>\n<li>Boucle micro-ajustable<\/li>\n<li>Construction monobloc faite \u00e0 la main<\/li>\n<li>Super Mold Technology (SMT)<\/li>\n<li>Semelle int\u00e9rieure EVA<\/li>\n<li>Langue thermomoulable<\/li>\n<li>Maintien de la langue par Velcro<\/li>\n<li>Protecteur de pointe TPU<\/li>\n<li>Cache-lacets<\/li>\n<li>3 emplacements de montage &#8211; utiliser avec le ch\u00e2ssis BONT 3 pt &#8220;S&#8221;<\/li>\n<\/ul>\n<p>Prix r\u00e9gulier : 489,99 $ | Prix promotion : 399,99 $<\/p>\n<p>Enfin, d\u00e9couvrez nos autres <a href=\"\/?product_cat=packages2\"><strong>packs Inline ici<\/strong><\/a>.<\/p>\n","protected":false},"excerpt":{"rendered":"<p>Bont Jet 3 Point PACKAGE INLINE Le Bont Jet 3 Point Inline Package est un excellent pack pour les patineurs d\u00e9butants qui souhaitent une chaussure de performance \u00e0 un prix abordable. Il est livr\u00e9 avec un ch\u00e2ssis S en aluminium, des roulements ABEC 7 et des roues de 100 mm. Une excellente chaussure composite offrant [&hellip;]<\/p>\n","protected":false},"featured_media":24113,"comment_status":"open","ping_status":"closed","template":"","meta":{"_acf_changed":false,"_monsterinsights_skip_tracking":false,"_monsterinsights_sitenote_active":false,"_monsterinsights_sitenote_note":"","_monsterinsights_sitenote_category":0,"_uf_show_specific_survey":0,"_uf_disable_surveys":false,"site-sidebar-layout":"default","site-content-layout":"","ast-site-content-layout":"default","site-content-style":"default","site-sidebar-style":"default","ast-global-header-display":"","ast-banner-title-visibility":"","ast-main-header-display":"","ast-hfb-above-header-display":"","ast-hfb-below-header-display":"","ast-hfb-mobile-header-display":"","site-post-title":"","ast-breadcrumbs-content":"","ast-featured-img":"","footer-sml-layout":"","ast-disable-related-posts":"","theme-transparent-header-meta":"default","adv-header-id-meta":"","stick-header-meta":"","header-above-stick-meta":"","header-main-stick-meta":"","header-below-stick-meta":"","astra-migrate-meta-layouts":"set","ast-page-background-enabled":"default","ast-page-background-meta":{"desktop":{"background-color":"","background-image":"","background-repeat":"repeat","background-position":"center center","background-size":"auto","background-attachment":"scroll","background-type":"","background-media":"","overlay-type":"","overlay-color":"","overlay-opacity":"","overlay-gradient":""},"tablet":{"background-color":"","background-image":"","background-repeat":"repeat","background-position":"center center","background-size":"auto","background-attachment":"scroll","background-type":"","background-media":"","overlay-type":"","overlay-color":"","overlay-opacity":"","overlay-gradient":""},"mobile":{"background-color":"","background-image":"","background-repeat":"repeat","background-position":"center center","background-size":"auto","background-attachment":"scroll","background-type":"","background-media":"","overlay-type":"","overlay-color":"","overlay-opacity":"","overlay-gradient":""}},"ast-content-background-meta":{"desktop":{"background-color":"var(--ast-global-color-5)","background-image":"","background-repeat":"repeat","background-position":"center center","background-size":"auto","background-attachment":"scroll","background-type":"","background-media":"","overlay-type":"","overlay-color":"","overlay-opacity":"","overlay-gradient":""},"tablet":{"background-color":"var(--ast-global-color-5)","background-image":"","background-repeat":"repeat","background-position":"center center","background-size":"auto","background-attachment":"scroll","background-type":"","background-media":"","overlay-type":"","overlay-color":"","overlay-opacity":"","overlay-gradient":""},"mobile":{"background-color":"var(--ast-global-color-5)","background-image":"","background-repeat":"repeat","background-position":"center center","background-size":"auto","background-attachment":"scroll","background-type":"","background-media":"","overlay-type":"","overlay-color":"","overlay-opacity":"","overlay-gradient":""}}},"product_brand":[3285],"product_cat":[3381],"product_tag":[3799],"class_list":{"0":"post-24115","1":"product","2":"type-product","3":"status-publish","4":"has-post-thumbnail","6":"product_brand-bont","7":"product_cat-patinage-de-vitesse-en-ligne","8":"product_tag-bont","9":"desktop-align-left","10":"tablet-align-left","11":"mobile-align-left","13":"first","14":"instock","15":"sale","16":"featured","17":"taxable","18":"shipping-taxable","19":"purchasable","20":"product-type-simple"},"acf":[],"_links":{"self":[{"href":"https:\/\/ztsports.com\/fr\/wp-json\/wp\/v2\/product\/24115","targetHints":{"allow":["GET"]}}],"collection":[{"href":"https:\/\/ztsports.com\/fr\/wp-json\/wp\/v2\/product"}],"about":[{"href":"https:\/\/ztsports.com\/fr\/wp-json\/wp\/v2\/types\/product"}],"replies":[{"embeddable":true,"href":"https:\/\/ztsports.com\/fr\/wp-json\/wp\/v2\/comments?post=24115"}],"version-history":[{"count":1,"href":"https:\/\/ztsports.com\/fr\/wp-json\/wp\/v2\/product\/24115\/revisions"}],"predecessor-version":[{"id":24116,"href":"https:\/\/ztsports.com\/fr\/wp-json\/wp\/v2\/product\/24115\/revisions\/24116"}],"wp:featuredmedia":[{"embeddable":true,"href":"https:\/\/ztsports.com\/fr\/wp-json\/wp\/v2\/media\/24113"}],"wp:attachment":[{"href":"https:\/\/ztsports.com\/fr\/wp-json\/wp\/v2\/media?parent=24115"}],"wp:term":[{"taxonomy":"product_brand","embeddable":true,"href":"https:\/\/ztsports.com\/fr\/wp-json\/wp\/v2\/product_brand?post=24115"},{"taxonomy":"product_cat","embeddable":true,"href":"https:\/\/ztsports.com\/fr\/wp-json\/wp\/v2\/product_cat?post=24115"},{"taxonomy":"product_tag","embeddable":true,"href":"https:\/\/ztsports.com\/fr\/wp-json\/wp\/v2\/product_tag?post=24115"}],"curies":[{"name":"wp","href":"https:\/\/api.w.org\/{rel}","templated":true}]}}