{"id":24111,"date":"2021-09-23T02:32:28","date_gmt":"2021-09-23T02:32:28","guid":{"rendered":"https:\/\/ztsports.com\/?post_type=product&#038;p=24111"},"modified":"2026-05-02T00:07:53","modified_gmt":"2026-05-02T00:07:53","slug":"bont-platinum-k390-2","status":"publish","type":"product","link":"https:\/\/ztsports.com\/fr\/store\/bont-platinum-k390-2\/","title":{"rendered":"BONT PLATINUM K390"},"content":{"rendered":"<h2 class=\"product_title entry-title show-product-nav\">BONT PLATINUM K390<\/h2>\n<p>La l\u00e9gendaire lame Bont Platinum K390 est fabriqu\u00e9e en acier \u00e0 outils en m\u00e9tal pulv\u00e9ris\u00e9 B\u00f6hler K390, lentement rectifi\u00e9 pour produire une pi\u00e8ce parfaitement droite. De plus, la structure du m\u00e9tal pulv\u00e9ris\u00e9 est tr\u00e8s fine, offrant des propri\u00e9t\u00e9s de glisse exceptionnelles. La lame peut \u00e9galement conserver son tranchant jusqu\u2019\u00e0 8 fois plus longtemps que les lames en acier normales.<\/p>\n<h3>Soldes de printemps sur les mod\u00e8les 16,6&#8243; et 17&#8243; argent<\/h3>\n<p><strong>Sp\u00e9cifications<\/strong><\/p>\n<ul>\n<li><strong>Mat\u00e9riau du support :<\/strong> Aluminium 7075 T6<\/li>\n<li><strong>Rayon :<\/strong> 9 m<\/li>\n<li><strong>Longueur :<\/strong> 15&#8243;, 15,5&#8243;, 16&#8243;, 16,5&#8243;, 17&#8243;, 17,5&#8243;, 18&#8243;<\/li>\n<li><strong>\u00c9paisseur de la lame :<\/strong> 1,1 mm<\/li>\n<li><strong>Duret\u00e9 :<\/strong> 64 Rockwell<\/li>\n<li><strong>Courbure :<\/strong> Courb\u00e9e en machine<\/li>\n<li><strong>Hauteur du support :<\/strong> 25 mm (Standard)<\/li>\n<li><strong>Non aff\u00fbt\u00e9e<\/strong><\/li>\n<\/ul>\n<p>Les lames Bont Platinum<\/p>\n<p>La l\u00e9gendaire lame Bont Platinum est fabriqu\u00e9e en acier \u00e0 outils en m\u00e9tal pulv\u00e9ris\u00e9 B\u00f6hler K390, lentement rectifi\u00e9 pour produire une pi\u00e8ce parfaitement droite. La structure du m\u00e9tal pulv\u00e9ris\u00e9 est tr\u00e8s fine, offrant des propri\u00e9t\u00e9s de glisse exceptionnelles. Elle peut conserver son tranchant jusqu\u2019\u00e0 8 fois plus longtemps que les lames en acier normales.<\/p>\n<ul>\n<li><strong>Mat\u00e9riau du support :<\/strong> Aluminium 7075 T6<\/li>\n<li><strong>Rayon :<\/strong> 9 m<\/li>\n<li><strong>Longueur :<\/strong> 15,5&#8243;, 16&#8243;, 16,5&#8243;, 17&#8243;, 17,5&#8243;, 18&#8243;<\/li>\n<li><strong>\u00c9paisseur de la lame :<\/strong> 1,1 mm<\/li>\n<li><strong>Duret\u00e9 :<\/strong> 64 Rockwell<\/li>\n<li><strong>Courbure :<\/strong> Courb\u00e9e en machine<\/li>\n<li><strong>Hauteur du support :<\/strong> 25 mm pour 15,5&#8243;, 28 mm (+3 mm) pour 16,0&#8243; et 30 mm (+5 mm) pour 16,5 et plus<\/li>\n<li><strong>Con\u00e7ue pour les patineurs : 130 lbs et plus<\/strong><\/li>\n<\/ul>\n<p>Les lames Bont Platinum K390 sont consid\u00e9r\u00e9es par de nombreux patineurs de short track comme les meilleures lames jamais fabriqu\u00e9es.<\/p>\n<p>Enfin, d\u00e9couvrez toutes nos <a href=\"https:\/\/ztsports.com\/product-category\/short-track\/blades\/\"><strong>lames de short track ici<\/strong><\/a>.<\/p>\n<h4>N\u2019oubliez pas d\u2019ajouter la <strong><a href=\"https:\/\/ztsports.com\/product\/short-track-blade-preparation\/\">pr\u00e9paration de la lame<\/a><\/strong><\/h4>\n","protected":false},"excerpt":{"rendered":"<p>BONT PLATINUM K390 La l\u00e9gendaire lame Bont Platinum K390 est fabriqu\u00e9e en acier \u00e0 outils en m\u00e9tal pulv\u00e9ris\u00e9 B\u00f6hler K390, lentement rectifi\u00e9 pour produire une pi\u00e8ce parfaitement droite. De plus, la structure du m\u00e9tal pulv\u00e9ris\u00e9 est tr\u00e8s fine, offrant des propri\u00e9t\u00e9s de glisse exceptionnelles. La lame peut \u00e9galement conserver son tranchant jusqu\u2019\u00e0 8 fois plus [&hellip;]<\/p>\n","protected":false},"featured_media":24110,"comment_status":"open","ping_status":"closed","template":"","meta":{"_acf_changed":false,"_monsterinsights_skip_tracking":false,"_monsterinsights_sitenote_active":false,"_monsterinsights_sitenote_note":"","_monsterinsights_sitenote_category":0,"_uf_show_specific_survey":0,"_uf_disable_surveys":false,"site-sidebar-layout":"default","site-content-layout":"","ast-site-content-layout":"default","site-content-style":"default","site-sidebar-style":"default","ast-global-header-display":"","ast-banner-title-visibility":"","ast-main-header-display":"","ast-hfb-above-header-display":"","ast-hfb-below-header-display":"","ast-hfb-mobile-header-display":"","site-post-title":"","ast-breadcrumbs-content":"","ast-featured-img":"","footer-sml-layout":"","ast-disable-related-posts":"","theme-transparent-header-meta":"default","adv-header-id-meta":"","stick-header-meta":"","header-above-stick-meta":"","header-main-stick-meta":"","header-below-stick-meta":"","astra-migrate-meta-layouts":"set","ast-page-background-enabled":"default","ast-page-background-meta":{"desktop":{"background-color":"","background-image":"","background-repeat":"repeat","background-position":"center center","background-size":"auto","background-attachment":"scroll","background-type":"","background-media":"","overlay-type":"","overlay-color":"","overlay-opacity":"","overlay-gradient":""},"tablet":{"background-color":"","background-image":"","background-repeat":"repeat","background-position":"center center","background-size":"auto","background-attachment":"scroll","background-type":"","background-media":"","overlay-type":"","overlay-color":"","overlay-opacity":"","overlay-gradient":""},"mobile":{"background-color":"","background-image":"","background-repeat":"repeat","background-position":"center center","background-size":"auto","background-attachment":"scroll","background-type":"","background-media":"","overlay-type":"","overlay-color":"","overlay-opacity":"","overlay-gradient":""}},"ast-content-background-meta":{"desktop":{"background-color":"var(--ast-global-color-5)","background-image":"","background-repeat":"repeat","background-position":"center center","background-size":"auto","background-attachment":"scroll","background-type":"","background-media":"","overlay-type":"","overlay-color":"","overlay-opacity":"","overlay-gradient":""},"tablet":{"background-color":"var(--ast-global-color-5)","background-image":"","background-repeat":"repeat","background-position":"center center","background-size":"auto","background-attachment":"scroll","background-type":"","background-media":"","overlay-type":"","overlay-color":"","overlay-opacity":"","overlay-gradient":""},"mobile":{"background-color":"var(--ast-global-color-5)","background-image":"","background-repeat":"repeat","background-position":"center center","background-size":"auto","background-attachment":"scroll","background-type":"","background-media":"","overlay-type":"","overlay-color":"","overlay-opacity":"","overlay-gradient":""}}},"product_brand":[3285],"product_cat":[4561,4560],"product_tag":[3799,3796],"class_list":{"0":"post-24111","1":"product","2":"type-product","3":"status-publish","4":"has-post-thumbnail","6":"product_brand-bont","7":"product_cat-blades","8":"product_cat-short-track-blades","9":"product_tag-bont","10":"product_tag-short-track","11":"desktop-align-left","12":"tablet-align-left","13":"mobile-align-left","15":"first","16":"instock","17":"taxable","18":"shipping-taxable","19":"purchasable","20":"product-type-simple"},"acf":[],"_links":{"self":[{"href":"https:\/\/ztsports.com\/fr\/wp-json\/wp\/v2\/product\/24111","targetHints":{"allow":["GET"]}}],"collection":[{"href":"https:\/\/ztsports.com\/fr\/wp-json\/wp\/v2\/product"}],"about":[{"href":"https:\/\/ztsports.com\/fr\/wp-json\/wp\/v2\/types\/product"}],"replies":[{"embeddable":true,"href":"https:\/\/ztsports.com\/fr\/wp-json\/wp\/v2\/comments?post=24111"}],"version-history":[{"count":1,"href":"https:\/\/ztsports.com\/fr\/wp-json\/wp\/v2\/product\/24111\/revisions"}],"predecessor-version":[{"id":24112,"href":"https:\/\/ztsports.com\/fr\/wp-json\/wp\/v2\/product\/24111\/revisions\/24112"}],"wp:featuredmedia":[{"embeddable":true,"href":"https:\/\/ztsports.com\/fr\/wp-json\/wp\/v2\/media\/24110"}],"wp:attachment":[{"href":"https:\/\/ztsports.com\/fr\/wp-json\/wp\/v2\/media?parent=24111"}],"wp:term":[{"taxonomy":"product_brand","embeddable":true,"href":"https:\/\/ztsports.com\/fr\/wp-json\/wp\/v2\/product_brand?post=24111"},{"taxonomy":"product_cat","embeddable":true,"href":"https:\/\/ztsports.com\/fr\/wp-json\/wp\/v2\/product_cat?post=24111"},{"taxonomy":"product_tag","embeddable":true,"href":"https:\/\/ztsports.com\/fr\/wp-json\/wp\/v2\/product_tag?post=24111"}],"curies":[{"name":"wp","href":"https:\/\/api.w.org\/{rel}","templated":true}]}}