{"id":24108,"date":"2021-09-23T02:32:29","date_gmt":"2021-09-23T02:32:29","guid":{"rendered":"https:\/\/ztsports.com\/?post_type=product&#038;p=24108"},"modified":"2026-03-10T10:52:47","modified_gmt":"2026-03-10T10:52:47","slug":"cbc-element-st-boot-carpenter-boot-company","status":"publish","type":"product","link":"https:\/\/ztsports.com\/fr\/store\/cbc-element-st-boot-carpenter-boot-company\/","title":{"rendered":"CBC ELEMENT ST BOOT Carpenter Boot Company"},"content":{"rendered":"<h2><span>CBC ELEMENT ST BOOT Carpenter Boot Company<\/span><\/h2>\n<p>La botte CBC Element ST est une excellente mani\u00e8re d\u2019entrer dans le sport du short track avec la botte d\u00e9butant la plus compl\u00e8te disponible sur le march\u00e9 aujourd\u2019hui.<\/p>\n<p>Le pack parfait pour les patineurs d\u00e9butants \u00e0 interm\u00e9diaires. Aucune autre botte de patinage sur le march\u00e9 n\u2019offre l\u2019ajustement et la performance d\u2019une CBC.<\/p>\n<p>Ajoutez une lame EHS ou EVO, puis d\u00e9veloppez votre carri\u00e8re en short track avec ce duo puissant sans vous ruiner.<\/p>\n<p>De plus, l\u2019ELEMENT est construit sur le m\u00eame <em>last CBC World&#8217;s Best Fitting<\/em> que la GENESIS et est fabriqu\u00e9 \u00e0 partir de mat\u00e9riaux l\u00e9gers et durables.<\/p>\n<p>Au c\u0153ur du contrefort \u00e0 double support composite se trouve notre Thermo-CSC innovant, un mat\u00e9riau de moulage activ\u00e9 par la chaleur. L\u2019ELEMENT enveloppe le pied du client pour assurer un soutien optimal, un confort et une fiabilit\u00e9.<\/p>\n<p>De plus, l\u2019ELEMENT dispose d\u2019un ch\u00e2ssis r\u00e9sistant \u00e0 la torsion (TR). Cette conception r\u00e9duit la flexion de la semelle tout en maximisant la capacit\u00e9 \u00e0 appliquer une force descendante sur la glace. Cette botte est superbe \u2013 si nous pouvons le dire nous-m\u00eames \u2013 avec des motifs fonctionnels et une capacit\u00e9 de sanglage am\u00e9lior\u00e9e. Commencez votre carri\u00e8re en short track avec cette botte innovante et abordable, et vous serez bien parti pour atteindre le sommet.<\/p>\n<h5><a title=\"D\u00e9couvrez notre tutoriel YouTube pour d\u00e9terminer votre taille de botte CBC !\" href=\"https:\/\/youtu.be\/KuKIfMC9NSY\" target=\"_blank\" rel=\"noopener noreferrer\" aria-describedby=\"a11y-new-window-external-message\">Tout d\u2019abord, regardez notre tutoriel YouTube pour savoir comment d\u00e9terminer votre taille de botte CBC !<\/a><\/h5>\n<p>Ensuite, cliquez sur le lien vers l\u2019<a href=\"https:\/\/www.carpenterbootcompany.com\/pages\/fit\" target=\"_blank\" rel=\"noopener\">outil de mesure CBC Boot.<\/a><\/p>\n<p>Troisi\u00e8mement, pour vous aider \u00e0 mesurer votre pied, utilisez une <a href=\"https:\/\/www.printablerulers.net\/preview\/Ruler_30-cm_by_mm\" target=\"_blank\" rel=\"noopener\"><strong>r\u00e8gle imprimable de 30 cm par mm<\/strong><\/a>.<\/p>\n<p>Enfin, d\u00e9couvrez tous les produits de la <a href=\"https:\/\/ztsports.com\/brand\/cbc\/\"><strong>Carpenter Boot Company (CBC)<\/strong><\/a>.<\/p>\n","protected":false},"excerpt":{"rendered":"<p>CBC ELEMENT ST BOOT Carpenter Boot Company La botte CBC Element ST est une excellente mani\u00e8re d\u2019entrer dans le sport du short track avec la botte d\u00e9butant la plus compl\u00e8te disponible sur le march\u00e9 aujourd\u2019hui. Le pack parfait pour les patineurs d\u00e9butants \u00e0 interm\u00e9diaires. Aucune autre botte de patinage sur le march\u00e9 n\u2019offre l\u2019ajustement et [&hellip;]<\/p>\n","protected":false},"featured_media":24104,"comment_status":"open","ping_status":"closed","template":"","meta":{"_acf_changed":false,"_monsterinsights_skip_tracking":false,"_monsterinsights_sitenote_active":false,"_monsterinsights_sitenote_note":"","_monsterinsights_sitenote_category":0,"_uf_show_specific_survey":0,"_uf_disable_surveys":false,"site-sidebar-layout":"default","site-content-layout":"","ast-site-content-layout":"default","site-content-style":"default","site-sidebar-style":"default","ast-global-header-display":"","ast-banner-title-visibility":"","ast-main-header-display":"","ast-hfb-above-header-display":"","ast-hfb-below-header-display":"","ast-hfb-mobile-header-display":"","site-post-title":"","ast-breadcrumbs-content":"","ast-featured-img":"","footer-sml-layout":"","ast-disable-related-posts":"","theme-transparent-header-meta":"default","adv-header-id-meta":"","stick-header-meta":"","header-above-stick-meta":"","header-main-stick-meta":"","header-below-stick-meta":"","astra-migrate-meta-layouts":"set","ast-page-background-enabled":"default","ast-page-background-meta":{"desktop":{"background-color":"","background-image":"","background-repeat":"repeat","background-position":"center center","background-size":"auto","background-attachment":"scroll","background-type":"","background-media":"","overlay-type":"","overlay-color":"","overlay-opacity":"","overlay-gradient":""},"tablet":{"background-color":"","background-image":"","background-repeat":"repeat","background-position":"center center","background-size":"auto","background-attachment":"scroll","background-type":"","background-media":"","overlay-type":"","overlay-color":"","overlay-opacity":"","overlay-gradient":""},"mobile":{"background-color":"","background-image":"","background-repeat":"repeat","background-position":"center center","background-size":"auto","background-attachment":"scroll","background-type":"","background-media":"","overlay-type":"","overlay-color":"","overlay-opacity":"","overlay-gradient":""}},"ast-content-background-meta":{"desktop":{"background-color":"var(--ast-global-color-5)","background-image":"","background-repeat":"repeat","background-position":"center center","background-size":"auto","background-attachment":"scroll","background-type":"","background-media":"","overlay-type":"","overlay-color":"","overlay-opacity":"","overlay-gradient":""},"tablet":{"background-color":"var(--ast-global-color-5)","background-image":"","background-repeat":"repeat","background-position":"center center","background-size":"auto","background-attachment":"scroll","background-type":"","background-media":"","overlay-type":"","overlay-color":"","overlay-opacity":"","overlay-gradient":""},"mobile":{"background-color":"var(--ast-global-color-5)","background-image":"","background-repeat":"repeat","background-position":"center center","background-size":"auto","background-attachment":"scroll","background-type":"","background-media":"","overlay-type":"","overlay-color":"","overlay-opacity":"","overlay-gradient":""}}},"product_brand":[3290],"product_cat":[3378],"product_tag":[3796],"class_list":{"0":"post-24108","1":"product","2":"type-product","3":"status-publish","4":"has-post-thumbnail","6":"product_brand-cbc","7":"product_cat-non-categorise","8":"product_tag-short-track","9":"desktop-align-left","10":"tablet-align-left","11":"mobile-align-left","13":"first","14":"instock","15":"sale","16":"featured","17":"taxable","18":"shipping-taxable","19":"purchasable","20":"product-type-simple"},"acf":[],"_links":{"self":[{"href":"https:\/\/ztsports.com\/fr\/wp-json\/wp\/v2\/product\/24108","targetHints":{"allow":["GET"]}}],"collection":[{"href":"https:\/\/ztsports.com\/fr\/wp-json\/wp\/v2\/product"}],"about":[{"href":"https:\/\/ztsports.com\/fr\/wp-json\/wp\/v2\/types\/product"}],"replies":[{"embeddable":true,"href":"https:\/\/ztsports.com\/fr\/wp-json\/wp\/v2\/comments?post=24108"}],"version-history":[{"count":1,"href":"https:\/\/ztsports.com\/fr\/wp-json\/wp\/v2\/product\/24108\/revisions"}],"predecessor-version":[{"id":24109,"href":"https:\/\/ztsports.com\/fr\/wp-json\/wp\/v2\/product\/24108\/revisions\/24109"}],"wp:featuredmedia":[{"embeddable":true,"href":"https:\/\/ztsports.com\/fr\/wp-json\/wp\/v2\/media\/24104"}],"wp:attachment":[{"href":"https:\/\/ztsports.com\/fr\/wp-json\/wp\/v2\/media?parent=24108"}],"wp:term":[{"taxonomy":"product_brand","embeddable":true,"href":"https:\/\/ztsports.com\/fr\/wp-json\/wp\/v2\/product_brand?post=24108"},{"taxonomy":"product_cat","embeddable":true,"href":"https:\/\/ztsports.com\/fr\/wp-json\/wp\/v2\/product_cat?post=24108"},{"taxonomy":"product_tag","embeddable":true,"href":"https:\/\/ztsports.com\/fr\/wp-json\/wp\/v2\/product_tag?post=24108"}],"curies":[{"name":"wp","href":"https:\/\/api.w.org\/{rel}","templated":true}]}}