{"id":24102,"date":"2021-09-23T02:32:29","date_gmt":"2021-09-23T02:32:29","guid":{"rendered":"https:\/\/ztsports.com\/?post_type=product&#038;p=24102"},"modified":"2026-03-10T10:52:05","modified_gmt":"2026-03-10T10:52:05","slug":"cbc-genesis-st-boot-carpenter-boot-company","status":"publish","type":"product","link":"https:\/\/ztsports.com\/fr\/store\/cbc-genesis-st-boot-carpenter-boot-company\/","title":{"rendered":"CBC GENESIS ST Boot Carpenter Boot Company"},"content":{"rendered":"<h2>CBC GENESIS ST Boot Carpenter Boot Company<\/h2>\n<p>La botte CBC GENESIS ST est un outil performant r\u00e9volutionnaire con\u00e7u pour combler l\u2019\u00e9cart entre les chaussures standard et sur mesure. Ce produit est fabriqu\u00e9 avec les m\u00eames mat\u00e9riaux que notre botte sur mesure, soigneusement s\u00e9lectionn\u00e9s \u00e0 travers le monde. Chaque couture de cette botte a \u00e9t\u00e9 r\u00e9alis\u00e9e avec soin, ce qui lui conf\u00e8re un aspect loin d\u2019un produit industriel.<\/p>\n<p>De plus, la GENESIS est 100 % thermoformable. Les utilisateurs b\u00e9n\u00e9ficieront d\u2019un ajustement quasi sur mesure gr\u00e2ce aux techniques de moulage \u00e0 chaud appropri\u00e9es. Nous consid\u00e9rons ce produit innovant comme la meilleure botte de s\u00e9rie pour le short track aujourd\u2019hui.<\/p>\n<p>Les clients ne seront pas d\u00e9\u00e7us lors du premier essayage de la GENESIS. Cette botte est \u00e9galement con\u00e7ue pour s\u2019adapter \u00e0 diff\u00e9rentes largeurs de pied. Le pied est envelopp\u00e9 de cuir de veau v\u00e9ritable, avec un talon doucement soutenu par notre contrefort en mousse \u00e0 m\u00e9moire.<\/p>\n<p>La l\u00e8vre m\u00e9tatarsienne en carbone superpose une seule couche de Thermo-CSC qui devient souple lors de la personnalisation par moulage. Il est tout aussi important de noter que l\u2019utilisation du Thermal-CSC assure non seulement un meilleur ajustement d\u00e8s la sortie de la bo\u00eete, mais offre \u00e9galement une exp\u00e9rience personnalis\u00e9e \u00e0 un prix standard.<\/p>\n<h3><a title=\"D\u00e9couvrez notre tutoriel YouTube pour d\u00e9terminer votre taille de botte CBC !\" href=\"https:\/\/youtu.be\/KuKIfMC9NSY\" target=\"_blank\" rel=\"noopener noreferrer\" aria-describedby=\"a11y-new-window-external-message\">Tout d\u2019abord, regardez notre tutoriel YouTube pour savoir comment d\u00e9terminer votre taille de botte CBC !<\/a><\/h3>\n<p>Ensuite, cliquez sur le lien vers l\u2019<a href=\"https:\/\/www.carpenterbootcompany.com\/pages\/fit\" target=\"_blank\" rel=\"noopener\">outil de mesure CBC Boot.<\/a><\/p>\n<p>Pour vous aider \u00e0 mesurer votre pied, tracez un <a href=\"https:\/\/www.printablerulers.net\/preview\/Ruler_30-cm_by_mm\" target=\"_blank\" rel=\"noopener\"><strong>r\u00e8gle imprimable de 30 cm par mm<\/strong><\/a>.<\/p>\n<p>Enfin, d\u00e9couvrez tous les produits de la <a href=\"https:\/\/ztsports.com\/brand\/cbc\/\"><strong>Carpenter Boot Company (CBC).<\/strong><\/a><\/p>\n","protected":false},"excerpt":{"rendered":"<p>CBC GENESIS ST Boot Carpenter Boot Company La botte CBC GENESIS ST est un outil performant r\u00e9volutionnaire con\u00e7u pour combler l\u2019\u00e9cart entre les chaussures standard et sur mesure. Ce produit est fabriqu\u00e9 avec les m\u00eames mat\u00e9riaux que notre botte sur mesure, soigneusement s\u00e9lectionn\u00e9s \u00e0 travers le monde. Chaque couture de cette botte a \u00e9t\u00e9 r\u00e9alis\u00e9e [&hellip;]<\/p>\n","protected":false},"featured_media":24097,"comment_status":"open","ping_status":"closed","template":"","meta":{"_acf_changed":false,"_monsterinsights_skip_tracking":false,"_monsterinsights_sitenote_active":false,"_monsterinsights_sitenote_note":"","_monsterinsights_sitenote_category":0,"_uf_show_specific_survey":0,"_uf_disable_surveys":false,"site-sidebar-layout":"default","site-content-layout":"","ast-site-content-layout":"default","site-content-style":"default","site-sidebar-style":"default","ast-global-header-display":"","ast-banner-title-visibility":"","ast-main-header-display":"","ast-hfb-above-header-display":"","ast-hfb-below-header-display":"","ast-hfb-mobile-header-display":"","site-post-title":"","ast-breadcrumbs-content":"","ast-featured-img":"","footer-sml-layout":"","ast-disable-related-posts":"","theme-transparent-header-meta":"default","adv-header-id-meta":"","stick-header-meta":"","header-above-stick-meta":"","header-main-stick-meta":"","header-below-stick-meta":"","astra-migrate-meta-layouts":"set","ast-page-background-enabled":"default","ast-page-background-meta":{"desktop":{"background-color":"","background-image":"","background-repeat":"repeat","background-position":"center center","background-size":"auto","background-attachment":"scroll","background-type":"","background-media":"","overlay-type":"","overlay-color":"","overlay-opacity":"","overlay-gradient":""},"tablet":{"background-color":"","background-image":"","background-repeat":"repeat","background-position":"center center","background-size":"auto","background-attachment":"scroll","background-type":"","background-media":"","overlay-type":"","overlay-color":"","overlay-opacity":"","overlay-gradient":""},"mobile":{"background-color":"","background-image":"","background-repeat":"repeat","background-position":"center center","background-size":"auto","background-attachment":"scroll","background-type":"","background-media":"","overlay-type":"","overlay-color":"","overlay-opacity":"","overlay-gradient":""}},"ast-content-background-meta":{"desktop":{"background-color":"var(--ast-global-color-5)","background-image":"","background-repeat":"repeat","background-position":"center center","background-size":"auto","background-attachment":"scroll","background-type":"","background-media":"","overlay-type":"","overlay-color":"","overlay-opacity":"","overlay-gradient":""},"tablet":{"background-color":"var(--ast-global-color-5)","background-image":"","background-repeat":"repeat","background-position":"center center","background-size":"auto","background-attachment":"scroll","background-type":"","background-media":"","overlay-type":"","overlay-color":"","overlay-opacity":"","overlay-gradient":""},"mobile":{"background-color":"var(--ast-global-color-5)","background-image":"","background-repeat":"repeat","background-position":"center center","background-size":"auto","background-attachment":"scroll","background-type":"","background-media":"","overlay-type":"","overlay-color":"","overlay-opacity":"","overlay-gradient":""}}},"product_brand":[3290,3344],"product_cat":[3378],"product_tag":[3796,4562],"class_list":{"0":"post-24102","1":"product","2":"type-product","3":"status-publish","4":"has-post-thumbnail","6":"product_brand-cbc","7":"product_brand-stay-bent","8":"product_cat-non-categorise","9":"product_tag-short-track","10":"product_tag-speed-skating","11":"desktop-align-left","12":"tablet-align-left","13":"mobile-align-left","15":"first","16":"instock","17":"sale","18":"featured","19":"taxable","20":"shipping-taxable","21":"purchasable","22":"product-type-simple"},"acf":[],"_links":{"self":[{"href":"https:\/\/ztsports.com\/fr\/wp-json\/wp\/v2\/product\/24102","targetHints":{"allow":["GET"]}}],"collection":[{"href":"https:\/\/ztsports.com\/fr\/wp-json\/wp\/v2\/product"}],"about":[{"href":"https:\/\/ztsports.com\/fr\/wp-json\/wp\/v2\/types\/product"}],"replies":[{"embeddable":true,"href":"https:\/\/ztsports.com\/fr\/wp-json\/wp\/v2\/comments?post=24102"}],"version-history":[{"count":1,"href":"https:\/\/ztsports.com\/fr\/wp-json\/wp\/v2\/product\/24102\/revisions"}],"predecessor-version":[{"id":24103,"href":"https:\/\/ztsports.com\/fr\/wp-json\/wp\/v2\/product\/24102\/revisions\/24103"}],"wp:featuredmedia":[{"embeddable":true,"href":"https:\/\/ztsports.com\/fr\/wp-json\/wp\/v2\/media\/24097"}],"wp:attachment":[{"href":"https:\/\/ztsports.com\/fr\/wp-json\/wp\/v2\/media?parent=24102"}],"wp:term":[{"taxonomy":"product_brand","embeddable":true,"href":"https:\/\/ztsports.com\/fr\/wp-json\/wp\/v2\/product_brand?post=24102"},{"taxonomy":"product_cat","embeddable":true,"href":"https:\/\/ztsports.com\/fr\/wp-json\/wp\/v2\/product_cat?post=24102"},{"taxonomy":"product_tag","embeddable":true,"href":"https:\/\/ztsports.com\/fr\/wp-json\/wp\/v2\/product_tag?post=24102"}],"curies":[{"name":"wp","href":"https:\/\/api.w.org\/{rel}","templated":true}]}}