{"id":24094,"date":"2021-09-23T02:33:37","date_gmt":"2021-09-23T02:33:37","guid":{"rendered":"https:\/\/ztsports.com\/?post_type=product&#038;p=24094"},"modified":"2026-03-10T10:51:09","modified_gmt":"2026-03-10T10:51:09","slug":"2-sided-diamond-deburring-plate-2","status":"publish","type":"product","link":"https:\/\/ztsports.com\/fr\/store\/2-sided-diamond-deburring-plate-2\/","title":{"rendered":"2 Sided Diamond DeBurring Plate"},"content":{"rendered":"<h1>Plaque \u00e0 D\u00e9burrer Diamant\u00e9e Double Face<\/h1>\n<p>La plaque \u00e0 d\u00e9burrer diamant\u00e9e double face est fabriqu\u00e9e \u00e0 partir des plaques en diamant exclusives de Nagano Skate. Ces pierres \u00e0 bavures Frank&#8217;s Signature sont tr\u00e8s efficaces et toujours faciles \u00e0 nettoyer. De plus, il vous suffit d&#8217;utiliser un chiffon sec pour les nettoyer, <strong>pas d\u2019huile, pas d\u2019eau.<\/strong><\/p>\n<h4><strong>Nagano&#8217;s F<\/strong><strong>RANK&#8217;S SIGNATURE<\/strong><\/h4>\n<p><strong>Utilisation de chaque grain de la <\/strong><strong>PLAQUE \u00c0 D\u00c9BURRER DIAMANT\u00c9E DOUBLE FACE<\/strong><strong> :<\/strong><\/p>\n<ul>\n<li><strong>Noir (140) :<\/strong> Pour r\u00e9parer une lame endommag\u00e9e ou ondul\u00e9e.<\/li>\n<li><strong>Bleu (400) :<\/strong> Pour les bandes. Bavure grossi\u00e8re, 1er \u00e9tape du polissage d\u2019une nouvelle lame.<\/li>\n<li><strong>Rouge (600) :<\/strong> D\u00e9burrage apr\u00e8s aff\u00fbtage, 2e \u00e9tape du polissage d\u2019une nouvelle lame.<\/li>\n<li><strong>Or (1200) :<\/strong> D\u00e9burrage et polissage.<\/li>\n<\/ul>\n<p>DIMENSIONS : 1 POUCE X 1 POUCE, puis MONT\u00c9E SUR PLAQUE ANODIS\u00c9E.<\/p>\n<p>Vous pouvez trouver toutes nos <a href=\"\/?product_cat=diamond-stones-2\"><strong>pierres diamant\u00e9es et pierres \u00e0 bavure<\/strong><\/a> ici.<\/p>\n","protected":false},"excerpt":{"rendered":"<p>Plaque \u00e0 D\u00e9burrer Diamant\u00e9e Double Face La plaque \u00e0 d\u00e9burrer diamant\u00e9e double face est fabriqu\u00e9e \u00e0 partir des plaques en diamant exclusives de Nagano Skate. Ces pierres \u00e0 bavures Frank&#8217;s Signature sont tr\u00e8s efficaces et toujours faciles \u00e0 nettoyer. De plus, il vous suffit d&#8217;utiliser un chiffon sec pour les nettoyer, pas d\u2019huile, pas d\u2019eau. [&hellip;]<\/p>\n","protected":false},"featured_media":24091,"comment_status":"open","ping_status":"closed","template":"","meta":{"_acf_changed":false,"_monsterinsights_skip_tracking":false,"_monsterinsights_sitenote_active":false,"_monsterinsights_sitenote_note":"","_monsterinsights_sitenote_category":0,"_uf_show_specific_survey":0,"_uf_disable_surveys":false,"site-sidebar-layout":"default","site-content-layout":"","ast-site-content-layout":"default","site-content-style":"default","site-sidebar-style":"default","ast-global-header-display":"","ast-banner-title-visibility":"","ast-main-header-display":"","ast-hfb-above-header-display":"","ast-hfb-below-header-display":"","ast-hfb-mobile-header-display":"","site-post-title":"","ast-breadcrumbs-content":"","ast-featured-img":"","footer-sml-layout":"","ast-disable-related-posts":"","theme-transparent-header-meta":"default","adv-header-id-meta":"","stick-header-meta":"","header-above-stick-meta":"","header-main-stick-meta":"","header-below-stick-meta":"","astra-migrate-meta-layouts":"set","ast-page-background-enabled":"default","ast-page-background-meta":{"desktop":{"background-color":"","background-image":"","background-repeat":"repeat","background-position":"center center","background-size":"auto","background-attachment":"scroll","background-type":"","background-media":"","overlay-type":"","overlay-color":"","overlay-opacity":"","overlay-gradient":""},"tablet":{"background-color":"","background-image":"","background-repeat":"repeat","background-position":"center center","background-size":"auto","background-attachment":"scroll","background-type":"","background-media":"","overlay-type":"","overlay-color":"","overlay-opacity":"","overlay-gradient":""},"mobile":{"background-color":"","background-image":"","background-repeat":"repeat","background-position":"center center","background-size":"auto","background-attachment":"scroll","background-type":"","background-media":"","overlay-type":"","overlay-color":"","overlay-opacity":"","overlay-gradient":""}},"ast-content-background-meta":{"desktop":{"background-color":"var(--ast-global-color-5)","background-image":"","background-repeat":"repeat","background-position":"center center","background-size":"auto","background-attachment":"scroll","background-type":"","background-media":"","overlay-type":"","overlay-color":"","overlay-opacity":"","overlay-gradient":""},"tablet":{"background-color":"var(--ast-global-color-5)","background-image":"","background-repeat":"repeat","background-position":"center center","background-size":"auto","background-attachment":"scroll","background-type":"","background-media":"","overlay-type":"","overlay-color":"","overlay-opacity":"","overlay-gradient":""},"mobile":{"background-color":"var(--ast-global-color-5)","background-image":"","background-repeat":"repeat","background-position":"center center","background-size":"auto","background-attachment":"scroll","background-type":"","background-media":"","overlay-type":"","overlay-color":"","overlay-opacity":"","overlay-gradient":""}}},"product_brand":[3326],"product_cat":[3378],"product_tag":[],"class_list":{"0":"post-24094","1":"product","2":"type-product","3":"status-publish","4":"has-post-thumbnail","6":"product_brand-nagano","7":"product_cat-non-categorise","8":"desktop-align-left","9":"tablet-align-left","10":"mobile-align-left","12":"first","13":"instock","14":"taxable","15":"shipping-taxable","16":"purchasable","17":"product-type-simple"},"acf":[],"_links":{"self":[{"href":"https:\/\/ztsports.com\/fr\/wp-json\/wp\/v2\/product\/24094","targetHints":{"allow":["GET"]}}],"collection":[{"href":"https:\/\/ztsports.com\/fr\/wp-json\/wp\/v2\/product"}],"about":[{"href":"https:\/\/ztsports.com\/fr\/wp-json\/wp\/v2\/types\/product"}],"replies":[{"embeddable":true,"href":"https:\/\/ztsports.com\/fr\/wp-json\/wp\/v2\/comments?post=24094"}],"version-history":[{"count":2,"href":"https:\/\/ztsports.com\/fr\/wp-json\/wp\/v2\/product\/24094\/revisions"}],"predecessor-version":[{"id":24096,"href":"https:\/\/ztsports.com\/fr\/wp-json\/wp\/v2\/product\/24094\/revisions\/24096"}],"wp:featuredmedia":[{"embeddable":true,"href":"https:\/\/ztsports.com\/fr\/wp-json\/wp\/v2\/media\/24091"}],"wp:attachment":[{"href":"https:\/\/ztsports.com\/fr\/wp-json\/wp\/v2\/media?parent=24094"}],"wp:term":[{"taxonomy":"product_brand","embeddable":true,"href":"https:\/\/ztsports.com\/fr\/wp-json\/wp\/v2\/product_brand?post=24094"},{"taxonomy":"product_cat","embeddable":true,"href":"https:\/\/ztsports.com\/fr\/wp-json\/wp\/v2\/product_cat?post=24094"},{"taxonomy":"product_tag","embeddable":true,"href":"https:\/\/ztsports.com\/fr\/wp-json\/wp\/v2\/product_tag?post=24094"}],"curies":[{"name":"wp","href":"https:\/\/api.w.org\/{rel}","templated":true}]}}