{"id":24089,"date":"2021-09-23T02:33:38","date_gmt":"2021-09-23T02:33:38","guid":{"rendered":"https:\/\/ztsports.com\/?post_type=product&#038;p=24089"},"modified":"2026-03-10T10:50:17","modified_gmt":"2026-03-10T10:50:17","slug":"inline-speed-skate-axle-by-bont","status":"publish","type":"product","link":"https:\/\/ztsports.com\/fr\/store\/inline-speed-skate-axle-by-bont\/","title":{"rendered":"Inline Speed Skate Axle By Bont"},"content":{"rendered":"<h1><span data-sheets-value=\"{&quot;1&quot;:2,&quot;2&quot;:&quot;Axe pour patins de vitesse inline&quot;}\">Axe pour Patins de Vitesse Inline<\/span><\/h1>\n<p>Les axes pour patins de vitesse inline sont fabriqu\u00e9s en aluminium de qualit\u00e9 a\u00e9ronautique 7075 T6. Ils s\u2019adaptent \u00e0 la plupart des cadres Bont et d\u2019autres marques, mais pas aux cadres en fibre de carbone.<\/p>\n<ul class=\"a-unordered-list a-vertical a-spacing-mini\">\n<li class=\"a-spacing-mini\"><span class=\"a-list-item\">Les meilleures axes de remplacement pour cadres de patins inline sur le march\u00e9<\/span><\/li>\n<li class=\"a-spacing-mini\"><span class=\"a-list-item\">Fabriqu\u00e9s en aluminium de qualit\u00e9 a\u00e9ronautique 7075 T6<\/span><\/li>\n<li class=\"a-spacing-mini\"><span class=\"a-list-item\">Compatible avec tous les cadres de patins de vitesse Bont et la plupart des autres marques<\/span><\/li>\n<li class=\"a-spacing-mini\"><span class=\"a-list-item\">Le paquet comprend 8 pi\u00e8ces pour les roues de patins inline. Une pi\u00e8ce de remplacement essentielle pour les roues de patin<\/span><\/li>\n<li class=\"a-spacing-mini\"><span class=\"a-list-item\">Non compatible avec les cadres en fibre de carbone<\/span><\/li>\n<\/ul>\n<p>Enfin, tous nos <a href=\"\/?product_cat=parts-tools1\"><strong>pi\u00e8ces et outils inline<\/strong><\/a> sont ici.<\/p>\n<p>Finley <a href=\"https:\/\/www.youtube.com\/watch?v=hnJZs0A87wQ\" target=\"_blank\" rel=\"noopener\"><strong>Comment installer un axe de patin inline<\/strong><\/a><\/p>\n","protected":false},"excerpt":{"rendered":"<p>Axe pour Patins de Vitesse Inline Les axes pour patins de vitesse inline sont fabriqu\u00e9s en aluminium de qualit\u00e9 a\u00e9ronautique 7075 T6. Ils s\u2019adaptent \u00e0 la plupart des cadres Bont et d\u2019autres marques, mais pas aux cadres en fibre de carbone. Les meilleures axes de remplacement pour cadres de patins inline sur le march\u00e9 Fabriqu\u00e9s [&hellip;]<\/p>\n","protected":false},"featured_media":24086,"comment_status":"open","ping_status":"closed","template":"","meta":{"_acf_changed":false,"_monsterinsights_skip_tracking":false,"_monsterinsights_sitenote_active":false,"_monsterinsights_sitenote_note":"","_monsterinsights_sitenote_category":0,"_uf_show_specific_survey":0,"_uf_disable_surveys":false,"site-sidebar-layout":"default","site-content-layout":"","ast-site-content-layout":"default","site-content-style":"default","site-sidebar-style":"default","ast-global-header-display":"","ast-banner-title-visibility":"","ast-main-header-display":"","ast-hfb-above-header-display":"","ast-hfb-below-header-display":"","ast-hfb-mobile-header-display":"","site-post-title":"","ast-breadcrumbs-content":"","ast-featured-img":"","footer-sml-layout":"","ast-disable-related-posts":"","theme-transparent-header-meta":"default","adv-header-id-meta":"","stick-header-meta":"","header-above-stick-meta":"","header-main-stick-meta":"","header-below-stick-meta":"","astra-migrate-meta-layouts":"set","ast-page-background-enabled":"default","ast-page-background-meta":{"desktop":{"background-color":"","background-image":"","background-repeat":"repeat","background-position":"center center","background-size":"auto","background-attachment":"scroll","background-type":"","background-media":"","overlay-type":"","overlay-color":"","overlay-opacity":"","overlay-gradient":""},"tablet":{"background-color":"","background-image":"","background-repeat":"repeat","background-position":"center center","background-size":"auto","background-attachment":"scroll","background-type":"","background-media":"","overlay-type":"","overlay-color":"","overlay-opacity":"","overlay-gradient":""},"mobile":{"background-color":"","background-image":"","background-repeat":"repeat","background-position":"center center","background-size":"auto","background-attachment":"scroll","background-type":"","background-media":"","overlay-type":"","overlay-color":"","overlay-opacity":"","overlay-gradient":""}},"ast-content-background-meta":{"desktop":{"background-color":"var(--ast-global-color-5)","background-image":"","background-repeat":"repeat","background-position":"center center","background-size":"auto","background-attachment":"scroll","background-type":"","background-media":"","overlay-type":"","overlay-color":"","overlay-opacity":"","overlay-gradient":""},"tablet":{"background-color":"var(--ast-global-color-5)","background-image":"","background-repeat":"repeat","background-position":"center center","background-size":"auto","background-attachment":"scroll","background-type":"","background-media":"","overlay-type":"","overlay-color":"","overlay-opacity":"","overlay-gradient":""},"mobile":{"background-color":"var(--ast-global-color-5)","background-image":"","background-repeat":"repeat","background-position":"center center","background-size":"auto","background-attachment":"scroll","background-type":"","background-media":"","overlay-type":"","overlay-color":"","overlay-opacity":"","overlay-gradient":""}}},"product_brand":[3277,3285,3317,3318,3319,3327,3330,3334,3362,3365],"product_cat":[3381],"product_tag":[3385],"class_list":{"0":"post-24089","1":"product","2":"type-product","3":"status-publish","4":"has-post-thumbnail","6":"product_brand-atom","7":"product_brand-bont","8":"product_brand-luigino","9":"product_brand-maple","10":"product_brand-maplez","11":"product_brand-ninja","12":"product_brand-powerslide","13":"product_brand-salomon","14":"product_brand-xtech","15":"product_brand-zt-sports","16":"product_cat-patinage-de-vitesse-en-ligne","17":"product_tag-en-ligne","18":"desktop-align-left","19":"tablet-align-left","20":"mobile-align-left","22":"first","23":"instock","24":"taxable","25":"shipping-taxable","26":"purchasable","27":"product-type-simple"},"acf":[],"_links":{"self":[{"href":"https:\/\/ztsports.com\/fr\/wp-json\/wp\/v2\/product\/24089","targetHints":{"allow":["GET"]}}],"collection":[{"href":"https:\/\/ztsports.com\/fr\/wp-json\/wp\/v2\/product"}],"about":[{"href":"https:\/\/ztsports.com\/fr\/wp-json\/wp\/v2\/types\/product"}],"replies":[{"embeddable":true,"href":"https:\/\/ztsports.com\/fr\/wp-json\/wp\/v2\/comments?post=24089"}],"version-history":[{"count":1,"href":"https:\/\/ztsports.com\/fr\/wp-json\/wp\/v2\/product\/24089\/revisions"}],"predecessor-version":[{"id":24090,"href":"https:\/\/ztsports.com\/fr\/wp-json\/wp\/v2\/product\/24089\/revisions\/24090"}],"wp:featuredmedia":[{"embeddable":true,"href":"https:\/\/ztsports.com\/fr\/wp-json\/wp\/v2\/media\/24086"}],"wp:attachment":[{"href":"https:\/\/ztsports.com\/fr\/wp-json\/wp\/v2\/media?parent=24089"}],"wp:term":[{"taxonomy":"product_brand","embeddable":true,"href":"https:\/\/ztsports.com\/fr\/wp-json\/wp\/v2\/product_brand?post=24089"},{"taxonomy":"product_cat","embeddable":true,"href":"https:\/\/ztsports.com\/fr\/wp-json\/wp\/v2\/product_cat?post=24089"},{"taxonomy":"product_tag","embeddable":true,"href":"https:\/\/ztsports.com\/fr\/wp-json\/wp\/v2\/product_tag?post=24089"}],"curies":[{"name":"wp","href":"https:\/\/api.w.org\/{rel}","templated":true}]}}