{"id":24084,"date":"2021-09-23T02:33:38","date_gmt":"2021-09-23T02:33:38","guid":{"rendered":"https:\/\/ztsports.com\/?post_type=product&#038;p=24084"},"modified":"2026-03-10T10:49:23","modified_gmt":"2026-03-10T10:49:23","slug":"self-centering-bearing-spacer-608-inline","status":"publish","type":"product","link":"https:\/\/ztsports.com\/fr\/store\/self-centering-bearing-spacer-608-inline\/","title":{"rendered":"Self Centering Bearing Spacer 608 Inline"},"content":{"rendered":"<h1>Entretoise Auto-Centrante pour Roulements 608 Inline 8mm<\/h1>\n<p><span data-sheets-value=\"{&quot;1&quot;:2,&quot;2&quot;:&quot;SPACER Aluminum floating standard 8mm short sleeve spacer&quot;}\">Entretoise auto-centrante pour roulements. D\u00e9couvrez la mise \u00e0 niveau ultime pour votre skateboard ou vos patins en ligne : des entretoises de roulement en aluminium, con\u00e7ues avec pr\u00e9cision et auto-centrantes. De plus, faites confiance \u00e0 la taille standard 608 pour des performances maximales<\/span><span data-sheets-value=\"{&quot;1&quot;:2,&quot;2&quot;:&quot;SPACER Aluminum floating standard 8mm short sleeve spacer&quot;}\">. Elle fonctionne \u00e9galement avec la plupart des roulements 608 et des roues de vitesse inline.<\/span><\/p>\n<p class=\"style-scope ytd-watch-metadata\">Comment <a href=\"https:\/\/www.youtube.com\/watch?v=-sltGhndR-o&amp;t=103s\" target=\"_blank\" rel=\"noopener\"><strong>choisir les bonnes entretoises de roulements<\/strong><\/a><\/p>\n<p class=\"style-scope ytd-watch-metadata\">Tout ce que vous vouliez savoir <a href=\"https:\/\/www.thisissoul.com\/products\/titen-bearing-spacers-self-centering\" target=\"_blank\" rel=\"noopener\"><strong>sur les entretoises de roulements<\/strong><\/a> mais que vous n\u2019osiez pas demander.<\/p>\n<p>Enfin, d\u00e9couvrez toutes nos <a href=\"https:\/\/ztsports.com\/product-category\/roller-skates\/bearings-tools\/\"><strong>pi\u00e8ces et outils pour roulements<\/strong><\/a> ici.<\/p>\n","protected":false},"excerpt":{"rendered":"<p>Entretoise Auto-Centrante pour Roulements 608 Inline 8mm Entretoise auto-centrante pour roulements. D\u00e9couvrez la mise \u00e0 niveau ultime pour votre skateboard ou vos patins en ligne : des entretoises de roulement en aluminium, con\u00e7ues avec pr\u00e9cision et auto-centrantes. De plus, faites confiance \u00e0 la taille standard 608 pour des performances maximales. Elle fonctionne \u00e9galement avec la [&hellip;]<\/p>\n","protected":false},"featured_media":24079,"comment_status":"open","ping_status":"closed","template":"","meta":{"_acf_changed":false,"_monsterinsights_skip_tracking":false,"_monsterinsights_sitenote_active":false,"_monsterinsights_sitenote_note":"","_monsterinsights_sitenote_category":0,"_uf_show_specific_survey":0,"_uf_disable_surveys":false,"site-sidebar-layout":"default","site-content-layout":"","ast-site-content-layout":"default","site-content-style":"default","site-sidebar-style":"default","ast-global-header-display":"","ast-banner-title-visibility":"","ast-main-header-display":"","ast-hfb-above-header-display":"","ast-hfb-below-header-display":"","ast-hfb-mobile-header-display":"","site-post-title":"","ast-breadcrumbs-content":"","ast-featured-img":"","footer-sml-layout":"","ast-disable-related-posts":"","theme-transparent-header-meta":"default","adv-header-id-meta":"","stick-header-meta":"","header-above-stick-meta":"","header-main-stick-meta":"","header-below-stick-meta":"","astra-migrate-meta-layouts":"set","ast-page-background-enabled":"default","ast-page-background-meta":{"desktop":{"background-color":"","background-image":"","background-repeat":"repeat","background-position":"center center","background-size":"auto","background-attachment":"scroll","background-type":"","background-media":"","overlay-type":"","overlay-color":"","overlay-opacity":"","overlay-gradient":""},"tablet":{"background-color":"","background-image":"","background-repeat":"repeat","background-position":"center center","background-size":"auto","background-attachment":"scroll","background-type":"","background-media":"","overlay-type":"","overlay-color":"","overlay-opacity":"","overlay-gradient":""},"mobile":{"background-color":"","background-image":"","background-repeat":"repeat","background-position":"center center","background-size":"auto","background-attachment":"scroll","background-type":"","background-media":"","overlay-type":"","overlay-color":"","overlay-opacity":"","overlay-gradient":""}},"ast-content-background-meta":{"desktop":{"background-color":"var(--ast-global-color-5)","background-image":"","background-repeat":"repeat","background-position":"center center","background-size":"auto","background-attachment":"scroll","background-type":"","background-media":"","overlay-type":"","overlay-color":"","overlay-opacity":"","overlay-gradient":""},"tablet":{"background-color":"var(--ast-global-color-5)","background-image":"","background-repeat":"repeat","background-position":"center center","background-size":"auto","background-attachment":"scroll","background-type":"","background-media":"","overlay-type":"","overlay-color":"","overlay-opacity":"","overlay-gradient":""},"mobile":{"background-color":"var(--ast-global-color-5)","background-image":"","background-repeat":"repeat","background-position":"center center","background-size":"auto","background-attachment":"scroll","background-type":"","background-media":"","overlay-type":"","overlay-color":"","overlay-opacity":"","overlay-gradient":""}}},"product_brand":[3280,3285,3317,3318,3319,3327,3330,3365],"product_cat":[3381],"product_tag":[],"class_list":{"0":"post-24084","1":"product","2":"type-product","3":"status-publish","4":"has-post-thumbnail","6":"product_brand-bionic","7":"product_brand-bont","8":"product_brand-luigino","9":"product_brand-maple","10":"product_brand-maplez","11":"product_brand-ninja","12":"product_brand-powerslide","13":"product_brand-zt-sports","14":"product_cat-patinage-de-vitesse-en-ligne","15":"desktop-align-left","16":"tablet-align-left","17":"mobile-align-left","19":"first","20":"instock","21":"taxable","22":"shipping-taxable","23":"purchasable","24":"product-type-simple"},"acf":[],"_links":{"self":[{"href":"https:\/\/ztsports.com\/fr\/wp-json\/wp\/v2\/product\/24084","targetHints":{"allow":["GET"]}}],"collection":[{"href":"https:\/\/ztsports.com\/fr\/wp-json\/wp\/v2\/product"}],"about":[{"href":"https:\/\/ztsports.com\/fr\/wp-json\/wp\/v2\/types\/product"}],"replies":[{"embeddable":true,"href":"https:\/\/ztsports.com\/fr\/wp-json\/wp\/v2\/comments?post=24084"}],"version-history":[{"count":1,"href":"https:\/\/ztsports.com\/fr\/wp-json\/wp\/v2\/product\/24084\/revisions"}],"predecessor-version":[{"id":24085,"href":"https:\/\/ztsports.com\/fr\/wp-json\/wp\/v2\/product\/24084\/revisions\/24085"}],"wp:featuredmedia":[{"embeddable":true,"href":"https:\/\/ztsports.com\/fr\/wp-json\/wp\/v2\/media\/24079"}],"wp:attachment":[{"href":"https:\/\/ztsports.com\/fr\/wp-json\/wp\/v2\/media?parent=24084"}],"wp:term":[{"taxonomy":"product_brand","embeddable":true,"href":"https:\/\/ztsports.com\/fr\/wp-json\/wp\/v2\/product_brand?post=24084"},{"taxonomy":"product_cat","embeddable":true,"href":"https:\/\/ztsports.com\/fr\/wp-json\/wp\/v2\/product_cat?post=24084"},{"taxonomy":"product_tag","embeddable":true,"href":"https:\/\/ztsports.com\/fr\/wp-json\/wp\/v2\/product_tag?post=24084"}],"curies":[{"name":"wp","href":"https:\/\/api.w.org\/{rel}","templated":true}]}}