{"id":24077,"date":"2021-09-23T02:33:39","date_gmt":"2021-09-23T02:33:39","guid":{"rendered":"https:\/\/ztsports.com\/?post_type=product&#038;p=24077"},"modified":"2026-03-13T09:48:47","modified_gmt":"2026-03-13T09:48:47","slug":"luigino-nano-buckle-kit-original-replacement-part","status":"publish","type":"product","link":"https:\/\/ztsports.com\/fr\/store\/luigino-nano-buckle-kit-original-replacement-part\/","title":{"rendered":"LUIGINO NANO BUCKLE KIT Original Replacement Part"},"content":{"rendered":"<h1 class=\"product-single__title\">KIT LUIGINO NANO BUCKLE<\/h1>\n<p>Le KIT LUIGINO BUCKLE est la pi\u00e8ce de rechange originale. Le kit comprend une boucle Nano, une sangle et une vis.<\/p>\n<p>Il fonctionne \u00e9galement sur TOUTES les bottes Luigino et Atom Pro (sauf Atom Pro Fitness).<\/p>\n<p>Disponible en NOIR ou BLANC<\/p>\n<p>Enfin, d\u00e9couvrez toutes nos <a href=\"https:\/\/ztsports.com\/product-category\/sharpening\/parts-tools\/\"><strong>pi\u00e8ces et outils ici<\/strong><\/a>.<\/p>\n<p>&nbsp;<br \/>\n&nbsp;<br \/>\n&nbsp;<br \/>\n&nbsp;<\/p>\n","protected":false},"excerpt":{"rendered":"<p>KIT LUIGINO NANO BUCKLE Le KIT LUIGINO BUCKLE est la pi\u00e8ce de rechange originale. Le kit comprend une boucle Nano, une sangle et une vis. Il fonctionne \u00e9galement sur TOUTES les bottes Luigino et Atom Pro (sauf Atom Pro Fitness). Disponible en NOIR ou BLANC Enfin, d\u00e9couvrez toutes nos pi\u00e8ces et outils ici. &nbsp; &nbsp; [&hellip;]<\/p>\n","protected":false},"featured_media":24076,"comment_status":"open","ping_status":"closed","template":"","meta":{"_acf_changed":false,"_monsterinsights_skip_tracking":false,"_monsterinsights_sitenote_active":false,"_monsterinsights_sitenote_note":"","_monsterinsights_sitenote_category":0,"_uf_show_specific_survey":0,"_uf_disable_surveys":false,"site-sidebar-layout":"default","site-content-layout":"","ast-site-content-layout":"default","site-content-style":"default","site-sidebar-style":"default","ast-global-header-display":"","ast-banner-title-visibility":"","ast-main-header-display":"","ast-hfb-above-header-display":"","ast-hfb-below-header-display":"","ast-hfb-mobile-header-display":"","site-post-title":"","ast-breadcrumbs-content":"","ast-featured-img":"","footer-sml-layout":"","ast-disable-related-posts":"","theme-transparent-header-meta":"default","adv-header-id-meta":"","stick-header-meta":"","header-above-stick-meta":"","header-main-stick-meta":"","header-below-stick-meta":"","astra-migrate-meta-layouts":"set","ast-page-background-enabled":"default","ast-page-background-meta":{"desktop":{"background-color":"","background-image":"","background-repeat":"repeat","background-position":"center center","background-size":"auto","background-attachment":"scroll","background-type":"","background-media":"","overlay-type":"","overlay-color":"","overlay-opacity":"","overlay-gradient":""},"tablet":{"background-color":"","background-image":"","background-repeat":"repeat","background-position":"center center","background-size":"auto","background-attachment":"scroll","background-type":"","background-media":"","overlay-type":"","overlay-color":"","overlay-opacity":"","overlay-gradient":""},"mobile":{"background-color":"","background-image":"","background-repeat":"repeat","background-position":"center center","background-size":"auto","background-attachment":"scroll","background-type":"","background-media":"","overlay-type":"","overlay-color":"","overlay-opacity":"","overlay-gradient":""}},"ast-content-background-meta":{"desktop":{"background-color":"var(--ast-global-color-5)","background-image":"","background-repeat":"repeat","background-position":"center center","background-size":"auto","background-attachment":"scroll","background-type":"","background-media":"","overlay-type":"","overlay-color":"","overlay-opacity":"","overlay-gradient":""},"tablet":{"background-color":"var(--ast-global-color-5)","background-image":"","background-repeat":"repeat","background-position":"center center","background-size":"auto","background-attachment":"scroll","background-type":"","background-media":"","overlay-type":"","overlay-color":"","overlay-opacity":"","overlay-gradient":""},"mobile":{"background-color":"var(--ast-global-color-5)","background-image":"","background-repeat":"repeat","background-position":"center center","background-size":"auto","background-attachment":"scroll","background-type":"","background-media":"","overlay-type":"","overlay-color":"","overlay-opacity":"","overlay-gradient":""}}},"product_brand":[3277,3317],"product_cat":[4565,3381],"product_tag":[],"class_list":{"0":"post-24077","1":"product","2":"type-product","3":"status-publish","4":"has-post-thumbnail","6":"product_brand-atom","7":"product_brand-luigino","8":"product_cat-accessoires","9":"product_cat-patinage-de-vitesse-en-ligne","10":"desktop-align-left","11":"tablet-align-left","12":"mobile-align-left","14":"first","15":"instock","16":"taxable","17":"shipping-taxable","18":"purchasable","19":"product-type-simple"},"acf":[],"_links":{"self":[{"href":"https:\/\/ztsports.com\/fr\/wp-json\/wp\/v2\/product\/24077","targetHints":{"allow":["GET"]}}],"collection":[{"href":"https:\/\/ztsports.com\/fr\/wp-json\/wp\/v2\/product"}],"about":[{"href":"https:\/\/ztsports.com\/fr\/wp-json\/wp\/v2\/types\/product"}],"replies":[{"embeddable":true,"href":"https:\/\/ztsports.com\/fr\/wp-json\/wp\/v2\/comments?post=24077"}],"version-history":[{"count":2,"href":"https:\/\/ztsports.com\/fr\/wp-json\/wp\/v2\/product\/24077\/revisions"}],"predecessor-version":[{"id":24620,"href":"https:\/\/ztsports.com\/fr\/wp-json\/wp\/v2\/product\/24077\/revisions\/24620"}],"wp:featuredmedia":[{"embeddable":true,"href":"https:\/\/ztsports.com\/fr\/wp-json\/wp\/v2\/media\/24076"}],"wp:attachment":[{"href":"https:\/\/ztsports.com\/fr\/wp-json\/wp\/v2\/media?parent=24077"}],"wp:term":[{"taxonomy":"product_brand","embeddable":true,"href":"https:\/\/ztsports.com\/fr\/wp-json\/wp\/v2\/product_brand?post=24077"},{"taxonomy":"product_cat","embeddable":true,"href":"https:\/\/ztsports.com\/fr\/wp-json\/wp\/v2\/product_cat?post=24077"},{"taxonomy":"product_tag","embeddable":true,"href":"https:\/\/ztsports.com\/fr\/wp-json\/wp\/v2\/product_tag?post=24077"}],"curies":[{"name":"wp","href":"https:\/\/api.w.org\/{rel}","templated":true}]}}