{"id":24068,"date":"2021-09-23T02:33:41","date_gmt":"2021-09-23T02:33:41","guid":{"rendered":"https:\/\/ztsports.com\/?post_type=product&#038;p=24068"},"modified":"2026-04-13T21:50:57","modified_gmt":"2026-04-13T21:50:57","slug":"bont-a-frame-3x110mm-package-inline-new","status":"publish","type":"product","link":"https:\/\/ztsports.com\/fr\/store\/bont-a-frame-3x110mm-package-inline-new\/","title":{"rendered":"BONT A FRAME 3x110mm package Inline New"},"content":{"rendered":"<h2><strong>BONT A FRAME 3x110mm<\/strong> Package<\/h2>\n<p><strong>Le pack BONT A FRAME 3x110mm<\/strong> Package est un cadre de patin \u00e0 3 roues exceptionnel. Ce cadre de patinage de vitesse inline accepte des roues jusqu\u2019\u00e0 110 mm, mais peut \u00e9galement accueillir des roues de 100 mm ou m\u00eame 90 mm pour cr\u00e9er un impressionnant patin \u00e0 3 roues.<\/p>\n<div id=\"tab-description\" class=\"woocommerce-Tabs-panel woocommerce-Tabs-panel--description panel entry-content wc-tab\" role=\"tabpanel\" aria-labelledby=\"tab-title-description\">\n<div class=\"title-small title-font\">\n<ul>\n<li>12\u2033 pour bottes avec <strong>montage de 140 \u00e0 165 mm<\/strong>, et roues maximum 3x110mm<\/li>\n<li><em><strong>COMPATIBLE AVEC TOUTES LES BOTTES DE SHORT TRACK AVEC ENTRETOISES DE 165 MM<\/strong><\/em><\/li>\n<\/ul>\n<\/div>\n<\/div>\n<h4>Options de cadre :<\/h4>\n<ul>\n<li><strong>3 x 110mm<\/strong><\/li>\n<li><strong>3 x 100mm<\/strong><\/li>\n<li><strong>Roulements ABEC 7<\/strong><\/li>\n<li><strong>Compatible avec les bottes Standard Short Track<\/strong><\/li>\n<\/ul>\n<p>Vous pouvez voir tous nos <a href=\"https:\/\/ztsports.com\/product-category\/frames\/\"><strong>cadres inline ici.<\/strong><\/a><\/p>\n","protected":false},"excerpt":{"rendered":"<p>BONT A FRAME 3x110mm Package Le pack BONT A FRAME 3x110mm Package est un cadre de patin \u00e0 3 roues exceptionnel. Ce cadre de patinage de vitesse inline accepte des roues jusqu\u2019\u00e0 110 mm, mais peut \u00e9galement accueillir des roues de 100 mm ou m\u00eame 90 mm pour cr\u00e9er un impressionnant patin \u00e0 3 roues. [&hellip;]<\/p>\n","protected":false},"featured_media":25400,"comment_status":"open","ping_status":"closed","template":"","meta":{"_acf_changed":false,"_monsterinsights_skip_tracking":false,"_monsterinsights_sitenote_active":false,"_monsterinsights_sitenote_note":"","_monsterinsights_sitenote_category":0,"_uf_show_specific_survey":0,"_uf_disable_surveys":false,"site-sidebar-layout":"default","site-content-layout":"","ast-site-content-layout":"default","site-content-style":"default","site-sidebar-style":"default","ast-global-header-display":"","ast-banner-title-visibility":"","ast-main-header-display":"","ast-hfb-above-header-display":"","ast-hfb-below-header-display":"","ast-hfb-mobile-header-display":"","site-post-title":"","ast-breadcrumbs-content":"","ast-featured-img":"","footer-sml-layout":"","ast-disable-related-posts":"","theme-transparent-header-meta":"default","adv-header-id-meta":"","stick-header-meta":"","header-above-stick-meta":"","header-main-stick-meta":"","header-below-stick-meta":"","astra-migrate-meta-layouts":"set","ast-page-background-enabled":"default","ast-page-background-meta":{"desktop":{"background-color":"","background-image":"","background-repeat":"repeat","background-position":"center center","background-size":"auto","background-attachment":"scroll","background-type":"","background-media":"","overlay-type":"","overlay-color":"","overlay-opacity":"","overlay-gradient":""},"tablet":{"background-color":"","background-image":"","background-repeat":"repeat","background-position":"center center","background-size":"auto","background-attachment":"scroll","background-type":"","background-media":"","overlay-type":"","overlay-color":"","overlay-opacity":"","overlay-gradient":""},"mobile":{"background-color":"","background-image":"","background-repeat":"repeat","background-position":"center center","background-size":"auto","background-attachment":"scroll","background-type":"","background-media":"","overlay-type":"","overlay-color":"","overlay-opacity":"","overlay-gradient":""}},"ast-content-background-meta":{"desktop":{"background-color":"var(--ast-global-color-5)","background-image":"","background-repeat":"repeat","background-position":"center center","background-size":"auto","background-attachment":"scroll","background-type":"","background-media":"","overlay-type":"","overlay-color":"","overlay-opacity":"","overlay-gradient":""},"tablet":{"background-color":"var(--ast-global-color-5)","background-image":"","background-repeat":"repeat","background-position":"center center","background-size":"auto","background-attachment":"scroll","background-type":"","background-media":"","overlay-type":"","overlay-color":"","overlay-opacity":"","overlay-gradient":""},"mobile":{"background-color":"var(--ast-global-color-5)","background-image":"","background-repeat":"repeat","background-position":"center center","background-size":"auto","background-attachment":"scroll","background-type":"","background-media":"","overlay-type":"","overlay-color":"","overlay-opacity":"","overlay-gradient":""}}},"product_brand":[3285],"product_cat":[3381],"product_tag":[4681],"class_list":{"0":"post-24068","1":"product","2":"type-product","3":"status-publish","4":"has-post-thumbnail","6":"product_brand-bont","7":"product_cat-patinage-de-vitesse-en-ligne","8":"product_tag-bont-a-frame","9":"desktop-align-left","10":"tablet-align-left","11":"mobile-align-left","13":"first","14":"instock","15":"sale","16":"taxable","17":"shipping-taxable","18":"purchasable","19":"product-type-simple"},"acf":[],"_links":{"self":[{"href":"https:\/\/ztsports.com\/fr\/wp-json\/wp\/v2\/product\/24068","targetHints":{"allow":["GET"]}}],"collection":[{"href":"https:\/\/ztsports.com\/fr\/wp-json\/wp\/v2\/product"}],"about":[{"href":"https:\/\/ztsports.com\/fr\/wp-json\/wp\/v2\/types\/product"}],"replies":[{"embeddable":true,"href":"https:\/\/ztsports.com\/fr\/wp-json\/wp\/v2\/comments?post=24068"}],"version-history":[{"count":3,"href":"https:\/\/ztsports.com\/fr\/wp-json\/wp\/v2\/product\/24068\/revisions"}],"predecessor-version":[{"id":25409,"href":"https:\/\/ztsports.com\/fr\/wp-json\/wp\/v2\/product\/24068\/revisions\/25409"}],"wp:featuredmedia":[{"embeddable":true,"href":"https:\/\/ztsports.com\/fr\/wp-json\/wp\/v2\/media\/25400"}],"wp:attachment":[{"href":"https:\/\/ztsports.com\/fr\/wp-json\/wp\/v2\/media?parent=24068"}],"wp:term":[{"taxonomy":"product_brand","embeddable":true,"href":"https:\/\/ztsports.com\/fr\/wp-json\/wp\/v2\/product_brand?post=24068"},{"taxonomy":"product_cat","embeddable":true,"href":"https:\/\/ztsports.com\/fr\/wp-json\/wp\/v2\/product_cat?post=24068"},{"taxonomy":"product_tag","embeddable":true,"href":"https:\/\/ztsports.com\/fr\/wp-json\/wp\/v2\/product_tag?post=24068"}],"curies":[{"name":"wp","href":"https:\/\/api.w.org\/{rel}","templated":true}]}}