{"id":24063,"date":"2021-09-23T02:34:45","date_gmt":"2021-09-23T02:34:45","guid":{"rendered":"https:\/\/ztsports.com\/?post_type=product&#038;p=24063"},"modified":"2026-03-10T10:45:19","modified_gmt":"2026-03-10T10:45:19","slug":"louis-garneau-vitesse-helmet-black-white","status":"publish","type":"product","link":"https:\/\/ztsports.com\/fr\/store\/louis-garneau-vitesse-helmet-black-white\/","title":{"rendered":"LOUIS GARNEAU VITESSE HELMET Black\/White"},"content":{"rendered":"<h2>CASQUE LOUIS GARNEAU VITESSE<\/h2>\n<p>Le casque Louis Garneau Vitesse, son nom en dit long. Vitesse = Rapidit\u00e9. Vous voulez aller vite, remporter un sprint, \u00e9craser la concurrence ? C\u2019est le casque qu\u2019il vous faut.<\/p>\n<p>Le CASQUE VITESSE de Garneau est enti\u00e8rement nouveau pour le patinage de vitesse et \u00e9tablit la nouvelle norme en mati\u00e8re de s\u00e9curit\u00e9.<\/p>\n<p>En plus de r\u00e9pondre \u00e0 la norme ASTM, il est \u00e9quip\u00e9 du syst\u00e8me MIPS qui offre une protection contre les commotions c\u00e9r\u00e9brales.<br \/>\nPour plus d\u2019informations sur le <a href=\"https:\/\/mipsprotection.com\/\" target=\"_blank\" rel=\"noopener\"><strong>syst\u00e8me MIPS<\/strong><\/a> \u2013 S\u00e9curit\u00e9 pour casques<\/p>\n<p>Disponible en 2 tailles et 1 couleur (Blanc), il est d\u00e9sormais la r\u00e9f\u00e9rence pour les casques de short track.<\/p>\n<p>Les ing\u00e9nieurs Garneau ont travaill\u00e9 dur pour optimiser le design gr\u00e2ce \u00e0 des simulations de dynamique des fluides num\u00e9rique. Le design que vous voyez est le r\u00e9sultat de nombreuses it\u00e9rations pour obtenir la forme parfaite, avec le bon niveau de ventilation.<\/p>\n<p>Pour parfaire le tout, le design \u00e0 dimples, directement inspir\u00e9 du casque P-09 TT, a \u00e9t\u00e9 ajout\u00e9 pour r\u00e9duire davantage la tra\u00een\u00e9e. Et ce n\u2019est pas tout.<\/p>\n<p>Avec la s\u00e9curit\u00e9 \u00e0 l\u2019esprit, nous avons ajout\u00e9 la derni\u00e8re version du <strong>syst\u00e8me MIPS<\/strong> pour r\u00e9duire les forces de rotation lors des chutes. Ce casque pourrait bien vous prot\u00e9ger d\u2019une commotion c\u00e9r\u00e9brale.<\/p>\n<p><b>D\u00c9TAILS<\/b><\/p>\n<ul>\n<li><b>Technologie du casque :<\/b> Canaux d\u2019\u00e9vacuation : les canaux d\u2019\u00e9vacuation de l\u2019humidit\u00e9 assurent un meilleur flux d\u2019air et l\u2019\u00e9vacuation de la transpiration. &#8211; Technologie MSB : protection en plastique en anneau \u00e0 la base du casque pour renforcer le p\u00e9rim\u00e8tre et am\u00e9liorer la protection.<\/li>\n<li><b>Couleur des sangles :<\/b> Noir<\/li>\n<li><b>Poids du casque :<\/b> 340 g \/ 12 oz<\/li>\n<li><b>Construction :<\/b> In-Mold : proc\u00e9d\u00e9 industriel liant le microplastique et le polystyr\u00e8ne pour ajouter des propri\u00e9t\u00e9s m\u00e9caniques sup\u00e9rieures \u00e0 ces mat\u00e9riaux<\/li>\n<li><b>Nombre de ventilations :<\/b> 14<\/li>\n<li><b>Syst\u00e8me de stabilisation :<\/b> Spiderlock\u00ae Pro Road avec r\u00e9glage en hauteur<\/li>\n<li><b>Sangles :<\/b> R\u00e9glage Steplock : r\u00e9glage facile et s\u00e9curis\u00e9 des sangles<\/li>\n<li><b>Rembourrage :<\/b> X-Static\u00ae XT2T : mat\u00e9riau antimicrobien \u00e0 s\u00e9chage rapide<\/li>\n<li><b>Certifications :<\/b> CPSC-ASTM-CEN, Patinage : ASTM F1849<\/li>\n<\/ul>\n<p>SMALL &#8211; \u00c9puis\u00e9 en Blanc et Noir<\/p>\n<p>M\u00e9dium &#8211; \u00c9puis\u00e9 en Blanc et Noir<\/p>\n<p><strong>Large &#8211; 59-62 cm, Blanc uniquement<\/strong><\/p>\n<p><strong>Enfin, d\u00e9couvrez tous nos <a href=\"https:\/\/ztsports.com\/product-category\/inline\/helmets\/\">casques de short track<\/a> ici.<\/strong><\/p>\n","protected":false},"excerpt":{"rendered":"<p>CASQUE LOUIS GARNEAU VITESSE Le casque Louis Garneau Vitesse, son nom en dit long. Vitesse = Rapidit\u00e9. Vous voulez aller vite, remporter un sprint, \u00e9craser la concurrence ? C\u2019est le casque qu\u2019il vous faut. Le CASQUE VITESSE de Garneau est enti\u00e8rement nouveau pour le patinage de vitesse et \u00e9tablit la nouvelle norme en mati\u00e8re de [&hellip;]<\/p>\n","protected":false},"featured_media":24057,"comment_status":"open","ping_status":"closed","template":"","meta":{"_acf_changed":false,"_monsterinsights_skip_tracking":false,"_monsterinsights_sitenote_active":false,"_monsterinsights_sitenote_note":"","_monsterinsights_sitenote_category":0,"_uf_show_specific_survey":0,"_uf_disable_surveys":false,"site-sidebar-layout":"default","site-content-layout":"","ast-site-content-layout":"default","site-content-style":"default","site-sidebar-style":"default","ast-global-header-display":"","ast-banner-title-visibility":"","ast-main-header-display":"","ast-hfb-above-header-display":"","ast-hfb-below-header-display":"","ast-hfb-mobile-header-display":"","site-post-title":"","ast-breadcrumbs-content":"","ast-featured-img":"","footer-sml-layout":"","ast-disable-related-posts":"","theme-transparent-header-meta":"default","adv-header-id-meta":"","stick-header-meta":"","header-above-stick-meta":"","header-main-stick-meta":"","header-below-stick-meta":"","astra-migrate-meta-layouts":"set","ast-page-background-enabled":"default","ast-page-background-meta":{"desktop":{"background-color":"","background-image":"","background-repeat":"repeat","background-position":"center center","background-size":"auto","background-attachment":"scroll","background-type":"","background-media":"","overlay-type":"","overlay-color":"","overlay-opacity":"","overlay-gradient":""},"tablet":{"background-color":"","background-image":"","background-repeat":"repeat","background-position":"center center","background-size":"auto","background-attachment":"scroll","background-type":"","background-media":"","overlay-type":"","overlay-color":"","overlay-opacity":"","overlay-gradient":""},"mobile":{"background-color":"","background-image":"","background-repeat":"repeat","background-position":"center center","background-size":"auto","background-attachment":"scroll","background-type":"","background-media":"","overlay-type":"","overlay-color":"","overlay-opacity":"","overlay-gradient":""}},"ast-content-background-meta":{"desktop":{"background-color":"var(--ast-global-color-5)","background-image":"","background-repeat":"repeat","background-position":"center center","background-size":"auto","background-attachment":"scroll","background-type":"","background-media":"","overlay-type":"","overlay-color":"","overlay-opacity":"","overlay-gradient":""},"tablet":{"background-color":"var(--ast-global-color-5)","background-image":"","background-repeat":"repeat","background-position":"center center","background-size":"auto","background-attachment":"scroll","background-type":"","background-media":"","overlay-type":"","overlay-color":"","overlay-opacity":"","overlay-gradient":""},"mobile":{"background-color":"var(--ast-global-color-5)","background-image":"","background-repeat":"repeat","background-position":"center center","background-size":"auto","background-attachment":"scroll","background-type":"","background-media":"","overlay-type":"","overlay-color":"","overlay-opacity":"","overlay-gradient":""}}},"product_brand":[3302],"product_cat":[3378],"product_tag":[3823,3796],"class_list":{"0":"post-24063","1":"product","2":"type-product","3":"status-publish","4":"has-post-thumbnail","6":"product_brand-garneau","7":"product_cat-non-categorise","8":"product_tag-long-track","9":"product_tag-short-track","10":"desktop-align-left","11":"tablet-align-left","12":"mobile-align-left","14":"first","15":"instock","16":"sale","17":"featured","18":"taxable","19":"shipping-taxable","20":"purchasable","21":"product-type-simple"},"acf":[],"_links":{"self":[{"href":"https:\/\/ztsports.com\/fr\/wp-json\/wp\/v2\/product\/24063","targetHints":{"allow":["GET"]}}],"collection":[{"href":"https:\/\/ztsports.com\/fr\/wp-json\/wp\/v2\/product"}],"about":[{"href":"https:\/\/ztsports.com\/fr\/wp-json\/wp\/v2\/types\/product"}],"replies":[{"embeddable":true,"href":"https:\/\/ztsports.com\/fr\/wp-json\/wp\/v2\/comments?post=24063"}],"version-history":[{"count":1,"href":"https:\/\/ztsports.com\/fr\/wp-json\/wp\/v2\/product\/24063\/revisions"}],"predecessor-version":[{"id":24064,"href":"https:\/\/ztsports.com\/fr\/wp-json\/wp\/v2\/product\/24063\/revisions\/24064"}],"wp:featuredmedia":[{"embeddable":true,"href":"https:\/\/ztsports.com\/fr\/wp-json\/wp\/v2\/media\/24057"}],"wp:attachment":[{"href":"https:\/\/ztsports.com\/fr\/wp-json\/wp\/v2\/media?parent=24063"}],"wp:term":[{"taxonomy":"product_brand","embeddable":true,"href":"https:\/\/ztsports.com\/fr\/wp-json\/wp\/v2\/product_brand?post=24063"},{"taxonomy":"product_cat","embeddable":true,"href":"https:\/\/ztsports.com\/fr\/wp-json\/wp\/v2\/product_cat?post=24063"},{"taxonomy":"product_tag","embeddable":true,"href":"https:\/\/ztsports.com\/fr\/wp-json\/wp\/v2\/product_tag?post=24063"}],"curies":[{"name":"wp","href":"https:\/\/api.w.org\/{rel}","templated":true}]}}