{"id":24055,"date":"2021-09-23T02:34:46","date_gmt":"2021-09-23T02:34:46","guid":{"rendered":"https:\/\/ztsports.com\/?post_type=product&#038;p=24055"},"modified":"2026-04-13T20:47:44","modified_gmt":"2026-04-13T20:47:44","slug":"bont-red-magic-125mm-inline-skate-wheel","status":"publish","type":"product","link":"https:\/\/ztsports.com\/fr\/store\/bont-red-magic-125mm-inline-skate-wheel\/","title":{"rendered":"BONT RED MAGIC 125mm Inline Skate Wheel"},"content":{"rendered":"<h2 class=\"product_title entry-title\">BONT RED MAGIC 125mm Roue de Patin Inline<\/h2>\n<p>La Bont Red Magic 125mm Hardcore est la premi\u00e8re roue de course professionnelle de 125 mm \u00e0 utiliser un moyeu en aluminium. Les roues de 125 mm sont beaucoup plus grandes que les roues de 110 mm, ce qui g\u00e9n\u00e8re beaucoup plus de flexion \u00e0 contr\u00f4ler. Bont a estim\u00e9 que la meilleure fa\u00e7on de ma\u00eetriser cette flexion \u00e9tait de passer d\u2019un moyeu en plastique \u00e0 un moyeu en aluminium. La nouvelle Bont Red Magic Hardcore a imm\u00e9diatement rencontr\u00e9 un grand succ\u00e8s, remportant la premi\u00e8re course de la saison \u00e0 Berlin. La roue a une largeur compl\u00e8te de 24 mm, contrairement \u00e0 certains concurrents qui ont opt\u00e9 pour des roues de 20-22 mm.<\/p>\n<p>La <strong>Roue Bont Red Magic Hardcore<\/strong> est la premi\u00e8re roue de course professionnelle de 125 mm \u00e0 utiliser un moyeu en aluminium. Les roues de 125 mm sont rapides, mais avec des moyeux en plastique, la flexion absorbe de la puissance et de la vitesse. Bont est pass\u00e9 du plastique \u00e0 l\u2019aluminium pour mieux contr\u00f4ler cette flexion, et la Bont Red Magic 125mm Hardcore a \u00e9t\u00e9 un succ\u00e8s instantan\u00e9. Elle dispose d\u2019une largeur compl\u00e8te de 24 mm et de deux couches d\u2019ur\u00e9thane : la bande int\u00e9rieure offre un rebond extr\u00eamement \u00e9lev\u00e9, tandis que la bande ext\u00e9rieure est plus dure et tr\u00e8s rapide ! Coul\u00e9e par MPC Wheels.<\/p>\n<p>NOTE : Ces roues n\u00e9cessitent des entretoises de 10,05 mm entre les roulements \u2013 <a href=\"https:\/\/ztsports.com\/product\/self-centering-bearing-spacers-608-inline\/\"><strong>nous recommandons les entretoises auto-centrement Red de Bont.<\/strong><\/a> Des entretoises de 10,35 mm fonctionneront mais vous pourriez entendre un peu de bruit en patinant. Un presse-roulements est recommand\u00e9 pour ins\u00e9rer et retirer les roulements des roues en aluminium.<\/p>\n<p><strong>La roue de patinage inline la plus rapide au monde !<\/strong><\/p>\n<p>Roue inline\u00a0<mark>BONT RED MAGIC 125mm<\/mark><\/p>\n<p>Bont Red Majic 125mm<\/p>\n<p>L\u2019ur\u00e9thane est coul\u00e9 par MPC et utilise leur bande flexible \u00e0 haut rebond brevet\u00e9e.<\/p>\n<p><mark>BONT RED MAGIC 125mm<\/mark><\/p>\n<ul>\n<li>Diam\u00e8tre : 125 mm<\/li>\n<li>Duret\u00e9 : Ferme, X-Ferme<\/li>\n<li>Duret\u00e9s :\n<ul>\n<li>85A FERM<\/li>\n<li>87A XFIRM<\/li>\n<\/ul>\n<\/li>\n<\/ul>\n<h4>Description \u00a0<a href=\"https:\/\/youtu.be\/atfRRgL8qDY\" target=\"_blank\" rel=\"noopener\"><mark>BONT RED MAGIC 125mm<\/mark><\/a><\/h4>\n<p>La Red Magic Hardcore est la premi\u00e8re roue de course professionnelle inline de 125 mm \u00e0 utiliser un moyeu en aluminium. Les roues de 125 mm sont beaucoup plus grandes que les roues de 110 mm, ce qui g\u00e9n\u00e8re beaucoup plus de flexion \u00e0 contr\u00f4ler. Nous estimons que la meilleure fa\u00e7on de ma\u00eetriser cette flexion est de passer d\u2019un moyeu en plastique \u00e0 un moyeu en aluminium. La roue inline Red Magic Hardcore 125 mm a rencontr\u00e9 un succ\u00e8s instantan\u00e9, remportant la premi\u00e8re course de la saison \u00e0 Berlin et la plupart des championnats du monde et marathons inline depuis sa sortie. La roue dispose d\u2019une largeur compl\u00e8te de 24 mm, contrairement \u00e0 certains concurrents qui ont choisi des roues de 20-22 mm. La version 2.0 dispose d\u00e9sormais d\u2019un si\u00e8ge de roulement parfait.<\/p>\n<h4>L\u2019ur\u00e9thane est coul\u00e9 par MPC<\/h4>\n<p>Les roues de 125 mm sont les plus rapides et la Red Magic Hardcore est la roue 125 mm la plus rapide au monde. Cette roue est \u00e0 double durom\u00e8tre, ce qui signifie qu\u2019elle poss\u00e8de deux couches d\u2019ur\u00e9thane. La bande int\u00e9rieure est fabriqu\u00e9e avec un mat\u00e9riau super rebondissant de type \u201csuper ball\u201d, tandis que l\u2019autre bande d\u2019ur\u00e9thane est tr\u00e8s rapide. Ce qui distingue vraiment cette roue de la concurrence, c\u2019est son incroyable adh\u00e9rence dans les virages. Il n\u2019existe aucune autre roue comparable. De plus, cette roue est tr\u00e8s performante par temps humide. Sauf en cas de temp\u00eate intense, elle reste tr\u00e8s efficace sur surfaces humides. Si vous cherchez la roue inline 125 mm la plus rapide sur le march\u00e9, vous l\u2019avez trouv\u00e9e.<\/p>\n<p><span lang=\"EN-US\">L\u2019ur\u00e9thane est coul\u00e9 par MPC Wheels et utilise leur bande flexible \u00e0 haut rebond brevet\u00e9e.<\/span><\/p>\n<p><i>MTECH\u2122 BREVET NO.S6,036,278 &amp; 6,227,622B1 \u2013 MPC Wheels Patent<\/i><\/p>\n<h4 class=\"text-center entry-title\"><a href=\"https:\/\/www.rollerenligne.com\/en\/skating-hardware\/testing-the-bont-mpc-red-magic-hardcore-125-mm-wheels\/\" target=\"_blank\" rel=\"noopener\"><strong>Test de la Bont \/ MPC Red Magic<\/strong><\/a> Hardcore 125 mm<\/h4>\n<p>Enfin, d\u00e9couvrez toutes nos <a href=\"https:\/\/ztsports.com\/fr\/product-category\/patinage-de-vitesse-en-ligne\/roues\/\"><strong>roues de patinage inline ici<\/strong><\/a>.<\/p>\n","protected":false},"excerpt":{"rendered":"<p>BONT RED MAGIC 125mm Roue de Patin Inline La Bont Red Magic 125mm Hardcore est la premi\u00e8re roue de course professionnelle de 125 mm \u00e0 utiliser un moyeu en aluminium. Les roues de 125 mm sont beaucoup plus grandes que les roues de 110 mm, ce qui g\u00e9n\u00e8re beaucoup plus de flexion \u00e0 contr\u00f4ler. Bont [&hellip;]<\/p>\n","protected":false},"featured_media":25398,"comment_status":"open","ping_status":"closed","template":"","meta":{"_acf_changed":false,"_monsterinsights_skip_tracking":false,"_monsterinsights_sitenote_active":false,"_monsterinsights_sitenote_note":"","_monsterinsights_sitenote_category":0,"_uf_show_specific_survey":0,"_uf_disable_surveys":false,"site-sidebar-layout":"default","site-content-layout":"","ast-site-content-layout":"default","site-content-style":"default","site-sidebar-style":"default","ast-global-header-display":"","ast-banner-title-visibility":"","ast-main-header-display":"","ast-hfb-above-header-display":"","ast-hfb-below-header-display":"","ast-hfb-mobile-header-display":"","site-post-title":"","ast-breadcrumbs-content":"","ast-featured-img":"","footer-sml-layout":"","ast-disable-related-posts":"","theme-transparent-header-meta":"default","adv-header-id-meta":"","stick-header-meta":"","header-above-stick-meta":"","header-main-stick-meta":"","header-below-stick-meta":"","astra-migrate-meta-layouts":"set","ast-page-background-enabled":"default","ast-page-background-meta":{"desktop":{"background-color":"","background-image":"","background-repeat":"repeat","background-position":"center center","background-size":"auto","background-attachment":"scroll","background-type":"","background-media":"","overlay-type":"","overlay-color":"","overlay-opacity":"","overlay-gradient":""},"tablet":{"background-color":"","background-image":"","background-repeat":"repeat","background-position":"center center","background-size":"auto","background-attachment":"scroll","background-type":"","background-media":"","overlay-type":"","overlay-color":"","overlay-opacity":"","overlay-gradient":""},"mobile":{"background-color":"","background-image":"","background-repeat":"repeat","background-position":"center center","background-size":"auto","background-attachment":"scroll","background-type":"","background-media":"","overlay-type":"","overlay-color":"","overlay-opacity":"","overlay-gradient":""}},"ast-content-background-meta":{"desktop":{"background-color":"var(--ast-global-color-5)","background-image":"","background-repeat":"repeat","background-position":"center center","background-size":"auto","background-attachment":"scroll","background-type":"","background-media":"","overlay-type":"","overlay-color":"","overlay-opacity":"","overlay-gradient":""},"tablet":{"background-color":"var(--ast-global-color-5)","background-image":"","background-repeat":"repeat","background-position":"center center","background-size":"auto","background-attachment":"scroll","background-type":"","background-media":"","overlay-type":"","overlay-color":"","overlay-opacity":"","overlay-gradient":""},"mobile":{"background-color":"var(--ast-global-color-5)","background-image":"","background-repeat":"repeat","background-position":"center center","background-size":"auto","background-attachment":"scroll","background-type":"","background-media":"","overlay-type":"","overlay-color":"","overlay-opacity":"","overlay-gradient":""}}},"product_brand":[3285,3325],"product_cat":[3381,3382],"product_tag":[3385,3386],"class_list":{"0":"post-24055","1":"product","2":"type-product","3":"status-publish","4":"has-post-thumbnail","6":"product_brand-bont","7":"product_brand-mpc","8":"product_cat-patinage-de-vitesse-en-ligne","9":"product_cat-roues","10":"product_tag-en-ligne","11":"product_tag-roue-de-course-en-ligne","12":"desktop-align-left","13":"tablet-align-left","14":"mobile-align-left","16":"first","17":"instock","18":"taxable","19":"shipping-taxable","20":"purchasable","21":"product-type-simple"},"acf":[],"_links":{"self":[{"href":"https:\/\/ztsports.com\/fr\/wp-json\/wp\/v2\/product\/24055","targetHints":{"allow":["GET"]}}],"collection":[{"href":"https:\/\/ztsports.com\/fr\/wp-json\/wp\/v2\/product"}],"about":[{"href":"https:\/\/ztsports.com\/fr\/wp-json\/wp\/v2\/types\/product"}],"replies":[{"embeddable":true,"href":"https:\/\/ztsports.com\/fr\/wp-json\/wp\/v2\/comments?post=24055"}],"version-history":[{"count":3,"href":"https:\/\/ztsports.com\/fr\/wp-json\/wp\/v2\/product\/24055\/revisions"}],"predecessor-version":[{"id":25376,"href":"https:\/\/ztsports.com\/fr\/wp-json\/wp\/v2\/product\/24055\/revisions\/25376"}],"wp:featuredmedia":[{"embeddable":true,"href":"https:\/\/ztsports.com\/fr\/wp-json\/wp\/v2\/media\/25398"}],"wp:attachment":[{"href":"https:\/\/ztsports.com\/fr\/wp-json\/wp\/v2\/media?parent=24055"}],"wp:term":[{"taxonomy":"product_brand","embeddable":true,"href":"https:\/\/ztsports.com\/fr\/wp-json\/wp\/v2\/product_brand?post=24055"},{"taxonomy":"product_cat","embeddable":true,"href":"https:\/\/ztsports.com\/fr\/wp-json\/wp\/v2\/product_cat?post=24055"},{"taxonomy":"product_tag","embeddable":true,"href":"https:\/\/ztsports.com\/fr\/wp-json\/wp\/v2\/product_tag?post=24055"}],"curies":[{"name":"wp","href":"https:\/\/api.w.org\/{rel}","templated":true}]}}