{"id":24050,"date":"2021-09-23T02:34:47","date_gmt":"2021-09-23T02:34:47","guid":{"rendered":"https:\/\/ztsports.com\/?post_type=product&#038;p=24050"},"modified":"2026-03-13T09:48:03","modified_gmt":"2026-03-13T09:48:03","slug":"luigino-p51-featherweight-4x100-3x110-1x100","status":"publish","type":"product","link":"https:\/\/ztsports.com\/fr\/store\/luigino-p51-featherweight-4x100-3x110-1x100\/","title":{"rendered":"Luigino P51 Featherweight 4&#215;100 3&#215;110 1&#215;100"},"content":{"rendered":"<h1>LUIGINO P51 FEATHERWEIGHT 4&#215;100 mm ou 3&#215;110 1&#215;100<\/h1>\n<h1>110 -110-100-110<\/h1>\n<p>Le Luigino P51 Featherweight est de loin le cadre le plus solide et r\u00e9sistant jamais fabriqu\u00e9 par Luigino.<\/p>\n<p>Avec le Featherweight, le P51 Pilot existant a \u00e9t\u00e9 all\u00e9g\u00e9 de mani\u00e8re \u00e9tonnante de 33 grammes (cadre 12,8&#8243; 4&#215;100).<\/p>\n<p>Le P51 Pilot Featherweight reste cependant rigide, aucun pont ni renfort n\u2019a \u00e9t\u00e9 retir\u00e9, tout en garantissant une \u00e9paisseur coh\u00e9rente des parois, des renforts et de la plateforme.<\/p>\n<h1>Cadre de course Luigino Pilot P51<\/h1>\n<p>Avec le cadre de course inline P-51 Featherweight, Atom Skates a port\u00e9 le concept standard d\u2019arc trouv\u00e9 dans d\u2019autres cadres \u00e0 un tout autre niveau.<\/p>\n<p>Cela garantit une \u00e9paisseur coh\u00e9rente des parois, des renforts et de la plateforme.<\/p>\n<p>Le cadre de course Luigino Pilot P51 Featherweight est de loin le cadre le plus solide et r\u00e9sistant jamais cr\u00e9\u00e9 par Luigino.<\/p>\n<p>Avec le Featherweight, nous avons r\u00e9duit de mani\u00e8re incroyable 33 grammes sur le cadre d\u00e9j\u00e0 \u00e9l\u00e9gant du P-51 Pilot, tout en garantissant une \u00e9paisseur coh\u00e9rente des parois, des renforts et de la plateforme.<\/p>\n<p><strong>Sp\u00e9cifications du cadre<\/strong><\/p>\n<p>Graphiques imprim\u00e9s au laser<br \/>\nMat\u00e9riau : alliage d\u2019aluminium a\u00e9ronautique 7000 T6<br \/>\nLongueur : 12,8&#8243;<br \/>\nMontage : 195 mm<br \/>\nTaille des roues : 4&#215;100 mm ou 3&#215;110 mm<br \/>\nHauteur arri\u00e8re de la plateforme : 56,5 mm<br \/>\nInclus : axes, entretoises, boulons de montage et outil<\/p>\n<p>Prix par paire, axes inclus.<\/p>\n<p>Montage 4&#215;100 mm, 195 mm<\/p>\n<p><strong>Enfin, d\u00e9couvrez tous nos <a href=\"https:\/\/ztsports.com\/product-category\/frames\/\">cadres de patinage inline ici<\/a>.<\/strong><\/p>\n","protected":false},"excerpt":{"rendered":"<p>LUIGINO P51 FEATHERWEIGHT 4&#215;100 mm ou 3&#215;110 1&#215;100 110 -110-100-110 Le Luigino P51 Featherweight est de loin le cadre le plus solide et r\u00e9sistant jamais fabriqu\u00e9 par Luigino. Avec le Featherweight, le P51 Pilot existant a \u00e9t\u00e9 all\u00e9g\u00e9 de mani\u00e8re \u00e9tonnante de 33 grammes (cadre 12,8&#8243; 4&#215;100). Le P51 Pilot Featherweight reste cependant rigide, aucun [&hellip;]<\/p>\n","protected":false},"featured_media":21757,"comment_status":"open","ping_status":"closed","template":"","meta":{"_acf_changed":false,"_monsterinsights_skip_tracking":false,"_monsterinsights_sitenote_active":false,"_monsterinsights_sitenote_note":"","_monsterinsights_sitenote_category":0,"_uf_show_specific_survey":0,"_uf_disable_surveys":false,"site-sidebar-layout":"default","site-content-layout":"","ast-site-content-layout":"default","site-content-style":"default","site-sidebar-style":"default","ast-global-header-display":"","ast-banner-title-visibility":"","ast-main-header-display":"","ast-hfb-above-header-display":"","ast-hfb-below-header-display":"","ast-hfb-mobile-header-display":"","site-post-title":"","ast-breadcrumbs-content":"","ast-featured-img":"","footer-sml-layout":"","ast-disable-related-posts":"","theme-transparent-header-meta":"default","adv-header-id-meta":"","stick-header-meta":"","header-above-stick-meta":"","header-main-stick-meta":"","header-below-stick-meta":"","astra-migrate-meta-layouts":"set","ast-page-background-enabled":"default","ast-page-background-meta":{"desktop":{"background-color":"","background-image":"","background-repeat":"repeat","background-position":"center center","background-size":"auto","background-attachment":"scroll","background-type":"","background-media":"","overlay-type":"","overlay-color":"","overlay-opacity":"","overlay-gradient":""},"tablet":{"background-color":"","background-image":"","background-repeat":"repeat","background-position":"center center","background-size":"auto","background-attachment":"scroll","background-type":"","background-media":"","overlay-type":"","overlay-color":"","overlay-opacity":"","overlay-gradient":""},"mobile":{"background-color":"","background-image":"","background-repeat":"repeat","background-position":"center center","background-size":"auto","background-attachment":"scroll","background-type":"","background-media":"","overlay-type":"","overlay-color":"","overlay-opacity":"","overlay-gradient":""}},"ast-content-background-meta":{"desktop":{"background-color":"var(--ast-global-color-5)","background-image":"","background-repeat":"repeat","background-position":"center center","background-size":"auto","background-attachment":"scroll","background-type":"","background-media":"","overlay-type":"","overlay-color":"","overlay-opacity":"","overlay-gradient":""},"tablet":{"background-color":"var(--ast-global-color-5)","background-image":"","background-repeat":"repeat","background-position":"center center","background-size":"auto","background-attachment":"scroll","background-type":"","background-media":"","overlay-type":"","overlay-color":"","overlay-opacity":"","overlay-gradient":""},"mobile":{"background-color":"var(--ast-global-color-5)","background-image":"","background-repeat":"repeat","background-position":"center center","background-size":"auto","background-attachment":"scroll","background-type":"","background-media":"","overlay-type":"","overlay-color":"","overlay-opacity":"","overlay-gradient":""}}},"product_brand":[],"product_cat":[4565,3381],"product_tag":[3385],"class_list":{"0":"post-24050","1":"product","2":"type-product","3":"status-publish","4":"has-post-thumbnail","6":"product_cat-accessoires","7":"product_cat-patinage-de-vitesse-en-ligne","8":"product_tag-en-ligne","9":"desktop-align-left","10":"tablet-align-left","11":"mobile-align-left","13":"first","14":"onbackorder","15":"sale","16":"taxable","17":"shipping-taxable","18":"purchasable","19":"product-type-simple"},"acf":[],"_links":{"self":[{"href":"https:\/\/ztsports.com\/fr\/wp-json\/wp\/v2\/product\/24050","targetHints":{"allow":["GET"]}}],"collection":[{"href":"https:\/\/ztsports.com\/fr\/wp-json\/wp\/v2\/product"}],"about":[{"href":"https:\/\/ztsports.com\/fr\/wp-json\/wp\/v2\/types\/product"}],"replies":[{"embeddable":true,"href":"https:\/\/ztsports.com\/fr\/wp-json\/wp\/v2\/comments?post=24050"}],"version-history":[{"count":2,"href":"https:\/\/ztsports.com\/fr\/wp-json\/wp\/v2\/product\/24050\/revisions"}],"predecessor-version":[{"id":24619,"href":"https:\/\/ztsports.com\/fr\/wp-json\/wp\/v2\/product\/24050\/revisions\/24619"}],"wp:featuredmedia":[{"embeddable":true,"href":"https:\/\/ztsports.com\/fr\/wp-json\/wp\/v2\/media\/21757"}],"wp:attachment":[{"href":"https:\/\/ztsports.com\/fr\/wp-json\/wp\/v2\/media?parent=24050"}],"wp:term":[{"taxonomy":"product_brand","embeddable":true,"href":"https:\/\/ztsports.com\/fr\/wp-json\/wp\/v2\/product_brand?post=24050"},{"taxonomy":"product_cat","embeddable":true,"href":"https:\/\/ztsports.com\/fr\/wp-json\/wp\/v2\/product_cat?post=24050"},{"taxonomy":"product_tag","embeddable":true,"href":"https:\/\/ztsports.com\/fr\/wp-json\/wp\/v2\/product_tag?post=24050"}],"curies":[{"name":"wp","href":"https:\/\/api.w.org\/{rel}","templated":true}]}}