{"id":24048,"date":"2021-09-23T02:34:47","date_gmt":"2021-09-23T02:34:47","guid":{"rendered":"https:\/\/ztsports.com\/?post_type=product&#038;p=24048"},"modified":"2026-04-13T19:01:21","modified_gmt":"2026-04-13T19:01:21","slug":"cado-motus-transformer-4x110-3x125","status":"publish","type":"product","link":"https:\/\/ztsports.com\/fr\/store\/cado-motus-transformer-4x110-3x125\/","title":{"rendered":"Cado Motus Transformer 4&#215;110\/3&#215;125"},"content":{"rendered":"<h1>Cado Motus Transformer 4&#215;100 \/ 3&#215;125<\/h1>\n<p>Le Cado Motus Transformer est un cadre parfait car il accepte \u00e0 la fois des roues 3&#215;125 mm ou 4&#215;110 mm. Ainsi, quelles que soient les conditions de course ou de route, vous pouvez choisir le meilleur format avec un seul cadre.<\/p>\n<p>Avec le cadre de vitesse Cado Motus Transformer, vous n\u2019avez pas besoin de changer de cadre si vous voulez patiner avec des roues de 110 mm sur la piste ou des roues plus grandes de 125 mm sur la route.<\/p>\n<div>Cadomotus Transformer Cadre Comp TR3<\/div>\n<div class=\"title-small title-font\">Description<\/div>\n<p>Ce <strong>cadre de patinage inline<\/strong> est con\u00e7u pour accueillir des roues 4&#215;100 mm ou 3&#215;125 mm dans un seul cadre. Sur les cadres Cado Motus Transformer, vous n\u2019avez pas besoin de changer vos cadres inline si vous souhaitez patiner avec des roues de 110 mm sur la piste ou des roues plus grandes de 125 mm sur la route.<\/p>\n<p><strong>Cadres inline Comp TR :<\/strong> utilit\u00e9 multi-cadres pour construire votre exp\u00e9rience\u2026<\/p>\n<p>Cado Motus Transformer<\/p>\n<p>Les d\u00e9butants viennent de toutes formes, tailles et niveaux. Le Cadomotus Competition Transformer est un cadre inline pour apprendre, s\u2019entra\u00eener et progresser. Construit sur une plateforme l\u00e9g\u00e8re partageant de nombreuses am\u00e9liorations de conception du cadre DualBox5 r\u00e9cemment innov\u00e9, les patineurs peuvent, avec le cadre 12,4 ou 12,8&#8243;, choisir une configuration de roues 3&#215;110 mm ou la plus standard 4&#215;100 mm pour comprendre les avantages de chaque configuration.<\/p>\n<p>Pour les athl\u00e8tes plus exp\u00e9riment\u00e9s ou de plus grande taille passant de 4&#215;110 mm \u00e0 3&#215;125 mm, le cadre 13,2&#8243; peut \u00eatre utilis\u00e9 pendant des ann\u00e9es. L\u2019utilit\u00e9 multi-cadres du Comp TR en fait un choix rentable qui ne sacrifie ni la qualit\u00e9, ni la fonction, ni la performance.<\/p>\n<p>Lorsque vous d\u00e9butez dans le sport, tout ce que vous pouvez apprendre rapidement par l\u2019exp\u00e9rience vous rapportera \u00e0 long terme, et ce cadre est sp\u00e9cialement con\u00e7u pour acc\u00e9l\u00e9rer votre courbe d\u2019apprentissage et vous amener au niveau sup\u00e9rieur plus vite que toute autre technologie de cadre sur le march\u00e9.<\/p>\n<p>Comprendre t\u00f4t comment la taille des roues, la hauteur de la plateforme et le poids influencent votre capacit\u00e9 \u00e0 pousser, man\u0153uvrer et contr\u00f4ler vous donne une longueur d\u2019avance sur ce que d\u2019autres patineurs ont mis litt\u00e9ralement des ann\u00e9es \u00e0 comprendre \u2013 les effets directs de la physique sur la forme et la performance.<\/p>\n<p>Vous atteindrez le niveau sup\u00e9rieur avant le reste du peloton en comprenant ces le\u00e7ons importantes par vous-m\u00eame \u2013 avec un seul cadre \u2013 et trouverez votre meilleure configuration et forme plus rapidement que quiconque.<\/p>\n<p>Le Comp TR est un cadre qui vous aide \u00e0 progresser avec le bon soutien, la r\u00e9activit\u00e9 et la flexibilit\u00e9 n\u00e9cessaires pour d\u00e9velopper rapidement vos comp\u00e9tences, votre vitesse et votre endurance.<\/p>\n<div class=\"title-small title-font\">Sp\u00e9cifications du Cado Motus Transformer<\/div>\n<div class=\"spec-table\">\n<table>\n<tbody>\n<tr>\n<td class=\"spec-title\"><strong>Configuration des roues<\/strong><\/td>\n<td>2-en-1 (3 roues ou 4 roues)<\/td>\n<\/tr>\n<tr>\n<td class=\"spec-title\"><strong>Longueur (pouces)<\/strong><\/td>\n<td>12,8 \/ 13,2<\/td>\n<\/tr>\n<tr>\n<td class=\"spec-title\"><strong>Poids (g)<\/strong><\/td>\n<td><\/td>\n<\/tr>\n<tr>\n<td class=\"spec-title\"><strong>\u00c9cartement des fixations (mm)<\/strong><\/td>\n<td>195<\/td>\n<\/tr>\n<tr>\n<td class=\"spec-title\"><strong>Longueur optimale des vis (mm)<\/strong><\/td>\n<td>14<\/td>\n<\/tr>\n<tr>\n<td class=\"spec-title\"><strong>Alliage<\/strong><\/td>\n<td>6061<\/td>\n<\/tr>\n<tr>\n<td class=\"spec-title\"><strong>Profil<\/strong><\/td>\n<td>dualbox\u00ae6<\/td>\n<\/tr>\n<\/tbody>\n<\/table>\n<\/div>\n<h4 class=\"style-scope ytd-watch-metadata\"><span class=\"style-scope yt-formatted-string\" dir=\"auto\"><br \/>\n<a href=\"https:\/\/www.youtube.com\/watch?v=4vM7ymR5kAQ&amp;t=147s\" target=\"_blank\" rel=\"noopener\"><strong>J\u2019ai test\u00e9 4X110 vs 3X125<\/strong><\/a> comme <\/span><br \/>\n<a class=\"yt-simple-endpoint style-scope yt-formatted-string\" dir=\"auto\" spellcheck=\"false\" href=\"https:\/\/www.youtube.com\/channel\/UCuM5TOvMzLbbBJleMURd-oQ\" target=\"_blank\" rel=\"noopener\">@thorupviktor<\/a><br \/>\n<span class=\"style-scope yt-formatted-string\" dir=\"auto\">(vlog pascal briand 350)<\/span><\/h4>\n<p><strong>Enfin, d\u00e9couvrez tous nos <a href=\"https:\/\/ztsports.com\/product-category\/frames\/\">cadres de patinage inline ici<\/a>.<\/strong><\/p>\n","protected":false},"excerpt":{"rendered":"<p>Cado Motus Transformer 4&#215;100 \/ 3&#215;125 Le Cado Motus Transformer est un cadre parfait car il accepte \u00e0 la fois des roues 3&#215;125 mm ou 4&#215;110 mm. Ainsi, quelles que soient les conditions de course ou de route, vous pouvez choisir le meilleur format avec un seul cadre. Avec le cadre de vitesse Cado Motus [&hellip;]<\/p>\n","protected":false},"featured_media":24043,"comment_status":"open","ping_status":"closed","template":"","meta":{"_acf_changed":false,"_monsterinsights_skip_tracking":false,"_monsterinsights_sitenote_active":false,"_monsterinsights_sitenote_note":"","_monsterinsights_sitenote_category":0,"_uf_show_specific_survey":0,"_uf_disable_surveys":false,"site-sidebar-layout":"default","site-content-layout":"","ast-site-content-layout":"default","site-content-style":"default","site-sidebar-style":"default","ast-global-header-display":"","ast-banner-title-visibility":"","ast-main-header-display":"","ast-hfb-above-header-display":"","ast-hfb-below-header-display":"","ast-hfb-mobile-header-display":"","site-post-title":"","ast-breadcrumbs-content":"","ast-featured-img":"","footer-sml-layout":"","ast-disable-related-posts":"","theme-transparent-header-meta":"default","adv-header-id-meta":"","stick-header-meta":"","header-above-stick-meta":"","header-main-stick-meta":"","header-below-stick-meta":"","astra-migrate-meta-layouts":"set","ast-page-background-enabled":"default","ast-page-background-meta":{"desktop":{"background-color":"","background-image":"","background-repeat":"repeat","background-position":"center center","background-size":"auto","background-attachment":"scroll","background-type":"","background-media":"","overlay-type":"","overlay-color":"","overlay-opacity":"","overlay-gradient":""},"tablet":{"background-color":"","background-image":"","background-repeat":"repeat","background-position":"center center","background-size":"auto","background-attachment":"scroll","background-type":"","background-media":"","overlay-type":"","overlay-color":"","overlay-opacity":"","overlay-gradient":""},"mobile":{"background-color":"","background-image":"","background-repeat":"repeat","background-position":"center center","background-size":"auto","background-attachment":"scroll","background-type":"","background-media":"","overlay-type":"","overlay-color":"","overlay-opacity":"","overlay-gradient":""}},"ast-content-background-meta":{"desktop":{"background-color":"var(--ast-global-color-5)","background-image":"","background-repeat":"repeat","background-position":"center center","background-size":"auto","background-attachment":"scroll","background-type":"","background-media":"","overlay-type":"","overlay-color":"","overlay-opacity":"","overlay-gradient":""},"tablet":{"background-color":"var(--ast-global-color-5)","background-image":"","background-repeat":"repeat","background-position":"center center","background-size":"auto","background-attachment":"scroll","background-type":"","background-media":"","overlay-type":"","overlay-color":"","overlay-opacity":"","overlay-gradient":""},"mobile":{"background-color":"var(--ast-global-color-5)","background-image":"","background-repeat":"repeat","background-position":"center center","background-size":"auto","background-attachment":"scroll","background-type":"","background-media":"","overlay-type":"","overlay-color":"","overlay-opacity":"","overlay-gradient":""}}},"product_brand":[3289],"product_cat":[3378],"product_tag":[],"class_list":{"0":"post-24048","1":"product","2":"type-product","3":"status-publish","4":"has-post-thumbnail","6":"product_brand-cadomotus","7":"product_cat-non-categorise","8":"desktop-align-left","9":"tablet-align-left","10":"mobile-align-left","12":"first","13":"instock","14":"sale","15":"taxable","16":"shipping-taxable","17":"purchasable","18":"product-type-simple"},"acf":[],"_links":{"self":[{"href":"https:\/\/ztsports.com\/fr\/wp-json\/wp\/v2\/product\/24048","targetHints":{"allow":["GET"]}}],"collection":[{"href":"https:\/\/ztsports.com\/fr\/wp-json\/wp\/v2\/product"}],"about":[{"href":"https:\/\/ztsports.com\/fr\/wp-json\/wp\/v2\/types\/product"}],"replies":[{"embeddable":true,"href":"https:\/\/ztsports.com\/fr\/wp-json\/wp\/v2\/comments?post=24048"}],"version-history":[{"count":3,"href":"https:\/\/ztsports.com\/fr\/wp-json\/wp\/v2\/product\/24048\/revisions"}],"predecessor-version":[{"id":25386,"href":"https:\/\/ztsports.com\/fr\/wp-json\/wp\/v2\/product\/24048\/revisions\/25386"}],"wp:featuredmedia":[{"embeddable":true,"href":"https:\/\/ztsports.com\/fr\/wp-json\/wp\/v2\/media\/24043"}],"wp:attachment":[{"href":"https:\/\/ztsports.com\/fr\/wp-json\/wp\/v2\/media?parent=24048"}],"wp:term":[{"taxonomy":"product_brand","embeddable":true,"href":"https:\/\/ztsports.com\/fr\/wp-json\/wp\/v2\/product_brand?post=24048"},{"taxonomy":"product_cat","embeddable":true,"href":"https:\/\/ztsports.com\/fr\/wp-json\/wp\/v2\/product_cat?post=24048"},{"taxonomy":"product_tag","embeddable":true,"href":"https:\/\/ztsports.com\/fr\/wp-json\/wp\/v2\/product_tag?post=24048"}],"curies":[{"name":"wp","href":"https:\/\/api.w.org\/{rel}","templated":true}]}}