{"id":24039,"date":"2021-09-23T02:34:48","date_gmt":"2021-09-23T02:34:48","guid":{"rendered":"https:\/\/ztsports.com\/?post_type=product&#038;p=24039"},"modified":"2026-03-10T10:40:32","modified_gmt":"2026-03-10T10:40:32","slug":"cado-motus-pro-4x100-inline-speed-skating-frame","status":"publish","type":"product","link":"https:\/\/ztsports.com\/fr\/store\/cado-motus-pro-4x100-inline-speed-skating-frame\/","title":{"rendered":"Cado Motus Pro 4&#215;100 Inline Speed Skating Frame"},"content":{"rendered":"<h1>Cado Motus Pro 4&#215;100<\/h1>\n<p>Le Cado Motus Pro 4&#215;100 est PHE : \u00e9quipement am\u00e9liorant la performance.<\/p>\n<p><strong>D\u00c9TAILS :<\/strong><\/p>\n<p><strong>Le 4&#215;100 DualBox\u00ae V :<\/strong><\/p>\n<p><strong>L\u2019innovation ne dort jamais.<\/strong><\/p>\n<p>Le DualBox\u00ae V est PHE : \u00e9quipement am\u00e9liorant la performance. C\u2019est le cadre qui a red\u00e9fini l\u2019avenir du sport. Il combine des ann\u00e9es de recherche de cadres l\u00e9gers avec une solidit\u00e9 structurelle et une r\u00e9activit\u00e9 sur le terrain. Le DualBox\u00ae V met la performance de haut niveau \u00e0 la port\u00e9e de chaque patineur. Les caract\u00e9ristiques uniques du design DualBox\u00ae offrent plus de ma\u00eetrise et de contr\u00f4le que tout autre cadre aujourd\u2019hui :<\/p>\n<ul>\n<li>Plus de stabilit\u00e9 \u2013 r\u00e9partition uniforme de la force<\/li>\n<li>Moins de fatigue musculaire \u2013 att\u00e9nuation des vibrations<\/li>\n<li>Plus de contr\u00f4le \u2013 r\u00e9activit\u00e9 pr\u00e9visible<\/li>\n<\/ul>\n<h4>Cadomotus Pro 4&#215;100, 12,8, 195 mm<\/h4>\n<p>La valeur d\u2019un design intelligent se ressent pleinement lorsque vous \u00eates enti\u00e8rement charg\u00e9 sur vos patins et confiant d\u2019avoir le soutien n\u00e9cessaire pour repousser vos limites. L\u2019innovation apport\u00e9e \u00e0 ce cadre se fait particuli\u00e8rement sentir \u00e0 grande vitesse sur des routes ou pistes moins id\u00e9ales. <strong>Transformez n\u2019importe quelle surface rugueuse en un v\u00e9ritable miroir.<\/strong> Ce cadre absorbe \u00e9galement les vibrations des surfaces irr\u00e9guli\u00e8res et restitue plus de puissance \u00e0 chaque pouss\u00e9e. De plus, il est assez l\u00e9ger pour donner plus de libert\u00e9 \u00e0 vos foul\u00e9es et assez rigide pour garder le contr\u00f4le, sans jamais vous \u00e9chapper.<\/p>\n<h4>Transmission de puissance constante<\/h4>\n<p>Le DualBox\u00ae V est un cadre fin qui expose davantage la roue. De plus, \u00e9tant sculpt\u00e9 dans un seul bloc d\u2019aluminium, il offre rigidit\u00e9 et flexibilit\u00e9 pour une transmission de puissance constante. \u00c0 chaque pouss\u00e9e, vous profitez d\u2019un meilleur retour d\u2019\u00e9nergie, vous propulsant vers l\u2019avant avec une vitesse suppl\u00e9mentaire sans effort suppl\u00e9mentaire. C\u2019est le seul cadre qui restitue plus que votre investissement, rendant chaque pouss\u00e9e rentable. Le flux de puissance que vous ressentez du DualBox\u00ae V, \u00e0 travers vos roues et jusqu\u2019\u00e0 la surface de patinage, est unique.<\/p>\n<h4>Excellence du design<\/h4>\n<p>V\u00e9ritable \u00e9tude pratique de l\u2019excellence en mati\u00e8re de design, le DualBox\u00ae V est diff\u00e9rent de tous les DualBox pr\u00e9c\u00e9dents. C\u2019est un \u00e9quipement de nouvelle g\u00e9n\u00e9ration pour des performances de niveau sup\u00e9rieur, propuls\u00e9 par le leader de l\u2019industrie en technologies de patinage de vitesse inline. Avec le DualBox\u00ae V, vous avez les meilleurs experts du sport sous vos pieds, propulsant votre foul\u00e9e et vous donnant l\u2019avantage comp\u00e9titif de la Vitesse du Mouvement Intelligent.<\/p>\n<p><strong>Enfin, d\u00e9couvrez tous nos <a href=\"https:\/\/ztsports.com\/product-category\/frames\/\">cadres de patinage inline ici<\/a>.<\/strong><\/p>\n","protected":false},"excerpt":{"rendered":"<p>Cado Motus Pro 4&#215;100 Le Cado Motus Pro 4&#215;100 est PHE : \u00e9quipement am\u00e9liorant la performance. D\u00c9TAILS : Le 4&#215;100 DualBox\u00ae V : L\u2019innovation ne dort jamais. Le DualBox\u00ae V est PHE : \u00e9quipement am\u00e9liorant la performance. C\u2019est le cadre qui a red\u00e9fini l\u2019avenir du sport. Il combine des ann\u00e9es de recherche de cadres l\u00e9gers [&hellip;]<\/p>\n","protected":false},"featured_media":24038,"comment_status":"open","ping_status":"closed","template":"","meta":{"_acf_changed":false,"_monsterinsights_skip_tracking":false,"_monsterinsights_sitenote_active":false,"_monsterinsights_sitenote_note":"","_monsterinsights_sitenote_category":0,"_uf_show_specific_survey":0,"_uf_disable_surveys":false,"site-sidebar-layout":"default","site-content-layout":"","ast-site-content-layout":"default","site-content-style":"default","site-sidebar-style":"default","ast-global-header-display":"","ast-banner-title-visibility":"","ast-main-header-display":"","ast-hfb-above-header-display":"","ast-hfb-below-header-display":"","ast-hfb-mobile-header-display":"","site-post-title":"","ast-breadcrumbs-content":"","ast-featured-img":"","footer-sml-layout":"","ast-disable-related-posts":"","theme-transparent-header-meta":"default","adv-header-id-meta":"","stick-header-meta":"","header-above-stick-meta":"","header-main-stick-meta":"","header-below-stick-meta":"","astra-migrate-meta-layouts":"set","ast-page-background-enabled":"default","ast-page-background-meta":{"desktop":{"background-color":"","background-image":"","background-repeat":"repeat","background-position":"center center","background-size":"auto","background-attachment":"scroll","background-type":"","background-media":"","overlay-type":"","overlay-color":"","overlay-opacity":"","overlay-gradient":""},"tablet":{"background-color":"","background-image":"","background-repeat":"repeat","background-position":"center center","background-size":"auto","background-attachment":"scroll","background-type":"","background-media":"","overlay-type":"","overlay-color":"","overlay-opacity":"","overlay-gradient":""},"mobile":{"background-color":"","background-image":"","background-repeat":"repeat","background-position":"center center","background-size":"auto","background-attachment":"scroll","background-type":"","background-media":"","overlay-type":"","overlay-color":"","overlay-opacity":"","overlay-gradient":""}},"ast-content-background-meta":{"desktop":{"background-color":"var(--ast-global-color-5)","background-image":"","background-repeat":"repeat","background-position":"center center","background-size":"auto","background-attachment":"scroll","background-type":"","background-media":"","overlay-type":"","overlay-color":"","overlay-opacity":"","overlay-gradient":""},"tablet":{"background-color":"var(--ast-global-color-5)","background-image":"","background-repeat":"repeat","background-position":"center center","background-size":"auto","background-attachment":"scroll","background-type":"","background-media":"","overlay-type":"","overlay-color":"","overlay-opacity":"","overlay-gradient":""},"mobile":{"background-color":"var(--ast-global-color-5)","background-image":"","background-repeat":"repeat","background-position":"center center","background-size":"auto","background-attachment":"scroll","background-type":"","background-media":"","overlay-type":"","overlay-color":"","overlay-opacity":"","overlay-gradient":""}}},"product_brand":[3289],"product_cat":[3381],"product_tag":[],"class_list":{"0":"post-24039","1":"product","2":"type-product","3":"status-publish","4":"has-post-thumbnail","6":"product_brand-cadomotus","7":"product_cat-patinage-de-vitesse-en-ligne","8":"desktop-align-left","9":"tablet-align-left","10":"mobile-align-left","12":"first","13":"instock","14":"taxable","15":"shipping-taxable","16":"purchasable","17":"product-type-simple"},"acf":[],"_links":{"self":[{"href":"https:\/\/ztsports.com\/fr\/wp-json\/wp\/v2\/product\/24039","targetHints":{"allow":["GET"]}}],"collection":[{"href":"https:\/\/ztsports.com\/fr\/wp-json\/wp\/v2\/product"}],"about":[{"href":"https:\/\/ztsports.com\/fr\/wp-json\/wp\/v2\/types\/product"}],"replies":[{"embeddable":true,"href":"https:\/\/ztsports.com\/fr\/wp-json\/wp\/v2\/comments?post=24039"}],"version-history":[{"count":3,"href":"https:\/\/ztsports.com\/fr\/wp-json\/wp\/v2\/product\/24039\/revisions"}],"predecessor-version":[{"id":24042,"href":"https:\/\/ztsports.com\/fr\/wp-json\/wp\/v2\/product\/24039\/revisions\/24042"}],"wp:featuredmedia":[{"embeddable":true,"href":"https:\/\/ztsports.com\/fr\/wp-json\/wp\/v2\/media\/24038"}],"wp:attachment":[{"href":"https:\/\/ztsports.com\/fr\/wp-json\/wp\/v2\/media?parent=24039"}],"wp:term":[{"taxonomy":"product_brand","embeddable":true,"href":"https:\/\/ztsports.com\/fr\/wp-json\/wp\/v2\/product_brand?post=24039"},{"taxonomy":"product_cat","embeddable":true,"href":"https:\/\/ztsports.com\/fr\/wp-json\/wp\/v2\/product_cat?post=24039"},{"taxonomy":"product_tag","embeddable":true,"href":"https:\/\/ztsports.com\/fr\/wp-json\/wp\/v2\/product_tag?post=24039"}],"curies":[{"name":"wp","href":"https:\/\/api.w.org\/{rel}","templated":true}]}}