{"id":24036,"date":"2021-09-23T02:34:49","date_gmt":"2021-09-23T02:34:49","guid":{"rendered":"https:\/\/ztsports.com\/?post_type=product&#038;p=24036"},"modified":"2026-03-10T10:37:06","modified_gmt":"2026-03-10T10:37:06","slug":"luigino-p-51-pilot-featherweight-4x110","status":"publish","type":"product","link":"https:\/\/ztsports.com\/fr\/store\/luigino-p-51-pilot-featherweight-4x110\/","title":{"rendered":"LUIGINO P-51 PILOT FEATHERWEIGHT 4&#215;110"},"content":{"rendered":"<h1>LUIGINO P51 FEATHERWEIGHT 4x110mm<\/h1>\n<p>Le Luigino P51 Featherweight est de loin le cadre le plus solide et r\u00e9sistant jamais fabriqu\u00e9 par Luigino.<\/p>\n<p>Avec le Featherweight, le P51 Pilot existant a \u00e9t\u00e9 all\u00e9g\u00e9 de mani\u00e8re \u00e9tonnante de 33 grammes (cadre 13,2&#8243; 4&#215;110).<\/p>\n<p>Le P51 Pilot Featherweight reste cependant rigide, aucun pont ni renfort n\u2019a \u00e9t\u00e9 retir\u00e9, tout en garantissant une \u00e9paisseur coh\u00e9rente des parois, des renforts et de la plateforme.<\/p>\n<h2>Cadre de course Luigino Pilot P51<\/h2>\n<p>Avec le cadre de course inline P-51 Featherweight, Atom Skates a port\u00e9 le concept standard d\u2019arc trouv\u00e9 dans d\u2019autres cadres \u00e0 un tout autre niveau.<\/p>\n<p>Ce qui garantit une \u00e9paisseur coh\u00e9rente des parois, des renforts et de la plateforme.<\/p>\n<p>Le cadre de course Luigino Pilot P51 Featherweight est de loin le cadre le plus solide et r\u00e9sistant jamais cr\u00e9\u00e9 par Luigino.<\/p>\n<p>Avec le Featherweight, nous avons pris notre P-51 Pilot existant et avons r\u00e9duit de mani\u00e8re incroyable 33 grammes sur son cadre d\u00e9j\u00e0 \u00e9l\u00e9gant, tout en garantissant une \u00e9paisseur coh\u00e9rente des parois, des renforts et de la plateforme.<\/p>\n<p>Luigino P-51 Pilot Featherweight 4x110mm, Montage 195mm<\/p>\n<p><strong>Sp\u00e9cifications du cadre<\/strong><\/p>\n<ul>\n<li>Graphiques imprim\u00e9s au laser<\/li>\n<li>Mat\u00e9riau : alliage d\u2019aluminium a\u00e9ronautique 7000 T6<\/li>\n<li>Longueur : 12,9&#8243; ou 12,8&#8243;<\/li>\n<li>Montage : 195 mm<\/li>\n<li>Taille des roues : 3x110mm + 1x100mm ou 4&#215;105 mm<\/li>\n<li>Hauteur arri\u00e8re de la plateforme : 56,5 mm<\/li>\n<li>Inclus : axes, entretoises, boulons de montage et outil<\/li>\n<\/ul>\n<p>Prix par paire, axes inclus.<\/p>\n<p>Luigino P-51 Pilot Featherweight 4x110mm, Montage 195mm<\/p>\n<p><strong>Enfin, d\u00e9couvrez tous nos <a href=\"https:\/\/ztsports.com\/product-category\/frames\/\">cadres de patinage inline ici<\/a>.<\/strong><\/p>\n<h3>LUIGINO P-51 PILOT FEATHERWEIGHT 4&#215;110<\/h3>\n<p>Le cadre inline Luigino P-51 Pilot Featherweight est de loin le cadre le plus solide et r\u00e9sistant.<\/p>\n<p>Avec le Featherweight, le P-51 Pilot existant a \u00e9t\u00e9 all\u00e9g\u00e9 de mani\u00e8re \u00e9tonnante de 33 grammes (cadre 13,2&#8243; 4&#215;110).<\/p>\n<p>Le P-51 Pilot Featherweight reste cependant rigide. Aucun pont ni renfort n\u2019a \u00e9t\u00e9 retir\u00e9, tout en garantissant une \u00e9paisseur coh\u00e9rente des parois, des renforts et de la plateforme.<\/p>\n<p>Le Luigino P-51 Featherweight est un montage 4x110mm, 195 mm (7,3&#8243;).<\/p>\n<p><strong>Enfin, d\u00e9couvrez tous nos <a href=\"https:\/\/ztsports.com\/product-category\/frames\/\">cadres de patinage inline ici<\/a>.<\/strong><\/p>\n","protected":false},"excerpt":{"rendered":"<p>LUIGINO P51 FEATHERWEIGHT 4x110mm Le Luigino P51 Featherweight est de loin le cadre le plus solide et r\u00e9sistant jamais fabriqu\u00e9 par Luigino. Avec le Featherweight, le P51 Pilot existant a \u00e9t\u00e9 all\u00e9g\u00e9 de mani\u00e8re \u00e9tonnante de 33 grammes (cadre 13,2&#8243; 4&#215;110). Le P51 Pilot Featherweight reste cependant rigide, aucun pont ni renfort n\u2019a \u00e9t\u00e9 retir\u00e9, [&hellip;]<\/p>\n","protected":false},"featured_media":21757,"comment_status":"open","ping_status":"closed","template":"","meta":{"_acf_changed":false,"_monsterinsights_skip_tracking":false,"_monsterinsights_sitenote_active":false,"_monsterinsights_sitenote_note":"","_monsterinsights_sitenote_category":0,"_uf_show_specific_survey":0,"_uf_disable_surveys":false,"site-sidebar-layout":"default","site-content-layout":"","ast-site-content-layout":"default","site-content-style":"default","site-sidebar-style":"default","ast-global-header-display":"","ast-banner-title-visibility":"","ast-main-header-display":"","ast-hfb-above-header-display":"","ast-hfb-below-header-display":"","ast-hfb-mobile-header-display":"","site-post-title":"","ast-breadcrumbs-content":"","ast-featured-img":"","footer-sml-layout":"","ast-disable-related-posts":"","theme-transparent-header-meta":"default","adv-header-id-meta":"","stick-header-meta":"","header-above-stick-meta":"","header-main-stick-meta":"","header-below-stick-meta":"","astra-migrate-meta-layouts":"set","ast-page-background-enabled":"default","ast-page-background-meta":{"desktop":{"background-color":"","background-image":"","background-repeat":"repeat","background-position":"center center","background-size":"auto","background-attachment":"scroll","background-type":"","background-media":"","overlay-type":"","overlay-color":"","overlay-opacity":"","overlay-gradient":""},"tablet":{"background-color":"","background-image":"","background-repeat":"repeat","background-position":"center center","background-size":"auto","background-attachment":"scroll","background-type":"","background-media":"","overlay-type":"","overlay-color":"","overlay-opacity":"","overlay-gradient":""},"mobile":{"background-color":"","background-image":"","background-repeat":"repeat","background-position":"center center","background-size":"auto","background-attachment":"scroll","background-type":"","background-media":"","overlay-type":"","overlay-color":"","overlay-opacity":"","overlay-gradient":""}},"ast-content-background-meta":{"desktop":{"background-color":"var(--ast-global-color-5)","background-image":"","background-repeat":"repeat","background-position":"center center","background-size":"auto","background-attachment":"scroll","background-type":"","background-media":"","overlay-type":"","overlay-color":"","overlay-opacity":"","overlay-gradient":""},"tablet":{"background-color":"var(--ast-global-color-5)","background-image":"","background-repeat":"repeat","background-position":"center center","background-size":"auto","background-attachment":"scroll","background-type":"","background-media":"","overlay-type":"","overlay-color":"","overlay-opacity":"","overlay-gradient":""},"mobile":{"background-color":"var(--ast-global-color-5)","background-image":"","background-repeat":"repeat","background-position":"center center","background-size":"auto","background-attachment":"scroll","background-type":"","background-media":"","overlay-type":"","overlay-color":"","overlay-opacity":"","overlay-gradient":""}}},"product_brand":[3317],"product_cat":[3378],"product_tag":[3385],"class_list":{"0":"post-24036","1":"product","2":"type-product","3":"status-publish","4":"has-post-thumbnail","6":"product_brand-luigino","7":"product_cat-non-categorise","8":"product_tag-en-ligne","9":"desktop-align-left","10":"tablet-align-left","11":"mobile-align-left","13":"first","14":"instock","15":"taxable","16":"shipping-taxable","17":"purchasable","18":"product-type-simple"},"acf":[],"_links":{"self":[{"href":"https:\/\/ztsports.com\/fr\/wp-json\/wp\/v2\/product\/24036","targetHints":{"allow":["GET"]}}],"collection":[{"href":"https:\/\/ztsports.com\/fr\/wp-json\/wp\/v2\/product"}],"about":[{"href":"https:\/\/ztsports.com\/fr\/wp-json\/wp\/v2\/types\/product"}],"replies":[{"embeddable":true,"href":"https:\/\/ztsports.com\/fr\/wp-json\/wp\/v2\/comments?post=24036"}],"version-history":[{"count":1,"href":"https:\/\/ztsports.com\/fr\/wp-json\/wp\/v2\/product\/24036\/revisions"}],"predecessor-version":[{"id":24037,"href":"https:\/\/ztsports.com\/fr\/wp-json\/wp\/v2\/product\/24036\/revisions\/24037"}],"wp:featuredmedia":[{"embeddable":true,"href":"https:\/\/ztsports.com\/fr\/wp-json\/wp\/v2\/media\/21757"}],"wp:attachment":[{"href":"https:\/\/ztsports.com\/fr\/wp-json\/wp\/v2\/media?parent=24036"}],"wp:term":[{"taxonomy":"product_brand","embeddable":true,"href":"https:\/\/ztsports.com\/fr\/wp-json\/wp\/v2\/product_brand?post=24036"},{"taxonomy":"product_cat","embeddable":true,"href":"https:\/\/ztsports.com\/fr\/wp-json\/wp\/v2\/product_cat?post=24036"},{"taxonomy":"product_tag","embeddable":true,"href":"https:\/\/ztsports.com\/fr\/wp-json\/wp\/v2\/product_tag?post=24036"}],"curies":[{"name":"wp","href":"https:\/\/api.w.org\/{rel}","templated":true}]}}