{"id":24034,"date":"2021-09-23T02:35:55","date_gmt":"2021-09-23T02:35:55","guid":{"rendered":"https:\/\/ztsports.com\/?post_type=product&#038;p=24034"},"modified":"2026-03-10T10:35:26","modified_gmt":"2026-03-10T10:35:26","slug":"luigino-p-51-pilot-featherweight-3x110-1x100","status":"publish","type":"product","link":"https:\/\/ztsports.com\/fr\/store\/luigino-p-51-pilot-featherweight-3x110-1x100\/","title":{"rendered":"Luigino P-51 Pilot Featherweight 3X110 1&#215;100"},"content":{"rendered":"<h2>Luigino P-51 Pilot Featherweight 3X110 1&#215;100 Low Profile<\/h2>\n<p>Le cadre de vitesse Luigino P-51 Pilot Featherweight est de loin le cadre le plus solide et r\u00e9sistant jamais fabriqu\u00e9 par Luigino. De plus, avec le Featherweight, le P-51 Pilot existant a \u00e9t\u00e9 all\u00e9g\u00e9 de mani\u00e8re \u00e9tonnante de 33 grammes (cadre Low Profile 12,90&#8243; 3&#215;110 1&#215;100).<\/p>\n<p>Le P-51 Pilot Featherweight reste cependant rigide, car aucun pont ni renfort n\u2019a \u00e9t\u00e9 retir\u00e9 tout en garantissant une \u00e9paisseur coh\u00e9rente des parois, des renforts et de la plateforme.<\/p>\n<p>Hi-Low Pro<\/p>\n<p>Taille disponible : 12,9 3X110 1&#215;100 Low Profile 195 mount | 224 g<\/p>\n<p>Pilot &#8211; P51-Featherweight design am\u00e9lior\u00e9 !<\/p>\n<p>Un petit d\u00e9tail qui distingue le cadre Featherweight des autres ? La finition Gun-metal Polish ! Avec ce nouveau look, Luigino a augment\u00e9 la r\u00e9sistance gr\u00e2ce \u00e0 une conception et des mat\u00e9riaux am\u00e9lior\u00e9s. Ils ont retir\u00e9 la fen\u00eatre encastr\u00e9e, renfor\u00e7ant l\u2019arche pour garantir des points solides.<\/p>\n<p><b>Tailles de cadres P-51 Featherweight :<\/b><\/p>\n<ul>\n<li>12,00-4X100-165\/195mnt<\/li>\n<li>12,40 4&#215;100 195 mt<\/li>\n<li>13,20-4X110-195mnt<\/li>\n<\/ul>\n<p><b>Caract\u00e9ristiques :<\/b><\/p>\n<ul>\n<li>Mat\u00e9riau du cadre : alliage d\u2019aluminium a\u00e9ronautique 7000 T6<\/li>\n<li>Distance de montage des chaussures : 195 mm<\/li>\n<li>Hauteur avant de la plateforme : 45,5 mm<\/li>\n<li>Hauteur arri\u00e8re de la plateforme : 56,5 mm<\/li>\n<li>Fabrication du cadre : extrusion double vide usin\u00e9e CNC<\/li>\n<li>Finition du cadre : gris Gunmetal<\/li>\n<\/ul>\n<p>Le Pilot a connu un grand succ\u00e8s au fil des ann\u00e9es, remportant de nombreux titres mondiaux ainsi que d\u2019innombrables marathons et championnats en salle. Les cadres Pilot Racing continuent d\u2019innover et d\u2019\u00e9voluer comme l\u2019un des meilleurs cadres de course au monde.<\/p>\n<p>Enfin, d\u00e9couvrez tous nos <a href=\"https:\/\/ztsports.com\/product-category\/frames\/\"><strong>cadres Inline ici<\/strong><\/a>.<\/p>\n","protected":false},"excerpt":{"rendered":"<p>Luigino P-51 Pilot Featherweight 3X110 1&#215;100 Low Profile Le cadre de vitesse Luigino P-51 Pilot Featherweight est de loin le cadre le plus solide et r\u00e9sistant jamais fabriqu\u00e9 par Luigino. De plus, avec le Featherweight, le P-51 Pilot existant a \u00e9t\u00e9 all\u00e9g\u00e9 de mani\u00e8re \u00e9tonnante de 33 grammes (cadre Low Profile 12,90&#8243; 3&#215;110 1&#215;100). Le [&hellip;]<\/p>\n","protected":false},"featured_media":24031,"comment_status":"open","ping_status":"closed","template":"","meta":{"_acf_changed":false,"_monsterinsights_skip_tracking":false,"_monsterinsights_sitenote_active":false,"_monsterinsights_sitenote_note":"","_monsterinsights_sitenote_category":0,"_uf_show_specific_survey":0,"_uf_disable_surveys":false,"site-sidebar-layout":"default","site-content-layout":"","ast-site-content-layout":"default","site-content-style":"default","site-sidebar-style":"default","ast-global-header-display":"","ast-banner-title-visibility":"","ast-main-header-display":"","ast-hfb-above-header-display":"","ast-hfb-below-header-display":"","ast-hfb-mobile-header-display":"","site-post-title":"","ast-breadcrumbs-content":"","ast-featured-img":"","footer-sml-layout":"","ast-disable-related-posts":"","theme-transparent-header-meta":"default","adv-header-id-meta":"","stick-header-meta":"","header-above-stick-meta":"","header-main-stick-meta":"","header-below-stick-meta":"","astra-migrate-meta-layouts":"set","ast-page-background-enabled":"default","ast-page-background-meta":{"desktop":{"background-color":"","background-image":"","background-repeat":"repeat","background-position":"center center","background-size":"auto","background-attachment":"scroll","background-type":"","background-media":"","overlay-type":"","overlay-color":"","overlay-opacity":"","overlay-gradient":""},"tablet":{"background-color":"","background-image":"","background-repeat":"repeat","background-position":"center center","background-size":"auto","background-attachment":"scroll","background-type":"","background-media":"","overlay-type":"","overlay-color":"","overlay-opacity":"","overlay-gradient":""},"mobile":{"background-color":"","background-image":"","background-repeat":"repeat","background-position":"center center","background-size":"auto","background-attachment":"scroll","background-type":"","background-media":"","overlay-type":"","overlay-color":"","overlay-opacity":"","overlay-gradient":""}},"ast-content-background-meta":{"desktop":{"background-color":"var(--ast-global-color-5)","background-image":"","background-repeat":"repeat","background-position":"center center","background-size":"auto","background-attachment":"scroll","background-type":"","background-media":"","overlay-type":"","overlay-color":"","overlay-opacity":"","overlay-gradient":""},"tablet":{"background-color":"var(--ast-global-color-5)","background-image":"","background-repeat":"repeat","background-position":"center center","background-size":"auto","background-attachment":"scroll","background-type":"","background-media":"","overlay-type":"","overlay-color":"","overlay-opacity":"","overlay-gradient":""},"mobile":{"background-color":"var(--ast-global-color-5)","background-image":"","background-repeat":"repeat","background-position":"center center","background-size":"auto","background-attachment":"scroll","background-type":"","background-media":"","overlay-type":"","overlay-color":"","overlay-opacity":"","overlay-gradient":""}}},"product_brand":[3317],"product_cat":[3378],"product_tag":[],"class_list":{"0":"post-24034","1":"product","2":"type-product","3":"status-publish","4":"has-post-thumbnail","6":"product_brand-luigino","7":"product_cat-non-categorise","8":"desktop-align-left","9":"tablet-align-left","10":"mobile-align-left","12":"first","13":"instock","14":"taxable","15":"shipping-taxable","16":"purchasable","17":"product-type-simple"},"acf":[],"_links":{"self":[{"href":"https:\/\/ztsports.com\/fr\/wp-json\/wp\/v2\/product\/24034","targetHints":{"allow":["GET"]}}],"collection":[{"href":"https:\/\/ztsports.com\/fr\/wp-json\/wp\/v2\/product"}],"about":[{"href":"https:\/\/ztsports.com\/fr\/wp-json\/wp\/v2\/types\/product"}],"replies":[{"embeddable":true,"href":"https:\/\/ztsports.com\/fr\/wp-json\/wp\/v2\/comments?post=24034"}],"version-history":[{"count":1,"href":"https:\/\/ztsports.com\/fr\/wp-json\/wp\/v2\/product\/24034\/revisions"}],"predecessor-version":[{"id":24035,"href":"https:\/\/ztsports.com\/fr\/wp-json\/wp\/v2\/product\/24034\/revisions\/24035"}],"wp:featuredmedia":[{"embeddable":true,"href":"https:\/\/ztsports.com\/fr\/wp-json\/wp\/v2\/media\/24031"}],"wp:attachment":[{"href":"https:\/\/ztsports.com\/fr\/wp-json\/wp\/v2\/media?parent=24034"}],"wp:term":[{"taxonomy":"product_brand","embeddable":true,"href":"https:\/\/ztsports.com\/fr\/wp-json\/wp\/v2\/product_brand?post=24034"},{"taxonomy":"product_cat","embeddable":true,"href":"https:\/\/ztsports.com\/fr\/wp-json\/wp\/v2\/product_cat?post=24034"},{"taxonomy":"product_tag","embeddable":true,"href":"https:\/\/ztsports.com\/fr\/wp-json\/wp\/v2\/product_tag?post=24034"}],"curies":[{"name":"wp","href":"https:\/\/api.w.org\/{rel}","templated":true}]}}