{"id":24029,"date":"2021-09-23T02:35:56","date_gmt":"2021-09-23T02:35:56","guid":{"rendered":"https:\/\/ztsports.com\/?post_type=product&#038;p=24029"},"modified":"2026-03-13T09:47:28","modified_gmt":"2026-03-13T09:47:28","slug":"triggerpoint-mobility-pack-rollermb1grid-strap-new","status":"publish","type":"product","link":"https:\/\/ztsports.com\/fr\/store\/triggerpoint-mobility-pack-rollermb1grid-strap-new\/","title":{"rendered":"TriggerPoint Mobility Pack\/Roller,MB1,Grid Strap NEW"},"content":{"rendered":"<h2 class=\"product_title entry-title\">Pack Mobilit\u00e9 TriggerPoint : Rouleau en Mousse GRID, Boule de Massage MB1 et Sangle GRID<\/h2>\n<p>Le Pack Mobilit\u00e9 TriggerPoint comprend notre rouleau creux original, le GRID\u00ae, la boule de massage MB1\u00ae et la sangle GRID pour un soulagement portable et pratique des groupes musculaires grands et petits, difficiles \u00e0 atteindre.<\/p>\n<ul>\n<li>Le kit d\u2019auto-massage TriggerPoint comprend le rouleau en mousse GRID original avec sangle GRID et une boule de massage MB1<\/li>\n<li>Le rouleau en mousse brevet\u00e9 pr\u00e9sente un ext\u00e9rieur \u00e0 densit\u00e9 multiple construit sur un noyau creux rigide pour masser les muscles tendus et les n\u0153uds, r\u00e9duire les douleurs et am\u00e9liorer la mobilit\u00e9<\/li>\n<li>La boule de massage MB1 de 2,5 pouces offre une compression directe et profonde pour un soulagement rapide des douleurs, courbatures et fatigue musculaire<\/li>\n<li>La sangle GRID avec logo se boucle \u00e0 travers le noyau creux du rouleau pour un transport facile au gymnase ou en studio<\/li>\n<li>Le rouleau en mousse mesure 33 x 14 cm, limite de poids de 227 kg ; la MB1 a un diam\u00e8tre de 6,3 cm et p\u00e8se 34 g ; garantie fabricant d\u2019un an<\/li>\n<\/ul>\n<h4>\u00c0 utiliser pour g\u00e9rer les douleurs et courbatures mineures<\/h4>\n<h5 class=\"style-scope ytd-watch-metadata\"><a href=\"https:\/\/www.youtube.com\/watch?v=H7rAheJiAms\" target=\"_blank\" rel=\"noopener\"><strong>Findley Comment utiliser : TriggerPoint<\/strong><\/a> Rouleau en Mousse GRID 2.0<\/h5>\n<p>Enfin, d\u00e9couvrez tous nos <a href=\"https:\/\/ztsports.com\/fr\/product-category\/aides-a-lentrainement\/\"><strong>accessoires d\u2019entra\u00eenement ici<\/strong><\/a>.<\/p>\n","protected":false},"excerpt":{"rendered":"<p>Pack Mobilit\u00e9 TriggerPoint : Rouleau en Mousse GRID, Boule de Massage MB1 et Sangle GRID Le Pack Mobilit\u00e9 TriggerPoint comprend notre rouleau creux original, le GRID\u00ae, la boule de massage MB1\u00ae et la sangle GRID pour un soulagement portable et pratique des groupes musculaires grands et petits, difficiles \u00e0 atteindre. Le kit d\u2019auto-massage TriggerPoint comprend [&hellip;]<\/p>\n","protected":false},"featured_media":24024,"comment_status":"open","ping_status":"closed","template":"","meta":{"_acf_changed":false,"_monsterinsights_skip_tracking":false,"_monsterinsights_sitenote_active":false,"_monsterinsights_sitenote_note":"","_monsterinsights_sitenote_category":0,"_uf_show_specific_survey":0,"_uf_disable_surveys":false,"site-sidebar-layout":"default","site-content-layout":"","ast-site-content-layout":"default","site-content-style":"default","site-sidebar-style":"default","ast-global-header-display":"","ast-banner-title-visibility":"","ast-main-header-display":"","ast-hfb-above-header-display":"","ast-hfb-below-header-display":"","ast-hfb-mobile-header-display":"","site-post-title":"","ast-breadcrumbs-content":"","ast-featured-img":"","footer-sml-layout":"","ast-disable-related-posts":"","theme-transparent-header-meta":"default","adv-header-id-meta":"","stick-header-meta":"","header-above-stick-meta":"","header-main-stick-meta":"","header-below-stick-meta":"","astra-migrate-meta-layouts":"set","ast-page-background-enabled":"default","ast-page-background-meta":{"desktop":{"background-color":"","background-image":"","background-repeat":"repeat","background-position":"center center","background-size":"auto","background-attachment":"scroll","background-type":"","background-media":"","overlay-type":"","overlay-color":"","overlay-opacity":"","overlay-gradient":""},"tablet":{"background-color":"","background-image":"","background-repeat":"repeat","background-position":"center center","background-size":"auto","background-attachment":"scroll","background-type":"","background-media":"","overlay-type":"","overlay-color":"","overlay-opacity":"","overlay-gradient":""},"mobile":{"background-color":"","background-image":"","background-repeat":"repeat","background-position":"center center","background-size":"auto","background-attachment":"scroll","background-type":"","background-media":"","overlay-type":"","overlay-color":"","overlay-opacity":"","overlay-gradient":""}},"ast-content-background-meta":{"desktop":{"background-color":"var(--ast-global-color-5)","background-image":"","background-repeat":"repeat","background-position":"center center","background-size":"auto","background-attachment":"scroll","background-type":"","background-media":"","overlay-type":"","overlay-color":"","overlay-opacity":"","overlay-gradient":""},"tablet":{"background-color":"var(--ast-global-color-5)","background-image":"","background-repeat":"repeat","background-position":"center center","background-size":"auto","background-attachment":"scroll","background-type":"","background-media":"","overlay-type":"","overlay-color":"","overlay-opacity":"","overlay-gradient":""},"mobile":{"background-color":"var(--ast-global-color-5)","background-image":"","background-repeat":"repeat","background-position":"center center","background-size":"auto","background-attachment":"scroll","background-type":"","background-media":"","overlay-type":"","overlay-color":"","overlay-opacity":"","overlay-gradient":""}}},"product_brand":[3279,3351],"product_cat":[4565,3380,3379,4577],"product_tag":[],"class_list":{"0":"post-24029","1":"product","2":"type-product","3":"status-publish","4":"has-post-thumbnail","6":"product_brand-base-360","7":"product_brand-triggerpoint","8":"product_cat-accessoires","9":"product_cat-aides-a-lentrainement","10":"product_cat-aides-au-coaching-et-a-lentrainement","11":"product_cat-cadeaux","12":"desktop-align-left","13":"tablet-align-left","14":"mobile-align-left","16":"first","17":"instock","18":"sale","19":"taxable","20":"shipping-taxable","21":"purchasable","22":"product-type-simple"},"acf":[],"_links":{"self":[{"href":"https:\/\/ztsports.com\/fr\/wp-json\/wp\/v2\/product\/24029","targetHints":{"allow":["GET"]}}],"collection":[{"href":"https:\/\/ztsports.com\/fr\/wp-json\/wp\/v2\/product"}],"about":[{"href":"https:\/\/ztsports.com\/fr\/wp-json\/wp\/v2\/types\/product"}],"replies":[{"embeddable":true,"href":"https:\/\/ztsports.com\/fr\/wp-json\/wp\/v2\/comments?post=24029"}],"version-history":[{"count":2,"href":"https:\/\/ztsports.com\/fr\/wp-json\/wp\/v2\/product\/24029\/revisions"}],"predecessor-version":[{"id":24618,"href":"https:\/\/ztsports.com\/fr\/wp-json\/wp\/v2\/product\/24029\/revisions\/24618"}],"wp:featuredmedia":[{"embeddable":true,"href":"https:\/\/ztsports.com\/fr\/wp-json\/wp\/v2\/media\/24024"}],"wp:attachment":[{"href":"https:\/\/ztsports.com\/fr\/wp-json\/wp\/v2\/media?parent=24029"}],"wp:term":[{"taxonomy":"product_brand","embeddable":true,"href":"https:\/\/ztsports.com\/fr\/wp-json\/wp\/v2\/product_brand?post=24029"},{"taxonomy":"product_cat","embeddable":true,"href":"https:\/\/ztsports.com\/fr\/wp-json\/wp\/v2\/product_cat?post=24029"},{"taxonomy":"product_tag","embeddable":true,"href":"https:\/\/ztsports.com\/fr\/wp-json\/wp\/v2\/product_tag?post=24029"}],"curies":[{"name":"wp","href":"https:\/\/api.w.org\/{rel}","templated":true}]}}