{"id":24017,"date":"2021-09-23T02:35:58","date_gmt":"2021-09-23T02:35:58","guid":{"rendered":"https:\/\/ztsports.com\/?post_type=product&#038;p=24017"},"modified":"2026-04-06T22:10:29","modified_gmt":"2026-04-06T22:10:29","slug":"agility-speed-ladder-with-carry-bag","status":"publish","type":"product","link":"https:\/\/ztsports.com\/fr\/store\/agility-speed-ladder-with-carry-bag\/","title":{"rendered":"Agility Speed Ladder with Carry Bag 15ft 10 Rung"},"content":{"rendered":"<h2><strong>\u00c9chelle d\u2019Agilit\u00e9 avec Sac de Transport 15ft &#8211; 10 Barreaux<\/strong><\/h2>\n<h5 class=\"serp-title\"><mark>Agility Speed Ladder<\/mark><\/h5>\n<p>L\u2019\u00c9chelle d\u2019Agilit\u00e9 augmentera votre vitesse et votre agilit\u00e9 gr\u00e2ce \u00e0 l\u2019entra\u00eenement avec la Quick Agility Ladder. Pr\u00e9parer votre corps \u00e0 la comp\u00e9tition n\u00e9cessite un entra\u00eenement constant du rythme, du timing et du jeu de jambes.<\/p>\n<p>Les athl\u00e8tes souhaitant am\u00e9liorer leur capacit\u00e9 \u00e0 changer rapidement de direction b\u00e9n\u00e9ficieront particuli\u00e8rement de l\u2019entra\u00eenement avec cette \u00e9chelle d\u2019agilit\u00e9.<\/p>\n<p>Que vous soyez en pr\u00e9-saison, en saison ou hors saison, vous pouvez vous entra\u00eener seul \u00e0 la maison ou avec votre \u00e9quipe sur le terrain pour am\u00e9liorer votre jeu de jambes et votre vitesse multidirectionnelle.<\/p>\n<p>Engagez-vous dans des s\u00e9ances \u00e0 haute intensit\u00e9 avec cette \u00e9chelle polyvalente et portable pour am\u00e9liorer votre agilit\u00e9 et votre rapidit\u00e9.<\/p>\n<h4>Am\u00e9liorez votre premier pas<\/h4>\n<p>Dans la plupart des sports, votre premier pas est crucial pour la performance. La rapidit\u00e9 de ce premier pas fait partie de l\u2019acc\u00e9l\u00e9ration. Qu\u2019il s\u2019agisse de vitesse lin\u00e9aire ou multidirectionnelle, votre capacit\u00e9 \u00e0 r\u00e9agir rapidement \u00e0 un stimulus est primordiale.<\/p>\n<p>Le temps de r\u00e9action est gouvern\u00e9 par votre syst\u00e8me nerveux. L\u2019un des meilleurs outils pour activer ce m\u00e9canisme de r\u00e9ponse rapide est la Quick Agility Ladder (<mark>Agility Speed Ladder)<\/mark>.<\/p>\n<ul>\n<li>Am\u00e9liore l\u2019acc\u00e9l\u00e9ration, la vitesse lat\u00e9rale et le changement de direction<\/li>\n<li>Am\u00e9liore la rapidit\u00e9 gr\u00e2ce \u00e0 un rythme plus rapide du pied et de la lev\u00e9e<\/li>\n<li>D\u00e9veloppe les comp\u00e9tences essentielles pour am\u00e9liorer l\u2019\u00e9quilibre, le rythme et le contr\u00f4le corporel<\/li>\n<li>10 barreaux en plastique robuste pour un entra\u00eenement intensif<\/li>\n<li>Le pack comprend : \u00e9chelle \u00e0 barreaux plats, piquets de sol, sac de transport et guide d\u2019entra\u00eenement<\/li>\n<\/ul>\n<p>Enfin, d\u00e9couvrez ces vid\u00e9os utiles pour des exercices avec l\u2019\u00e9chelle : (<mark>Agility Speed Ladder)<\/mark><\/p>\n<ul>\n<li><a href=\"https:\/\/www.youtube.com\/watch?v=9ZTRUVLjGzI&amp;t=394s\" target=\"_blank\" rel=\"noopener\"><strong>10 Exercices avec l\u2019\u00c9chelle d\u2019Agilit\u00e9 pour rapidit\u00e9 et jeu de jambes<\/strong><\/a><\/li>\n<li><a href=\"https:\/\/www.youtube.com\/watch?app=desktop&amp;v=4taYjKlmihU\" target=\"_blank\" rel=\"noopener\"><strong>Exercices rapides et agilit\u00e9 | Performance vitesse et agilit\u00e9<\/strong><\/a><\/li>\n<\/ul>\n<p>D\u00e9couvrez \u00e9galement tous nos <a href=\"https:\/\/ztsports.com\/fr\/product-category\/aides-a-lentrainement\/\"><strong>accessoires d\u2019entra\u00eenement et aides pour entra\u00eeneurs<\/strong><\/a>.<\/p>\n","protected":false},"excerpt":{"rendered":"<p>\u00c9chelle d\u2019Agilit\u00e9 avec Sac de Transport 15ft &#8211; 10 Barreaux Agility Speed Ladder L\u2019\u00c9chelle d\u2019Agilit\u00e9 augmentera votre vitesse et votre agilit\u00e9 gr\u00e2ce \u00e0 l\u2019entra\u00eenement avec la Quick Agility Ladder. Pr\u00e9parer votre corps \u00e0 la comp\u00e9tition n\u00e9cessite un entra\u00eenement constant du rythme, du timing et du jeu de jambes. Les athl\u00e8tes souhaitant am\u00e9liorer leur capacit\u00e9 \u00e0 [&hellip;]<\/p>\n","protected":false},"featured_media":24009,"comment_status":"open","ping_status":"closed","template":"","meta":{"_acf_changed":false,"_monsterinsights_skip_tracking":false,"_monsterinsights_sitenote_active":false,"_monsterinsights_sitenote_note":"","_monsterinsights_sitenote_category":0,"_uf_show_specific_survey":0,"_uf_disable_surveys":false,"site-sidebar-layout":"default","site-content-layout":"","ast-site-content-layout":"default","site-content-style":"default","site-sidebar-style":"default","ast-global-header-display":"","ast-banner-title-visibility":"","ast-main-header-display":"","ast-hfb-above-header-display":"","ast-hfb-below-header-display":"","ast-hfb-mobile-header-display":"","site-post-title":"","ast-breadcrumbs-content":"","ast-featured-img":"","footer-sml-layout":"","ast-disable-related-posts":"","theme-transparent-header-meta":"default","adv-header-id-meta":"","stick-header-meta":"","header-above-stick-meta":"","header-main-stick-meta":"","header-below-stick-meta":"","astra-migrate-meta-layouts":"set","ast-page-background-enabled":"default","ast-page-background-meta":{"desktop":{"background-color":"","background-image":"","background-repeat":"repeat","background-position":"center center","background-size":"auto","background-attachment":"scroll","background-type":"","background-media":"","overlay-type":"","overlay-color":"","overlay-opacity":"","overlay-gradient":""},"tablet":{"background-color":"","background-image":"","background-repeat":"repeat","background-position":"center center","background-size":"auto","background-attachment":"scroll","background-type":"","background-media":"","overlay-type":"","overlay-color":"","overlay-opacity":"","overlay-gradient":""},"mobile":{"background-color":"","background-image":"","background-repeat":"repeat","background-position":"center center","background-size":"auto","background-attachment":"scroll","background-type":"","background-media":"","overlay-type":"","overlay-color":"","overlay-opacity":"","overlay-gradient":""}},"ast-content-background-meta":{"desktop":{"background-color":"var(--ast-global-color-5)","background-image":"","background-repeat":"repeat","background-position":"center center","background-size":"auto","background-attachment":"scroll","background-type":"","background-media":"","overlay-type":"","overlay-color":"","overlay-opacity":"","overlay-gradient":""},"tablet":{"background-color":"var(--ast-global-color-5)","background-image":"","background-repeat":"repeat","background-position":"center center","background-size":"auto","background-attachment":"scroll","background-type":"","background-media":"","overlay-type":"","overlay-color":"","overlay-opacity":"","overlay-gradient":""},"mobile":{"background-color":"var(--ast-global-color-5)","background-image":"","background-repeat":"repeat","background-position":"center center","background-size":"auto","background-attachment":"scroll","background-type":"","background-media":"","overlay-type":"","overlay-color":"","overlay-opacity":"","overlay-gradient":""}}},"product_brand":[3279,3303,3339],"product_cat":[4565,3380,3379,4577],"product_tag":[],"class_list":{"0":"post-24017","1":"product","2":"type-product","3":"status-publish","4":"has-post-thumbnail","6":"product_brand-base-360","7":"product_brand-gofit","8":"product_brand-sklz","9":"product_cat-accessoires","10":"product_cat-aides-a-lentrainement","11":"product_cat-aides-au-coaching-et-a-lentrainement","12":"product_cat-cadeaux","13":"desktop-align-left","14":"tablet-align-left","15":"mobile-align-left","17":"first","18":"instock","19":"sale","20":"taxable","21":"shipping-taxable","22":"purchasable","23":"product-type-simple"},"acf":[],"_links":{"self":[{"href":"https:\/\/ztsports.com\/fr\/wp-json\/wp\/v2\/product\/24017","targetHints":{"allow":["GET"]}}],"collection":[{"href":"https:\/\/ztsports.com\/fr\/wp-json\/wp\/v2\/product"}],"about":[{"href":"https:\/\/ztsports.com\/fr\/wp-json\/wp\/v2\/types\/product"}],"replies":[{"embeddable":true,"href":"https:\/\/ztsports.com\/fr\/wp-json\/wp\/v2\/comments?post=24017"}],"version-history":[{"count":5,"href":"https:\/\/ztsports.com\/fr\/wp-json\/wp\/v2\/product\/24017\/revisions"}],"predecessor-version":[{"id":25126,"href":"https:\/\/ztsports.com\/fr\/wp-json\/wp\/v2\/product\/24017\/revisions\/25126"}],"wp:featuredmedia":[{"embeddable":true,"href":"https:\/\/ztsports.com\/fr\/wp-json\/wp\/v2\/media\/24009"}],"wp:attachment":[{"href":"https:\/\/ztsports.com\/fr\/wp-json\/wp\/v2\/media?parent=24017"}],"wp:term":[{"taxonomy":"product_brand","embeddable":true,"href":"https:\/\/ztsports.com\/fr\/wp-json\/wp\/v2\/product_brand?post=24017"},{"taxonomy":"product_cat","embeddable":true,"href":"https:\/\/ztsports.com\/fr\/wp-json\/wp\/v2\/product_cat?post=24017"},{"taxonomy":"product_tag","embeddable":true,"href":"https:\/\/ztsports.com\/fr\/wp-json\/wp\/v2\/product_tag?post=24017"}],"curies":[{"name":"wp","href":"https:\/\/api.w.org\/{rel}","templated":true}]}}