{"id":24007,"date":"2021-09-23T02:35:58","date_gmt":"2021-09-23T02:35:58","guid":{"rendered":"https:\/\/ztsports.com\/?post_type=product&#038;p=24007"},"modified":"2026-03-13T09:45:55","modified_gmt":"2026-03-13T09:45:55","slug":"orbite-360-exerciser-pair-core-dryland-trainer-new","status":"publish","type":"product","link":"https:\/\/ztsports.com\/fr\/store\/orbite-360-exerciser-pair-core-dryland-trainer-new\/","title":{"rendered":"ORBITE 360 Exerciser (Pair) Core Dryland Trainer New"},"content":{"rendered":"<h1><strong>Core Dryland Trainer (PAIRE)<\/strong><\/h1>\n<p>L\u2019ORBITE 360 Exerciser est vendu par paire. Ces appareils permettent de renforcer le groupe musculaire abdominal, tr\u00e8s sollicit\u00e9 chez les patineurs de vitesse. C\u2019est un outil innovant qui offre des r\u00e9sultats rapides et remarquables sans surcharger l\u2019entra\u00eenement. Travaillez avec le neurostimulateur et d\u00e9veloppez vos muscles stabilisateurs. Quelques s\u00e9ances suffisent pour constater une diff\u00e9rence. C\u2019est \u00e9galement un outil qui vous donnera un avantage certain.<\/p>\n<h3>Un programme pour chaque partie du corps<\/h3>\n<p>Le syst\u00e8me d\u2019entra\u00eenement ORBITE 360 Exerciser propose un <strong>r\u00e9pertoire d\u2019exercices qui sollicite tout le corps<\/strong> : membres sup\u00e9rieurs, ceinture abdominale et membres inf\u00e9rieurs. Les mouvements propos\u00e9s d\u00e9veloppent l\u2019amplitude articulaire, la mobilit\u00e9, la stabilit\u00e9, le contr\u00f4le moteur et la r\u00e9partition de la force dans les membres.<\/p>\n<p>Le r\u00e9pertoire des mouvements est divis\u00e9 en cat\u00e9gories ; pour chaque cat\u00e9gorie, les num\u00e9ros les plus bas correspondent aux mouvements les plus simples, les plus \u00e9lev\u00e9s aux mouvements complexes. Chaque mouvement est identifi\u00e9 selon un niveau d\u2019ex\u00e9cution : d\u00e9butant, interm\u00e9diaire, avanc\u00e9 et olympique.<\/p>\n<p>Avant de commencer un programme, explorez le r\u00e9pertoire pour vous familiariser avec les diff\u00e9rentes familles de mouvements et leurs crit\u00e8res d\u2019ex\u00e9cution.<\/p>\n<p><strong>Plus de cent vid\u00e9os ORBITE 360 Exerciser sont \u00e0 votre disposition.<\/strong> Cela vous permettra de choisir le <strong>programme le mieux adapt\u00e9 \u00e0 vos besoins.<\/strong><\/p>\n<p>Assurez-vous d\u2019avoir suffisamment d\u2019espace pour ex\u00e9cuter vos mouvements. Mis \u00e0 part les sensations de travail musculaire, <strong>vous ne devez pas ressentir de douleur<\/strong>. Si la douleur survient, n\u2019h\u00e9sitez pas \u00e0 consulter un professionnel de sant\u00e9.<\/p>\n<h4><strong>Remettez-vous en forme et progressez tout en vous amusant !<\/strong><\/h4>\n<ul>\n<li>Travaille votre force et votre souplesse<\/li>\n<li>Am\u00e9liore votre \u00e9quilibre et votre coordination<\/li>\n<li>Efficace sur les muscles stabilisateurs<\/li>\n<li>Aide \u00e0 d\u00e9velopper la tonicit\u00e9 et contribue \u00e0 la perte de poids (associ\u00e9 \u00e0 une alimentation saine)<\/li>\n<\/ul>\n<p>+ L\u2019Orbite 360\u2122 est livr\u00e9 avec des programmes d\u2019entra\u00eenement en ligne gratuits pour des r\u00e9sultats optimaux.<\/p>\n<p>+ Emportez vos Orbite 360\u2122 au bureau ou en vacances et poursuivez votre entra\u00eenement PARTOUT avec vous !<\/p>\n<p>Convient \u00e0 tous les niveaux : D\u00e9butants \u2013 Athl\u00e8tes \u2013 Professionnels<\/p>\n<p>Convient \u00e0 tous \u00e0 partir de 12 ans.<\/p>\n<p><strong>Garantie 5 ans<\/strong><\/p>\n<p>Pour voir un <a href=\"https:\/\/www.youtube.com\/watch?v=TF7Gp8-DOSs&amp;t=10s\" target=\"_blank\" rel=\"noopener\"><strong>vid\u00e9o de l\u2019ORBITE 360<\/strong><\/a> avec des exemples de drills et d\u2019exercices.<\/p>\n<p>D\u00e9couvrez \u00e9galement tous nos <a href=\"https:\/\/ztsports.com\/fr\/product-category\/aides-a-lentrainement\/\"><strong>accessoires d\u2019entra\u00eenement et aides pour entra\u00eeneurs<\/strong><\/a>.<\/p>\n","protected":false},"excerpt":{"rendered":"<p>Core Dryland Trainer (PAIRE) L\u2019ORBITE 360 Exerciser est vendu par paire. Ces appareils permettent de renforcer le groupe musculaire abdominal, tr\u00e8s sollicit\u00e9 chez les patineurs de vitesse. C\u2019est un outil innovant qui offre des r\u00e9sultats rapides et remarquables sans surcharger l\u2019entra\u00eenement. Travaillez avec le neurostimulateur et d\u00e9veloppez vos muscles stabilisateurs. Quelques s\u00e9ances suffisent pour constater [&hellip;]<\/p>\n","protected":false},"featured_media":24003,"comment_status":"open","ping_status":"closed","template":"","meta":{"_acf_changed":false,"_monsterinsights_skip_tracking":false,"_monsterinsights_sitenote_active":false,"_monsterinsights_sitenote_note":"","_monsterinsights_sitenote_category":0,"_uf_show_specific_survey":0,"_uf_disable_surveys":false,"site-sidebar-layout":"default","site-content-layout":"","ast-site-content-layout":"default","site-content-style":"default","site-sidebar-style":"default","ast-global-header-display":"","ast-banner-title-visibility":"","ast-main-header-display":"","ast-hfb-above-header-display":"","ast-hfb-below-header-display":"","ast-hfb-mobile-header-display":"","site-post-title":"","ast-breadcrumbs-content":"","ast-featured-img":"","footer-sml-layout":"","ast-disable-related-posts":"","theme-transparent-header-meta":"default","adv-header-id-meta":"","stick-header-meta":"","header-above-stick-meta":"","header-main-stick-meta":"","header-below-stick-meta":"","astra-migrate-meta-layouts":"set","ast-page-background-enabled":"default","ast-page-background-meta":{"desktop":{"background-color":"","background-image":"","background-repeat":"repeat","background-position":"center center","background-size":"auto","background-attachment":"scroll","background-type":"","background-media":"","overlay-type":"","overlay-color":"","overlay-opacity":"","overlay-gradient":""},"tablet":{"background-color":"","background-image":"","background-repeat":"repeat","background-position":"center center","background-size":"auto","background-attachment":"scroll","background-type":"","background-media":"","overlay-type":"","overlay-color":"","overlay-opacity":"","overlay-gradient":""},"mobile":{"background-color":"","background-image":"","background-repeat":"repeat","background-position":"center center","background-size":"auto","background-attachment":"scroll","background-type":"","background-media":"","overlay-type":"","overlay-color":"","overlay-opacity":"","overlay-gradient":""}},"ast-content-background-meta":{"desktop":{"background-color":"var(--ast-global-color-5)","background-image":"","background-repeat":"repeat","background-position":"center center","background-size":"auto","background-attachment":"scroll","background-type":"","background-media":"","overlay-type":"","overlay-color":"","overlay-opacity":"","overlay-gradient":""},"tablet":{"background-color":"var(--ast-global-color-5)","background-image":"","background-repeat":"repeat","background-position":"center center","background-size":"auto","background-attachment":"scroll","background-type":"","background-media":"","overlay-type":"","overlay-color":"","overlay-opacity":"","overlay-gradient":""},"mobile":{"background-color":"var(--ast-global-color-5)","background-image":"","background-repeat":"repeat","background-position":"center center","background-size":"auto","background-attachment":"scroll","background-type":"","background-media":"","overlay-type":"","overlay-color":"","overlay-opacity":"","overlay-gradient":""}}},"product_brand":[3279],"product_cat":[3380,3379],"product_tag":[],"class_list":{"0":"post-24007","1":"product","2":"type-product","3":"status-publish","4":"has-post-thumbnail","6":"product_brand-base-360","7":"product_cat-aides-a-lentrainement","8":"product_cat-aides-au-coaching-et-a-lentrainement","9":"desktop-align-left","10":"tablet-align-left","11":"mobile-align-left","13":"first","14":"instock","15":"taxable","16":"shipping-taxable","17":"purchasable","18":"product-type-simple"},"acf":[],"_links":{"self":[{"href":"https:\/\/ztsports.com\/fr\/wp-json\/wp\/v2\/product\/24007","targetHints":{"allow":["GET"]}}],"collection":[{"href":"https:\/\/ztsports.com\/fr\/wp-json\/wp\/v2\/product"}],"about":[{"href":"https:\/\/ztsports.com\/fr\/wp-json\/wp\/v2\/types\/product"}],"replies":[{"embeddable":true,"href":"https:\/\/ztsports.com\/fr\/wp-json\/wp\/v2\/comments?post=24007"}],"version-history":[{"count":2,"href":"https:\/\/ztsports.com\/fr\/wp-json\/wp\/v2\/product\/24007\/revisions"}],"predecessor-version":[{"id":24616,"href":"https:\/\/ztsports.com\/fr\/wp-json\/wp\/v2\/product\/24007\/revisions\/24616"}],"wp:featuredmedia":[{"embeddable":true,"href":"https:\/\/ztsports.com\/fr\/wp-json\/wp\/v2\/media\/24003"}],"wp:attachment":[{"href":"https:\/\/ztsports.com\/fr\/wp-json\/wp\/v2\/media?parent=24007"}],"wp:term":[{"taxonomy":"product_brand","embeddable":true,"href":"https:\/\/ztsports.com\/fr\/wp-json\/wp\/v2\/product_brand?post=24007"},{"taxonomy":"product_cat","embeddable":true,"href":"https:\/\/ztsports.com\/fr\/wp-json\/wp\/v2\/product_cat?post=24007"},{"taxonomy":"product_tag","embeddable":true,"href":"https:\/\/ztsports.com\/fr\/wp-json\/wp\/v2\/product_tag?post=24007"}],"curies":[{"name":"wp","href":"https:\/\/api.w.org\/{rel}","templated":true}]}}