{"id":23991,"date":"2021-09-23T02:37:07","date_gmt":"2021-09-23T02:37:07","guid":{"rendered":"https:\/\/ztsports.com\/?post_type=product&#038;p=23991"},"modified":"2026-03-10T10:26:41","modified_gmt":"2026-03-10T10:26:41","slug":"race-glove-iii-garneau-louis-short-track","status":"publish","type":"product","link":"https:\/\/ztsports.com\/fr\/store\/race-glove-iii-garneau-louis-short-track\/","title":{"rendered":"RACE GLOVE III GARNEAU Louis Short Track"},"content":{"rendered":"<h1><strong>Race Glove III Garneau<\/strong><\/h1>\n<p>Le <strong>RACE GLOVE III GARNEAU<\/strong> est un gant id\u00e9al pour le patinage de vitesse sur piste courte.<\/p>\n<h4>D\u00e9tails :<\/h4>\n<ul>\n<li>Paume : 100 % cuir pour plus de confort<\/li>\n<li>Ext\u00e9rieur : Cuir PU<\/li>\n<li>Poignet : Poignet ajustable avec fermeture \u00e0 scratch<\/li>\n<li>Caract\u00e9ristiques : Isol\u00e9 avec une mousse de 1,5 mm et doublure en tissu bross\u00e9<\/li>\n<\/ul>\n<p><strong>Tailles disponibles :<\/strong> XLG (Adulte XL 10-11)<\/p>\n<h4>Guide des tailles :<\/h4>\n<p>Mesurez la circonf\u00e9rence de la paume : utilisez un m\u00e8tre ruban pour mesurer votre main \u00e0 la partie la plus large de la paume, en excluant le pouce. Ne serrez pas trop le ruban autour de votre main.<\/p>\n<p>Enfin, consultez tous nos <a href=\"https:\/\/ztsports.com\/product-category\/protection\/gloves\/\"><strong>gants de short track<\/strong><\/a> ici.<\/p>\n","protected":false},"excerpt":{"rendered":"<p>Race Glove III Garneau Le RACE GLOVE III GARNEAU est un gant id\u00e9al pour le patinage de vitesse sur piste courte. D\u00e9tails : Paume : 100 % cuir pour plus de confort Ext\u00e9rieur : Cuir PU Poignet : Poignet ajustable avec fermeture \u00e0 scratch Caract\u00e9ristiques : Isol\u00e9 avec une mousse de 1,5 mm et doublure [&hellip;]<\/p>\n","protected":false},"featured_media":23989,"comment_status":"open","ping_status":"closed","template":"","meta":{"_acf_changed":false,"_monsterinsights_skip_tracking":false,"_monsterinsights_sitenote_active":false,"_monsterinsights_sitenote_note":"","_monsterinsights_sitenote_category":0,"_uf_show_specific_survey":0,"_uf_disable_surveys":false,"site-sidebar-layout":"default","site-content-layout":"","ast-site-content-layout":"default","site-content-style":"default","site-sidebar-style":"default","ast-global-header-display":"","ast-banner-title-visibility":"","ast-main-header-display":"","ast-hfb-above-header-display":"","ast-hfb-below-header-display":"","ast-hfb-mobile-header-display":"","site-post-title":"","ast-breadcrumbs-content":"","ast-featured-img":"","footer-sml-layout":"","ast-disable-related-posts":"","theme-transparent-header-meta":"default","adv-header-id-meta":"","stick-header-meta":"","header-above-stick-meta":"","header-main-stick-meta":"","header-below-stick-meta":"","astra-migrate-meta-layouts":"set","ast-page-background-enabled":"default","ast-page-background-meta":{"desktop":{"background-color":"","background-image":"","background-repeat":"repeat","background-position":"center center","background-size":"auto","background-attachment":"scroll","background-type":"","background-media":"","overlay-type":"","overlay-color":"","overlay-opacity":"","overlay-gradient":""},"tablet":{"background-color":"","background-image":"","background-repeat":"repeat","background-position":"center center","background-size":"auto","background-attachment":"scroll","background-type":"","background-media":"","overlay-type":"","overlay-color":"","overlay-opacity":"","overlay-gradient":""},"mobile":{"background-color":"","background-image":"","background-repeat":"repeat","background-position":"center center","background-size":"auto","background-attachment":"scroll","background-type":"","background-media":"","overlay-type":"","overlay-color":"","overlay-opacity":"","overlay-gradient":""}},"ast-content-background-meta":{"desktop":{"background-color":"var(--ast-global-color-5)","background-image":"","background-repeat":"repeat","background-position":"center center","background-size":"auto","background-attachment":"scroll","background-type":"","background-media":"","overlay-type":"","overlay-color":"","overlay-opacity":"","overlay-gradient":""},"tablet":{"background-color":"var(--ast-global-color-5)","background-image":"","background-repeat":"repeat","background-position":"center center","background-size":"auto","background-attachment":"scroll","background-type":"","background-media":"","overlay-type":"","overlay-color":"","overlay-opacity":"","overlay-gradient":""},"mobile":{"background-color":"var(--ast-global-color-5)","background-image":"","background-repeat":"repeat","background-position":"center center","background-size":"auto","background-attachment":"scroll","background-type":"","background-media":"","overlay-type":"","overlay-color":"","overlay-opacity":"","overlay-gradient":""}}},"product_brand":[3302],"product_cat":[3378],"product_tag":[3796],"class_list":{"0":"post-23991","1":"product","2":"type-product","3":"status-publish","4":"has-post-thumbnail","6":"product_brand-garneau","7":"product_cat-non-categorise","8":"product_tag-short-track","9":"desktop-align-left","10":"tablet-align-left","11":"mobile-align-left","13":"first","14":"instock","15":"sale","16":"taxable","17":"shipping-taxable","18":"purchasable","19":"product-type-simple"},"acf":[],"_links":{"self":[{"href":"https:\/\/ztsports.com\/fr\/wp-json\/wp\/v2\/product\/23991","targetHints":{"allow":["GET"]}}],"collection":[{"href":"https:\/\/ztsports.com\/fr\/wp-json\/wp\/v2\/product"}],"about":[{"href":"https:\/\/ztsports.com\/fr\/wp-json\/wp\/v2\/types\/product"}],"replies":[{"embeddable":true,"href":"https:\/\/ztsports.com\/fr\/wp-json\/wp\/v2\/comments?post=23991"}],"version-history":[{"count":1,"href":"https:\/\/ztsports.com\/fr\/wp-json\/wp\/v2\/product\/23991\/revisions"}],"predecessor-version":[{"id":23992,"href":"https:\/\/ztsports.com\/fr\/wp-json\/wp\/v2\/product\/23991\/revisions\/23992"}],"wp:featuredmedia":[{"embeddable":true,"href":"https:\/\/ztsports.com\/fr\/wp-json\/wp\/v2\/media\/23989"}],"wp:attachment":[{"href":"https:\/\/ztsports.com\/fr\/wp-json\/wp\/v2\/media?parent=23991"}],"wp:term":[{"taxonomy":"product_brand","embeddable":true,"href":"https:\/\/ztsports.com\/fr\/wp-json\/wp\/v2\/product_brand?post=23991"},{"taxonomy":"product_cat","embeddable":true,"href":"https:\/\/ztsports.com\/fr\/wp-json\/wp\/v2\/product_cat?post=23991"},{"taxonomy":"product_tag","embeddable":true,"href":"https:\/\/ztsports.com\/fr\/wp-json\/wp\/v2\/product_tag?post=23991"}],"curies":[{"name":"wp","href":"https:\/\/api.w.org\/{rel}","templated":true}]}}