{"id":23970,"date":"2021-09-23T02:37:10","date_gmt":"2021-09-23T02:37:10","guid":{"rendered":"https:\/\/ztsports.com\/?post_type=product&#038;p=23970"},"modified":"2026-03-13T09:41:13","modified_gmt":"2026-03-13T09:41:13","slug":"strength-band-training-great-practical-tips","status":"publish","type":"product","link":"https:\/\/ztsports.com\/fr\/store\/strength-band-training-great-practical-tips\/","title":{"rendered":"Strength Band Training &#8220;Great Practical Tips&#8221;"},"content":{"rendered":"<h1>Strength Band Training : &#8220;Excellents Conseils Pratiques&#8221;<\/h1>\n<p>La th\u00e9rapie par r\u00e9sistance \u00e9lastique avec bandes de force est depuis longtemps un outil pour les th\u00e9rapeutes en r\u00e9\u00e9ducation, mais souvent utilis\u00e9 sans base de connaissances solide pour en soutenir l\u2019efficacit\u00e9. Page et Ellenbecker ont fait un travail remarquable en fournissant non seulement une synth\u00e8se de la recherche dans ce domaine, mais aussi de pr\u00e9cieux conseils pratiques. Ce livre offre un excellent \u00e9quilibre entre th\u00e9orie et application pratique. Je recommande vivement cette ressource si vous utilisez la r\u00e9sistance \u00e9lastique dans votre th\u00e9rapie.<\/p>\n<h5>Enfin, d\u00e9couvrez notre biblioth\u00e8que de <a href=\"https:\/\/ztsports.com\/brand\/human-kinetics\/\"><strong>Livres Human-Kinetics<\/strong><\/a>.<\/h5>\n","protected":false},"excerpt":{"rendered":"<p>Strength Band Training : &#8220;Excellents Conseils Pratiques&#8221; La th\u00e9rapie par r\u00e9sistance \u00e9lastique avec bandes de force est depuis longtemps un outil pour les th\u00e9rapeutes en r\u00e9\u00e9ducation, mais souvent utilis\u00e9 sans base de connaissances solide pour en soutenir l\u2019efficacit\u00e9. Page et Ellenbecker ont fait un travail remarquable en fournissant non seulement une synth\u00e8se de la recherche [&hellip;]<\/p>\n","protected":false},"featured_media":23969,"comment_status":"open","ping_status":"closed","template":"","meta":{"_acf_changed":false,"_monsterinsights_skip_tracking":false,"_monsterinsights_sitenote_active":false,"_monsterinsights_sitenote_note":"","_monsterinsights_sitenote_category":0,"_uf_show_specific_survey":0,"_uf_disable_surveys":false,"site-sidebar-layout":"default","site-content-layout":"","ast-site-content-layout":"default","site-content-style":"default","site-sidebar-style":"default","ast-global-header-display":"","ast-banner-title-visibility":"","ast-main-header-display":"","ast-hfb-above-header-display":"","ast-hfb-below-header-display":"","ast-hfb-mobile-header-display":"","site-post-title":"","ast-breadcrumbs-content":"","ast-featured-img":"","footer-sml-layout":"","ast-disable-related-posts":"","theme-transparent-header-meta":"default","adv-header-id-meta":"","stick-header-meta":"","header-above-stick-meta":"","header-main-stick-meta":"","header-below-stick-meta":"","astra-migrate-meta-layouts":"set","ast-page-background-enabled":"default","ast-page-background-meta":{"desktop":{"background-color":"","background-image":"","background-repeat":"repeat","background-position":"center center","background-size":"auto","background-attachment":"scroll","background-type":"","background-media":"","overlay-type":"","overlay-color":"","overlay-opacity":"","overlay-gradient":""},"tablet":{"background-color":"","background-image":"","background-repeat":"repeat","background-position":"center center","background-size":"auto","background-attachment":"scroll","background-type":"","background-media":"","overlay-type":"","overlay-color":"","overlay-opacity":"","overlay-gradient":""},"mobile":{"background-color":"","background-image":"","background-repeat":"repeat","background-position":"center center","background-size":"auto","background-attachment":"scroll","background-type":"","background-media":"","overlay-type":"","overlay-color":"","overlay-opacity":"","overlay-gradient":""}},"ast-content-background-meta":{"desktop":{"background-color":"var(--ast-global-color-5)","background-image":"","background-repeat":"repeat","background-position":"center center","background-size":"auto","background-attachment":"scroll","background-type":"","background-media":"","overlay-type":"","overlay-color":"","overlay-opacity":"","overlay-gradient":""},"tablet":{"background-color":"var(--ast-global-color-5)","background-image":"","background-repeat":"repeat","background-position":"center center","background-size":"auto","background-attachment":"scroll","background-type":"","background-media":"","overlay-type":"","overlay-color":"","overlay-opacity":"","overlay-gradient":""},"mobile":{"background-color":"var(--ast-global-color-5)","background-image":"","background-repeat":"repeat","background-position":"center center","background-size":"auto","background-attachment":"scroll","background-type":"","background-media":"","overlay-type":"","overlay-color":"","overlay-opacity":"","overlay-gradient":""}}},"product_brand":[3310],"product_cat":[3380,3379],"product_tag":[],"class_list":{"0":"post-23970","1":"product","2":"type-product","3":"status-publish","4":"has-post-thumbnail","6":"product_brand-human-kinetics","7":"product_cat-aides-a-lentrainement","8":"product_cat-aides-au-coaching-et-a-lentrainement","9":"desktop-align-left","10":"tablet-align-left","11":"mobile-align-left","13":"first","14":"instock","15":"sale","16":"taxable","17":"shipping-taxable","18":"purchasable","19":"product-type-simple"},"acf":[],"_links":{"self":[{"href":"https:\/\/ztsports.com\/fr\/wp-json\/wp\/v2\/product\/23970","targetHints":{"allow":["GET"]}}],"collection":[{"href":"https:\/\/ztsports.com\/fr\/wp-json\/wp\/v2\/product"}],"about":[{"href":"https:\/\/ztsports.com\/fr\/wp-json\/wp\/v2\/types\/product"}],"replies":[{"embeddable":true,"href":"https:\/\/ztsports.com\/fr\/wp-json\/wp\/v2\/comments?post=23970"}],"version-history":[{"count":1,"href":"https:\/\/ztsports.com\/fr\/wp-json\/wp\/v2\/product\/23970\/revisions"}],"predecessor-version":[{"id":23971,"href":"https:\/\/ztsports.com\/fr\/wp-json\/wp\/v2\/product\/23970\/revisions\/23971"}],"wp:featuredmedia":[{"embeddable":true,"href":"https:\/\/ztsports.com\/fr\/wp-json\/wp\/v2\/media\/23969"}],"wp:attachment":[{"href":"https:\/\/ztsports.com\/fr\/wp-json\/wp\/v2\/media?parent=23970"}],"wp:term":[{"taxonomy":"product_brand","embeddable":true,"href":"https:\/\/ztsports.com\/fr\/wp-json\/wp\/v2\/product_brand?post=23970"},{"taxonomy":"product_cat","embeddable":true,"href":"https:\/\/ztsports.com\/fr\/wp-json\/wp\/v2\/product_cat?post=23970"},{"taxonomy":"product_tag","embeddable":true,"href":"https:\/\/ztsports.com\/fr\/wp-json\/wp\/v2\/product_tag?post=23970"}],"curies":[{"name":"wp","href":"https:\/\/api.w.org\/{rel}","templated":true}]}}