{"id":23956,"date":"2021-09-23T02:38:19","date_gmt":"2021-09-23T02:38:19","guid":{"rendered":"https:\/\/ztsports.com\/?post_type=product&#038;p=23956"},"modified":"2026-03-13T09:38:48","modified_gmt":"2026-03-13T09:38:48","slug":"short-track-speed-skating-in-french-patinage-de-vitesse-sur-piste-courte-en-francais","status":"publish","type":"product","link":"https:\/\/ztsports.com\/fr\/store\/short-track-speed-skating-in-french-patinage-de-vitesse-sur-piste-courte-en-francais\/","title":{"rendered":"Short Track Speed Skating in French Patinage de vitesse sur piste courte en fran\u00e7ais"},"content":{"rendered":"<h1><strong>Patinage de Vitesse sur Piste Courte<\/strong><\/h1>\n<h2 class=\"product_title entry-title show-product-nav\">Patinage de vitesse sur piste courte en fran\u00e7ais<\/h2>\n<p>Vous souhaitez am\u00e9liorer votre technique en patinage de vitesse sur piste courte\u202f? Ne cherchez pas plus loin que le <strong>livre sur la technique du patinage de vitesse sur piste courte (version fran\u00e7aise)<\/strong>. Ce guide complet regorge de conseils d\u2019experts et de techniques pour vous aider \u00e0 porter votre patinage au niveau sup\u00e9rieur. Ne r\u00e9fl\u00e9chissez plus\u202f: ce livre est un incontournable pour tout passionn\u00e9 de short track.<\/p>\n<h3>Caract\u00e9ristiques<\/h3>\n<ul>\n<li>\u00c9crit par une \u00e9quipe de patineurs de short track exp\u00e9riment\u00e9s et d\u2019entra\u00eeneurs<\/li>\n<li>Instructions d\u00e9taill\u00e9es et illustrations pour chaque technique<\/li>\n<li>Inclut des programmes d\u2019entra\u00eenement et des exercices pratiques<\/li>\n<li>Couvre tous les aspects du patinage de vitesse sur piste courte<\/li>\n<\/ul>\n<p>Le livre est r\u00e9dig\u00e9 par une \u00e9quipe de patineurs et entra\u00eeneurs exp\u00e9riment\u00e9s, apportant des ann\u00e9es de pratique et de connaissances du sport. Chaque technique est accompagn\u00e9e d\u2019instructions d\u00e9taill\u00e9es et d\u2019illustrations, ce qui permet aux patineurs de tous niveaux de comprendre et d\u2019appliquer facilement les concepts.<\/p>\n<p>Le livre couvre tous les aspects du patinage de vitesse sur piste courte, y compris les d\u00e9parts, les virages et les arriv\u00e9es, ainsi que des techniques avanc\u00e9es telles que le patinage puissant et les tactiques de course. Il inclut \u00e9galement des programmes d\u2019entra\u00eenement et des exercices pour am\u00e9liorer votre technique et progresser rapidement.<\/p>\n<p>Des chapitres sur l\u2019\u00e9quipement, la nutrition et la pr\u00e9vention des blessures vous aideront \u00e0 comprendre comment prendre soin de vous et de votre mat\u00e9riel pendant l\u2019entra\u00eenement et la comp\u00e9tition.<\/p>\n<h3>Pourquoi acheter ce livre\u202f?<\/h3>\n<ul>\n<li>\u00c9crit par des patineurs et entra\u00eeneurs exp\u00e9riment\u00e9s, offrant des conseils pr\u00e9cieux bas\u00e9s sur des ann\u00e9es de pratique et de d\u00e9vouement au sport.<\/li>\n<li>Instructions d\u00e9taill\u00e9es et illustrations pour une compr\u00e9hension et une mise en \u0153uvre faciles des techniques.<\/li>\n<li>Inclut des programmes d\u2019entra\u00eenement et exercices pour am\u00e9liorer votre technique et progresser rapidement.<\/li>\n<li>Couvre tous les aspects du short track, y compris d\u00e9parts, virages, arriv\u00e9es, techniques avanc\u00e9es et tactiques de course.<\/li>\n<li>Informations sur l\u2019\u00e9quipement, la nutrition et la pr\u00e9vention des blessures, pour apprendre \u00e0 prendre soin de vous et de votre mat\u00e9riel.<\/li>\n<li>Un investissement dans votre technique de patinage et dans votre compr\u00e9hension globale du sport.<\/li>\n<li>Un outil essentiel pour tout patineur souhaitant am\u00e9liorer ses performances.<\/li>\n<\/ul>\n<h3>Commandez ce livre d\u00e8s aujourd\u2019hui<\/h3>\n<p>N\u2019attendez plus\u202f! Faites le premier pas pour am\u00e9liorer votre technique en patinage de vitesse sur piste courte en commandant le <strong>livre sur la technique du patinage de vitesse sur piste courte<\/strong>. Que vous soyez d\u00e9butant ou patineur exp\u00e9riment\u00e9, ce guide complet regorge de conseils et de techniques pour vous aider \u00e0 progresser.<\/p>\n<p>Avec des instructions d\u00e9taill\u00e9es, des illustrations, des programmes d\u2019entra\u00eenement, des exercices pratiques et des informations sur l\u2019\u00e9quipement, la nutrition et la pr\u00e9vention des blessures, ce livre est un outil essentiel pour tout patineur souhaitant am\u00e9liorer ses performances et porter son patinage au niveau sup\u00e9rieur. Commandez votre exemplaire d\u00e8s maintenant et commencez votre parcours pour devenir un meilleur patineur\u202f!<\/p>\n<p>Enfin, d\u00e9couvrez notre biblioth\u00e8que de <a href=\"https:\/\/ztsports.com\/brand\/human-kinetics\/\"><strong>Livres Human-Kinetics<\/strong><\/a>.<\/p>\n","protected":false},"excerpt":{"rendered":"<p>Patinage de Vitesse sur Piste Courte Patinage de vitesse sur piste courte en fran\u00e7ais Vous souhaitez am\u00e9liorer votre technique en patinage de vitesse sur piste courte\u202f? Ne cherchez pas plus loin que le livre sur la technique du patinage de vitesse sur piste courte (version fran\u00e7aise). Ce guide complet regorge de conseils d\u2019experts et de [&hellip;]<\/p>\n","protected":false},"featured_media":23954,"comment_status":"open","ping_status":"closed","template":"","meta":{"_acf_changed":false,"_monsterinsights_skip_tracking":false,"_monsterinsights_sitenote_active":false,"_monsterinsights_sitenote_note":"","_monsterinsights_sitenote_category":0,"_uf_show_specific_survey":0,"_uf_disable_surveys":false,"site-sidebar-layout":"default","site-content-layout":"","ast-site-content-layout":"default","site-content-style":"default","site-sidebar-style":"default","ast-global-header-display":"","ast-banner-title-visibility":"","ast-main-header-display":"","ast-hfb-above-header-display":"","ast-hfb-below-header-display":"","ast-hfb-mobile-header-display":"","site-post-title":"","ast-breadcrumbs-content":"","ast-featured-img":"","footer-sml-layout":"","ast-disable-related-posts":"","theme-transparent-header-meta":"default","adv-header-id-meta":"","stick-header-meta":"","header-above-stick-meta":"","header-main-stick-meta":"","header-below-stick-meta":"","astra-migrate-meta-layouts":"set","ast-page-background-enabled":"default","ast-page-background-meta":{"desktop":{"background-color":"","background-image":"","background-repeat":"repeat","background-position":"center center","background-size":"auto","background-attachment":"scroll","background-type":"","background-media":"","overlay-type":"","overlay-color":"","overlay-opacity":"","overlay-gradient":""},"tablet":{"background-color":"","background-image":"","background-repeat":"repeat","background-position":"center center","background-size":"auto","background-attachment":"scroll","background-type":"","background-media":"","overlay-type":"","overlay-color":"","overlay-opacity":"","overlay-gradient":""},"mobile":{"background-color":"","background-image":"","background-repeat":"repeat","background-position":"center center","background-size":"auto","background-attachment":"scroll","background-type":"","background-media":"","overlay-type":"","overlay-color":"","overlay-opacity":"","overlay-gradient":""}},"ast-content-background-meta":{"desktop":{"background-color":"var(--ast-global-color-5)","background-image":"","background-repeat":"repeat","background-position":"center center","background-size":"auto","background-attachment":"scroll","background-type":"","background-media":"","overlay-type":"","overlay-color":"","overlay-opacity":"","overlay-gradient":""},"tablet":{"background-color":"var(--ast-global-color-5)","background-image":"","background-repeat":"repeat","background-position":"center center","background-size":"auto","background-attachment":"scroll","background-type":"","background-media":"","overlay-type":"","overlay-color":"","overlay-opacity":"","overlay-gradient":""},"mobile":{"background-color":"var(--ast-global-color-5)","background-image":"","background-repeat":"repeat","background-position":"center center","background-size":"auto","background-attachment":"scroll","background-type":"","background-media":"","overlay-type":"","overlay-color":"","overlay-opacity":"","overlay-gradient":""}}},"product_brand":[3310],"product_cat":[3380,3379],"product_tag":[],"class_list":{"0":"post-23956","1":"product","2":"type-product","3":"status-publish","4":"has-post-thumbnail","6":"product_brand-human-kinetics","7":"product_cat-aides-a-lentrainement","8":"product_cat-aides-au-coaching-et-a-lentrainement","9":"desktop-align-left","10":"tablet-align-left","11":"mobile-align-left","13":"first","14":"instock","15":"sale","16":"taxable","17":"shipping-taxable","18":"purchasable","19":"product-type-simple"},"acf":[],"_links":{"self":[{"href":"https:\/\/ztsports.com\/fr\/wp-json\/wp\/v2\/product\/23956","targetHints":{"allow":["GET"]}}],"collection":[{"href":"https:\/\/ztsports.com\/fr\/wp-json\/wp\/v2\/product"}],"about":[{"href":"https:\/\/ztsports.com\/fr\/wp-json\/wp\/v2\/types\/product"}],"replies":[{"embeddable":true,"href":"https:\/\/ztsports.com\/fr\/wp-json\/wp\/v2\/comments?post=23956"}],"version-history":[{"count":1,"href":"https:\/\/ztsports.com\/fr\/wp-json\/wp\/v2\/product\/23956\/revisions"}],"predecessor-version":[{"id":23957,"href":"https:\/\/ztsports.com\/fr\/wp-json\/wp\/v2\/product\/23956\/revisions\/23957"}],"wp:featuredmedia":[{"embeddable":true,"href":"https:\/\/ztsports.com\/fr\/wp-json\/wp\/v2\/media\/23954"}],"wp:attachment":[{"href":"https:\/\/ztsports.com\/fr\/wp-json\/wp\/v2\/media?parent=23956"}],"wp:term":[{"taxonomy":"product_brand","embeddable":true,"href":"https:\/\/ztsports.com\/fr\/wp-json\/wp\/v2\/product_brand?post=23956"},{"taxonomy":"product_cat","embeddable":true,"href":"https:\/\/ztsports.com\/fr\/wp-json\/wp\/v2\/product_cat?post=23956"},{"taxonomy":"product_tag","embeddable":true,"href":"https:\/\/ztsports.com\/fr\/wp-json\/wp\/v2\/product_tag?post=23956"}],"curies":[{"name":"wp","href":"https:\/\/api.w.org\/{rel}","templated":true}]}}