{"id":23947,"date":"2021-09-23T02:38:20","date_gmt":"2021-09-23T02:38:20","guid":{"rendered":"https:\/\/ztsports.com\/?post_type=product&#038;p=23947"},"modified":"2026-03-13T09:25:23","modified_gmt":"2026-03-13T09:25:23","slug":"inline-skating-essential-skills","status":"publish","type":"product","link":"https:\/\/ztsports.com\/fr\/store\/inline-skating-essential-skills\/","title":{"rendered":"Inline Skating Essential Skills"},"content":{"rendered":"<h1>Comp\u00e9tences Essentielles en Roller Inline<\/h1>\n<p>Les comp\u00e9tences essentielles en roller inline sont primordiales pour la vitesse, l\u2019excitation et le plaisir. Tout cela fait partie de l\u2019exp\u00e9rience lorsque les passionn\u00e9s enfilent une paire de rollers inline. Ce qui a commenc\u00e9 comme une activit\u00e9 d\u2019entra\u00eenement hors saison s\u2019est rapidement r\u00e9pandu sur la sc\u00e8ne sportive mondiale, avec une participation ayant augment\u00e9 de plus de 500 % au cours des cinq derni\u00e8res ann\u00e9es.<\/p>\n<p>En continuit\u00e9 avec la tr\u00e8s r\u00e9ussie premi\u00e8re \u00e9dition, la deuxi\u00e8me \u00e9dition de <em>Inline Skating<\/em> a \u00e9t\u00e9 mise \u00e0 jour et \u00e9largie pour couvrir tout ce qui rend le roller inline si passionnant : hockey sur roller, course et roller agressif. Pour les nouveaux pratiquants, ce livre propose cinq chapitres d\u00e9taill\u00e9s \u00e9tape par \u00e9tape pour ma\u00eetriser la technique du patinage. Des millions de patineurs cherchant \u00e0 suivre les nouvelles tendances peuvent perfectionner leur technique, s\u2019entra\u00eener pour une course, d\u00e9buter le hockey sur roller, ou apprendre quelques figures qu\u2019ils voient \u00e0 la t\u00e9l\u00e9vision.<\/p>\n<p>Les points forts du livre incluent :<br \/>\n&#8211; Conseils sur le mat\u00e9riel le plus r\u00e9cent<br \/>\n&#8211; 104 photos et illustrations montrant la technique du patinage<br \/>\n&#8211; 39 exercices<br \/>\n&#8211; Deux programmes d\u2019entra\u00eenement pour les courses en roller inline<br \/>\n&#8211; R\u00e8gles et exercices de hockey sur roller et description du mat\u00e9riel n\u00e9cessaire<br \/>\n&#8211; Conseils pour le roller de rue et vertical<\/p>\n<p>Ce livre combine l\u2019expertise en patinage et en fitness de Mark Powell avec les comp\u00e9tences de l\u2019un des plus grands designers de rollers au monde, l\u2019ancien patineur John Svensson. Ensemble, ils expliquent et d\u00e9montrent les comp\u00e9tences et sensations qui rendent le roller inline si attrayant pour les patineurs de tous \u00e2ges et niveaux.<\/p>\n<p>Enfin, d\u00e9couvrez notre biblioth\u00e8que de <a href=\"https:\/\/ztsports.com\/brand\/human-kinetics\/\"><strong>Livres Human-Kinetics<\/strong><\/a>.<\/p>\n","protected":false},"excerpt":{"rendered":"<p>Comp\u00e9tences Essentielles en Roller Inline Les comp\u00e9tences essentielles en roller inline sont primordiales pour la vitesse, l\u2019excitation et le plaisir. Tout cela fait partie de l\u2019exp\u00e9rience lorsque les passionn\u00e9s enfilent une paire de rollers inline. Ce qui a commenc\u00e9 comme une activit\u00e9 d\u2019entra\u00eenement hors saison s\u2019est rapidement r\u00e9pandu sur la sc\u00e8ne sportive mondiale, avec une [&hellip;]<\/p>\n","protected":false},"featured_media":23945,"comment_status":"open","ping_status":"closed","template":"","meta":{"_acf_changed":false,"_monsterinsights_skip_tracking":false,"_monsterinsights_sitenote_active":false,"_monsterinsights_sitenote_note":"","_monsterinsights_sitenote_category":0,"_uf_show_specific_survey":0,"_uf_disable_surveys":false,"site-sidebar-layout":"default","site-content-layout":"","ast-site-content-layout":"default","site-content-style":"default","site-sidebar-style":"default","ast-global-header-display":"","ast-banner-title-visibility":"","ast-main-header-display":"","ast-hfb-above-header-display":"","ast-hfb-below-header-display":"","ast-hfb-mobile-header-display":"","site-post-title":"","ast-breadcrumbs-content":"","ast-featured-img":"","footer-sml-layout":"","ast-disable-related-posts":"","theme-transparent-header-meta":"default","adv-header-id-meta":"","stick-header-meta":"","header-above-stick-meta":"","header-main-stick-meta":"","header-below-stick-meta":"","astra-migrate-meta-layouts":"set","ast-page-background-enabled":"default","ast-page-background-meta":{"desktop":{"background-color":"","background-image":"","background-repeat":"repeat","background-position":"center center","background-size":"auto","background-attachment":"scroll","background-type":"","background-media":"","overlay-type":"","overlay-color":"","overlay-opacity":"","overlay-gradient":""},"tablet":{"background-color":"","background-image":"","background-repeat":"repeat","background-position":"center center","background-size":"auto","background-attachment":"scroll","background-type":"","background-media":"","overlay-type":"","overlay-color":"","overlay-opacity":"","overlay-gradient":""},"mobile":{"background-color":"","background-image":"","background-repeat":"repeat","background-position":"center center","background-size":"auto","background-attachment":"scroll","background-type":"","background-media":"","overlay-type":"","overlay-color":"","overlay-opacity":"","overlay-gradient":""}},"ast-content-background-meta":{"desktop":{"background-color":"var(--ast-global-color-5)","background-image":"","background-repeat":"repeat","background-position":"center center","background-size":"auto","background-attachment":"scroll","background-type":"","background-media":"","overlay-type":"","overlay-color":"","overlay-opacity":"","overlay-gradient":""},"tablet":{"background-color":"var(--ast-global-color-5)","background-image":"","background-repeat":"repeat","background-position":"center center","background-size":"auto","background-attachment":"scroll","background-type":"","background-media":"","overlay-type":"","overlay-color":"","overlay-opacity":"","overlay-gradient":""},"mobile":{"background-color":"var(--ast-global-color-5)","background-image":"","background-repeat":"repeat","background-position":"center center","background-size":"auto","background-attachment":"scroll","background-type":"","background-media":"","overlay-type":"","overlay-color":"","overlay-opacity":"","overlay-gradient":""}}},"product_brand":[3310],"product_cat":[4565,3379],"product_tag":[],"class_list":{"0":"post-23947","1":"product","2":"type-product","3":"status-publish","4":"has-post-thumbnail","6":"product_brand-human-kinetics","7":"product_cat-accessoires","8":"product_cat-aides-au-coaching-et-a-lentrainement","9":"desktop-align-left","10":"tablet-align-left","11":"mobile-align-left","13":"first","14":"instock","15":"sale","16":"taxable","17":"shipping-taxable","18":"purchasable","19":"product-type-simple"},"acf":[],"_links":{"self":[{"href":"https:\/\/ztsports.com\/fr\/wp-json\/wp\/v2\/product\/23947","targetHints":{"allow":["GET"]}}],"collection":[{"href":"https:\/\/ztsports.com\/fr\/wp-json\/wp\/v2\/product"}],"about":[{"href":"https:\/\/ztsports.com\/fr\/wp-json\/wp\/v2\/types\/product"}],"replies":[{"embeddable":true,"href":"https:\/\/ztsports.com\/fr\/wp-json\/wp\/v2\/comments?post=23947"}],"version-history":[{"count":2,"href":"https:\/\/ztsports.com\/fr\/wp-json\/wp\/v2\/product\/23947\/revisions"}],"predecessor-version":[{"id":23949,"href":"https:\/\/ztsports.com\/fr\/wp-json\/wp\/v2\/product\/23947\/revisions\/23949"}],"wp:featuredmedia":[{"embeddable":true,"href":"https:\/\/ztsports.com\/fr\/wp-json\/wp\/v2\/media\/23945"}],"wp:attachment":[{"href":"https:\/\/ztsports.com\/fr\/wp-json\/wp\/v2\/media?parent=23947"}],"wp:term":[{"taxonomy":"product_brand","embeddable":true,"href":"https:\/\/ztsports.com\/fr\/wp-json\/wp\/v2\/product_brand?post=23947"},{"taxonomy":"product_cat","embeddable":true,"href":"https:\/\/ztsports.com\/fr\/wp-json\/wp\/v2\/product_cat?post=23947"},{"taxonomy":"product_tag","embeddable":true,"href":"https:\/\/ztsports.com\/fr\/wp-json\/wp\/v2\/product_tag?post=23947"}],"curies":[{"name":"wp","href":"https:\/\/api.w.org\/{rel}","templated":true}]}}