{"id":23934,"date":"2021-09-23T02:39:28","date_gmt":"2021-09-23T02:39:28","guid":{"rendered":"https:\/\/ztsports.com\/?post_type=product&#038;p=23934"},"modified":"2026-03-12T12:38:26","modified_gmt":"2026-03-12T12:38:26","slug":"personal-trainers-handbook-2nd-edition","status":"publish","type":"product","link":"https:\/\/ztsports.com\/fr\/store\/personal-trainers-handbook-2nd-edition\/","title":{"rendered":"Personal Trainers Handbook- 2nd Edition"},"content":{"rendered":"<h1>Guide du Personal Trainer \u2013 2e \u00e9dition<\/h1>\n<p>Vous souhaitez d\u00e9marrer votre propre entreprise de coaching personnel ou am\u00e9liorer votre pratique existante ? Avec cette deuxi\u00e8me \u00e9dition mise \u00e0 jour et enrichie du populaire <em>Guide du Personal Trainer<\/em>, vous disposerez de tous les conseils et outils n\u00e9cessaires pour r\u00e9ussir.<\/p>\n<p>Comme la premi\u00e8re \u00e9dition, cette r\u00e9f\u00e9rence facile \u00e0 utiliser est r\u00e9dig\u00e9e dans un langage clair et aborde tous les aspects : de la conception de programmes de fitness s\u00fbrs et efficaces \u00e0 la gestion des clients les plus exigeants. Vous apprendrez \u00e0 atteindre le succ\u00e8s personnel et financier en tant que coach, \u00e0 attirer et fid\u00e9liser votre client\u00e8le, ainsi qu\u2019\u00e0 g\u00e9rer les taxes et autres aspects commerciaux essentiels pour votre entreprise.<\/p>\n<p>Cette nouvelle \u00e9dition propose \u00e9galement un r\u00e9sum\u00e9 concis mais complet de la physiologie de l\u2019exercice directement applicable \u00e0 votre activit\u00e9. Le guide inclut un CD-ROM pr\u00e9cieux contenant :<\/p>\n<ul>\n<li>10 formulaires reproductibles que vous pouvez utiliser et modifier pour g\u00e9rer les exigences commerciales, pratiques et l\u00e9gales de votre entreprise<\/li>\n<li>Des formulaires pour la collecte de donn\u00e9es et le suivi<\/li>\n<li>Des tableaux et graphiques pour concevoir le programme d\u2019exercices le plus b\u00e9n\u00e9fique pour chaque client<\/li>\n<li>Des documents imprimables \u00e0 remettre aux clients pour renforcer leur entra\u00eenement<\/li>\n<\/ul>\n<p>Le <em>Guide du Personal Trainer<\/em>, 2e \u00e9dition, inclut \u00e9galement un guide am\u00e9lior\u00e9 des exercices de r\u00e9sistance. Ce guide contient :<\/p>\n<ul>\n<li>Des instructions et illustrations pour 74 exercices et 17 \u00e9tirements<\/li>\n<li>Des rappels importants \u00e0 transmettre aux clients pour garantir une ex\u00e9cution correcte<\/li>\n<li>Des conseils pour g\u00e9rer ou \u00e9viter les probl\u00e8mes courants que vous ou vos clients pourriez rencontrer avec chaque exercice<\/li>\n<\/ul>\n<p>De plus, chaque page du guide pr\u00e9sente un encadr\u00e9 pratique indiquant les muscles principaux et secondaires sollicit\u00e9s ainsi que la zone du corps travaill\u00e9e par chaque exercice. Cela vous permettra de localiser rapidement les exercices appropri\u00e9s pour chaque client.<\/p>\n<p>L\u2019auteure, Teri O\u2019Brien, est une consultante reconnue pour la cr\u00e9ation et le d\u00e9veloppement d\u2019entreprises de coaching personnel, ancienne avocate et coach personnel. Elle utilise un style clair, convivial et agr\u00e9able pour partager une multitude de conseils pratiques. Avec ce guide, vous deviendrez un meilleur marketeur de vous-m\u00eame, un entrepreneur plus efficace, un motivateur et un formateur plus comp\u00e9tent pour vos clients.<\/p>\n<p>Prix r\u00e9gulier : 59,95$ \u2013 Prix promotionnel : 41,95$<\/p>\n<h5>Enfin, d\u00e9couvrez notre biblioth\u00e8que de <a href=\"https:\/\/ztsports.com\/brand\/human-kinetics\/\"><strong>livres Human-Kinetics<\/strong><\/a>.<\/h5>\n","protected":false},"excerpt":{"rendered":"<p>Guide du Personal Trainer \u2013 2e \u00e9dition Vous souhaitez d\u00e9marrer votre propre entreprise de coaching personnel ou am\u00e9liorer votre pratique existante ? Avec cette deuxi\u00e8me \u00e9dition mise \u00e0 jour et enrichie du populaire Guide du Personal Trainer, vous disposerez de tous les conseils et outils n\u00e9cessaires pour r\u00e9ussir. Comme la premi\u00e8re \u00e9dition, cette r\u00e9f\u00e9rence facile [&hellip;]<\/p>\n","protected":false},"featured_media":23933,"comment_status":"open","ping_status":"closed","template":"","meta":{"_acf_changed":false,"_monsterinsights_skip_tracking":false,"_monsterinsights_sitenote_active":false,"_monsterinsights_sitenote_note":"","_monsterinsights_sitenote_category":0,"_uf_show_specific_survey":0,"_uf_disable_surveys":false,"site-sidebar-layout":"default","site-content-layout":"","ast-site-content-layout":"default","site-content-style":"default","site-sidebar-style":"default","ast-global-header-display":"","ast-banner-title-visibility":"","ast-main-header-display":"","ast-hfb-above-header-display":"","ast-hfb-below-header-display":"","ast-hfb-mobile-header-display":"","site-post-title":"","ast-breadcrumbs-content":"","ast-featured-img":"","footer-sml-layout":"","ast-disable-related-posts":"","theme-transparent-header-meta":"default","adv-header-id-meta":"","stick-header-meta":"","header-above-stick-meta":"","header-main-stick-meta":"","header-below-stick-meta":"","astra-migrate-meta-layouts":"set","ast-page-background-enabled":"default","ast-page-background-meta":{"desktop":{"background-color":"","background-image":"","background-repeat":"repeat","background-position":"center center","background-size":"auto","background-attachment":"scroll","background-type":"","background-media":"","overlay-type":"","overlay-color":"","overlay-opacity":"","overlay-gradient":""},"tablet":{"background-color":"","background-image":"","background-repeat":"repeat","background-position":"center center","background-size":"auto","background-attachment":"scroll","background-type":"","background-media":"","overlay-type":"","overlay-color":"","overlay-opacity":"","overlay-gradient":""},"mobile":{"background-color":"","background-image":"","background-repeat":"repeat","background-position":"center center","background-size":"auto","background-attachment":"scroll","background-type":"","background-media":"","overlay-type":"","overlay-color":"","overlay-opacity":"","overlay-gradient":""}},"ast-content-background-meta":{"desktop":{"background-color":"var(--ast-global-color-5)","background-image":"","background-repeat":"repeat","background-position":"center center","background-size":"auto","background-attachment":"scroll","background-type":"","background-media":"","overlay-type":"","overlay-color":"","overlay-opacity":"","overlay-gradient":""},"tablet":{"background-color":"var(--ast-global-color-5)","background-image":"","background-repeat":"repeat","background-position":"center center","background-size":"auto","background-attachment":"scroll","background-type":"","background-media":"","overlay-type":"","overlay-color":"","overlay-opacity":"","overlay-gradient":""},"mobile":{"background-color":"var(--ast-global-color-5)","background-image":"","background-repeat":"repeat","background-position":"center center","background-size":"auto","background-attachment":"scroll","background-type":"","background-media":"","overlay-type":"","overlay-color":"","overlay-opacity":"","overlay-gradient":""}}},"product_brand":[3310],"product_cat":[3380,3379],"product_tag":[],"class_list":{"0":"post-23934","1":"product","2":"type-product","3":"status-publish","4":"has-post-thumbnail","6":"product_brand-human-kinetics","7":"product_cat-aides-a-lentrainement","8":"product_cat-aides-au-coaching-et-a-lentrainement","9":"desktop-align-left","10":"tablet-align-left","11":"mobile-align-left","13":"first","14":"instock","15":"sale","16":"taxable","17":"shipping-taxable","18":"purchasable","19":"product-type-simple"},"acf":[],"_links":{"self":[{"href":"https:\/\/ztsports.com\/fr\/wp-json\/wp\/v2\/product\/23934","targetHints":{"allow":["GET"]}}],"collection":[{"href":"https:\/\/ztsports.com\/fr\/wp-json\/wp\/v2\/product"}],"about":[{"href":"https:\/\/ztsports.com\/fr\/wp-json\/wp\/v2\/types\/product"}],"replies":[{"embeddable":true,"href":"https:\/\/ztsports.com\/fr\/wp-json\/wp\/v2\/comments?post=23934"}],"version-history":[{"count":1,"href":"https:\/\/ztsports.com\/fr\/wp-json\/wp\/v2\/product\/23934\/revisions"}],"predecessor-version":[{"id":23935,"href":"https:\/\/ztsports.com\/fr\/wp-json\/wp\/v2\/product\/23934\/revisions\/23935"}],"wp:featuredmedia":[{"embeddable":true,"href":"https:\/\/ztsports.com\/fr\/wp-json\/wp\/v2\/media\/23933"}],"wp:attachment":[{"href":"https:\/\/ztsports.com\/fr\/wp-json\/wp\/v2\/media?parent=23934"}],"wp:term":[{"taxonomy":"product_brand","embeddable":true,"href":"https:\/\/ztsports.com\/fr\/wp-json\/wp\/v2\/product_brand?post=23934"},{"taxonomy":"product_cat","embeddable":true,"href":"https:\/\/ztsports.com\/fr\/wp-json\/wp\/v2\/product_cat?post=23934"},{"taxonomy":"product_tag","embeddable":true,"href":"https:\/\/ztsports.com\/fr\/wp-json\/wp\/v2\/product_tag?post=23934"}],"curies":[{"name":"wp","href":"https:\/\/api.w.org\/{rel}","templated":true}]}}