{"id":23927,"date":"2021-09-23T02:39:29","date_gmt":"2021-09-23T02:39:29","guid":{"rendered":"https:\/\/ztsports.com\/?post_type=product&#038;p=23927"},"modified":"2026-03-12T12:35:41","modified_gmt":"2026-03-12T12:35:41","slug":"in-pursuit-of-excellence-by-terry-orlick","status":"publish","type":"product","link":"https:\/\/ztsports.com\/fr\/store\/in-pursuit-of-excellence-by-terry-orlick\/","title":{"rendered":"In Pursuit of Excellence by Terry Orlick"},"content":{"rendered":"<h1>\u00c0 la Poursuite de l\u2019Excellence <span>par Terry Orlick<\/span><\/h1>\n<h5>\u00c0 la Poursuite de l\u2019Excellence : Comment R\u00e9ussir dans le Sport et la Vie gr\u00e2ce \u00e0 l\u2019Entra\u00eenement Mental<\/h5>\n<p>Dans <em>\u00c0 la Poursuite de l\u2019Excellence<\/em>, Orlick explique comment concentrer son engagement, surmonter les obstacles \u00e0 l\u2019excellence et atteindre une plus grande satisfaction personnelle et professionnelle. Il fournit \u00e9galement \u00e0 chaque lecteur une m\u00e9thode d\u00e9taill\u00e9e \u00e9tape par \u00e9tape pour planifier son propre chemin vers l\u2019excellence.<\/p>\n<p>Vous apprendrez \u00e0 vous concentrer sur l\u2019excellence tout en vivant et en profitant pleinement de la vie. Vous d\u00e9velopperez une vision plus positive, un engagement plus cibl\u00e9, de meilleures m\u00e9thodes pour g\u00e9rer les distractions et les pressions, ainsi que des strat\u00e9gies pour surmonter les obstacles. Vous atteindrez \u00e9galement une plus grande satisfaction personnelle et professionnelle et d\u00e9couvrirez de meilleures fa\u00e7ons de collaborer avec vos co\u00e9quipiers, de r\u00e9pondre plus efficacement aux conseils et de devenir plus positif et autonome dans vos pens\u00e9es et vos actions.<\/p>\n<p>\u00c0 la fois pratique et inspirant, <em>\u00c0 la Poursuite de l\u2019Excellence<\/em> est un guide pour la vie quotidienne et la motivation, ainsi qu\u2019une feuille de route pour la r\u00e9ussite \u00e0 long terme. Lisez-le, utilisez-le et gagnez gr\u00e2ce \u00e0 lui \u2014 tant sur le plan personnel que professionnel.<\/p>\n<p>Prix r\u00e9gulier : 22,95$ \u2013 Prix promotionnel : 15,95$<\/p>\n<p>Enfin, d\u00e9couvrez notre biblioth\u00e8que de <a href=\"https:\/\/ztsports.com\/brand\/human-kinetics\/\"><strong>livres Human-Kinetics<\/strong><\/a>.<\/p>\n","protected":false},"excerpt":{"rendered":"<p>\u00c0 la Poursuite de l\u2019Excellence par Terry Orlick \u00c0 la Poursuite de l\u2019Excellence : Comment R\u00e9ussir dans le Sport et la Vie gr\u00e2ce \u00e0 l\u2019Entra\u00eenement Mental Dans \u00c0 la Poursuite de l\u2019Excellence, Orlick explique comment concentrer son engagement, surmonter les obstacles \u00e0 l\u2019excellence et atteindre une plus grande satisfaction personnelle et professionnelle. Il fournit \u00e9galement [&hellip;]<\/p>\n","protected":false},"featured_media":23926,"comment_status":"open","ping_status":"closed","template":"","meta":{"_acf_changed":false,"_monsterinsights_skip_tracking":false,"_monsterinsights_sitenote_active":false,"_monsterinsights_sitenote_note":"","_monsterinsights_sitenote_category":0,"_uf_show_specific_survey":0,"_uf_disable_surveys":false,"site-sidebar-layout":"default","site-content-layout":"","ast-site-content-layout":"default","site-content-style":"default","site-sidebar-style":"default","ast-global-header-display":"","ast-banner-title-visibility":"","ast-main-header-display":"","ast-hfb-above-header-display":"","ast-hfb-below-header-display":"","ast-hfb-mobile-header-display":"","site-post-title":"","ast-breadcrumbs-content":"","ast-featured-img":"","footer-sml-layout":"","ast-disable-related-posts":"","theme-transparent-header-meta":"default","adv-header-id-meta":"","stick-header-meta":"","header-above-stick-meta":"","header-main-stick-meta":"","header-below-stick-meta":"","astra-migrate-meta-layouts":"set","ast-page-background-enabled":"default","ast-page-background-meta":{"desktop":{"background-color":"","background-image":"","background-repeat":"repeat","background-position":"center center","background-size":"auto","background-attachment":"scroll","background-type":"","background-media":"","overlay-type":"","overlay-color":"","overlay-opacity":"","overlay-gradient":""},"tablet":{"background-color":"","background-image":"","background-repeat":"repeat","background-position":"center center","background-size":"auto","background-attachment":"scroll","background-type":"","background-media":"","overlay-type":"","overlay-color":"","overlay-opacity":"","overlay-gradient":""},"mobile":{"background-color":"","background-image":"","background-repeat":"repeat","background-position":"center center","background-size":"auto","background-attachment":"scroll","background-type":"","background-media":"","overlay-type":"","overlay-color":"","overlay-opacity":"","overlay-gradient":""}},"ast-content-background-meta":{"desktop":{"background-color":"var(--ast-global-color-5)","background-image":"","background-repeat":"repeat","background-position":"center center","background-size":"auto","background-attachment":"scroll","background-type":"","background-media":"","overlay-type":"","overlay-color":"","overlay-opacity":"","overlay-gradient":""},"tablet":{"background-color":"var(--ast-global-color-5)","background-image":"","background-repeat":"repeat","background-position":"center center","background-size":"auto","background-attachment":"scroll","background-type":"","background-media":"","overlay-type":"","overlay-color":"","overlay-opacity":"","overlay-gradient":""},"mobile":{"background-color":"var(--ast-global-color-5)","background-image":"","background-repeat":"repeat","background-position":"center center","background-size":"auto","background-attachment":"scroll","background-type":"","background-media":"","overlay-type":"","overlay-color":"","overlay-opacity":"","overlay-gradient":""}}},"product_brand":[3310],"product_cat":[3379],"product_tag":[],"class_list":{"0":"post-23927","1":"product","2":"type-product","3":"status-publish","4":"has-post-thumbnail","6":"product_brand-human-kinetics","7":"product_cat-aides-au-coaching-et-a-lentrainement","8":"desktop-align-left","9":"tablet-align-left","10":"mobile-align-left","12":"first","13":"instock","14":"taxable","15":"shipping-taxable","16":"purchasable","17":"product-type-simple"},"acf":[],"_links":{"self":[{"href":"https:\/\/ztsports.com\/fr\/wp-json\/wp\/v2\/product\/23927","targetHints":{"allow":["GET"]}}],"collection":[{"href":"https:\/\/ztsports.com\/fr\/wp-json\/wp\/v2\/product"}],"about":[{"href":"https:\/\/ztsports.com\/fr\/wp-json\/wp\/v2\/types\/product"}],"replies":[{"embeddable":true,"href":"https:\/\/ztsports.com\/fr\/wp-json\/wp\/v2\/comments?post=23927"}],"version-history":[{"count":1,"href":"https:\/\/ztsports.com\/fr\/wp-json\/wp\/v2\/product\/23927\/revisions"}],"predecessor-version":[{"id":23928,"href":"https:\/\/ztsports.com\/fr\/wp-json\/wp\/v2\/product\/23927\/revisions\/23928"}],"wp:featuredmedia":[{"embeddable":true,"href":"https:\/\/ztsports.com\/fr\/wp-json\/wp\/v2\/media\/23926"}],"wp:attachment":[{"href":"https:\/\/ztsports.com\/fr\/wp-json\/wp\/v2\/media?parent=23927"}],"wp:term":[{"taxonomy":"product_brand","embeddable":true,"href":"https:\/\/ztsports.com\/fr\/wp-json\/wp\/v2\/product_brand?post=23927"},{"taxonomy":"product_cat","embeddable":true,"href":"https:\/\/ztsports.com\/fr\/wp-json\/wp\/v2\/product_cat?post=23927"},{"taxonomy":"product_tag","embeddable":true,"href":"https:\/\/ztsports.com\/fr\/wp-json\/wp\/v2\/product_tag?post=23927"}],"curies":[{"name":"wp","href":"https:\/\/api.w.org\/{rel}","templated":true}]}}