{"id":23924,"date":"2021-09-23T02:39:29","date_gmt":"2021-09-23T02:39:29","guid":{"rendered":"https:\/\/ztsports.com\/?post_type=product&#038;p=23924"},"modified":"2026-03-12T12:36:20","modified_gmt":"2026-03-12T12:36:20","slug":"fitness-inline-skating-for-speed-and-technique","status":"publish","type":"product","link":"https:\/\/ztsports.com\/fr\/store\/fitness-inline-skating-for-speed-and-technique\/","title":{"rendered":"Fitness Inline Skating for Speed and Technique"},"content":{"rendered":"<h1>Patinage en ligne Fitness pour Vitesse et Technique<\/h1>\n<p>Le patinage en ligne fitness comprend quarante-huit s\u00e9ances d\u2019entra\u00eenement organis\u00e9es en six zones d\u2019entra\u00eenement de difficult\u00e9 croissante.<\/p>\n<p>Beaucoup se souviendront des articles de Fedel dans <em>Speed Skating Times<\/em>.<\/p>\n<p><a href=\"http:\/\/www.fedel.com\/bio\/\" target=\"_blank\" rel=\"noopener\"><strong>Fedel<\/strong><\/a> est un athl\u00e8te comp\u00e9titif passionn\u00e9 ayant particip\u00e9 \u00e0 plus de 100 triathlons\/duathlons, 60 courses de patinage en ligne, 50 courses cyclistes et 50 courses \u00e0 pied. Parmi ses faits marquants :<\/p>\n<blockquote><p>Qualifications pour :<\/p><\/blockquote>\n<ul>\n<li>\u00c9preuves olympiques \u2013 cyclisme (1988)<\/li>\n<li>Championnats nationaux \u2013 triathlon (1987-1992)<\/li>\n<li>Championnats nationaux \u2013 biathlon (duathlon) (1988-1992)<\/li>\n<li>Championnats nationaux \u2013 patinage en ligne (1991-1996)<\/li>\n<\/ul>\n<blockquote><p>Autres faits marquants :<\/p><\/blockquote>\n<ul>\n<li>Champion r\u00e9gional du Midwest en patinage en ligne (1995)<\/li>\n<li>1re place g\u00e9n\u00e9rale dans plus de 30 courses de patinage en ligne (1989-1996)<\/li>\n<li>Run Across Michigan (Relais \u2013 2000)<\/li>\n<li>Bike Across Indiana (2000)<\/li>\n<li>Ironman\u2122 de Floride (distance Ironman, 2000-2001)<\/li>\n<li>Pineman Ironman\u2122 (distance Ironman, 2002)<\/li>\n<li>Marathon de Columbus (2003)<\/li>\n<\/ul>\n<p>Enfin, d\u00e9couvrez notre biblioth\u00e8que de <a href=\"https:\/\/ztsports.com\/brand\/human-kinetics\/\"><strong>livres Human-Kinetics<\/strong><\/a>.<\/p>\n","protected":false},"excerpt":{"rendered":"<p>Patinage en ligne Fitness pour Vitesse et Technique Le patinage en ligne fitness comprend quarante-huit s\u00e9ances d\u2019entra\u00eenement organis\u00e9es en six zones d\u2019entra\u00eenement de difficult\u00e9 croissante. Beaucoup se souviendront des articles de Fedel dans Speed Skating Times. Fedel est un athl\u00e8te comp\u00e9titif passionn\u00e9 ayant particip\u00e9 \u00e0 plus de 100 triathlons\/duathlons, 60 courses de patinage en ligne, [&hellip;]<\/p>\n","protected":false},"featured_media":23923,"comment_status":"open","ping_status":"closed","template":"","meta":{"_acf_changed":false,"_monsterinsights_skip_tracking":false,"_monsterinsights_sitenote_active":false,"_monsterinsights_sitenote_note":"","_monsterinsights_sitenote_category":0,"_uf_show_specific_survey":0,"_uf_disable_surveys":false,"site-sidebar-layout":"default","site-content-layout":"","ast-site-content-layout":"default","site-content-style":"default","site-sidebar-style":"default","ast-global-header-display":"","ast-banner-title-visibility":"","ast-main-header-display":"","ast-hfb-above-header-display":"","ast-hfb-below-header-display":"","ast-hfb-mobile-header-display":"","site-post-title":"","ast-breadcrumbs-content":"","ast-featured-img":"","footer-sml-layout":"","ast-disable-related-posts":"","theme-transparent-header-meta":"default","adv-header-id-meta":"","stick-header-meta":"","header-above-stick-meta":"","header-main-stick-meta":"","header-below-stick-meta":"","astra-migrate-meta-layouts":"set","ast-page-background-enabled":"default","ast-page-background-meta":{"desktop":{"background-color":"","background-image":"","background-repeat":"repeat","background-position":"center center","background-size":"auto","background-attachment":"scroll","background-type":"","background-media":"","overlay-type":"","overlay-color":"","overlay-opacity":"","overlay-gradient":""},"tablet":{"background-color":"","background-image":"","background-repeat":"repeat","background-position":"center center","background-size":"auto","background-attachment":"scroll","background-type":"","background-media":"","overlay-type":"","overlay-color":"","overlay-opacity":"","overlay-gradient":""},"mobile":{"background-color":"","background-image":"","background-repeat":"repeat","background-position":"center center","background-size":"auto","background-attachment":"scroll","background-type":"","background-media":"","overlay-type":"","overlay-color":"","overlay-opacity":"","overlay-gradient":""}},"ast-content-background-meta":{"desktop":{"background-color":"var(--ast-global-color-5)","background-image":"","background-repeat":"repeat","background-position":"center center","background-size":"auto","background-attachment":"scroll","background-type":"","background-media":"","overlay-type":"","overlay-color":"","overlay-opacity":"","overlay-gradient":""},"tablet":{"background-color":"var(--ast-global-color-5)","background-image":"","background-repeat":"repeat","background-position":"center center","background-size":"auto","background-attachment":"scroll","background-type":"","background-media":"","overlay-type":"","overlay-color":"","overlay-opacity":"","overlay-gradient":""},"mobile":{"background-color":"var(--ast-global-color-5)","background-image":"","background-repeat":"repeat","background-position":"center center","background-size":"auto","background-attachment":"scroll","background-type":"","background-media":"","overlay-type":"","overlay-color":"","overlay-opacity":"","overlay-gradient":""}}},"product_brand":[3310],"product_cat":[3379,3381],"product_tag":[],"class_list":{"0":"post-23924","1":"product","2":"type-product","3":"status-publish","4":"has-post-thumbnail","6":"product_brand-human-kinetics","7":"product_cat-aides-au-coaching-et-a-lentrainement","8":"product_cat-patinage-de-vitesse-en-ligne","9":"desktop-align-left","10":"tablet-align-left","11":"mobile-align-left","13":"first","14":"instock","15":"sale","16":"taxable","17":"shipping-taxable","18":"purchasable","19":"product-type-simple"},"acf":[],"_links":{"self":[{"href":"https:\/\/ztsports.com\/fr\/wp-json\/wp\/v2\/product\/23924","targetHints":{"allow":["GET"]}}],"collection":[{"href":"https:\/\/ztsports.com\/fr\/wp-json\/wp\/v2\/product"}],"about":[{"href":"https:\/\/ztsports.com\/fr\/wp-json\/wp\/v2\/types\/product"}],"replies":[{"embeddable":true,"href":"https:\/\/ztsports.com\/fr\/wp-json\/wp\/v2\/comments?post=23924"}],"version-history":[{"count":1,"href":"https:\/\/ztsports.com\/fr\/wp-json\/wp\/v2\/product\/23924\/revisions"}],"predecessor-version":[{"id":23925,"href":"https:\/\/ztsports.com\/fr\/wp-json\/wp\/v2\/product\/23924\/revisions\/23925"}],"wp:featuredmedia":[{"embeddable":true,"href":"https:\/\/ztsports.com\/fr\/wp-json\/wp\/v2\/media\/23923"}],"wp:attachment":[{"href":"https:\/\/ztsports.com\/fr\/wp-json\/wp\/v2\/media?parent=23924"}],"wp:term":[{"taxonomy":"product_brand","embeddable":true,"href":"https:\/\/ztsports.com\/fr\/wp-json\/wp\/v2\/product_brand?post=23924"},{"taxonomy":"product_cat","embeddable":true,"href":"https:\/\/ztsports.com\/fr\/wp-json\/wp\/v2\/product_cat?post=23924"},{"taxonomy":"product_tag","embeddable":true,"href":"https:\/\/ztsports.com\/fr\/wp-json\/wp\/v2\/product_tag?post=23924"}],"curies":[{"name":"wp","href":"https:\/\/api.w.org\/{rel}","templated":true}]}}