{"id":23915,"date":"2021-09-23T02:40:45","date_gmt":"2021-09-23T02:40:45","guid":{"rendered":"https:\/\/ztsports.com\/?post_type=product&#038;p=23915"},"modified":"2026-03-10T07:55:08","modified_gmt":"2026-03-10T07:55:08","slug":"skate-tec-nagano-short-track-blade","status":"publish","type":"product","link":"https:\/\/ztsports.com\/fr\/store\/skate-tec-nagano-short-track-blade\/","title":{"rendered":"SKATE-TEC NAGANO Short Track Blade"},"content":{"rendered":"<h1>SKATE-TEC NAGANO \u2013 Lame Short Track<\/h1>\n<p>La lame Skate-Tec Nagano Short Track rappelle les sensations des anciennes Maple Gold PB et MapleZ Gold, mais avec un <strong>runner<\/strong> et une <strong>pr\u00e9-courbure<\/strong> inspir\u00e9s des mod\u00e8les M-Wave, Argon et QuarQ. Cela offre une <strong>glisse exceptionnelle<\/strong> et une <strong>pr\u00e9-courbure constante<\/strong>. La lame reprend les concepts et la construction de la MapleZ Gold, avec une nouvelle finition brillante.<\/p>\n<h3>De Gold \u00e0 Evo \u00e0 Nagano<\/h3>\n<p>Certains patineurs ont tent\u00e9 de passer de la MapleZ Gold \u00e0 la gamme EVO, avec succ\u00e8s pour certains, mais d\u2019autres ont rencontr\u00e9 des difficult\u00e9s. La production des MapleZ Gold \u00e9tant arr\u00eat\u00e9e, Skate-Tec propose d\u00e9sormais la Nagano. Con\u00e7ue par le fondateur de Maple, cette lame reprend tous les concepts et la construction de la MapleZ Gold avec une finition brillante et moderne.<\/p>\n<p>Le haut de la Nagano est courb\u00e9 de la pointe \u00e0 l\u2019arri\u00e8re. Cette courbure r\u00e9partit la rigidit\u00e9 l\u00e0 o\u00f9 elle est n\u00e9cessaire, principalement au centre. Elle permet \u00e0 la lame de conserver sa forme tout en offrant suffisamment de flexibilit\u00e9 pour un contr\u00f4le optimal.<\/p>\n<p>Skate-Tec d\u00e9veloppe ses produits par un processus constant de tests et d\u2019innovation, utilisant uniquement des mat\u00e9riaux premium et des proc\u00e9d\u00e9s de fabrication de haute qualit\u00e9. La collaboration avec des athl\u00e8tes et entra\u00eeneurs de haut niveau permet d\u2019offrir les meilleures performances.<\/p>\n<p>Pour <a href=\"https:\/\/www.skate-tec.com\/nagano.html\" target=\"_blank\" rel=\"noopener\">plus d\u2019informations sur la lame Skate-Tec Nagano<\/a>.<\/p>\n<p>D\u00e9couvrez \u00e9galement toutes nos <a href=\"https:\/\/ztsports.com\/product-category\/short-track\/blades\/\"><strong>lames Short Track<\/strong><\/a>.<\/p>\n<h3>N\u2019oubliez pas d\u2019ajouter la <strong><a href=\"https:\/\/ztsports.com\/product\/short-track-blade-preparation\/\">pr\u00e9paration de lame<\/a><\/strong><\/h3>\n","protected":false},"excerpt":{"rendered":"<p>SKATE-TEC NAGANO \u2013 Lame Short Track La lame Skate-Tec Nagano Short Track rappelle les sensations des anciennes Maple Gold PB et MapleZ Gold, mais avec un runner et une pr\u00e9-courbure inspir\u00e9s des mod\u00e8les M-Wave, Argon et QuarQ. Cela offre une glisse exceptionnelle et une pr\u00e9-courbure constante. La lame reprend les concepts et la construction de [&hellip;]<\/p>\n","protected":false},"featured_media":23912,"comment_status":"open","ping_status":"closed","template":"","meta":{"_acf_changed":false,"_monsterinsights_skip_tracking":false,"_monsterinsights_sitenote_active":false,"_monsterinsights_sitenote_note":"","_monsterinsights_sitenote_category":0,"_uf_show_specific_survey":0,"_uf_disable_surveys":false,"site-sidebar-layout":"default","site-content-layout":"","ast-site-content-layout":"default","site-content-style":"default","site-sidebar-style":"default","ast-global-header-display":"","ast-banner-title-visibility":"","ast-main-header-display":"","ast-hfb-above-header-display":"","ast-hfb-below-header-display":"","ast-hfb-mobile-header-display":"","site-post-title":"","ast-breadcrumbs-content":"","ast-featured-img":"","footer-sml-layout":"","ast-disable-related-posts":"","theme-transparent-header-meta":"default","adv-header-id-meta":"","stick-header-meta":"","header-above-stick-meta":"","header-main-stick-meta":"","header-below-stick-meta":"","astra-migrate-meta-layouts":"set","ast-page-background-enabled":"default","ast-page-background-meta":{"desktop":{"background-color":"","background-image":"","background-repeat":"repeat","background-position":"center center","background-size":"auto","background-attachment":"scroll","background-type":"","background-media":"","overlay-type":"","overlay-color":"","overlay-opacity":"","overlay-gradient":""},"tablet":{"background-color":"","background-image":"","background-repeat":"repeat","background-position":"center center","background-size":"auto","background-attachment":"scroll","background-type":"","background-media":"","overlay-type":"","overlay-color":"","overlay-opacity":"","overlay-gradient":""},"mobile":{"background-color":"","background-image":"","background-repeat":"repeat","background-position":"center center","background-size":"auto","background-attachment":"scroll","background-type":"","background-media":"","overlay-type":"","overlay-color":"","overlay-opacity":"","overlay-gradient":""}},"ast-content-background-meta":{"desktop":{"background-color":"var(--ast-global-color-5)","background-image":"","background-repeat":"repeat","background-position":"center center","background-size":"auto","background-attachment":"scroll","background-type":"","background-media":"","overlay-type":"","overlay-color":"","overlay-opacity":"","overlay-gradient":""},"tablet":{"background-color":"var(--ast-global-color-5)","background-image":"","background-repeat":"repeat","background-position":"center center","background-size":"auto","background-attachment":"scroll","background-type":"","background-media":"","overlay-type":"","overlay-color":"","overlay-opacity":"","overlay-gradient":""},"mobile":{"background-color":"var(--ast-global-color-5)","background-image":"","background-repeat":"repeat","background-position":"center center","background-size":"auto","background-attachment":"scroll","background-type":"","background-media":"","overlay-type":"","overlay-color":"","overlay-opacity":"","overlay-gradient":""}}},"product_brand":[3326,3338],"product_cat":[4561,4560],"product_tag":[3796],"class_list":{"0":"post-23915","1":"product","2":"type-product","3":"status-publish","4":"has-post-thumbnail","6":"product_brand-nagano","7":"product_brand-skate-tec","8":"product_cat-blades","9":"product_cat-short-track-blades","10":"product_tag-short-track","11":"desktop-align-left","12":"tablet-align-left","13":"mobile-align-left","15":"first","16":"instock","17":"taxable","18":"shipping-taxable","19":"purchasable","20":"product-type-simple"},"acf":[],"_links":{"self":[{"href":"https:\/\/ztsports.com\/fr\/wp-json\/wp\/v2\/product\/23915","targetHints":{"allow":["GET"]}}],"collection":[{"href":"https:\/\/ztsports.com\/fr\/wp-json\/wp\/v2\/product"}],"about":[{"href":"https:\/\/ztsports.com\/fr\/wp-json\/wp\/v2\/types\/product"}],"replies":[{"embeddable":true,"href":"https:\/\/ztsports.com\/fr\/wp-json\/wp\/v2\/comments?post=23915"}],"version-history":[{"count":1,"href":"https:\/\/ztsports.com\/fr\/wp-json\/wp\/v2\/product\/23915\/revisions"}],"predecessor-version":[{"id":23916,"href":"https:\/\/ztsports.com\/fr\/wp-json\/wp\/v2\/product\/23915\/revisions\/23916"}],"wp:featuredmedia":[{"embeddable":true,"href":"https:\/\/ztsports.com\/fr\/wp-json\/wp\/v2\/media\/23912"}],"wp:attachment":[{"href":"https:\/\/ztsports.com\/fr\/wp-json\/wp\/v2\/media?parent=23915"}],"wp:term":[{"taxonomy":"product_brand","embeddable":true,"href":"https:\/\/ztsports.com\/fr\/wp-json\/wp\/v2\/product_brand?post=23915"},{"taxonomy":"product_cat","embeddable":true,"href":"https:\/\/ztsports.com\/fr\/wp-json\/wp\/v2\/product_cat?post=23915"},{"taxonomy":"product_tag","embeddable":true,"href":"https:\/\/ztsports.com\/fr\/wp-json\/wp\/v2\/product_tag?post=23915"}],"curies":[{"name":"wp","href":"https:\/\/api.w.org\/{rel}","templated":true}]}}