{"id":23910,"date":"2021-09-23T02:40:46","date_gmt":"2021-09-23T02:40:46","guid":{"rendered":"https:\/\/ztsports.com\/?post_type=product&#038;p=23910"},"modified":"2026-03-10T07:54:12","modified_gmt":"2026-03-10T07:54:12","slug":"bont-ultrasprint-short-track-blade-2","status":"publish","type":"product","link":"https:\/\/ztsports.com\/fr\/store\/bont-ultrasprint-short-track-blade-2\/","title":{"rendered":"BONT ULTRASPRINT Short Track Blade"},"content":{"rendered":"<h1>BONT ULTRASPRINT \u2013 Lame Short Track<\/h1>\n<p>La nouvelle lame Bont Ultrasprint Short Track est id\u00e9ale pour les patineurs d\u00e9butants et interm\u00e9diaires. C\u2019est l\u2019une des rares lames de cette gamme de prix \u00e0 \u00eatre <strong>pr\u00e9-courb\u00e9e<\/strong>, ce qui lui permet de conserver une rigidit\u00e9 optimale. La lame est fabriqu\u00e9e en acier japonais de haute qualit\u00e9, garantissant un aff\u00fbtage facile et durable.<\/p>\n<p>BONT est une entreprise australienne sp\u00e9cialis\u00e9e dans le mat\u00e9riel de patinage de vitesse. Elle propose des produits de qualit\u00e9, se distinguant par l\u2019excellence des mat\u00e9riaux utilis\u00e9s, tels que le cuir de kangourou. BONT offre \u00e9galement une gamme compl\u00e8te de bottes pour Short Track, Long Track et Inline.<\/p>\n<h3>Sp\u00e9cifications :<\/h3>\n<ul>\n<li><strong>Tube :<\/strong> 6061 T6<\/li>\n<li><strong>Gobelet :<\/strong> Aluminium 7075 T6<\/li>\n<li><strong>Rayon :<\/strong> 8 m<\/li>\n<li><strong>Longueurs disponibles :<\/strong> 12&#8243;, 13&#8243;, 14&#8243;, 14.5&#8243;, 15&#8243;, 15.5&#8243;, 16&#8243;, 16.5&#8243;, 17&#8243;<\/li>\n<li><strong>\u00c9paisseur de la lame :<\/strong> 1,1 mm<\/li>\n<li><strong>Duret\u00e9 :<\/strong> 58 Rockwell<\/li>\n<li><strong>Courbure :<\/strong> Machine bent (pr\u00e9-courb\u00e9e)<\/li>\n<li><strong>Non pr\u00e9-aff\u00fbt\u00e9e<\/strong><\/li>\n<\/ul>\n<h4>N\u2019oubliez pas d\u2019ajouter la <strong><a href=\"https:\/\/ztsports.com\/product\/short-track-blade-preparation\/\">pr\u00e9paration de lame<\/a><\/strong><\/h4>\n<p>D\u00e9couvrez \u00e9galement toutes nos <a href=\"https:\/\/ztsports.com\/product-category\/short-track\/blades\/\"><strong>lames Short Track<\/strong><\/a>.<\/p>\n","protected":false},"excerpt":{"rendered":"<p>BONT ULTRASPRINT \u2013 Lame Short Track La nouvelle lame Bont Ultrasprint Short Track est id\u00e9ale pour les patineurs d\u00e9butants et interm\u00e9diaires. C\u2019est l\u2019une des rares lames de cette gamme de prix \u00e0 \u00eatre pr\u00e9-courb\u00e9e, ce qui lui permet de conserver une rigidit\u00e9 optimale. La lame est fabriqu\u00e9e en acier japonais de haute qualit\u00e9, garantissant un [&hellip;]<\/p>\n","protected":false},"featured_media":23908,"comment_status":"open","ping_status":"closed","template":"","meta":{"_acf_changed":false,"_monsterinsights_skip_tracking":false,"_monsterinsights_sitenote_active":false,"_monsterinsights_sitenote_note":"","_monsterinsights_sitenote_category":0,"_uf_show_specific_survey":0,"_uf_disable_surveys":false,"site-sidebar-layout":"default","site-content-layout":"","ast-site-content-layout":"default","site-content-style":"default","site-sidebar-style":"default","ast-global-header-display":"","ast-banner-title-visibility":"","ast-main-header-display":"","ast-hfb-above-header-display":"","ast-hfb-below-header-display":"","ast-hfb-mobile-header-display":"","site-post-title":"","ast-breadcrumbs-content":"","ast-featured-img":"","footer-sml-layout":"","ast-disable-related-posts":"","theme-transparent-header-meta":"default","adv-header-id-meta":"","stick-header-meta":"","header-above-stick-meta":"","header-main-stick-meta":"","header-below-stick-meta":"","astra-migrate-meta-layouts":"set","ast-page-background-enabled":"default","ast-page-background-meta":{"desktop":{"background-color":"","background-image":"","background-repeat":"repeat","background-position":"center center","background-size":"auto","background-attachment":"scroll","background-type":"","background-media":"","overlay-type":"","overlay-color":"","overlay-opacity":"","overlay-gradient":""},"tablet":{"background-color":"","background-image":"","background-repeat":"repeat","background-position":"center center","background-size":"auto","background-attachment":"scroll","background-type":"","background-media":"","overlay-type":"","overlay-color":"","overlay-opacity":"","overlay-gradient":""},"mobile":{"background-color":"","background-image":"","background-repeat":"repeat","background-position":"center center","background-size":"auto","background-attachment":"scroll","background-type":"","background-media":"","overlay-type":"","overlay-color":"","overlay-opacity":"","overlay-gradient":""}},"ast-content-background-meta":{"desktop":{"background-color":"var(--ast-global-color-5)","background-image":"","background-repeat":"repeat","background-position":"center center","background-size":"auto","background-attachment":"scroll","background-type":"","background-media":"","overlay-type":"","overlay-color":"","overlay-opacity":"","overlay-gradient":""},"tablet":{"background-color":"var(--ast-global-color-5)","background-image":"","background-repeat":"repeat","background-position":"center center","background-size":"auto","background-attachment":"scroll","background-type":"","background-media":"","overlay-type":"","overlay-color":"","overlay-opacity":"","overlay-gradient":""},"mobile":{"background-color":"var(--ast-global-color-5)","background-image":"","background-repeat":"repeat","background-position":"center center","background-size":"auto","background-attachment":"scroll","background-type":"","background-media":"","overlay-type":"","overlay-color":"","overlay-opacity":"","overlay-gradient":""}}},"product_brand":[3285],"product_cat":[4561,4560],"product_tag":[],"class_list":{"0":"post-23910","1":"product","2":"type-product","3":"status-publish","4":"has-post-thumbnail","6":"product_brand-bont","7":"product_cat-blades","8":"product_cat-short-track-blades","9":"desktop-align-left","10":"tablet-align-left","11":"mobile-align-left","13":"first","14":"instock","15":"taxable","16":"shipping-taxable","17":"purchasable","18":"product-type-simple"},"acf":[],"_links":{"self":[{"href":"https:\/\/ztsports.com\/fr\/wp-json\/wp\/v2\/product\/23910","targetHints":{"allow":["GET"]}}],"collection":[{"href":"https:\/\/ztsports.com\/fr\/wp-json\/wp\/v2\/product"}],"about":[{"href":"https:\/\/ztsports.com\/fr\/wp-json\/wp\/v2\/types\/product"}],"replies":[{"embeddable":true,"href":"https:\/\/ztsports.com\/fr\/wp-json\/wp\/v2\/comments?post=23910"}],"version-history":[{"count":1,"href":"https:\/\/ztsports.com\/fr\/wp-json\/wp\/v2\/product\/23910\/revisions"}],"predecessor-version":[{"id":23911,"href":"https:\/\/ztsports.com\/fr\/wp-json\/wp\/v2\/product\/23910\/revisions\/23911"}],"wp:featuredmedia":[{"embeddable":true,"href":"https:\/\/ztsports.com\/fr\/wp-json\/wp\/v2\/media\/23908"}],"wp:attachment":[{"href":"https:\/\/ztsports.com\/fr\/wp-json\/wp\/v2\/media?parent=23910"}],"wp:term":[{"taxonomy":"product_brand","embeddable":true,"href":"https:\/\/ztsports.com\/fr\/wp-json\/wp\/v2\/product_brand?post=23910"},{"taxonomy":"product_cat","embeddable":true,"href":"https:\/\/ztsports.com\/fr\/wp-json\/wp\/v2\/product_cat?post=23910"},{"taxonomy":"product_tag","embeddable":true,"href":"https:\/\/ztsports.com\/fr\/wp-json\/wp\/v2\/product_tag?post=23910"}],"curies":[{"name":"wp","href":"https:\/\/api.w.org\/{rel}","templated":true}]}}