{"id":23906,"date":"2021-09-23T02:40:47","date_gmt":"2021-09-23T02:40:47","guid":{"rendered":"https:\/\/ztsports.com\/?post_type=product&#038;p=23906"},"modified":"2026-03-10T07:53:21","modified_gmt":"2026-03-10T07:53:21","slug":"evo-futuro-short-track-blade-by-skate-tec","status":"publish","type":"product","link":"https:\/\/ztsports.com\/fr\/store\/evo-futuro-short-track-blade-by-skate-tec\/","title":{"rendered":"EVO FUTURO Short Track Blade By Skate-Tec"},"content":{"rendered":"<h1>EVO FUTURO \u2013 Lame Short Track<\/h1>\n<p>La EVO FUTURO est la lame d&#8217;entr\u00e9e de gamme d&#8217;EVO. Son tube flexible et sa lame en acier chrom\u00e9 sont parfaits pour les patineurs d\u00e9butants. Id\u00e9ale pour les clubs et les nouveaux patineurs, l\u2019acier 12C27 maintient une excellente qualit\u00e9 de tranchant et une nettet\u00e9 durable. La fabrication respecte les m\u00eames tol\u00e9rances que nos lames PM et Bi-metal.<\/p>\n<p>EVO est une entreprise de fabrication de mat\u00e9riel de patinage de vitesse fond\u00e9e par le Canadien Derrick Campbell, ancien entra\u00eeneur de l\u2019\u00e9quipe nationale masculine de short track, en collaboration avec Johan Bennink, sp\u00e9cialiste des m\u00e9taux et entra\u00eeneur de patinage. Gr\u00e2ce \u00e0 leurs lames innovantes (EVO Argon PM et EVO QuarQ), ils ont rapidement gagn\u00e9 une part importante du march\u00e9 du short track et sont pr\u00e9sents sur le circuit de la Coupe du Monde.<\/p>\n<p>EVO propose d\u00e9sormais une gamme compl\u00e8te de produits pour le patinage de vitesse, Short et Long Track.<\/p>\n<ul>\n<li>Indice de rigidit\u00e9 (1 \u00e0 4) : 1<\/li>\n<li>Tube : Aluminium 7000<\/li>\n<li>Pr\u00e9-courb\u00e9e : Oui<\/li>\n<li>Type de m\u00e9tal : Acier chrom\u00e9 58 HRC<\/li>\n<\/ul>\n<p><strong><a href=\"https:\/\/ztsports.com\/brand\/evo\/\">EVO Futuro<\/a> = <a href=\"https:\/\/ztsports.com\/brand\/skate-tec\/\">Skate-Tec Futuro<\/a><\/strong><\/p>\n<p>Pour plus d\u2019informations, consultez <a href=\"http:\/\/www.skate-tec.com\" target=\"_blank\" rel=\"noopener\">Skate-Tec<\/a>.<\/p>\n<p>D\u00e9couvrez \u00e9galement toutes nos <a href=\"https:\/\/ztsports.com\/product-category\/short-track\/blades\/\"><strong>lames Short Track<\/strong><\/a>.<\/p>\n<h3>N\u2019oubliez pas d\u2019ajouter la <strong><a href=\"https:\/\/ztsports.com\/product\/short-track-blade-preparation\/\">pr\u00e9paration de lame<\/a><\/strong><\/h3>\n","protected":false},"excerpt":{"rendered":"<p>EVO FUTURO \u2013 Lame Short Track La EVO FUTURO est la lame d&#8217;entr\u00e9e de gamme d&#8217;EVO. Son tube flexible et sa lame en acier chrom\u00e9 sont parfaits pour les patineurs d\u00e9butants. Id\u00e9ale pour les clubs et les nouveaux patineurs, l\u2019acier 12C27 maintient une excellente qualit\u00e9 de tranchant et une nettet\u00e9 durable. La fabrication respecte les [&hellip;]<\/p>\n","protected":false},"featured_media":23902,"comment_status":"open","ping_status":"closed","template":"","meta":{"_acf_changed":false,"_monsterinsights_skip_tracking":false,"_monsterinsights_sitenote_active":false,"_monsterinsights_sitenote_note":"","_monsterinsights_sitenote_category":0,"_uf_show_specific_survey":0,"_uf_disable_surveys":false,"site-sidebar-layout":"default","site-content-layout":"","ast-site-content-layout":"default","site-content-style":"default","site-sidebar-style":"default","ast-global-header-display":"","ast-banner-title-visibility":"","ast-main-header-display":"","ast-hfb-above-header-display":"","ast-hfb-below-header-display":"","ast-hfb-mobile-header-display":"","site-post-title":"","ast-breadcrumbs-content":"","ast-featured-img":"","footer-sml-layout":"","ast-disable-related-posts":"","theme-transparent-header-meta":"default","adv-header-id-meta":"","stick-header-meta":"","header-above-stick-meta":"","header-main-stick-meta":"","header-below-stick-meta":"","astra-migrate-meta-layouts":"set","ast-page-background-enabled":"default","ast-page-background-meta":{"desktop":{"background-color":"","background-image":"","background-repeat":"repeat","background-position":"center center","background-size":"auto","background-attachment":"scroll","background-type":"","background-media":"","overlay-type":"","overlay-color":"","overlay-opacity":"","overlay-gradient":""},"tablet":{"background-color":"","background-image":"","background-repeat":"repeat","background-position":"center center","background-size":"auto","background-attachment":"scroll","background-type":"","background-media":"","overlay-type":"","overlay-color":"","overlay-opacity":"","overlay-gradient":""},"mobile":{"background-color":"","background-image":"","background-repeat":"repeat","background-position":"center center","background-size":"auto","background-attachment":"scroll","background-type":"","background-media":"","overlay-type":"","overlay-color":"","overlay-opacity":"","overlay-gradient":""}},"ast-content-background-meta":{"desktop":{"background-color":"var(--ast-global-color-5)","background-image":"","background-repeat":"repeat","background-position":"center center","background-size":"auto","background-attachment":"scroll","background-type":"","background-media":"","overlay-type":"","overlay-color":"","overlay-opacity":"","overlay-gradient":""},"tablet":{"background-color":"var(--ast-global-color-5)","background-image":"","background-repeat":"repeat","background-position":"center center","background-size":"auto","background-attachment":"scroll","background-type":"","background-media":"","overlay-type":"","overlay-color":"","overlay-opacity":"","overlay-gradient":""},"mobile":{"background-color":"var(--ast-global-color-5)","background-image":"","background-repeat":"repeat","background-position":"center center","background-size":"auto","background-attachment":"scroll","background-type":"","background-media":"","overlay-type":"","overlay-color":"","overlay-opacity":"","overlay-gradient":""}}},"product_brand":[3297,3338],"product_cat":[4561,4560],"product_tag":[3796,4562],"class_list":{"0":"post-23906","1":"product","2":"type-product","3":"status-publish","4":"has-post-thumbnail","6":"product_brand-evo","7":"product_brand-skate-tec","8":"product_cat-blades","9":"product_cat-short-track-blades","10":"product_tag-short-track","11":"product_tag-speed-skating","12":"desktop-align-left","13":"tablet-align-left","14":"mobile-align-left","16":"first","17":"instock","18":"taxable","19":"shipping-taxable","20":"purchasable","21":"product-type-simple"},"acf":[],"_links":{"self":[{"href":"https:\/\/ztsports.com\/fr\/wp-json\/wp\/v2\/product\/23906","targetHints":{"allow":["GET"]}}],"collection":[{"href":"https:\/\/ztsports.com\/fr\/wp-json\/wp\/v2\/product"}],"about":[{"href":"https:\/\/ztsports.com\/fr\/wp-json\/wp\/v2\/types\/product"}],"replies":[{"embeddable":true,"href":"https:\/\/ztsports.com\/fr\/wp-json\/wp\/v2\/comments?post=23906"}],"version-history":[{"count":1,"href":"https:\/\/ztsports.com\/fr\/wp-json\/wp\/v2\/product\/23906\/revisions"}],"predecessor-version":[{"id":23907,"href":"https:\/\/ztsports.com\/fr\/wp-json\/wp\/v2\/product\/23906\/revisions\/23907"}],"wp:featuredmedia":[{"embeddable":true,"href":"https:\/\/ztsports.com\/fr\/wp-json\/wp\/v2\/media\/23902"}],"wp:attachment":[{"href":"https:\/\/ztsports.com\/fr\/wp-json\/wp\/v2\/media?parent=23906"}],"wp:term":[{"taxonomy":"product_brand","embeddable":true,"href":"https:\/\/ztsports.com\/fr\/wp-json\/wp\/v2\/product_brand?post=23906"},{"taxonomy":"product_cat","embeddable":true,"href":"https:\/\/ztsports.com\/fr\/wp-json\/wp\/v2\/product_cat?post=23906"},{"taxonomy":"product_tag","embeddable":true,"href":"https:\/\/ztsports.com\/fr\/wp-json\/wp\/v2\/product_tag?post=23906"}],"curies":[{"name":"wp","href":"https:\/\/api.w.org\/{rel}","templated":true}]}}