{"id":23900,"date":"2021-09-23T02:40:48","date_gmt":"2021-09-23T02:40:48","guid":{"rendered":"https:\/\/ztsports.com\/?post_type=product&#038;p=23900"},"modified":"2026-03-10T07:52:26","modified_gmt":"2026-03-10T07:52:26","slug":"2-protective-gloves-youth-short-track","status":"publish","type":"product","link":"https:\/\/ztsports.com\/fr\/store\/2-protective-gloves-youth-short-track\/","title":{"rendered":"#2 PROTECTIVE GLOVES Youth Short Track"},"content":{"rendered":"<h2>Gants de Protection Jeunesse \u2013 Short Track<\/h2>\n<p>Ces gants en cuir pour jeunes sont parfaits pour les patineurs qui d\u00e9butent en short track. Ils offrent chaleur et confort, tout en prot\u00e9geant les mains.<\/p>\n<p><strong>Tailles disponibles :<\/strong> 3 et 5 \u00e0 un prix abordable pour les parents !<\/p>\n<p>Pour la prochaine saison, la nouvelle version am\u00e9lior\u00e9e propose une doublure confortable pour plus de chaleur et des bouts renforc\u00e9s pour une protection optimale. <a href=\"https:\/\/ztsports.com\/product\/xact-leather-skating-glove\/\"><strong>Disponible maintenant en tailles 0 \u00e0 10 (nouvelles tailles 0, 1, 2 incluses)<\/strong><\/a>.<\/p>\n<p>D\u00e9couvrez \u00e9galement tous nos <a href=\"https:\/\/ztsports.com\/product-category\/protection\/gloves\/\"><strong>gants de short track<\/strong><\/a> ici.<\/p>\n","protected":false},"excerpt":{"rendered":"<p>Gants de Protection Jeunesse \u2013 Short Track Ces gants en cuir pour jeunes sont parfaits pour les patineurs qui d\u00e9butent en short track. Ils offrent chaleur et confort, tout en prot\u00e9geant les mains. Tailles disponibles : 3 et 5 \u00e0 un prix abordable pour les parents ! Pour la prochaine saison, la nouvelle version am\u00e9lior\u00e9e [&hellip;]<\/p>\n","protected":false},"featured_media":21391,"comment_status":"open","ping_status":"closed","template":"","meta":{"_acf_changed":false,"_monsterinsights_skip_tracking":false,"_monsterinsights_sitenote_active":false,"_monsterinsights_sitenote_note":"","_monsterinsights_sitenote_category":0,"_uf_show_specific_survey":0,"_uf_disable_surveys":false,"site-sidebar-layout":"default","site-content-layout":"","ast-site-content-layout":"default","site-content-style":"default","site-sidebar-style":"default","ast-global-header-display":"","ast-banner-title-visibility":"","ast-main-header-display":"","ast-hfb-above-header-display":"","ast-hfb-below-header-display":"","ast-hfb-mobile-header-display":"","site-post-title":"","ast-breadcrumbs-content":"","ast-featured-img":"","footer-sml-layout":"","ast-disable-related-posts":"","theme-transparent-header-meta":"default","adv-header-id-meta":"","stick-header-meta":"","header-above-stick-meta":"","header-main-stick-meta":"","header-below-stick-meta":"","astra-migrate-meta-layouts":"set","ast-page-background-enabled":"default","ast-page-background-meta":{"desktop":{"background-color":"","background-image":"","background-repeat":"repeat","background-position":"center center","background-size":"auto","background-attachment":"scroll","background-type":"","background-media":"","overlay-type":"","overlay-color":"","overlay-opacity":"","overlay-gradient":""},"tablet":{"background-color":"","background-image":"","background-repeat":"repeat","background-position":"center center","background-size":"auto","background-attachment":"scroll","background-type":"","background-media":"","overlay-type":"","overlay-color":"","overlay-opacity":"","overlay-gradient":""},"mobile":{"background-color":"","background-image":"","background-repeat":"repeat","background-position":"center center","background-size":"auto","background-attachment":"scroll","background-type":"","background-media":"","overlay-type":"","overlay-color":"","overlay-opacity":"","overlay-gradient":""}},"ast-content-background-meta":{"desktop":{"background-color":"var(--ast-global-color-5)","background-image":"","background-repeat":"repeat","background-position":"center center","background-size":"auto","background-attachment":"scroll","background-type":"","background-media":"","overlay-type":"","overlay-color":"","overlay-opacity":"","overlay-gradient":""},"tablet":{"background-color":"var(--ast-global-color-5)","background-image":"","background-repeat":"repeat","background-position":"center center","background-size":"auto","background-attachment":"scroll","background-type":"","background-media":"","overlay-type":"","overlay-color":"","overlay-opacity":"","overlay-gradient":""},"mobile":{"background-color":"var(--ast-global-color-5)","background-image":"","background-repeat":"repeat","background-position":"center center","background-size":"auto","background-attachment":"scroll","background-type":"","background-media":"","overlay-type":"","overlay-color":"","overlay-opacity":"","overlay-gradient":""}}},"product_brand":[3360],"product_cat":[3378],"product_tag":[],"class_list":{"0":"post-23900","1":"product","2":"type-product","3":"status-publish","4":"has-post-thumbnail","6":"product_brand-xact","7":"product_cat-non-categorise","8":"desktop-align-left","9":"tablet-align-left","10":"mobile-align-left","12":"first","13":"instock","14":"sale","15":"taxable","16":"shipping-taxable","17":"purchasable","18":"product-type-simple"},"acf":[],"_links":{"self":[{"href":"https:\/\/ztsports.com\/fr\/wp-json\/wp\/v2\/product\/23900","targetHints":{"allow":["GET"]}}],"collection":[{"href":"https:\/\/ztsports.com\/fr\/wp-json\/wp\/v2\/product"}],"about":[{"href":"https:\/\/ztsports.com\/fr\/wp-json\/wp\/v2\/types\/product"}],"replies":[{"embeddable":true,"href":"https:\/\/ztsports.com\/fr\/wp-json\/wp\/v2\/comments?post=23900"}],"version-history":[{"count":1,"href":"https:\/\/ztsports.com\/fr\/wp-json\/wp\/v2\/product\/23900\/revisions"}],"predecessor-version":[{"id":23901,"href":"https:\/\/ztsports.com\/fr\/wp-json\/wp\/v2\/product\/23900\/revisions\/23901"}],"wp:featuredmedia":[{"embeddable":true,"href":"https:\/\/ztsports.com\/fr\/wp-json\/wp\/v2\/media\/21391"}],"wp:attachment":[{"href":"https:\/\/ztsports.com\/fr\/wp-json\/wp\/v2\/media?parent=23900"}],"wp:term":[{"taxonomy":"product_brand","embeddable":true,"href":"https:\/\/ztsports.com\/fr\/wp-json\/wp\/v2\/product_brand?post=23900"},{"taxonomy":"product_cat","embeddable":true,"href":"https:\/\/ztsports.com\/fr\/wp-json\/wp\/v2\/product_cat?post=23900"},{"taxonomy":"product_tag","embeddable":true,"href":"https:\/\/ztsports.com\/fr\/wp-json\/wp\/v2\/product_tag?post=23900"}],"curies":[{"name":"wp","href":"https:\/\/api.w.org\/{rel}","templated":true}]}}