{"id":23898,"date":"2021-09-23T02:40:49","date_gmt":"2021-09-23T02:40:49","guid":{"rendered":"https:\/\/ztsports.com\/?post_type=product&#038;p=23898"},"modified":"2026-03-10T07:51:27","modified_gmt":"2026-03-10T07:51:27","slug":"bont-adult-speed-skating-helmet","status":"publish","type":"product","link":"https:\/\/ztsports.com\/fr\/store\/bont-adult-speed-skating-helmet\/","title":{"rendered":"BONT Adult Speed Skating Helmet"},"content":{"rendered":"<div class=\"bubble-element GroupItem bubble-r-container flex column group-item entry-1\">\n<div id=\"copy_group_1\" class=\"bubble-element Group bubble-r-container relative clickable-element\">\n<h1>Casque de Patinage de Vitesse Adulte BONT<\/h1>\n<div>\n<p>Le casque adulte BONT respecte toutes les normes de s\u00e9curit\u00e9 pour le short track et est \u00e9galement adapt\u00e9 au patinage de vitesse sur longue piste, vous offrant ainsi une tranquillit\u00e9 d&#8217;esprit sur la glace.<\/p>\n<\/p><\/div>\n<div>\n<h4>Confort Optimal :<\/h4>\n<p>Con\u00e7u pour offrir un ajustement confortable, ce casque dispose de sangles r\u00e9glables pour un maximum de confort. L\u00e9ger, il ne vous alourdira pas pendant vos entra\u00eenements ou comp\u00e9titions.<\/p>\n<\/p><\/div>\n<div>\n<h4>Construction Durable :<\/h4>\n<p>Le casque BONT est fabriqu\u00e9 \u00e0 partir de mat\u00e9riaux robustes qui dureront plusieurs ann\u00e9es. Sa conception solide prot\u00e8ge efficacement votre t\u00eate sur la glace.<\/p>\n<\/p><\/div>\n<div>\n<h4>Visibilit\u00e9 Am\u00e9lior\u00e9e :<\/h4>\n<p>La conception de ce casque permet une visibilit\u00e9 optimale pour que vous restiez concentr\u00e9 sur votre course.<\/p>\n<\/p><\/div>\n<div>\n<h4>Design de Qualit\u00e9 :<\/h4>\n<p>Alliant style et solidit\u00e9, ce casque vous prot\u00e8ge tout en vous offrant un look \u00e9l\u00e9gant sur la glace.<\/p>\n<\/p><\/div>\n<div>\n<p><strong>Offre une s\u00e9curit\u00e9 sup\u00e9rieure :<\/strong><\/p>\n<p><strong>Disponible en 2 couleurs :<\/strong> Noir Mat, Blanc<\/p>\n<p><strong>Taille :<\/strong> L\/XL (58-62 cm), poids : 300 g<\/p>\n<p>D\u00e9couvrez \u00e9galement <a href=\"https:\/\/ztsports.com\/product-category\/inline\/helmets\/\"><strong>d&#8217;autres couleurs et mod\u00e8les de casques<\/strong><\/a>.<\/p>\n<\/p><\/div>\n<\/p><\/div>\n<\/div>\n","protected":false},"excerpt":{"rendered":"<p>Casque de Patinage de Vitesse Adulte BONT Le casque adulte BONT respecte toutes les normes de s\u00e9curit\u00e9 pour le short track et est \u00e9galement adapt\u00e9 au patinage de vitesse sur longue piste, vous offrant ainsi une tranquillit\u00e9 d&#8217;esprit sur la glace. Confort Optimal : Con\u00e7u pour offrir un ajustement confortable, ce casque dispose de sangles [&hellip;]<\/p>\n","protected":false},"featured_media":23893,"comment_status":"open","ping_status":"closed","template":"","meta":{"_acf_changed":false,"_monsterinsights_skip_tracking":false,"_monsterinsights_sitenote_active":false,"_monsterinsights_sitenote_note":"","_monsterinsights_sitenote_category":0,"_uf_show_specific_survey":0,"_uf_disable_surveys":false,"site-sidebar-layout":"default","site-content-layout":"","ast-site-content-layout":"default","site-content-style":"default","site-sidebar-style":"default","ast-global-header-display":"","ast-banner-title-visibility":"","ast-main-header-display":"","ast-hfb-above-header-display":"","ast-hfb-below-header-display":"","ast-hfb-mobile-header-display":"","site-post-title":"","ast-breadcrumbs-content":"","ast-featured-img":"","footer-sml-layout":"","ast-disable-related-posts":"","theme-transparent-header-meta":"default","adv-header-id-meta":"","stick-header-meta":"","header-above-stick-meta":"","header-main-stick-meta":"","header-below-stick-meta":"","astra-migrate-meta-layouts":"set","ast-page-background-enabled":"default","ast-page-background-meta":{"desktop":{"background-color":"","background-image":"","background-repeat":"repeat","background-position":"center center","background-size":"auto","background-attachment":"scroll","background-type":"","background-media":"","overlay-type":"","overlay-color":"","overlay-opacity":"","overlay-gradient":""},"tablet":{"background-color":"","background-image":"","background-repeat":"repeat","background-position":"center center","background-size":"auto","background-attachment":"scroll","background-type":"","background-media":"","overlay-type":"","overlay-color":"","overlay-opacity":"","overlay-gradient":""},"mobile":{"background-color":"","background-image":"","background-repeat":"repeat","background-position":"center center","background-size":"auto","background-attachment":"scroll","background-type":"","background-media":"","overlay-type":"","overlay-color":"","overlay-opacity":"","overlay-gradient":""}},"ast-content-background-meta":{"desktop":{"background-color":"var(--ast-global-color-5)","background-image":"","background-repeat":"repeat","background-position":"center center","background-size":"auto","background-attachment":"scroll","background-type":"","background-media":"","overlay-type":"","overlay-color":"","overlay-opacity":"","overlay-gradient":""},"tablet":{"background-color":"var(--ast-global-color-5)","background-image":"","background-repeat":"repeat","background-position":"center center","background-size":"auto","background-attachment":"scroll","background-type":"","background-media":"","overlay-type":"","overlay-color":"","overlay-opacity":"","overlay-gradient":""},"mobile":{"background-color":"var(--ast-global-color-5)","background-image":"","background-repeat":"repeat","background-position":"center center","background-size":"auto","background-attachment":"scroll","background-type":"","background-media":"","overlay-type":"","overlay-color":"","overlay-opacity":"","overlay-gradient":""}}},"product_brand":[3285],"product_cat":[3378],"product_tag":[],"class_list":{"0":"post-23898","1":"product","2":"type-product","3":"status-publish","4":"has-post-thumbnail","6":"product_brand-bont","7":"product_cat-non-categorise","8":"desktop-align-left","9":"tablet-align-left","10":"mobile-align-left","12":"first","13":"instock","14":"featured","15":"taxable","16":"shipping-taxable","17":"purchasable","18":"product-type-simple"},"acf":[],"_links":{"self":[{"href":"https:\/\/ztsports.com\/fr\/wp-json\/wp\/v2\/product\/23898","targetHints":{"allow":["GET"]}}],"collection":[{"href":"https:\/\/ztsports.com\/fr\/wp-json\/wp\/v2\/product"}],"about":[{"href":"https:\/\/ztsports.com\/fr\/wp-json\/wp\/v2\/types\/product"}],"replies":[{"embeddable":true,"href":"https:\/\/ztsports.com\/fr\/wp-json\/wp\/v2\/comments?post=23898"}],"version-history":[{"count":1,"href":"https:\/\/ztsports.com\/fr\/wp-json\/wp\/v2\/product\/23898\/revisions"}],"predecessor-version":[{"id":23899,"href":"https:\/\/ztsports.com\/fr\/wp-json\/wp\/v2\/product\/23898\/revisions\/23899"}],"wp:featuredmedia":[{"embeddable":true,"href":"https:\/\/ztsports.com\/fr\/wp-json\/wp\/v2\/media\/23893"}],"wp:attachment":[{"href":"https:\/\/ztsports.com\/fr\/wp-json\/wp\/v2\/media?parent=23898"}],"wp:term":[{"taxonomy":"product_brand","embeddable":true,"href":"https:\/\/ztsports.com\/fr\/wp-json\/wp\/v2\/product_brand?post=23898"},{"taxonomy":"product_cat","embeddable":true,"href":"https:\/\/ztsports.com\/fr\/wp-json\/wp\/v2\/product_cat?post=23898"},{"taxonomy":"product_tag","embeddable":true,"href":"https:\/\/ztsports.com\/fr\/wp-json\/wp\/v2\/product_tag?post=23898"}],"curies":[{"name":"wp","href":"https:\/\/api.w.org\/{rel}","templated":true}]}}