{"id":23891,"date":"2021-09-23T02:40:51","date_gmt":"2021-09-23T02:40:51","guid":{"rendered":"https:\/\/ztsports.com\/?post_type=product&#038;p=23891"},"modified":"2026-03-10T07:50:09","modified_gmt":"2026-03-10T07:50:09","slug":"templates-for-golden-rocker-machine","status":"publish","type":"product","link":"https:\/\/ztsports.com\/fr\/store\/templates-for-golden-rocker-machine\/","title":{"rendered":"TEMPLATES FOR GOLDEN ROCKER Machine"},"content":{"rendered":"<h1>TEMPLATES POUR GOLDEN ROCKER<\/h1>\n<p>Les templates pour Golden Rocker permettent le rockering des patins de courte et longue piste et sont un outil adapt\u00e9 \u00e0 tous les niveaux de patineurs. Offrant des gabarits d\u2019une pr\u00e9cision in\u00e9gal\u00e9e avec des courbes exclusives \u00e0 Nagano Skate, cet outil a rapidement gagn\u00e9 en popularit\u00e9. Nagano Skate est fier de vous offrir la possibilit\u00e9 de personnaliser vos templates. Ces templates ont \u00e9t\u00e9 con\u00e7us sp\u00e9cialement pour la machine Golden Rocker de Nagano Skate.<\/p>\n<h4>DESCRIPTION :<\/h4>\n<p>La nouvelle machine Golden Rocker rend accessibles \u00e0 tous les patineurs de vitesse les courbes de pr\u00e9cision et de performance (cradles). Une innovation de la soci\u00e9t\u00e9 Nagano Skate. Mont\u00e9e sur un support d\u2019aff\u00fbtage Nagano Skate Gold (Jig), cette machine est l\u00e9g\u00e8re et portable tout en offrant des courbes tr\u00e8s pr\u00e9cises. D\u00e9j\u00e0, plusieurs clubs du Qu\u00e9bec et \u00e9quipes nationales utilisent la Golden Rocker.<\/p>\n<p>Enfin, voici la <a href=\"https:\/\/ztsports.com\/product\/golden-rocker-1-1-rockering-machine\/\"><strong>machine Golden Rocker compl\u00e8te<\/strong><\/a>.<\/p>\n<p><strong>Vid\u00e9o en anglais de la <a href=\"https:\/\/www.youtube.com\/watch?v=js3WqbG8Eic&#038;t=30s\" target=\"_blank\" rel=\"noopener\">Golden Rocker en action<\/a>.<\/strong><\/p>\n<p><strong>Vous pouvez \u00e9galement voir toutes nos <a href=\"https:\/\/ztsports.com\/product-category\/sharpening\/rockering-machine\/\">machines de rockering ici<\/a>.<\/strong><\/p>\n","protected":false},"excerpt":{"rendered":"<p>TEMPLATES POUR GOLDEN ROCKER Les templates pour Golden Rocker permettent le rockering des patins de courte et longue piste et sont un outil adapt\u00e9 \u00e0 tous les niveaux de patineurs. Offrant des gabarits d\u2019une pr\u00e9cision in\u00e9gal\u00e9e avec des courbes exclusives \u00e0 Nagano Skate, cet outil a rapidement gagn\u00e9 en popularit\u00e9. Nagano Skate est fier de [&hellip;]<\/p>\n","protected":false},"featured_media":23887,"comment_status":"open","ping_status":"closed","template":"","meta":{"_acf_changed":false,"_monsterinsights_skip_tracking":false,"_monsterinsights_sitenote_active":false,"_monsterinsights_sitenote_note":"","_monsterinsights_sitenote_category":0,"_uf_show_specific_survey":0,"_uf_disable_surveys":false,"site-sidebar-layout":"default","site-content-layout":"","ast-site-content-layout":"default","site-content-style":"default","site-sidebar-style":"default","ast-global-header-display":"","ast-banner-title-visibility":"","ast-main-header-display":"","ast-hfb-above-header-display":"","ast-hfb-below-header-display":"","ast-hfb-mobile-header-display":"","site-post-title":"","ast-breadcrumbs-content":"","ast-featured-img":"","footer-sml-layout":"","ast-disable-related-posts":"","theme-transparent-header-meta":"default","adv-header-id-meta":"","stick-header-meta":"","header-above-stick-meta":"","header-main-stick-meta":"","header-below-stick-meta":"","astra-migrate-meta-layouts":"set","ast-page-background-enabled":"default","ast-page-background-meta":{"desktop":{"background-color":"","background-image":"","background-repeat":"repeat","background-position":"center center","background-size":"auto","background-attachment":"scroll","background-type":"","background-media":"","overlay-type":"","overlay-color":"","overlay-opacity":"","overlay-gradient":""},"tablet":{"background-color":"","background-image":"","background-repeat":"repeat","background-position":"center center","background-size":"auto","background-attachment":"scroll","background-type":"","background-media":"","overlay-type":"","overlay-color":"","overlay-opacity":"","overlay-gradient":""},"mobile":{"background-color":"","background-image":"","background-repeat":"repeat","background-position":"center center","background-size":"auto","background-attachment":"scroll","background-type":"","background-media":"","overlay-type":"","overlay-color":"","overlay-opacity":"","overlay-gradient":""}},"ast-content-background-meta":{"desktop":{"background-color":"var(--ast-global-color-5)","background-image":"","background-repeat":"repeat","background-position":"center center","background-size":"auto","background-attachment":"scroll","background-type":"","background-media":"","overlay-type":"","overlay-color":"","overlay-opacity":"","overlay-gradient":""},"tablet":{"background-color":"var(--ast-global-color-5)","background-image":"","background-repeat":"repeat","background-position":"center center","background-size":"auto","background-attachment":"scroll","background-type":"","background-media":"","overlay-type":"","overlay-color":"","overlay-opacity":"","overlay-gradient":""},"mobile":{"background-color":"var(--ast-global-color-5)","background-image":"","background-repeat":"repeat","background-position":"center center","background-size":"auto","background-attachment":"scroll","background-type":"","background-media":"","overlay-type":"","overlay-color":"","overlay-opacity":"","overlay-gradient":""}}},"product_brand":[3326,3352],"product_cat":[3378],"product_tag":[],"class_list":{"0":"post-23891","1":"product","2":"type-product","3":"status-publish","4":"has-post-thumbnail","6":"product_brand-nagano","7":"product_brand-twin","8":"product_cat-non-categorise","9":"desktop-align-left","10":"tablet-align-left","11":"mobile-align-left","13":"first","14":"instock","15":"taxable","16":"shipping-taxable","17":"purchasable","18":"product-type-simple"},"acf":[],"_links":{"self":[{"href":"https:\/\/ztsports.com\/fr\/wp-json\/wp\/v2\/product\/23891","targetHints":{"allow":["GET"]}}],"collection":[{"href":"https:\/\/ztsports.com\/fr\/wp-json\/wp\/v2\/product"}],"about":[{"href":"https:\/\/ztsports.com\/fr\/wp-json\/wp\/v2\/types\/product"}],"replies":[{"embeddable":true,"href":"https:\/\/ztsports.com\/fr\/wp-json\/wp\/v2\/comments?post=23891"}],"version-history":[{"count":1,"href":"https:\/\/ztsports.com\/fr\/wp-json\/wp\/v2\/product\/23891\/revisions"}],"predecessor-version":[{"id":23892,"href":"https:\/\/ztsports.com\/fr\/wp-json\/wp\/v2\/product\/23891\/revisions\/23892"}],"wp:featuredmedia":[{"embeddable":true,"href":"https:\/\/ztsports.com\/fr\/wp-json\/wp\/v2\/media\/23887"}],"wp:attachment":[{"href":"https:\/\/ztsports.com\/fr\/wp-json\/wp\/v2\/media?parent=23891"}],"wp:term":[{"taxonomy":"product_brand","embeddable":true,"href":"https:\/\/ztsports.com\/fr\/wp-json\/wp\/v2\/product_brand?post=23891"},{"taxonomy":"product_cat","embeddable":true,"href":"https:\/\/ztsports.com\/fr\/wp-json\/wp\/v2\/product_cat?post=23891"},{"taxonomy":"product_tag","embeddable":true,"href":"https:\/\/ztsports.com\/fr\/wp-json\/wp\/v2\/product_tag?post=23891"}],"curies":[{"name":"wp","href":"https:\/\/api.w.org\/{rel}","templated":true}]}}