{"id":23884,"date":"2021-09-23T02:40:51","date_gmt":"2021-09-23T02:40:51","guid":{"rendered":"https:\/\/ztsports.com\/?post_type=product&#038;p=23884"},"modified":"2026-03-10T07:49:18","modified_gmt":"2026-03-10T07:49:18","slug":"borazon-grinding-wheel-for-rockering-machines","status":"publish","type":"product","link":"https:\/\/ztsports.com\/fr\/store\/borazon-grinding-wheel-for-rockering-machines\/","title":{"rendered":"BORAZON GRINDING WHEEL for Rockering Machines"},"content":{"rendered":"<h1>Meule Borazon<\/h1>\n<p>La t\u00eate de coupe Borazon est une t\u00eate de remplacement \/ meule de broyage, compatible avec les machines <strong><a href=\"https:\/\/ztsports.com\/product\/golden-rocker-1-1-rockering-machine\/\">Golden Rocker<\/a><\/strong> et <strong><a href=\"https:\/\/ztsports.com\/product\/twin-rocker-machine\/\">TWIN Rockering Machine<\/a><\/strong>.<\/p>\n<h3>Qu\u2019est-ce qu\u2019une meule Borazon ?<\/h3>\n<p>Les meules <strong>rev\u00eatues de CBN<\/strong>, appel\u00e9es meules Borazon, sont couramment utilis\u00e9es pour l\u2019usinage des m\u00e9taux ferreux durs. Elles sont \u00e9galement id\u00e9ales pour les lames de patins de vitesse, les fontes, les alliages super nickel et cobalt. Elles permettent d\u2019enlever plus de mati\u00e8re avec une pr\u00e9cision sup\u00e9rieure \u00e0 celle de tout autre abrasif.<\/p>\n<h3>Borazon vs Diamant<\/h3>\n<p>Le Borazon est utilis\u00e9 dans les applications industrielles pour former les outils. Il peut supporter des temp\u00e9ratures sup\u00e9rieures \u00e0 2000\u202f\u00b0C, <strong>bien plus \u00e9lev\u00e9es que celles d\u2019un diamant pur \u00e0 871\u202f\u00b0C<\/strong>.<\/p>\n<p>Fabriqu\u00e9 au Canada.<\/p>\n","protected":false},"excerpt":{"rendered":"<p>Meule Borazon La t\u00eate de coupe Borazon est une t\u00eate de remplacement \/ meule de broyage, compatible avec les machines Golden Rocker et TWIN Rockering Machine. Qu\u2019est-ce qu\u2019une meule Borazon ? Les meules rev\u00eatues de CBN, appel\u00e9es meules Borazon, sont couramment utilis\u00e9es pour l\u2019usinage des m\u00e9taux ferreux durs. Elles sont \u00e9galement id\u00e9ales pour les lames [&hellip;]<\/p>\n","protected":false},"featured_media":23882,"comment_status":"open","ping_status":"closed","template":"","meta":{"_acf_changed":false,"_monsterinsights_skip_tracking":false,"_monsterinsights_sitenote_active":false,"_monsterinsights_sitenote_note":"","_monsterinsights_sitenote_category":0,"_uf_show_specific_survey":0,"_uf_disable_surveys":false,"site-sidebar-layout":"default","site-content-layout":"","ast-site-content-layout":"default","site-content-style":"default","site-sidebar-style":"default","ast-global-header-display":"","ast-banner-title-visibility":"","ast-main-header-display":"","ast-hfb-above-header-display":"","ast-hfb-below-header-display":"","ast-hfb-mobile-header-display":"","site-post-title":"","ast-breadcrumbs-content":"","ast-featured-img":"","footer-sml-layout":"","ast-disable-related-posts":"","theme-transparent-header-meta":"default","adv-header-id-meta":"","stick-header-meta":"","header-above-stick-meta":"","header-main-stick-meta":"","header-below-stick-meta":"","astra-migrate-meta-layouts":"set","ast-page-background-enabled":"default","ast-page-background-meta":{"desktop":{"background-color":"","background-image":"","background-repeat":"repeat","background-position":"center center","background-size":"auto","background-attachment":"scroll","background-type":"","background-media":"","overlay-type":"","overlay-color":"","overlay-opacity":"","overlay-gradient":""},"tablet":{"background-color":"","background-image":"","background-repeat":"repeat","background-position":"center center","background-size":"auto","background-attachment":"scroll","background-type":"","background-media":"","overlay-type":"","overlay-color":"","overlay-opacity":"","overlay-gradient":""},"mobile":{"background-color":"","background-image":"","background-repeat":"repeat","background-position":"center center","background-size":"auto","background-attachment":"scroll","background-type":"","background-media":"","overlay-type":"","overlay-color":"","overlay-opacity":"","overlay-gradient":""}},"ast-content-background-meta":{"desktop":{"background-color":"var(--ast-global-color-5)","background-image":"","background-repeat":"repeat","background-position":"center center","background-size":"auto","background-attachment":"scroll","background-type":"","background-media":"","overlay-type":"","overlay-color":"","overlay-opacity":"","overlay-gradient":""},"tablet":{"background-color":"var(--ast-global-color-5)","background-image":"","background-repeat":"repeat","background-position":"center center","background-size":"auto","background-attachment":"scroll","background-type":"","background-media":"","overlay-type":"","overlay-color":"","overlay-opacity":"","overlay-gradient":""},"mobile":{"background-color":"var(--ast-global-color-5)","background-image":"","background-repeat":"repeat","background-position":"center center","background-size":"auto","background-attachment":"scroll","background-type":"","background-media":"","overlay-type":"","overlay-color":"","overlay-opacity":"","overlay-gradient":""}}},"product_brand":[3326,3352],"product_cat":[3378],"product_tag":[],"class_list":{"0":"post-23884","1":"product","2":"type-product","3":"status-publish","4":"has-post-thumbnail","6":"product_brand-nagano","7":"product_brand-twin","8":"product_cat-non-categorise","9":"desktop-align-left","10":"tablet-align-left","11":"mobile-align-left","13":"first","14":"instock","15":"taxable","16":"shipping-taxable","17":"purchasable","18":"product-type-simple"},"acf":[],"_links":{"self":[{"href":"https:\/\/ztsports.com\/fr\/wp-json\/wp\/v2\/product\/23884","targetHints":{"allow":["GET"]}}],"collection":[{"href":"https:\/\/ztsports.com\/fr\/wp-json\/wp\/v2\/product"}],"about":[{"href":"https:\/\/ztsports.com\/fr\/wp-json\/wp\/v2\/types\/product"}],"replies":[{"embeddable":true,"href":"https:\/\/ztsports.com\/fr\/wp-json\/wp\/v2\/comments?post=23884"}],"version-history":[{"count":2,"href":"https:\/\/ztsports.com\/fr\/wp-json\/wp\/v2\/product\/23884\/revisions"}],"predecessor-version":[{"id":23886,"href":"https:\/\/ztsports.com\/fr\/wp-json\/wp\/v2\/product\/23884\/revisions\/23886"}],"wp:featuredmedia":[{"embeddable":true,"href":"https:\/\/ztsports.com\/fr\/wp-json\/wp\/v2\/media\/23882"}],"wp:attachment":[{"href":"https:\/\/ztsports.com\/fr\/wp-json\/wp\/v2\/media?parent=23884"}],"wp:term":[{"taxonomy":"product_brand","embeddable":true,"href":"https:\/\/ztsports.com\/fr\/wp-json\/wp\/v2\/product_brand?post=23884"},{"taxonomy":"product_cat","embeddable":true,"href":"https:\/\/ztsports.com\/fr\/wp-json\/wp\/v2\/product_cat?post=23884"},{"taxonomy":"product_tag","embeddable":true,"href":"https:\/\/ztsports.com\/fr\/wp-json\/wp\/v2\/product_tag?post=23884"}],"curies":[{"name":"wp","href":"https:\/\/api.w.org\/{rel}","templated":true}]}}