{"id":23880,"date":"2021-09-23T02:42:03","date_gmt":"2021-09-23T02:42:03","guid":{"rendered":"https:\/\/ztsports.com\/?post_type=product&#038;p=23880"},"modified":"2026-04-19T19:45:48","modified_gmt":"2026-04-19T19:45:48","slug":"apogee-speed-skating-glove-ladies","status":"publish","type":"product","link":"https:\/\/ztsports.com\/fr\/store\/apogee-speed-skating-glove-ladies\/","title":{"rendered":"Apogee Speed Skating Glove Ladies"},"content":{"rendered":"<h1>Gants de Patinage Apogee \u2013 Femmes<\/h1>\n<h5 class=\"serp-title\"><mark>Apogee Speed Skating Glove<\/mark><\/h5>\n<p>Le gant ext\u00e9rieur des <strong>Apogee Ladies<\/strong> est fabriqu\u00e9 en cuir v\u00e9ritable de haute qualit\u00e9. Ils sont extr\u00eamement confortables et con\u00e7us sp\u00e9cialement pour le Short Track. Ces gants sont doubl\u00e9s avec du Dyneema de niveau 5, offrant le plus haut niveau de protection tout en conservant un look \u00e9l\u00e9gant.<\/p>\n<p><strong>Tailles :<\/strong><br \/>\nJeunes filles : 4, 5, 6, 7<br \/>\nFemmes : 8, 9, 10, 11<\/p>\n<p>Prix r\u00e9gulier : 69,99 $ \u2013 Prix en promotion : 49,99 $<\/p>\n<p>D\u00e9couvrez tous nos <a href=\"https:\/\/ztsports.com\/product-category\/protection\/gloves\/\"><strong>gants Short Track<\/strong><\/a> ici.<\/p>\n","protected":false},"excerpt":{"rendered":"<p>Gants de Patinage Apogee \u2013 Femmes Apogee Speed Skating Glove Le gant ext\u00e9rieur des Apogee Ladies est fabriqu\u00e9 en cuir v\u00e9ritable de haute qualit\u00e9. Ils sont extr\u00eamement confortables et con\u00e7us sp\u00e9cialement pour le Short Track. Ces gants sont doubl\u00e9s avec du Dyneema de niveau 5, offrant le plus haut niveau de protection tout en conservant [&hellip;]<\/p>\n","protected":false},"featured_media":23878,"comment_status":"open","ping_status":"closed","template":"","meta":{"_acf_changed":false,"_monsterinsights_skip_tracking":false,"_monsterinsights_sitenote_active":false,"_monsterinsights_sitenote_note":"","_monsterinsights_sitenote_category":0,"_uf_show_specific_survey":0,"_uf_disable_surveys":false,"site-sidebar-layout":"default","site-content-layout":"","ast-site-content-layout":"default","site-content-style":"default","site-sidebar-style":"default","ast-global-header-display":"","ast-banner-title-visibility":"","ast-main-header-display":"","ast-hfb-above-header-display":"","ast-hfb-below-header-display":"","ast-hfb-mobile-header-display":"","site-post-title":"","ast-breadcrumbs-content":"","ast-featured-img":"","footer-sml-layout":"","ast-disable-related-posts":"","theme-transparent-header-meta":"default","adv-header-id-meta":"","stick-header-meta":"","header-above-stick-meta":"","header-main-stick-meta":"","header-below-stick-meta":"","astra-migrate-meta-layouts":"set","ast-page-background-enabled":"default","ast-page-background-meta":{"desktop":{"background-color":"","background-image":"","background-repeat":"repeat","background-position":"center center","background-size":"auto","background-attachment":"scroll","background-type":"","background-media":"","overlay-type":"","overlay-color":"","overlay-opacity":"","overlay-gradient":""},"tablet":{"background-color":"","background-image":"","background-repeat":"repeat","background-position":"center center","background-size":"auto","background-attachment":"scroll","background-type":"","background-media":"","overlay-type":"","overlay-color":"","overlay-opacity":"","overlay-gradient":""},"mobile":{"background-color":"","background-image":"","background-repeat":"repeat","background-position":"center center","background-size":"auto","background-attachment":"scroll","background-type":"","background-media":"","overlay-type":"","overlay-color":"","overlay-opacity":"","overlay-gradient":""}},"ast-content-background-meta":{"desktop":{"background-color":"var(--ast-global-color-5)","background-image":"","background-repeat":"repeat","background-position":"center center","background-size":"auto","background-attachment":"scroll","background-type":"","background-media":"","overlay-type":"","overlay-color":"","overlay-opacity":"","overlay-gradient":""},"tablet":{"background-color":"var(--ast-global-color-5)","background-image":"","background-repeat":"repeat","background-position":"center center","background-size":"auto","background-attachment":"scroll","background-type":"","background-media":"","overlay-type":"","overlay-color":"","overlay-opacity":"","overlay-gradient":""},"mobile":{"background-color":"var(--ast-global-color-5)","background-image":"","background-repeat":"repeat","background-position":"center center","background-size":"auto","background-attachment":"scroll","background-type":"","background-media":"","overlay-type":"","overlay-color":"","overlay-opacity":"","overlay-gradient":""}}},"product_brand":[3275],"product_cat":[3378],"product_tag":[],"class_list":{"0":"post-23880","1":"product","2":"type-product","3":"status-publish","4":"has-post-thumbnail","6":"product_brand-apogee","7":"product_cat-non-categorise","8":"desktop-align-left","9":"tablet-align-left","10":"mobile-align-left","12":"first","13":"instock","14":"taxable","15":"shipping-taxable","16":"purchasable","17":"product-type-simple"},"acf":[],"_links":{"self":[{"href":"https:\/\/ztsports.com\/fr\/wp-json\/wp\/v2\/product\/23880","targetHints":{"allow":["GET"]}}],"collection":[{"href":"https:\/\/ztsports.com\/fr\/wp-json\/wp\/v2\/product"}],"about":[{"href":"https:\/\/ztsports.com\/fr\/wp-json\/wp\/v2\/types\/product"}],"replies":[{"embeddable":true,"href":"https:\/\/ztsports.com\/fr\/wp-json\/wp\/v2\/comments?post=23880"}],"version-history":[{"count":3,"href":"https:\/\/ztsports.com\/fr\/wp-json\/wp\/v2\/product\/23880\/revisions"}],"predecessor-version":[{"id":25723,"href":"https:\/\/ztsports.com\/fr\/wp-json\/wp\/v2\/product\/23880\/revisions\/25723"}],"wp:featuredmedia":[{"embeddable":true,"href":"https:\/\/ztsports.com\/fr\/wp-json\/wp\/v2\/media\/23878"}],"wp:attachment":[{"href":"https:\/\/ztsports.com\/fr\/wp-json\/wp\/v2\/media?parent=23880"}],"wp:term":[{"taxonomy":"product_brand","embeddable":true,"href":"https:\/\/ztsports.com\/fr\/wp-json\/wp\/v2\/product_brand?post=23880"},{"taxonomy":"product_cat","embeddable":true,"href":"https:\/\/ztsports.com\/fr\/wp-json\/wp\/v2\/product_cat?post=23880"},{"taxonomy":"product_tag","embeddable":true,"href":"https:\/\/ztsports.com\/fr\/wp-json\/wp\/v2\/product_tag?post=23880"}],"curies":[{"name":"wp","href":"https:\/\/api.w.org\/{rel}","templated":true}]}}