{"id":23875,"date":"2021-09-23T02:43:13","date_gmt":"2021-09-23T02:43:13","guid":{"rendered":"https:\/\/ztsports.com\/?post_type=product&#038;p=23875"},"modified":"2026-03-10T07:47:33","modified_gmt":"2026-03-10T07:47:33","slug":"cbc-genesis-lt-boot-white-long-track","status":"publish","type":"product","link":"https:\/\/ztsports.com\/fr\/store\/cbc-genesis-lt-boot-white-long-track\/","title":{"rendered":"CBC GENESIS LT BOOT WHITE Long Track"},"content":{"rendered":"<h1>CBC GENESIS LT \u2013 Chaussure Long Track Blanche<\/h1>\n<p>La chaussure CBC GENESIS LT (Long Track) est con\u00e7ue pour permettre la flexion dans la zone m\u00e9tatarsienne ou l\u2019avant-pied tout en offrant rigidit\u00e9 et soutien \u00e0 la cheville. Cet \u00e9quilibre est obtenu gr\u00e2ce \u00e0 une technique de superposition multi-composite et \u00e0 un support dynamique de la vo\u00fbte plantaire. La flexion permet \u00e0 l\u2019utilisateur de comprimer le premier m\u00e9tatarsien pendant les pouss\u00e9es, facilitant la rotation du patin dans la direction souhait\u00e9e lors des man\u0153uvres rapides. Le soutien rigide \u00e0 la cheville assure un contr\u00f4le optimal et favorise une puissance verticale accrue ainsi qu\u2019une meilleure pression sur la glace dans les virages, faisant de cette chaussure l\u2019une des meilleures ventes de Zt Sports pour le long track.<\/p>\n<p>Le cuir v\u00e9ritable de veau est utilis\u00e9 \u00e0 l\u2019int\u00e9rieur de la chaussure pour le confort, tandis que l\u2019ext\u00e9rieur combine un P.U. caoutchout\u00e9 a\u00e9rodynamique, offrant \u00e9lasticit\u00e9, durabilit\u00e9 et \u00e9l\u00e9gance. La GENESIS LT dispose \u00e9galement d\u2019une fermeture \u00e9clair r\u00e9sistante \u00e0 l\u2019eau avec un curseur s\u00e9curis\u00e9 pour plus de fiabilit\u00e9 lors de vos activit\u00e9s.<\/p>\n<p>La GENESIS LT est 100\u202f% Thermo-CSC, assurant un moulage quasi parfait. CBC a con\u00e7u la GENESIS pour la performance en sprint et en longues distances.<\/p>\n<h3>Caract\u00e9ristiques du produit :<\/h3>\n<ul>\n<li>Relev\u00e9 de pointe de 1,75\u202f% pour plus de stabilit\u00e9 dans les virages<\/li>\n<li>Coque de soutien 100\u202f% carbone<\/li>\n<li>Construction 100\u202f% Thermo-CSC pour un ajustement parfait<\/li>\n<li>Syst\u00e8me de roulement \u00e9poxy haute r\u00e9sistance<\/li>\n<li>Syst\u00e8me de rembourrage orthop\u00e9dique<\/li>\n<li>Couche de renfort CBC FX (Flex Technology)<\/li>\n<li>Syst\u00e8me de fermeture renforc\u00e9 en nylon balistique<\/li>\n<li>Syst\u00e8me de serrage am\u00e9lior\u00e9 pour un ajustement rapide<\/li>\n<li>Soutien faible niveau pour l\u2019avant-pied<\/li>\n<li>Fermeture \u00e9clair robuste et r\u00e9sistante \u00e0 l\u2019eau avec verrouillage possible<\/li>\n<\/ul>\n<p>Cr\u00e9ez votre propre pack de patins et commandez en ligne\u202f! <a href=\"https:\/\/ztsports.com\/fr\/\">https:\/\/ztsports.com<\/a> Choisissez parmi diff\u00e9rentes options pour composer le pack parfait pour vous. Profitez de notre expertise pour vous guider dans le choix d\u2019un pack de patinage personnalis\u00e9.<\/p>\n<h5><a href=\"https:\/\/youtu.be\/KuKIfMC9NSY\" target=\"_blank\" rel=\"noopener\">Tout d\u2019abord, regardez notre tutoriel YouTube pour d\u00e9terminer la taille de votre chaussure CBC !<\/a><\/h5>\n<p>Ensuite, cliquez sur le lien vers le <a href=\"https:\/\/www.carpenterbootcompany.com\/pages\/fit\" target=\"_blank\" rel=\"noopener\">outil de mesure CBC Boot Sizing Tool<\/a>.<\/p>\n<p>Enfin, pour vous aider \u00e0 mesurer votre pied, utilisez une <a href=\"https:\/\/www.printablerulers.net\/preview\/Ruler_30-cm_by_mm\" target=\"_blank\" rel=\"noopener\"><strong>r\u00e8gle imprimable 30\u202fcm par mm<\/strong><\/a>.<\/p>\n<p>D\u00e9couvrez tous nos produits <a href=\"https:\/\/ztsports.com\/brand\/cbc\/\"><strong>CBC (Carpenter Boot Company)<\/strong><\/a>.<\/p>\n<p>Enfin, consultez tous nos <a href=\"\/?product_cat=boots1\"><strong>Long Track Boots ici<\/strong><\/a>.<\/p>\n","protected":false},"excerpt":{"rendered":"<p>CBC GENESIS LT \u2013 Chaussure Long Track Blanche La chaussure CBC GENESIS LT (Long Track) est con\u00e7ue pour permettre la flexion dans la zone m\u00e9tatarsienne ou l\u2019avant-pied tout en offrant rigidit\u00e9 et soutien \u00e0 la cheville. Cet \u00e9quilibre est obtenu gr\u00e2ce \u00e0 une technique de superposition multi-composite et \u00e0 un support dynamique de la vo\u00fbte [&hellip;]<\/p>\n","protected":false},"featured_media":23870,"comment_status":"open","ping_status":"closed","template":"","meta":{"_acf_changed":false,"_monsterinsights_skip_tracking":false,"_monsterinsights_sitenote_active":false,"_monsterinsights_sitenote_note":"","_monsterinsights_sitenote_category":0,"_uf_show_specific_survey":0,"_uf_disable_surveys":false,"site-sidebar-layout":"default","site-content-layout":"","ast-site-content-layout":"default","site-content-style":"default","site-sidebar-style":"default","ast-global-header-display":"","ast-banner-title-visibility":"","ast-main-header-display":"","ast-hfb-above-header-display":"","ast-hfb-below-header-display":"","ast-hfb-mobile-header-display":"","site-post-title":"","ast-breadcrumbs-content":"","ast-featured-img":"","footer-sml-layout":"","ast-disable-related-posts":"","theme-transparent-header-meta":"default","adv-header-id-meta":"","stick-header-meta":"","header-above-stick-meta":"","header-main-stick-meta":"","header-below-stick-meta":"","astra-migrate-meta-layouts":"set","ast-page-background-enabled":"default","ast-page-background-meta":{"desktop":{"background-color":"","background-image":"","background-repeat":"repeat","background-position":"center center","background-size":"auto","background-attachment":"scroll","background-type":"","background-media":"","overlay-type":"","overlay-color":"","overlay-opacity":"","overlay-gradient":""},"tablet":{"background-color":"","background-image":"","background-repeat":"repeat","background-position":"center center","background-size":"auto","background-attachment":"scroll","background-type":"","background-media":"","overlay-type":"","overlay-color":"","overlay-opacity":"","overlay-gradient":""},"mobile":{"background-color":"","background-image":"","background-repeat":"repeat","background-position":"center center","background-size":"auto","background-attachment":"scroll","background-type":"","background-media":"","overlay-type":"","overlay-color":"","overlay-opacity":"","overlay-gradient":""}},"ast-content-background-meta":{"desktop":{"background-color":"var(--ast-global-color-5)","background-image":"","background-repeat":"repeat","background-position":"center center","background-size":"auto","background-attachment":"scroll","background-type":"","background-media":"","overlay-type":"","overlay-color":"","overlay-opacity":"","overlay-gradient":""},"tablet":{"background-color":"var(--ast-global-color-5)","background-image":"","background-repeat":"repeat","background-position":"center center","background-size":"auto","background-attachment":"scroll","background-type":"","background-media":"","overlay-type":"","overlay-color":"","overlay-opacity":"","overlay-gradient":""},"mobile":{"background-color":"var(--ast-global-color-5)","background-image":"","background-repeat":"repeat","background-position":"center center","background-size":"auto","background-attachment":"scroll","background-type":"","background-media":"","overlay-type":"","overlay-color":"","overlay-opacity":"","overlay-gradient":""}}},"product_brand":[3290],"product_cat":[3378],"product_tag":[],"class_list":{"0":"post-23875","1":"product","2":"type-product","3":"status-publish","4":"has-post-thumbnail","6":"product_brand-cbc","7":"product_cat-non-categorise","8":"desktop-align-left","9":"tablet-align-left","10":"mobile-align-left","12":"first","13":"instock","14":"featured","15":"taxable","16":"shipping-taxable","17":"purchasable","18":"product-type-simple"},"acf":[],"_links":{"self":[{"href":"https:\/\/ztsports.com\/fr\/wp-json\/wp\/v2\/product\/23875","targetHints":{"allow":["GET"]}}],"collection":[{"href":"https:\/\/ztsports.com\/fr\/wp-json\/wp\/v2\/product"}],"about":[{"href":"https:\/\/ztsports.com\/fr\/wp-json\/wp\/v2\/types\/product"}],"replies":[{"embeddable":true,"href":"https:\/\/ztsports.com\/fr\/wp-json\/wp\/v2\/comments?post=23875"}],"version-history":[{"count":1,"href":"https:\/\/ztsports.com\/fr\/wp-json\/wp\/v2\/product\/23875\/revisions"}],"predecessor-version":[{"id":23876,"href":"https:\/\/ztsports.com\/fr\/wp-json\/wp\/v2\/product\/23875\/revisions\/23876"}],"wp:featuredmedia":[{"embeddable":true,"href":"https:\/\/ztsports.com\/fr\/wp-json\/wp\/v2\/media\/23870"}],"wp:attachment":[{"href":"https:\/\/ztsports.com\/fr\/wp-json\/wp\/v2\/media?parent=23875"}],"wp:term":[{"taxonomy":"product_brand","embeddable":true,"href":"https:\/\/ztsports.com\/fr\/wp-json\/wp\/v2\/product_brand?post=23875"},{"taxonomy":"product_cat","embeddable":true,"href":"https:\/\/ztsports.com\/fr\/wp-json\/wp\/v2\/product_cat?post=23875"},{"taxonomy":"product_tag","embeddable":true,"href":"https:\/\/ztsports.com\/fr\/wp-json\/wp\/v2\/product_tag?post=23875"}],"curies":[{"name":"wp","href":"https:\/\/api.w.org\/{rel}","templated":true}]}}