{"id":23868,"date":"2021-09-23T02:43:14","date_gmt":"2021-09-23T02:43:14","guid":{"rendered":"https:\/\/ztsports.com\/?post_type=product&#038;p=23868"},"modified":"2026-03-10T07:45:50","modified_gmt":"2026-03-10T07:45:50","slug":"evo-futurum-lt-boot-discontinued-promo","status":"publish","type":"product","link":"https:\/\/ztsports.com\/fr\/store\/evo-futurum-lt-boot-discontinued-promo\/","title":{"rendered":"EVO FUTURUM LT BOOT Discontinued Promo"},"content":{"rendered":"<h1>EVO FUTURUM LT \u2013 Chaussure de Patinage<\/h1>\n<p>Chaussure de patinage d\u2019entr\u00e9e de gamme, r\u00e9sistante et thermoformable.<\/p>\n<ul>\n<li>Construit avec une coque en carbone pour plus de durabilit\u00e9<\/li>\n<li>Design profil bas offrant un contr\u00f4le et une sensation optimaux<\/li>\n<li>Mousse de haute qualit\u00e9 au niveau de la cheville et de la languette pour un confort am\u00e9lior\u00e9<\/li>\n<li>Couverture zipp\u00e9e extensible qui maintient proprement les lacets<\/li>\n<li>Tige en cuir synth\u00e9tique verni avec accents en fibre de carbone<\/li>\n<\/ul>\n<h4>Futurum = <span class=\"Y2IQFc\" lang=\"fr\">Le futur<\/span><\/h4>\n<p>Prix r\u00e9gulier : 299,99\u202f$ \u2013 Promotion : 179,99\u202f$ (mod\u00e8le discontinu\u00e9)<\/p>\n<h4>Technique de virage en patinage de vitesse de Haralds Silovs en slow-motion <a href=\"https:\/\/www.youtube.com\/watch?v=vBKOMCjegQ4\" target=\"_blank\" rel=\"noopener\">voir la vid\u00e9o<\/a><\/h4>\n<p>D\u00e9couvrez \u00e9galement nos autres <a href=\"\/?product_cat=boots1\"><strong>chaussures Long Track ici<\/strong><\/a>.<\/p>\n","protected":false},"excerpt":{"rendered":"<p>EVO FUTURUM LT \u2013 Chaussure de Patinage Chaussure de patinage d\u2019entr\u00e9e de gamme, r\u00e9sistante et thermoformable. Construit avec une coque en carbone pour plus de durabilit\u00e9 Design profil bas offrant un contr\u00f4le et une sensation optimaux Mousse de haute qualit\u00e9 au niveau de la cheville et de la languette pour un confort am\u00e9lior\u00e9 Couverture zipp\u00e9e [&hellip;]<\/p>\n","protected":false},"featured_media":23866,"comment_status":"open","ping_status":"closed","template":"","meta":{"_acf_changed":false,"_monsterinsights_skip_tracking":false,"_monsterinsights_sitenote_active":false,"_monsterinsights_sitenote_note":"","_monsterinsights_sitenote_category":0,"_uf_show_specific_survey":0,"_uf_disable_surveys":false,"site-sidebar-layout":"default","site-content-layout":"","ast-site-content-layout":"default","site-content-style":"default","site-sidebar-style":"default","ast-global-header-display":"","ast-banner-title-visibility":"","ast-main-header-display":"","ast-hfb-above-header-display":"","ast-hfb-below-header-display":"","ast-hfb-mobile-header-display":"","site-post-title":"","ast-breadcrumbs-content":"","ast-featured-img":"","footer-sml-layout":"","ast-disable-related-posts":"","theme-transparent-header-meta":"default","adv-header-id-meta":"","stick-header-meta":"","header-above-stick-meta":"","header-main-stick-meta":"","header-below-stick-meta":"","astra-migrate-meta-layouts":"set","ast-page-background-enabled":"default","ast-page-background-meta":{"desktop":{"background-color":"","background-image":"","background-repeat":"repeat","background-position":"center center","background-size":"auto","background-attachment":"scroll","background-type":"","background-media":"","overlay-type":"","overlay-color":"","overlay-opacity":"","overlay-gradient":""},"tablet":{"background-color":"","background-image":"","background-repeat":"repeat","background-position":"center center","background-size":"auto","background-attachment":"scroll","background-type":"","background-media":"","overlay-type":"","overlay-color":"","overlay-opacity":"","overlay-gradient":""},"mobile":{"background-color":"","background-image":"","background-repeat":"repeat","background-position":"center center","background-size":"auto","background-attachment":"scroll","background-type":"","background-media":"","overlay-type":"","overlay-color":"","overlay-opacity":"","overlay-gradient":""}},"ast-content-background-meta":{"desktop":{"background-color":"var(--ast-global-color-5)","background-image":"","background-repeat":"repeat","background-position":"center center","background-size":"auto","background-attachment":"scroll","background-type":"","background-media":"","overlay-type":"","overlay-color":"","overlay-opacity":"","overlay-gradient":""},"tablet":{"background-color":"var(--ast-global-color-5)","background-image":"","background-repeat":"repeat","background-position":"center center","background-size":"auto","background-attachment":"scroll","background-type":"","background-media":"","overlay-type":"","overlay-color":"","overlay-opacity":"","overlay-gradient":""},"mobile":{"background-color":"var(--ast-global-color-5)","background-image":"","background-repeat":"repeat","background-position":"center center","background-size":"auto","background-attachment":"scroll","background-type":"","background-media":"","overlay-type":"","overlay-color":"","overlay-opacity":"","overlay-gradient":""}}},"product_brand":[3297,3338],"product_cat":[3378],"product_tag":[],"class_list":{"0":"post-23868","1":"product","2":"type-product","3":"status-publish","4":"has-post-thumbnail","6":"product_brand-evo","7":"product_brand-skate-tec","8":"product_cat-non-categorise","9":"desktop-align-left","10":"tablet-align-left","11":"mobile-align-left","13":"first","14":"instock","15":"sale","16":"taxable","17":"shipping-taxable","18":"purchasable","19":"product-type-simple"},"acf":[],"_links":{"self":[{"href":"https:\/\/ztsports.com\/fr\/wp-json\/wp\/v2\/product\/23868","targetHints":{"allow":["GET"]}}],"collection":[{"href":"https:\/\/ztsports.com\/fr\/wp-json\/wp\/v2\/product"}],"about":[{"href":"https:\/\/ztsports.com\/fr\/wp-json\/wp\/v2\/types\/product"}],"replies":[{"embeddable":true,"href":"https:\/\/ztsports.com\/fr\/wp-json\/wp\/v2\/comments?post=23868"}],"version-history":[{"count":1,"href":"https:\/\/ztsports.com\/fr\/wp-json\/wp\/v2\/product\/23868\/revisions"}],"predecessor-version":[{"id":23869,"href":"https:\/\/ztsports.com\/fr\/wp-json\/wp\/v2\/product\/23868\/revisions\/23869"}],"wp:featuredmedia":[{"embeddable":true,"href":"https:\/\/ztsports.com\/fr\/wp-json\/wp\/v2\/media\/23866"}],"wp:attachment":[{"href":"https:\/\/ztsports.com\/fr\/wp-json\/wp\/v2\/media?parent=23868"}],"wp:term":[{"taxonomy":"product_brand","embeddable":true,"href":"https:\/\/ztsports.com\/fr\/wp-json\/wp\/v2\/product_brand?post=23868"},{"taxonomy":"product_cat","embeddable":true,"href":"https:\/\/ztsports.com\/fr\/wp-json\/wp\/v2\/product_cat?post=23868"},{"taxonomy":"product_tag","embeddable":true,"href":"https:\/\/ztsports.com\/fr\/wp-json\/wp\/v2\/product_tag?post=23868"}],"curies":[{"name":"wp","href":"https:\/\/api.w.org\/{rel}","templated":true}]}}