{"id":23863,"date":"2021-09-23T02:43:15","date_gmt":"2021-09-23T02:43:15","guid":{"rendered":"https:\/\/ztsports.com\/?post_type=product&#038;p=23863"},"modified":"2026-04-22T23:58:22","modified_gmt":"2026-04-22T23:58:22","slug":"ehs-acs-short-track-blade-mfd-netherlands","status":"publish","type":"product","link":"https:\/\/ztsports.com\/fr\/store\/ehs-acs-short-track-blade-mfd-netherlands\/","title":{"rendered":"EHS ACS Short Track Blade MFD Netherlands"},"content":{"rendered":"<h1 style=\"text-align: justify;\">Lame EHS ACS \u2013 Short Track<\/h1>\n<p style=\"text-align: justify;\">La lame EHS ACS Short Track est \u00e9quivalente \u00e0 la lame Argon de chez Evo.<\/p>\n<h3 style=\"text-align: justify;\">DESCRIPTION :<\/h3>\n<p style=\"text-align: justify;\">La lame EHS ACS est \u00e9quivalente \u00e0 la lame Argon d\u2019Evo. L\u2019ACS offre le tube le plus rigide chez EHS. Elle convient aux patineurs avanc\u00e9s qui souhaitent transmettre un maximum d\u2019\u00e9nergie sur la glace. Avec une pr\u00e9courbure qui a fait la r\u00e9putation du designer Edward Hagen. La lame est fabriqu\u00e9e \u00e0 partir d\u2019un m\u00e9tal en poudre de tr\u00e8s haute qualit\u00e9.<\/p>\n<h4>EHS est une entreprise n\u00e9erlandaise<\/h4>\n<p style=\"text-align: justify;\">EHS est une entreprise n\u00e9erlandaise fond\u00e9e en 2019 par trois anciens partenaires de Evo Skates. Edward Hagen est responsable de la cr\u00e9ation et de la production des produits ainsi que de l\u2019approvisionnement en acier, tandis que Derrick Campbell a particip\u00e9 au d\u00e9veloppement, au design et \u00e0 la promotion. EHS a prouv\u00e9 son expertise dans le monde du patinage de vitesse, refl\u00e9t\u00e9e dans la qualit\u00e9 de ses produits.<\/p>\n<ul style=\"text-align: justify;\">\n<li>Indice de rigidit\u00e9 (1 \u00e0 4) : 4<\/li>\n<li>Pr\u00e9-courb\u00e9e : Oui<\/li>\n<li>Tube : Aluminium<\/li>\n<li>Acier : PM<\/li>\n<\/ul>\n<h4 style=\"text-align: justify;\"><strong>Am\u00e9liorez vos performances avec les lames EHS ACS PM Curve<\/strong><\/h4>\n<p style=\"text-align: justify;\">Avoir le bon \u00e9quipement est crucial pour le patinage de vitesse sur glace. Investir dans des lames de haute qualit\u00e9 comme les EHS ACS PM Curve est essentiel pour tout patineur s\u00e9rieux. Le mat\u00e9riau PM de l\u2019ACS am\u00e9liore l\u2019adh\u00e9rence, le contr\u00f4le et la r\u00e9activit\u00e9, ce qui est vital pour effectuer des virages rapides et pr\u00e9cis.<\/p>\n<p style=\"text-align: justify;\">La pr\u00e9courbure d\u2019usine sur le tube en aluminium ACS de haute qualit\u00e9 assure une stabilit\u00e9 remarquable, sans compromettre la sensation de la glace. Ces lames sont con\u00e7ues pour offrir d\u2019excellentes qualit\u00e9s de glisse et une grande durabilit\u00e9, fabriqu\u00e9es \u00e0 partir d\u2019aluminium premium et d\u2019acier PM provenant des Pays-Bas.<\/p>\n<p style=\"text-align: justify;\">En plus de l\u2019adh\u00e9rence, du contr\u00f4le et de la r\u00e9activit\u00e9 am\u00e9lior\u00e9s, les lames EHS ACS PM Curve offrent \u00e9galement une stabilit\u00e9 exceptionnelle et d\u2019excellentes qualit\u00e9s de glisse. Le syst\u00e8me de tige innovant d\u2019EHS permet un montage et un r\u00e9glage faciles et efficaces sur la chaussure. Ces lames sont con\u00e7ues au Canada et fabriqu\u00e9es aux Pays-Bas, garantissant un produit de haute qualit\u00e9 issu du savoir-faire de techniciens exp\u00e9riment\u00e9s.<\/p>\n<p style=\"text-align: justify;\">Si vous souhaitez am\u00e9liorer votre \u00e9quipement et vos performances, optez pour les lames EHS ACS PM Curve. Elles repr\u00e9sentent le choix haut de gamme pour les patineurs short track s\u00e9rieux. <strong>Commandez d\u00e8s maintenant vos lames EHS ACS PM Curve en ligne<\/strong> dans notre boutique.<\/p>\n<h4 style=\"text-align: justify;\"><strong>Zt Sports \u2013 Votre magasin n\u00b01 pour le mat\u00e9riel de patinage de vitesse<\/strong><\/h4>\n<p style=\"text-align: justify;\">Zt Sports est votre boutique n\u00b01 pour le mat\u00e9riel de patinage de vitesse. Nous savons qu\u2019il peut \u00eatre difficile de choisir le bon \u00e9quipement, surtout pour les d\u00e9butants. C\u2019est pourquoi nous proposons une large gamme de produits adapt\u00e9s \u00e0 tous les besoins et budgets, des patins aux casques, gants, protections et v\u00eatements.<\/p>\n<p style=\"text-align: justify;\">Nous nous engageons \u00e0 vous fournir des produits de qualit\u00e9 sup\u00e9rieure et une satisfaction client incomparable. Nous sommes fiers de proposer uniquement les meilleurs produits, comme les lames EHS ACS PM Curve, option haut de gamme pour les patineurs short track s\u00e9rieux. Nous partageons notre expertise et sommes toujours disponibles pour vous aider \u00e0 choisir le bon produit, avec des conseils sur la taille, l\u2019ajustement et la performance.<\/p>\n<p style=\"text-align: justify;\">Nous comprenons aussi l\u2019importance de la commodit\u00e9, c\u2019est pourquoi nous proposons des options de livraison rapides et fiables pour que votre nouvel \u00e9quipement vous parvienne d\u00e8s que possible. De plus, notre boutique en ligne accepte les paiements s\u00e9curis\u00e9s, garantissant la protection de vos informations personnelles et bancaires.<\/p>\n<p style=\"text-align: justify;\">Chez Zt Sports, nous avons une large s\u00e9lection de mat\u00e9riel et accessoires de patinage de vitesse pour tous les besoins et budgets. Des patins aux casques, gants, protections et v\u00eatements, nous avons tout ce qu\u2019il vous faut. Nos prix comp\u00e9titifs permettent \u00e0 tous les niveaux de patineurs d\u2019acc\u00e9der \u00e0 un \u00e9quipement de qualit\u00e9 premium.<\/p>\n<p style=\"text-align: justify;\">Am\u00e9liorez votre exp\u00e9rience de patinage avec notre s\u00e9lection d\u2019\u00e9quipements et pr\u00e9parez-vous \u00e0 vous entra\u00eener pendant la hors-saison. Que vous soyez d\u00e9butant ou exp\u00e9riment\u00e9, Zt Sports a tout ce dont vous avez besoin pour am\u00e9liorer vos comp\u00e9tences, avec une assistance toujours disponible.<\/p>\n<p><strong>Kim Boutin<\/strong> et les Canadiennes 500\u202fm 1\/4 finale Beijing 2022 sur <a href=\"https:\/\/www.youtube.com\/watch?v=8y_VvHYY7vY&amp;list=RDCMUCOGxnF5dWQtoEz6E-msabZA&amp;index=4\" target=\"_blank\" rel=\"noopener\"><strong>lames EHS<\/strong><\/a><\/p>\n<p>Enfin, consultez toutes nos <a href=\"https:\/\/ztsports.com\/product-category\/short-track\/blades\/\"><strong>lames short track ici<\/strong><\/a> et tous les <a href=\"https:\/\/ztsports.com\/brand\/staybent-by-ehs\/ehs\/\"><strong>produits EHS<\/strong><\/a>.<\/p>\n<h3>N\u2019oubliez pas d\u2019ajouter la <strong><a href=\"https:\/\/ztsports.com\/product\/short-track-blade-preparation\/\">pr\u00e9paration des lames<\/a><\/strong><\/h3>\n","protected":false},"excerpt":{"rendered":"<p>Lame EHS ACS \u2013 Short Track La lame EHS ACS Short Track est \u00e9quivalente \u00e0 la lame Argon de chez Evo. DESCRIPTION : La lame EHS ACS est \u00e9quivalente \u00e0 la lame Argon d\u2019Evo. L\u2019ACS offre le tube le plus rigide chez EHS. Elle convient aux patineurs avanc\u00e9s qui souhaitent transmettre un maximum d\u2019\u00e9nergie sur [&hellip;]<\/p>\n","protected":false},"featured_media":23859,"comment_status":"open","ping_status":"closed","template":"","meta":{"_acf_changed":false,"_monsterinsights_skip_tracking":false,"_monsterinsights_sitenote_active":false,"_monsterinsights_sitenote_note":"","_monsterinsights_sitenote_category":0,"_uf_show_specific_survey":0,"_uf_disable_surveys":false,"site-sidebar-layout":"default","site-content-layout":"","ast-site-content-layout":"default","site-content-style":"default","site-sidebar-style":"default","ast-global-header-display":"","ast-banner-title-visibility":"","ast-main-header-display":"","ast-hfb-above-header-display":"","ast-hfb-below-header-display":"","ast-hfb-mobile-header-display":"","site-post-title":"","ast-breadcrumbs-content":"","ast-featured-img":"","footer-sml-layout":"","ast-disable-related-posts":"","theme-transparent-header-meta":"default","adv-header-id-meta":"","stick-header-meta":"","header-above-stick-meta":"","header-main-stick-meta":"","header-below-stick-meta":"","astra-migrate-meta-layouts":"set","ast-page-background-enabled":"default","ast-page-background-meta":{"desktop":{"background-color":"","background-image":"","background-repeat":"repeat","background-position":"center center","background-size":"auto","background-attachment":"scroll","background-type":"","background-media":"","overlay-type":"","overlay-color":"","overlay-opacity":"","overlay-gradient":""},"tablet":{"background-color":"","background-image":"","background-repeat":"repeat","background-position":"center center","background-size":"auto","background-attachment":"scroll","background-type":"","background-media":"","overlay-type":"","overlay-color":"","overlay-opacity":"","overlay-gradient":""},"mobile":{"background-color":"","background-image":"","background-repeat":"repeat","background-position":"center center","background-size":"auto","background-attachment":"scroll","background-type":"","background-media":"","overlay-type":"","overlay-color":"","overlay-opacity":"","overlay-gradient":""}},"ast-content-background-meta":{"desktop":{"background-color":"var(--ast-global-color-5)","background-image":"","background-repeat":"repeat","background-position":"center center","background-size":"auto","background-attachment":"scroll","background-type":"","background-media":"","overlay-type":"","overlay-color":"","overlay-opacity":"","overlay-gradient":""},"tablet":{"background-color":"var(--ast-global-color-5)","background-image":"","background-repeat":"repeat","background-position":"center center","background-size":"auto","background-attachment":"scroll","background-type":"","background-media":"","overlay-type":"","overlay-color":"","overlay-opacity":"","overlay-gradient":""},"mobile":{"background-color":"var(--ast-global-color-5)","background-image":"","background-repeat":"repeat","background-position":"center center","background-size":"auto","background-attachment":"scroll","background-type":"","background-media":"","overlay-type":"","overlay-color":"","overlay-opacity":"","overlay-gradient":""}}},"product_brand":[3347],"product_cat":[4561,4560],"product_tag":[3796,4562,3806,3805],"class_list":{"0":"post-23863","1":"product","2":"type-product","3":"status-publish","4":"has-post-thumbnail","6":"product_brand-ehs","7":"product_cat-blades","8":"product_cat-short-track-blades","9":"product_tag-short-track","10":"product_tag-speed-skating","11":"product_tag-staybent","12":"product_tag-staybent-by-ehs","13":"desktop-align-left","14":"tablet-align-left","15":"mobile-align-left","17":"first","18":"instock","19":"sale","20":"featured","21":"taxable","22":"shipping-taxable","23":"purchasable","24":"product-type-simple"},"acf":[],"_links":{"self":[{"href":"https:\/\/ztsports.com\/fr\/wp-json\/wp\/v2\/product\/23863","targetHints":{"allow":["GET"]}}],"collection":[{"href":"https:\/\/ztsports.com\/fr\/wp-json\/wp\/v2\/product"}],"about":[{"href":"https:\/\/ztsports.com\/fr\/wp-json\/wp\/v2\/types\/product"}],"replies":[{"embeddable":true,"href":"https:\/\/ztsports.com\/fr\/wp-json\/wp\/v2\/comments?post=23863"}],"version-history":[{"count":2,"href":"https:\/\/ztsports.com\/fr\/wp-json\/wp\/v2\/product\/23863\/revisions"}],"predecessor-version":[{"id":23865,"href":"https:\/\/ztsports.com\/fr\/wp-json\/wp\/v2\/product\/23863\/revisions\/23865"}],"wp:featuredmedia":[{"embeddable":true,"href":"https:\/\/ztsports.com\/fr\/wp-json\/wp\/v2\/media\/23859"}],"wp:attachment":[{"href":"https:\/\/ztsports.com\/fr\/wp-json\/wp\/v2\/media?parent=23863"}],"wp:term":[{"taxonomy":"product_brand","embeddable":true,"href":"https:\/\/ztsports.com\/fr\/wp-json\/wp\/v2\/product_brand?post=23863"},{"taxonomy":"product_cat","embeddable":true,"href":"https:\/\/ztsports.com\/fr\/wp-json\/wp\/v2\/product_cat?post=23863"},{"taxonomy":"product_tag","embeddable":true,"href":"https:\/\/ztsports.com\/fr\/wp-json\/wp\/v2\/product_tag?post=23863"}],"curies":[{"name":"wp","href":"https:\/\/api.w.org\/{rel}","templated":true}]}}